{"id":6488,"date":"2022-03-03T08:39:04","date_gmt":"2022-03-03T07:39:04","guid":{"rendered":"https:\/\/fengchashop.com\/es\/product\/tribulus-terrestris-bio\/"},"modified":"2026-04-30T14:19:13","modified_gmt":"2026-04-30T12:19:13","slug":"tribulus-terrestris-bio","status":"publish","type":"product","link":"https:\/\/fengchashop.com\/es\/product\/tribulus-terrestris-bio\/","title":{"rendered":"Tribulus terrestris BIO 250 g"},"content":{"rendered":"<h2><span style=\"color: #000000;\">Tribulus terrestris BIO en polvo<\/span><\/h2>\n<p><span style=\"color: #000000;\">El Tribulus terrestris (tambi\u00e9n conocido como <strong>gokshura<\/strong>) es una planta que tambi\u00e9n crece en nuestra regi\u00f3n, aunque es poco frecuente. Se la conoce con el nombre de <strong>zoba\u010dica com\u00fan<\/strong>. Dado que se trata de una planta bastante extendida en todo el mundo, en algunos lugares se la considera una mala hierba. En nuestro pa\u00eds crece sobre todo junto a las carreteras o las v\u00edas del tren. Es una planta de crecimiento bajo con peque\u00f1as flores amarillas. Los frutos de la planta, extremadamente duros y espinosos, se utilizan para elaborar diversos complementos alimenticios que <strong>refuerzan la potencia sexual y aumentan el nivel de testosterona en el organismo.<\/strong> Por eso ocupa un lugar especial en la medicina tradicional china y en el ayurveda, ya que se considera un <strong>afrodis\u00edaco natural.<\/strong> Adem\u00e1s, tiene otros beneficios que benefician especialmente a los hombres. <strong>Se utiliza para tratar trastornos sexuales, entre los que se incluye la disfunci\u00f3n er\u00e9ctil.<\/strong><\/span><\/p>\n<p><span style=\"color: #000000;\">Dado que la albahaca com\u00fan aumenta los niveles de testosterona, tambi\u00e9n la utilizan a menudo quienes desean aumentar su tono muscular, como los culturistas y los deportistas. Los deportistas conf\u00edan en la albahaca com\u00fan por su efecto anab\u00f3lico. Los altos niveles de testosterona estimulan la s\u00edntesis de prote\u00ednas. En los deportistas, esto aumenta la masa muscular y, en consecuencia, la resistencia, la energ\u00eda y la fuerza.<\/span><\/p>\n<h2><span style=\"color: #000000;\">\u00bfPara qui\u00e9n puede ser beneficioso tomar tribulus terrestris?<\/span><\/h2>\n<p><span style=\"color: #000000;\">Entre los componentes activos que se encuentran en el tribulus terrestris se encuentran los <strong>saponinas, flavonoides, alcaloides, gluc\u00f3sidos y lignina amidas.<\/strong> La tribulus terrestris contiene <strong>la hormona luteinizante,<\/strong> que se cree que estimula los test\u00edculos para que produzcan la hormona testosterona. De este modo, regula el funcionamiento de los test\u00edculos en los hombres y de los ovarios en las mujeres. Por lo tanto, desempe\u00f1a un papel importante en el ciclo menstrual de las mujeres.<\/span><\/p>\n<p><span style=\"color: #000000;\">Los hombres de mediana edad experimentan cambios hormonales similares a los que experimentan las mujeres durante la menopausia. Debido a la disminuci\u00f3n de los niveles de testosterona, se altera el equilibrio de las hormonas sexuales, lo que provoca en los hombres problemas similares a los de las mujeres durante la menopausia. A este fen\u00f3meno se le denomina <strong>andropausia<\/strong> o menopausia masculina. La andropausia es a menudo responsable de los problemas que aparecen en los hombres de mediana edad (alrededor de los 40 a\u00f1os). Un nivel bajo de testosterona puede provocar una disminuci\u00f3n de la energ\u00eda, un aumento del colesterol y la glucosa en sangre, un deterioro de la memoria y la concentraci\u00f3n, un sue\u00f1o inquieto, hipertensi\u00f3n arterial y otros problemas similares, como irritabilidad, inquietud y un aumento de la acumulaci\u00f3n de grasa alrededor de la cintura. Un nivel normal, es decir, m\u00e1s alto, de testosterona tambi\u00e9n es importante para la salud cardiovascular de los hombres.<\/span><\/p>\n<p><span style=\"color: #000000;\">Por lo tanto, tomar tribulus terrestris es beneficioso en varios aspectos de la salud y el bienestar masculino. Est\u00e1 destinado principalmente a personas de mediana edad y mayores que ya notan los efectos de la disminuci\u00f3n de la potencia sexual y el deseo sexual. Aunque est\u00e1 m\u00e1s indicado para los hombres, ya que aumenta los niveles de la hormona sexual masculina testosterona, <strong>tambi\u00e9n pueden utilizarlo las mujeres<\/strong> como afrodis\u00edaco natural. Tambi\u00e9n puede aumentar la fertilidad femenina y ayudar con los problemas menstruales y los s\u00edntomas de la menopausia. Dado que puede contribuir al equilibrio natural de las hormonas femeninas, tambi\u00e9n tiene un efecto positivo en nuestro bienestar mental.<\/span><\/p>\n<h2><span style=\"color: #000000;\">Almacenamiento y advertencias<\/span><\/h2>\n<p><span style=\"color: #000000;\">Almacenar en un lugar seco y fresco. \u00a1Mantenga el complemento alimenticio fuera del alcance de los ni\u00f1os!<\/span><\/p>\n<p><span style=\"color: #000000;\">No olvide la importancia de una dieta variada y un estilo de vida saludable, por lo que el complemento alimenticio no sustituye una dieta equilibrada y variada. No se debe exceder la dosis diaria recomendada. No es adecuado para ni\u00f1os, mujeres embarazadas y madres lactantes.<\/span><\/p>\n<p><span style=\"color: #000000;\">Dado que puede aumentar el tama\u00f1o de la pr\u00f3stata, se desaconseja su uso en hombres con pr\u00f3stata agrandada. Tambi\u00e9n se desaconseja su uso en mujeres que hayan padecido c\u00e1ncer de mama o de \u00fatero.<\/span><\/p>\n<h2><span style=\"color: #000000;\">Envase<\/span><\/h2>\n<p><span style=\"color: #000000;\">Bolsa herm\u00e9tica con cremallera, donde el producto conserva toda su frescura y aroma. El envase protege de la luz y el aire, ya que est\u00e1 compuesto por varias capas de protecci\u00f3n que conservan las propiedades del contenido.<\/span><\/p>\n<p><span style=\"color: #000000;\">El envase es muy pr\u00e1ctico y se puede reciclar.<\/span><\/p>\n<h2><span style=\"color: #000000;\">Origen<\/span><\/h2>\n<p><span style=\"color: #000000;\">India<\/span><\/p>\n","protected":false},"excerpt":{"rendered":"<p align=\"JUSTIFY\"><span style=\"color: #000000;\">El Tribulus terrestris (tambi\u00e9n <strong><em>gokshura<\/em><\/strong>) es una planta que tambi\u00e9n crece en nuestra regi\u00f3n, aunque es m\u00e1s bien escasa. Se la conoce con el nombre de <strong>zoba\u010dica com\u00fan<\/strong>. En nuestro pa\u00eds crece sobre todo junto a las carreteras o las v\u00edas del tren. Es una planta de crecimiento bajo con peque\u00f1as flores amarillas. Los frutos de la planta, extremadamente duros y espinosos, se utilizan para elaborar diversos complementos alimenticios que refuerzan la potencia sexual y:<\/span><\/p>\n<p align=\"JUSTIFY\"><span style=\"color: #000000;\">\ud83d\udc9a es un afrodis\u00edaco natural,<\/span><br \/>\n<span style=\"color: #000000;\">\ud83d\udc9a aumenta el nivel de testosterona en el cuerpo,<\/span><br \/>\n<span style=\"color: #000000;\">\ud83d\udc9a alivia los s\u00edntomas de la andropausia,<\/span><br \/>\n<span style=\"color: #000000;\">\ud83d\udc9a reduce los problemas relacionados con las disfunciones sexuales.<\/span><\/p>\n","protected":false},"featured_media":4307,"comment_status":"open","ping_status":"closed","template":"","meta":{"_acf_changed":false},"product_brand":[],"product_cat":[15,195,216],"product_tag":[],"class_list":{"0":"post-6488","1":"product","2":"type-product","3":"status-publish","4":"has-post-thumbnail","6":"product_cat-uncategorized","7":"product_cat-superalimentos","8":"product_cat-todos-los-productos","10":"first","11":"instock","12":"sale","13":"taxable","14":"shipping-taxable","15":"purchasable","16":"product-type-simple"},"acf":[],"_links":{"self":[{"href":"https:\/\/fengchashop.com\/es\/wp-json\/wp\/v2\/product\/6488","targetHints":{"allow":["GET"]}}],"collection":[{"href":"https:\/\/fengchashop.com\/es\/wp-json\/wp\/v2\/product"}],"about":[{"href":"https:\/\/fengchashop.com\/es\/wp-json\/wp\/v2\/types\/product"}],"replies":[{"embeddable":true,"href":"https:\/\/fengchashop.com\/es\/wp-json\/wp\/v2\/comments?post=6488"}],"wp:featuredmedia":[{"embeddable":true,"href":"https:\/\/fengchashop.com\/es\/wp-json\/wp\/v2\/media\/4307"}],"wp:attachment":[{"href":"https:\/\/fengchashop.com\/es\/wp-json\/wp\/v2\/media?parent=6488"}],"wp:term":[{"taxonomy":"product_brand","embeddable":true,"href":"https:\/\/fengchashop.com\/es\/wp-json\/wp\/v2\/product_brand?post=6488"},{"taxonomy":"product_cat","embeddable":true,"href":"https:\/\/fengchashop.com\/es\/wp-json\/wp\/v2\/product_cat?post=6488"},{"taxonomy":"product_tag","embeddable":true,"href":"https:\/\/fengchashop.com\/es\/wp-json\/wp\/v2\/product_tag?post=6488"}],"curies":[{"name":"wp","href":"https:\/\/api.w.org\/{rel}","templated":true}]}}