{"id":6487,"date":"2022-03-03T07:52:04","date_gmt":"2022-03-03T06:52:04","guid":{"rendered":"https:\/\/fengchashop.com\/es\/product\/moringa-bio\/"},"modified":"2026-05-04T10:56:46","modified_gmt":"2026-05-04T08:56:46","slug":"moringa-bio","status":"publish","type":"product","link":"https:\/\/fengchashop.com\/es\/product\/moringa-bio\/","title":{"rendered":"Moringa BIO 250 g"},"content":{"rendered":"<h2><span style=\"color: #000000;\">Moringa en polvo de cultivo ecol\u00f3gico<\/span><\/h2>\n<p><span style=\"color: #000000;\">La moringa es una planta conocida desde hace milenios que se ha utilizado con \u00e9xito en la medicina tradicional. Se conocen al menos 100 nombres diferentes para este \u00e1rbol tropical, peque\u00f1o pero de r\u00e1pido crecimiento, cuyas hojas se encuentran entre las <strong>verduras m\u00e1s ricas en nutrientes<\/strong><\/span>.<\/p>\n<p><span style=\"color: #000000;\">La moringa se ha clasificado como verdura debido a su <strong>alto contenido en fibra diet\u00e9tica y su alto valor nutricional<\/strong>, ya que 100 gramos de moringa contienen:<\/span><\/p>\n<p><span style=\"color: #000000;\">\ud83d\udc9a la misma cantidad de prote\u00ednas que un huevo,<\/span><br \/>\n<span style=\"color: #000000;\">\ud83d\udc9a la misma cantidad de hierro que un filete,<\/span><br \/>\n<span style=\"color: #000000;\">\ud83d\udc9a la misma cantidad de vitamina C que una naranja,<\/span><br \/>\n<span style=\"color: #000000;\">\ud83d\udc9a la misma cantidad de calcio que un vaso de leche.<\/span><\/p>\n<p><span style=\"color: #000000;\">Tambi\u00e9n contiene vitamina B3, vitamina A, magnesio, antioxidantes, amino\u00e1cidos esenciales, flavonoides, \u00e1cidos fen\u00f3licos y otros nutrientes que clasifican a la moringa como un complemento alimenticio multivitam\u00ednico natural.<\/span><\/p>\n<p><span style=\"color: #000000;\">Debido a su amplio espectro de acci\u00f3n, en 2018 fue <strong>proclamada planta del a\u00f1o.<\/strong> Tambi\u00e9n es una de las plantas m\u00e1s investigadas del mundo, y se han demostrado cient\u00edficamente algunos de sus efectos en el cuerpo humano. Entre ellos destacan sin duda:<\/span><\/p>\n<p>\ud83d\udc9a acci\u00f3n antioxidante y antiinflamatoria,<br \/>\n\ud83d\udc9a regulaci\u00f3n hormonal,<br \/>\n<span style=\"color: #000000;\">\ud83d\udc9a la regulaci\u00f3n del az\u00facar en sangre, el funcionamiento del p\u00e1ncreas y, con ello, la secreci\u00f3n de insulina,<\/span><br \/>\n<span style=\"color: #000000;\">\ud83d\udc9a la regulaci\u00f3n del equilibrio hormonal,<\/span><br \/>\n\ud83d\udc9a mejora el perfil sangu\u00edneo (hemoglobina), protege tambi\u00e9n el coraz\u00f3n y el cerebro,<br \/>\n\ud83d\udc9a estimula el funcionamiento del h\u00edgado y la digesti\u00f3n,<br \/>\n<span style=\"color: #000000;\">\ud83d\udc9a mejora el estado de la piel,<\/span><br \/>\n<span style=\"color: #000000;\">\ud83d\udc9a estimula la secreci\u00f3n de la hormona de la felicidad y, con ello, mejora el estado de \u00e1nimo.<\/span><\/p>\n<h2><span style=\"color: #000000;\">\u00bfPor qu\u00e9 es tan recomendable consumir moringa?<\/span><\/h2>\n<p><span style=\"color: #000000;\">Las hojas secas de moringa son f\u00e1ciles de almacenar y utilizar. El consumo de 30 gramos de moringa al d\u00eda satisface las necesidades diarias de vitamina A, el 80 % de las necesidades diarias de calcio, el 60 % de las necesidades diarias de hierro y casi el 40 % de las necesidades diarias de prote\u00ednas. La moringa tiene un alto contenido en prote\u00ednas, entre las que se encuentran los 8 amino\u00e1cidos esenciales, una amplia gama de vitaminas y minerales, una gran cantidad de fitonutrientes y antioxidantes.<\/span><\/p>\n<p><span style=\"color: #000000;\">La moringa es conocida por combatir la malnutrici\u00f3n, aliviar la inflamaci\u00f3n, estimular el flujo sangu\u00edneo y prevenir infecciones. Al contener las 8 amino\u00e1cidos esenciales (adem\u00e1s de otros 10 amino\u00e1cidos), es una prote\u00edna completa, lo que es una verdadera rareza entre las plantas y se puede comparar f\u00e1cilmente con las prote\u00ednas animales. Al ser de origen vegetal, es un excelente sustituto para todas aquellas personas que no consumen carne y pueden reemplazar con la moringa el d\u00e9ficit de prote\u00ednas en su dieta.<br \/>\nLa moringa cuida de unos huesos fuertes y sanos (gracias al calcio y al magnesio),<strong> cuida la piel, regula la presi\u00f3n arterial, estimula la digesti\u00f3n y el sistema inmunol\u00f3gico<\/strong> y ayuda a perder los kilos de m\u00e1s (tiene mucha fibra, pero pocas grasas y calor\u00edas).<\/span><\/p>\n<h2><span style=\"color: #000000;\">Almacenamiento y advertencias<\/span><\/h2>\n<p><span style=\"color: #000000;\">Almacenar en un lugar seco y fresco a una temperatura m\u00e1xima de 25 \u00b0C. Mantener el complemento alimenticio fuera del alcance de los ni\u00f1os.<\/span><\/p>\n<p><span style=\"color: #000000;\">No olvide la importancia de una dieta variada y un estilo de vida saludable, por lo que el complemento alimenticio no sustituye una dieta equilibrada y variada. No se debe exceder la cantidad diaria recomendada. Siempre recomendamos a las mujeres embarazadas y lactantes que consulten a su m\u00e9dico antes de usar este producto. Por lo dem\u00e1s, la moringa no tiene efectos secundarios conocidos y es segura para el consumo durante el embarazo y la lactancia.<\/span><\/p>\n<h2><span style=\"color: #000000;\">Envase<\/span><\/h2>\n<p><span style=\"color: #000000;\">Bolsa herm\u00e9tica con cremallera, donde el producto conserva toda su frescura y aroma. El envase protege de la luz y el aire, ya que est\u00e1 compuesto por varias capas de protecci\u00f3n que conservan las propiedades del contenido.<\/span><\/p>\n<p><span style=\"color: #000000;\">El envase es muy pr\u00e1ctico y se puede reciclar.<\/span><\/p>\n<h2><span style=\"color: #000000;\">Origen<\/span><\/h2>\n<p><span style=\"color: #000000;\">Tanzania<\/span><\/p>\n","protected":false},"excerpt":{"rendered":"<p align=\"JUSTIFY\"><span style=\"color: #000000;\">En el mundo tropical crece un peque\u00f1o \u00e1rbol de r\u00e1pido crecimiento, la moringa, cuyas hojas se encuentran entre las verduras m\u00e1s ricas en nutrientes.<br \/>\n<span style=\"color: #000000;\">La moringa se ha clasificado como verdura debido a su alto contenido en fibra diet\u00e9tica y su alto valor nutricional, ya que 100 gramos de moringa contienen:<\/span><\/span><\/p>\n<p align=\"JUSTIFY\"><span style=\"color: #000000;\">\ud83d\udc9a la misma cantidad de prote\u00ednas que un huevo,<\/span><br \/>\n<span style=\"color: #000000;\">\ud83d\udc9a la misma cantidad de hierro que un filete,<\/span><br \/>\n<span style=\"color: #000000;\">\ud83d\udc9a la misma cantidad de vitamina C que una naranja y<\/span><br \/>\n<span style=\"color: #000000;\">\ud83d\udc9a la misma cantidad de calcio que un vaso de leche.<\/span><\/p>\n","protected":false},"featured_media":4115,"comment_status":"open","ping_status":"closed","template":"","meta":{"_acf_changed":false},"product_brand":[],"product_cat":[15,194,195,216],"product_tag":[],"class_list":{"0":"post-6487","1":"product","2":"type-product","3":"status-publish","4":"has-post-thumbnail","6":"product_cat-uncategorized","7":"product_cat-ayurveda","8":"product_cat-superalimentos","9":"product_cat-todos-los-productos","11":"first","12":"instock","13":"taxable","14":"shipping-taxable","15":"purchasable","16":"product-type-simple"},"acf":[],"_links":{"self":[{"href":"https:\/\/fengchashop.com\/es\/wp-json\/wp\/v2\/product\/6487","targetHints":{"allow":["GET"]}}],"collection":[{"href":"https:\/\/fengchashop.com\/es\/wp-json\/wp\/v2\/product"}],"about":[{"href":"https:\/\/fengchashop.com\/es\/wp-json\/wp\/v2\/types\/product"}],"replies":[{"embeddable":true,"href":"https:\/\/fengchashop.com\/es\/wp-json\/wp\/v2\/comments?post=6487"}],"wp:featuredmedia":[{"embeddable":true,"href":"https:\/\/fengchashop.com\/es\/wp-json\/wp\/v2\/media\/4115"}],"wp:attachment":[{"href":"https:\/\/fengchashop.com\/es\/wp-json\/wp\/v2\/media?parent=6487"}],"wp:term":[{"taxonomy":"product_brand","embeddable":true,"href":"https:\/\/fengchashop.com\/es\/wp-json\/wp\/v2\/product_brand?post=6487"},{"taxonomy":"product_cat","embeddable":true,"href":"https:\/\/fengchashop.com\/es\/wp-json\/wp\/v2\/product_cat?post=6487"},{"taxonomy":"product_tag","embeddable":true,"href":"https:\/\/fengchashop.com\/es\/wp-json\/wp\/v2\/product_tag?post=6487"}],"curies":[{"name":"wp","href":"https:\/\/api.w.org\/{rel}","templated":true}]}}