{"id":6486,"date":"2022-03-03T07:21:02","date_gmt":"2022-03-03T06:21:02","guid":{"rendered":"https:\/\/fengchashop.com\/es\/product\/shatavari-bio\/"},"modified":"2026-04-02T19:10:09","modified_gmt":"2026-04-02T17:10:09","slug":"shatavari-bio","status":"publish","type":"product","link":"https:\/\/fengchashop.com\/es\/product\/shatavari-bio\/","title":{"rendered":"Shatavari BIO 250 g"},"content":{"rendered":"<h2><span style=\"color: #000000\">Shatavari en polvo BIO<\/span><\/h2>\n<p><span style=\"color: #000000\">El shatavari es una de las plantas tradicionales ayurv\u00e9dicas que crece en la India, el Himalaya y Sri Lanka. Es una especie de esp\u00e1rrago silvestre que puede alcanzar una altura de uno a dos metros. Para fines medicinales se utilizan principalmente sus ra\u00edces, que contienen la mayor parte de los principios activos.<\/p>\n<p><span style=\"color: #000000\">Desde hace miles de a\u00f1os, el shatavari desempe\u00f1a un papel importante en la medicina tropical y subtropical de la India, ya que sus principios activos:<\/span><\/p>\n<p><span style=\"color: #000000\">&#128154; alivia los <strong>s\u00edntomas de la menopausia,<\/strong><\/span><br \/>\n<span style=\"color: #000000\">&#128154; estimula el <strong>funcionamiento de las gl\u00e1ndulas <\/strong>y, con ello, la secreci\u00f3n de hormonas,<\/span><br \/>\n<span style=\"color: #000000\">&#128154; ayuda a <strong>regular las menstruaciones irregulares, alivia los problemas premenstruales y los dolores menstruales,<\/strong><\/span><br \/>\n<span style=\"color: #000000\">&#128154; acelera la <strong>lactancia <\/strong>en madres lactantes,<\/span><br \/>\n<span style=\"color: #000000\">&#128154; ayuda en caso de<strong> problemas de fertilidad.<\/strong><\/span><\/p>\n<p><span style=\"color: #000000\">El shatavari tambi\u00e9n tiene <strong>propiedades rejuvenecedoras<\/strong> y <strong>previene eficazmente los signos prematuros del envejecimiento<\/strong>. Las sustancias extra\u00eddas de sus ra\u00edces <strong>llenan el cuerpo de energ\u00eda, le dan fuerza y ayudan a mantener un aspecto saludable y vital<\/strong>. El consumo regular de Shatavari contribuye a <strong>una buena salud psicof\u00edsica.<\/strong> Su uso es adecuado tanto para mujeres como para hombres de todas las edades. A pesar de las propiedades positivas mencionadas, su efecto es lento, por lo que es necesario consumirlo durante un periodo de tiempo prolongado para notar y sentir sus efectos en el cuerpo.<\/p>\n<h2>Almacenamiento y advertencias<\/h2>\n<p>Conservar en un lugar seco y fresco a una temperatura m\u00e1xima de 25 \u00b0C. Mantener el complemento alimenticio fuera del alcance de los ni\u00f1os.<\/p>\n<p>No olvide la importancia de una alimentaci\u00f3n variada y un estilo de vida saludable, por lo que el complemento alimenticio no sustituye una dieta equilibrada y variada. No se debe exceder la dosis diaria recomendada. Recomendamos a las mujeres embarazadas y en periodo de lactancia que consulten siempre a su m\u00e9dico antes de utilizar este producto.<\/p>\n<h2><span style=\"color: #000000\">Envase<\/span><\/h2>\n<p><span style=\"color: #000000\">Bolsa herm\u00e9tica con cremallera o caja que conserva toda la frescura y el aroma del producto. El envase protege del aire y la luz. Est\u00e1 compuesto por varias capas de protecci\u00f3n que conservan las propiedades del producto.<\/p>\n<p><span style=\"color: #000000\">El envase es muy pr\u00e1ctico y se puede reciclar.<\/p>\n<h2><span style=\"color: #000000\">Origen<\/span><\/h2>\n<p><span style=\"color: #000000\">India<\/p>\n","protected":false},"excerpt":{"rendered":"<p align=\"JUSTIFY\">El shatavari es una de las plantas tradicionales ayurv\u00e9dicas que crece en la India, el Himalaya y Sri Lanka. Es una especie de esp\u00e1rrago silvestre que puede alcanzar una altura de uno a dos metros. Para fines medicinales se utilizan principalmente sus ra\u00edces, que contienen la mayor parte de los principios activos. Desde hace miles de a\u00f1os, el shatavari desempe\u00f1a un papel importante en la medicina de la India tropical y subtropical, ya que sus principios activos:<\/p>\n<p align=\"JUSTIFY\"><span style=\"color: #000000\">&#128154; alivian los s\u00edntomas de la menopausia,<\/span><br \/>\n<span style=\"color: #000000\">&#128154; acelera el funcionamiento de las gl\u00e1ndulas y, con ello, la secreci\u00f3n de hormonas,<\/span><br \/>\n<span style=\"color: #000000\">&#128154; ayuda a regular las menstruaciones irregulares, alivia los problemas premenstruales y los dolores menstruales,<\/span><br \/>\n<span style=\"color: #000000\">&#128154; Acelera la lactancia en madres lactantes.<br \/>\n<span style=\"color: #000000\">&#128154; Ayuda en casos de problemas de fertilidad.<\/p>\n","protected":false},"featured_media":4300,"comment_status":"open","ping_status":"open","template":"","meta":{"_acf_changed":false},"product_brand":[],"product_cat":[15,194,195,216],"product_tag":[],"class_list":{"0":"post-6486","1":"product","2":"type-product","3":"status-publish","4":"has-post-thumbnail","6":"product_cat-uncategorized","7":"product_cat-ayurveda","8":"product_cat-superalimentos","9":"product_cat-todos-los-productos","11":"first","12":"instock","13":"taxable","14":"shipping-taxable","15":"purchasable","16":"product-type-simple"},"acf":[],"_links":{"self":[{"href":"https:\/\/fengchashop.com\/es\/wp-json\/wp\/v2\/product\/6486","targetHints":{"allow":["GET"]}}],"collection":[{"href":"https:\/\/fengchashop.com\/es\/wp-json\/wp\/v2\/product"}],"about":[{"href":"https:\/\/fengchashop.com\/es\/wp-json\/wp\/v2\/types\/product"}],"replies":[{"embeddable":true,"href":"https:\/\/fengchashop.com\/es\/wp-json\/wp\/v2\/comments?post=6486"}],"wp:featuredmedia":[{"embeddable":true,"href":"https:\/\/fengchashop.com\/es\/wp-json\/wp\/v2\/media\/4300"}],"wp:attachment":[{"href":"https:\/\/fengchashop.com\/es\/wp-json\/wp\/v2\/media?parent=6486"}],"wp:term":[{"taxonomy":"product_brand","embeddable":true,"href":"https:\/\/fengchashop.com\/es\/wp-json\/wp\/v2\/product_brand?post=6486"},{"taxonomy":"product_cat","embeddable":true,"href":"https:\/\/fengchashop.com\/es\/wp-json\/wp\/v2\/product_cat?post=6486"},{"taxonomy":"product_tag","embeddable":true,"href":"https:\/\/fengchashop.com\/es\/wp-json\/wp\/v2\/product_tag?post=6486"}],"curies":[{"name":"wp","href":"https:\/\/api.w.org\/{rel}","templated":true}]}}