{"id":6485,"date":"2022-02-22T17:24:09","date_gmt":"2022-02-22T16:24:09","guid":{"rendered":"https:\/\/fengchashop.com\/es\/product\/msm\/"},"modified":"2026-04-02T19:10:09","modified_gmt":"2026-04-02T17:10:09","slug":"msm","status":"publish","type":"product","link":"https:\/\/fengchashop.com\/es\/product\/msm\/","title":{"rendered":"MSM 500 g"},"content":{"rendered":"<h2><span style=\"color: #000000;\">MSM en polvo<\/span><\/h2>\n<p><span style=\"color: #000000;\">El MSM es metilsulfonilmetano, es decir, <strong>azufre org\u00e1nico<\/strong> en forma alimentaria, que se encuentra como componente de las c\u00e9lulas del cuerpo humano. El MSM se forma con la muerte y descomposici\u00f3n del fitoplancton en los oc\u00e9anos, se evapora en la atm\u00f3sfera y se deposita en las nubes. A continuaci\u00f3n, vuelve a la tierra en forma de precipitaciones y se convierte en alimento para todos los organismos terrestres. El MSM se concentra principalmente en las plantas expuestas a lluvias abundantes.<\/span><\/p>\n<p><span style=\"color: #000000;\">Otro dato importante es que, adem\u00e1s del ox\u00edgeno, el agua y la sal, el MSM es el cuarto elemento m\u00e1s necesario en la alimentaci\u00f3n humana, ya que el azufre es esencial para la regeneraci\u00f3n y la nutrici\u00f3n de las c\u00e9lulas sanas.<\/span><\/p>\n<p><span style=\"color: #000000;\">El MSM tambi\u00e9n se conoce como el mineral de la belleza, ya que tiene un efecto beneficioso sobre todo en:<\/span><\/p>\n<p><span style=\"color: #000000;\">\ud83d\udc9a <strong>la renovaci\u00f3n y el fomento de la flexibilidad celular<\/strong>, lo que facilita el metabolismo celular,<\/span><br \/>\n<span style=\"color: #000000;\">\ud83d\udc9a <strong>la regeneraci\u00f3n de c\u00e9lulas y tejidos da\u00f1ados<\/strong>,<\/span><br \/>\n<span style=\"color: #000000;\">\ud83d\udc9a restablecimiento del <strong>pH adecuado de la piel<\/strong>,<\/span><br \/>\n<span style=\"color: #000000;\">\ud83d\udc9a alivio de <strong>hinchazones, calambres y dolores<\/strong>.<\/span><\/p>\n<p><span style=\"color: #000000;\">El MSM es un elemento constitutivo indispensable de las c\u00e9lulas del cuerpo, que comienza a escasear con la edad.<\/span><\/p>\n<p><span style=\"color: #000000;\">El azufre org\u00e1nico est\u00e1 presente en todos los seres vivos de la Tierra. Es un componente importante, sobre todo, del queratina, el col\u00e1geno, el elastina y el cart\u00edlago, y participa en la formaci\u00f3n de los gl\u00f3bulos rojos, los m\u00fasculos, la piel y el cabello. Dado que influye principalmente en el aspecto de la piel, el cabello y las u\u00f1as, se le conoce como el mineral de la belleza. El MSM es uno de los principales componentes de los amino\u00e1cidos que forman las prote\u00ednas, por lo que influye en numerosos procesos del cuerpo humano: desde el funcionamiento de las enzimas, el equilibrio inmunol\u00f3gico y hormonal, hasta la salud de los ligamentos, tendones y articulaciones.<\/span><\/p>\n<p><span style=\"color: #000000;\"><strong>La piel es nuestro \u00f3rgano m\u00e1s grande<\/strong> y, en gran medida, refleja nuestro estilo de vida. Podemos hacer mucho por la piel, que en realidad nos protege del mundo exterior, con una alimentaci\u00f3n adecuada y una selecci\u00f3n adecuada de suplementos alimenticios. El MSM le ayudar\u00e1 a regenerar la piel, el cabello, los huesos, las articulaciones y los m\u00fasculos.<\/span><\/p>\n<p><span style=\"color: #000000;\">Si desea renovar su cuerpo, restablecer el equilibrio y rejuvenecer su aspecto, el MSM es la elecci\u00f3n adecuada. El MSM se encarga de que sus c\u00e9lulas vuelvan a estar radiantes, rejuvenecidas y llenas de energ\u00eda.<\/span><\/p>\n<p><span style=\"color: #000000;\">Y dado que con la edad cada vez tenemos menos, y que el MSM es un componente importante sobre todo en la queratina, el col\u00e1geno, el elastino y el cart\u00edlago, y participa en la formaci\u00f3n de<strong> gl\u00f3bulos rojos, m\u00fasculos, piel y cabello,<\/strong> tiene sentido considerar la posibilidad de a\u00f1adir MSM en forma de suplemento alimenticio.<\/span><\/p>\n<p><span style=\"color: #000000;\"><strong>Nuestro MSM se obtiene de pinos<\/strong>.<\/span><\/p>\n<p><span style=\"color: #000000;\">El proceso de obtenci\u00f3n consiste en una <strong>doble centrifugaci\u00f3n<\/strong> y, <strong>finalmente, un secado al vac\u00edo<\/strong>. Sin proceso de destilaci\u00f3n.<\/span><\/p>\n<p><span style=\"color: #000000;\"><strong>La pureza garantizada de nuestro MSM es del 99,00 %.<\/strong><\/span><\/p>\n<h2><span style=\"color: #000000;\">Almacenamiento y advertencias<\/span><\/h2>\n<p><span style=\"color: #000000;\">Almacenar en un lugar seco y fresco a una temperatura m\u00e1xima de 25 \u00b0C. Mantener el complemento alimenticio fuera del alcance de los ni\u00f1os.<\/span><\/p>\n<p><span style=\"color: #000000;\">No olvide la importancia de una dieta variada y un estilo de vida saludable, por lo que el complemento alimenticio no sustituye una dieta equilibrada y variada. No se debe exceder la cantidad diaria recomendada. Recomendamos a las mujeres embarazadas y en periodo de lactancia que consulten siempre a su m\u00e9dico antes de utilizar este producto. Se recomienda precauci\u00f3n al tomar medicamentos, especialmente anticoagulantes, ya que el MSM diluye la sangre.<\/span><\/p>\n<h2><span style=\"color: #000000;\">Envase<\/span><\/h2>\n<p><span style=\"color: #000000;\">Bolsa herm\u00e9tica con cierre, donde el producto conserva toda su frescura y aroma. El envase protege de la luz y el aire, ya que est\u00e1 compuesto por varias capas de protecci\u00f3n que conservan las propiedades del contenido.<\/span><\/p>\n<p><span style=\"color: #000000;\">El envase es muy pr\u00e1ctico y se puede reciclar.<\/span><\/p>\n<h2><span style=\"color: #000000;\">Es bueno saberlo<\/span><\/h2>\n<p><span style=\"color: #000000;\">El producto tambi\u00e9n es adecuado para animales. El efecto del MSM es similar al efecto en los seres humanos. Consulte con su veterinario antes de usar el producto sobre la conveniencia de tomarlo y la dosis diaria recomendada.<\/span><\/p>\n<h2><span style=\"color: #000000;\">Origen<\/span><\/h2>\n<p><span style=\"color: #000000;\">China. Contamos con proveedores muy fiables que nos env\u00edan un an\u00e1lisis qu\u00edmico detallado del alimento para cada serie. En m\u00e1s de diez a\u00f1os, no hemos tenido ninguna devoluci\u00f3n ni ning\u00fan otro problema con este art\u00edculo, ni tampoco con otros art\u00edculos del mismo proveedor. <\/span><\/p>\n","protected":false},"excerpt":{"rendered":"<p align=\"JUSTIFY\">El MSM es metilsulfonilmetano o azufre org\u00e1nico en forma alimentaria, que se encuentra como componente celular en todo el cuerpo humano. Nuestro MSM se <strong>obtiene de la centella asi\u00e1tica<\/strong>. El proceso de obtenci\u00f3n consiste en <strong>una doble centrifugaci\u00f3n y, finalmente, un secado al vac\u00edo<\/strong>. Sin proceso de destilaci\u00f3n. La <strong>pureza de nuestro MSM es del 99,00 %<\/strong>.<br \/>\n\ud83d\udc9a Renueva y estimula la flexibilidad de las c\u00e9lulas, lo que facilita el metabolismo celular.<br \/>\n\ud83d\udc9a Ayuda a regenerar las c\u00e9lulas y los tejidos da\u00f1ados.<br \/>\n\ud83d\udc9a Alivia el dolor en las articulaciones y los m\u00fasculos.<br \/>\n\ud83d\udc9a Ayuda a curar r\u00e1pidamente las heridas y reduce las cicatrices.<\/p>\n","protected":false},"featured_media":4290,"comment_status":"open","ping_status":"closed","template":"","meta":{"_acf_changed":false},"product_brand":[],"product_cat":[15,203,195,216],"product_tag":[],"class_list":{"0":"post-6485","1":"product","2":"type-product","3":"status-publish","4":"has-post-thumbnail","6":"product_cat-uncategorized","7":"product_cat-minerales-y-vitaminas","8":"product_cat-superalimentos","9":"product_cat-todos-los-productos","11":"first","12":"instock","13":"sale","14":"taxable","15":"shipping-taxable","16":"purchasable","17":"product-type-simple"},"acf":[],"_links":{"self":[{"href":"https:\/\/fengchashop.com\/es\/wp-json\/wp\/v2\/product\/6485","targetHints":{"allow":["GET"]}}],"collection":[{"href":"https:\/\/fengchashop.com\/es\/wp-json\/wp\/v2\/product"}],"about":[{"href":"https:\/\/fengchashop.com\/es\/wp-json\/wp\/v2\/types\/product"}],"replies":[{"embeddable":true,"href":"https:\/\/fengchashop.com\/es\/wp-json\/wp\/v2\/comments?post=6485"}],"wp:featuredmedia":[{"embeddable":true,"href":"https:\/\/fengchashop.com\/es\/wp-json\/wp\/v2\/media\/4290"}],"wp:attachment":[{"href":"https:\/\/fengchashop.com\/es\/wp-json\/wp\/v2\/media?parent=6485"}],"wp:term":[{"taxonomy":"product_brand","embeddable":true,"href":"https:\/\/fengchashop.com\/es\/wp-json\/wp\/v2\/product_brand?post=6485"},{"taxonomy":"product_cat","embeddable":true,"href":"https:\/\/fengchashop.com\/es\/wp-json\/wp\/v2\/product_cat?post=6485"},{"taxonomy":"product_tag","embeddable":true,"href":"https:\/\/fengchashop.com\/es\/wp-json\/wp\/v2\/product_tag?post=6485"}],"curies":[{"name":"wp","href":"https:\/\/api.w.org\/{rel}","templated":true}]}}