{"id":6484,"date":"2022-02-22T15:28:02","date_gmt":"2022-02-22T14:28:02","guid":{"rendered":"https:\/\/fengchashop.com\/es\/product\/kolagen-msm-vitamin-c-v-prahu\/"},"modified":"2026-04-07T11:47:53","modified_gmt":"2026-04-07T09:47:53","slug":"colageno-msm-vitamina-c-en-polvo","status":"publish","type":"product","link":"https:\/\/fengchashop.com\/es\/product\/colageno-msm-vitamina-c-en-polvo\/","title":{"rendered":"Col\u00e1geno + MSM + vitamina C en polvo 250 g"},"content":{"rendered":"<h2><span style=\"color: #000000;\">Col\u00e1geno + MSM + vitamina C en polvo<\/span><\/h2>\n<p><span style=\"color: #000000;\">Preocupados por su salud y belleza, hemos preparado una mezcla especial de suplementos que creemos que, tarde o temprano, casi todos necesitamos: nuestro cuerpo nos lo agradecer\u00e1 y nuestra piel simplemente resplandecer\u00e1. Se trata de otro producto de nuestra amplia oferta, creado pensando en las necesidades del hombre moderno, que solo toma lo mejor de la naturaleza.<\/span><\/p>\n<p><span style=\"color: #000000;\">Es sabido que, a partir de los 25 a\u00f1os, la producci\u00f3n de col\u00e1geno propio comienza a disminuir aproximadamente un 1 % al a\u00f1o. Las consecuencias de la disminuci\u00f3n gradual del col\u00e1geno se ven m\u00e1s tarde, ya que pueden pasar hasta 10 a\u00f1os antes de que notemos los primeros signos visibles, mientras que en la estructura interna de los huesos, la piel, los vasos sangu\u00edneos, los m\u00fasculos, el cabello y las u\u00f1as los cambios comienzan a aparecer antes. En otras palabras, las primeras arrugas que observamos en el rostro son el resultado de una disminuci\u00f3n en la producci\u00f3n de col\u00e1geno a\u00f1os atr\u00e1s. Sin embargo, dado que el col\u00e1geno tambi\u00e9n es responsable del funcionamiento normal de los huesos, la piel, los dientes, los vasos sangu\u00edneos, el cart\u00edlago y las enc\u00edas, su deficiencia afecta naturalmente a todas estas \u00e1reas. El col\u00e1geno <strong>tambi\u00e9n contribuye a la salud intestinal<\/strong>, de la que, en realidad, depende en gran medida nuestra salud y bienestar general.<\/span><\/p>\n<p><span style=\"color: #000000;\">El col\u00e1geno hidrolizado, como complemento de una dieta sana y equilibrada y un estilo de vida activo, se recomienda a partir de los 30 a\u00f1os. Para que tu piel, cabello y u\u00f1as tengan un aspecto saludable, y para que tus huesos, dientes y articulaciones, hemos preparado una mezcla mejorada que no solo contiene col\u00e1geno, sino tambi\u00e9n un suplemento de MSM o \u00e1cido sulf\u00farico org\u00e1nico, tambi\u00e9n conocido como <strong>mineral de la belleza<\/strong>, que tambi\u00e9n tiene un efecto positivo en nuestra piel, cabello, u\u00f1as, articulaciones y huesos. Es un componente de nuestras c\u00e9lulas y un componente totalmente natural y propio del ser humano, cuya producci\u00f3n tambi\u00e9n disminuye con la edad. Sin embargo, dado que la vitamina C tambi\u00e9n es muy importante para el funcionamiento del MSM y la mayor\u00eda de los procesos de nuestro cuerpo, sobre todo como <strong>antioxidante<\/strong> que, entre otras cosas, permite una mejor absorci\u00f3n de vitaminas y minerales, hemos a\u00f1adido esta vitamina indispensable a la mezcla. La vitamina C es fundamental en nuestra mezcla tambi\u00e9n por el hecho de que la formaci\u00f3n de col\u00e1geno propio depende en gran medida de cantidades suficientes de esta vitamina. Cabe recordar que los fumadores, las personas f\u00edsicamente activas y los deportistas son los que m\u00e1s necesitan esta vitamina a diario, pero estas necesidades aumentadas de vitamina C no suelen cubrirse \u00fanicamente con la alimentaci\u00f3n, por lo que se recomienda como complemento alimenticio, ya que nuestro cuerpo simplemente elimina el exceso de vitamina C.<\/span><\/p>\n<p><span style=\"color: #000000;\">El consumo regular de este supermezcla de suplementos alimenticios aporta numerosas ventajas para nuestra belleza interior y exterior:<\/span><\/p>\n<p><span style=\"color: #000000;\">\ud83d\udc9a Mejora la salud de la piel, el cabello y las u\u00f1as.<br \/>\n<span style=\"color: #000000;\">\ud83d\udc9a Mejora el funcionamiento intestinal.<br \/>\n<span style=\"color: #000000;\">\ud83d\udc9a mejora la masa muscular;<\/span><br \/>\n<span style=\"color: #000000;\">\ud83d\udc9a aumenta la hidrataci\u00f3n del cuerpo;<\/span><br \/>\n<span style=\"color: #000000;\">\ud83d\udc9a la piel ya no est\u00e1 seca, mejora su estado, se equilibra su pH, se vuelve m\u00e1s flexible y se renueva m\u00e1s r\u00e1pidamente;<\/span><br \/>\n<span style=\"color: #000000;\">\ud83d\udc9a tiene efectos antienvejecimiento;<\/span><br \/>\n<span style=\"color: #000000;\">\ud83d\udc9a nuestras huesos, dientes y articulaciones se fortalecen;<\/span><br \/>\n<span style=\"color: #000000;\">\ud83d\udc9a mejora la formaci\u00f3n de col\u00e1geno propio;<\/span><br \/>\n<span style=\"color: #000000;\">\ud83d\udc9a las c\u00e9lulas est\u00e1n protegidas contra el estr\u00e9s oxidativo;<\/span><br \/>\n<span style=\"color: #000000;\">\ud83d\udc9a Mejora la fatiga f\u00edsica y el agotamiento. <\/span><br \/>\n<span style=\"color: #000000;\">\ud83d\udc9a Para un sistema inmunol\u00f3gico sano y un equilibrio hormonal. <\/span><br \/>\n<span style=\"color: #000000;\">\ud83d\udc9a Las c\u00e9lulas y los tejidos se regeneran m\u00e1s r\u00e1pidamente.<\/span><\/span><\/span><\/p>\n<h2><span style=\"color: #000000;\">Envase<\/span><\/h2>\n<p><span style=\"color: #000000;\">Bolsa herm\u00e9tica con cremallera, donde el producto conserva toda su frescura y aroma. El envase protege de la luz y el aire, ya que est\u00e1 compuesto por varias capas de protecci\u00f3n que conservan las propiedades del contenido.<\/span><\/p>\n<p><span style=\"color: #000000;\">El envase es muy pr\u00e1ctico y se puede reciclar.<\/span><\/p>\n<h2><span style=\"color: #000000;\">Almacenamiento<\/span><\/h2>\n<p><span style=\"color: #000000;\">Almacenar en un lugar seco, oscuro y fresco. Aseg\u00farese de que la bolsa est\u00e9 bien cerrada.<\/span><\/p>\n<h2><span style=\"color: #000000;\">Origen<\/span><\/h2>\n<p><span style=\"color: #000000;\">UE<\/span><\/p>\n","protected":false},"excerpt":{"rendered":"<p align=\"JUSTIFY\">Col\u00e1geno, MSM y vitamina C para la belleza y el bienestar. Una mezcla especial que nuestro cuerpo nos agradecer\u00e1 y que har\u00e1 que nuestra piel luzca radiante. El consumo regular de una mezcla de col\u00e1geno, MSM y vitamina C aporta numerosos beneficios para nuestra belleza interior y exterior:<\/p>\n<p align=\"JUSTIFY\">\ud83d\udc9a mejora la salud de la <strong>piel<\/strong>, el <strong>cabello<\/strong> y las <strong>u\u00f1as<\/strong>,<br \/>\n\ud83d\udc9a aumenta la <strong>hidrataci\u00f3n del cuerpo<\/strong>,<br \/>\n\ud83d\udc9a los huesos, los dientes y las articulaciones se fortalecen,<br \/>\n\ud83d\udc9a mejora la producci\u00f3n de col\u00e1geno propio.<\/p>\n","protected":false},"featured_media":4170,"comment_status":"open","ping_status":"closed","template":"","meta":{"_acf_changed":false},"product_brand":[],"product_cat":[15,203,195,216],"product_tag":[],"class_list":{"0":"post-6484","1":"product","2":"type-product","3":"status-publish","4":"has-post-thumbnail","6":"product_cat-uncategorized","7":"product_cat-minerales-y-vitaminas","8":"product_cat-superalimentos","9":"product_cat-todos-los-productos","11":"first","12":"instock","13":"sale","14":"taxable","15":"shipping-taxable","16":"purchasable","17":"product-type-simple"},"acf":[],"_links":{"self":[{"href":"https:\/\/fengchashop.com\/es\/wp-json\/wp\/v2\/product\/6484","targetHints":{"allow":["GET"]}}],"collection":[{"href":"https:\/\/fengchashop.com\/es\/wp-json\/wp\/v2\/product"}],"about":[{"href":"https:\/\/fengchashop.com\/es\/wp-json\/wp\/v2\/types\/product"}],"replies":[{"embeddable":true,"href":"https:\/\/fengchashop.com\/es\/wp-json\/wp\/v2\/comments?post=6484"}],"wp:featuredmedia":[{"embeddable":true,"href":"https:\/\/fengchashop.com\/es\/wp-json\/wp\/v2\/media\/4170"}],"wp:attachment":[{"href":"https:\/\/fengchashop.com\/es\/wp-json\/wp\/v2\/media?parent=6484"}],"wp:term":[{"taxonomy":"product_brand","embeddable":true,"href":"https:\/\/fengchashop.com\/es\/wp-json\/wp\/v2\/product_brand?post=6484"},{"taxonomy":"product_cat","embeddable":true,"href":"https:\/\/fengchashop.com\/es\/wp-json\/wp\/v2\/product_cat?post=6484"},{"taxonomy":"product_tag","embeddable":true,"href":"https:\/\/fengchashop.com\/es\/wp-json\/wp\/v2\/product_tag?post=6484"}],"curies":[{"name":"wp","href":"https:\/\/api.w.org\/{rel}","templated":true}]}}