{"id":6482,"date":"2022-02-22T10:26:11","date_gmt":"2022-02-22T09:26:11","guid":{"rendered":"https:\/\/fengchashop.com\/es\/product\/maca-crna-v-prahu-bio\/"},"modified":"2026-05-04T21:01:20","modified_gmt":"2026-05-04T19:01:20","slug":"maca-negra-en-polvo-bio","status":"publish","type":"product","link":"https:\/\/fengchashop.com\/es\/product\/maca-negra-en-polvo-bio\/","title":{"rendered":"Maca negra en polvo BIO 250 g"},"content":{"rendered":"<h2><span style=\"color: #000000;\">Maca negra en polvo BIO<\/span><\/h2>\n<p><span style=\"color: #000000;\">La maca es una planta de ra\u00edz que crece en las tierras altas de Per\u00fa y los Andes, expuesta a condiciones clim\u00e1ticas extremas y grandes diferencias de temperatura entre el d\u00eda y la noche. Tambi\u00e9n se la conoce como <strong>ginseng peruano<\/strong>. Debido a su capacidad pr\u00e1cticamente insuperable para sobrevivir, los antiguos incas ya aprovechaban sus principios activos, que tienen un efecto especialmente <strong>beneficioso sobre la potencia sexual masculina<\/strong> y una influencia positiva sobre el estado de salud general. Precisamente por esto \u00faltimo se considera un superalimento extremadamente valioso.<\/span><\/p>\n<p>La parte medicinal de la maca es el tub\u00e9rculo, que contiene gran cantidad de <strong>vitaminas, minerales y amino\u00e1cidos.<\/strong> Gracias a sus sustancias, que act\u00faan de forma similar a las hormonas, regula los niveles de estr\u00f3geno y progesterona o testosterona, lo que influye positivamente en nuestro bienestar y nos da fuerza y resistencia. Su contenido en vitaminas importantes, como la vitamina B1, B12, C y E, as\u00ed como de \u00e1cidos grasos, minerales y amino\u00e1cidos (entre ellos 7 esenciales, que nuestro cuerpo necesita imperiosamente), la maca es uno de los superalimentos naturales m\u00e1s eficaces, deseados y recomendados, con una tradici\u00f3n milenaria.<\/p>\n<p>Es una planta adapt\u00f3gena que aumenta la energ\u00eda, la resistencia, la vitalidad y la fuerza f\u00edsica. Nos ayuda a responder al estr\u00e9s y a adaptarnos m\u00e1s f\u00e1cilmente a los cambios. Crece principalmente en los Andes, en el centro de Per\u00fa, en condiciones dif\u00edciles y a altitudes muy elevadas, por encima de los 4000 metros. Es una cruc\u00edfera, como el br\u00f3coli, la coliflor, la col, el repollo, la col rizada y el r\u00e1bano. La parte m\u00e1s comestible de la planta es la ra\u00edz o el tub\u00e9rculo. Existe en varios colores, desde el blanco hasta el negro. Los m\u00e1s populares son el amarillo, el rojo y el negro. La maca amarilla com\u00fan se utiliza para el consumo diario y prolongado. La maca roja y la negra se consideran variedades sagradas y se utilizan para problemas terap\u00e9uticos cr\u00f3nicos. La maca amarilla es neutra. La roja se considera energ\u00eda femenina interna. La negra se considera <strong>energ\u00eda masculina externa.<\/strong> Los chamanes locales prestan especial atenci\u00f3n al tipo o proporci\u00f3n de maca que debe consumir una persona con problemas.<\/p>\n<p><span style=\"color: #000000;\">Tiene un sabor muy dulce y un amplio espectro de uso.<\/span><\/p>\n<p><span style=\"color: #000000;\">La maca negra representa solo alrededor del 10 % de la producci\u00f3n mundial de todos los tipos de maca. Tambi\u00e9n es muy apreciada por su uso en la medicina.<\/span><\/p>\n<h2><span style=\"color: #000000;\">\u00bfPor qu\u00e9 elegir la maca negra?<\/span><\/h2>\n<p><span style=\"color: #000000;\">La maca negra se considera una viagra natural. Tiene un efecto importante en el n\u00famero y la movilidad de los espermatozoides. Por eso es especialmente apreciada por las parejas que no pueden concebir. Adem\u00e1s, da fuerza, mejora el estado de \u00e1nimo, alivia el estr\u00e9s y la ansiedad, mejora la memoria y la concentraci\u00f3n, act\u00faa como antidepresivo natural y mejora el sue\u00f1o.<\/span><\/p>\n<p><span style=\"color: #000000;\">Nuestra maca procede de granjas ecol\u00f3gicas de las altas monta\u00f1as de Per\u00fa y es <strong>100 % ecol\u00f3gica.<\/strong> Disponemos de an\u00e1lisis y certificados v\u00e1lidos para cada lote.<\/span><\/p>\n<h2><span style=\"color: #000000;\">Por qu\u00e9 pedir nuestra maca?<\/span><\/h2>\n<p><span style=\"color: #000000;\">Nuestra maca en polvo procede de <strong>cultivos ecol\u00f3gicos controlados,<\/strong> se seca cuidadosamente y se muele hasta obtener un polvo similar a la harina. Adem\u00e1s, nos aseguramos regularmente de que nuestras existencias de maca <strong>est\u00e9n siempre frescas<\/strong>. Por eso preparamos cuidadosamente la mezcla nosotros mismos, ya que solo as\u00ed podemos garantizar su impecabilidad con ingredientes frescos en la proporci\u00f3n adecuada.<\/span><\/p>\n<p><span style=\"color: #000000;\">La maca procede de granjas ecol\u00f3gicas de las altas monta\u00f1as de Per\u00fa. Disponemos de an\u00e1lisis y certificados v\u00e1lidos para cada serie.<\/span><\/p>\n<h2><span style=\"color: #000000;\">Valores nutricionales<\/span><\/h2>\n<p><span style=\"color: #000000;\">Valores nutricionales medios por cada 100 g de maca negra: valor energ\u00e9tico: 1448 kJ\/342 kcal; grasas: 0,6 g, de las cuales saturadas: 0,2 g; hidratos de carbono: 67 g, de los cuales az\u00facares: 24 g; prote\u00ednas: 13 g; fibra: 10 g y sal: 0,53 g.<\/span><\/p>\n<h2><span style=\"color: #000000;\">Almacenamiento y advertencias<\/span><\/h2>\n<p><span style=\"color: #000000;\">Almacenar en un lugar seco y fresco a una temperatura m\u00e1xima de 25 \u00b0C. Mantener el complemento alimenticio fuera del alcance de los ni\u00f1os.<\/span><\/p>\n<p><span style=\"color: #000000;\">No olvide la importancia de una dieta variada y un estilo de vida saludable, por lo que el complemento alimenticio no sustituye una dieta equilibrada y variada. No se debe exceder la dosis diaria recomendada. Se recomienda a las mujeres embarazadas y en periodo de lactancia que consulten siempre a su m\u00e9dico antes de utilizar este producto.<\/span><\/p>\n<h2><span style=\"color: #000000;\">Envase<\/span><\/h2>\n<p><span style=\"color: #000000;\">Bolsa herm\u00e9tica con cierre, donde el producto conserva toda su frescura y aroma. El envase protege de la luz y el aire, ya que est\u00e1 compuesto por varias capas de protecci\u00f3n que conservan las propiedades del contenido.<\/span><\/p>\n<p><span style=\"color: #000000;\">El envase es muy pr\u00e1ctico y permite su reciclaje.<\/span><\/p>\n<h2><span style=\"color: #000000;\">Origen<\/span><\/h2>\n<p><span style=\"color: #000000;\">Per\u00fa<\/span><\/p>\n","protected":false},"excerpt":{"rendered":"<p align=\"JUSTIFY\">La maca es una planta de ra\u00edz que crece en las alturas andinas de Per\u00fa, expuesta a <strong>condiciones clim\u00e1ticas extremas<\/strong> y grandes diferencias de temperatura entre el d\u00eda y la noche. La parte medicinal de la maca es el tub\u00e9rculo, que contiene gran cantidad de <strong>vitaminas, minerales y amino\u00e1cidos<\/strong>. Debido a su contenido en vitaminas importantes, como la B1, la B12, la C y la E, as\u00ed como en \u00e1cidos grasos, minerales y amino\u00e1cidos, la maca es uno de los superalimentos naturales m\u00e1s eficaces, deseados y recomendados, con una tradici\u00f3n milenaria.<br \/>\n\ud83d\udc9a Para la energ\u00eda masculina externa.<br \/>\n\ud83d\udc9a Mejora la memoria y la concentraci\u00f3n.<br \/>\n\ud83d\udc9a Mejora el estado de \u00e1nimo, alivia el estr\u00e9s y la ansiedad.<br \/>\n\ud83d\udc9a Aumenta la vitalidad y la fuerza.<\/p>\n","protected":false},"featured_media":4104,"comment_status":"open","ping_status":"closed","template":"","meta":{"_acf_changed":false},"product_brand":[],"product_cat":[15,195,216],"product_tag":[],"class_list":{"0":"post-6482","1":"product","2":"type-product","3":"status-publish","4":"has-post-thumbnail","6":"product_cat-uncategorized","7":"product_cat-superalimentos","8":"product_cat-todos-los-productos","10":"first","11":"instock","12":"sale","13":"taxable","14":"shipping-taxable","15":"purchasable","16":"product-type-simple"},"acf":[],"_links":{"self":[{"href":"https:\/\/fengchashop.com\/es\/wp-json\/wp\/v2\/product\/6482","targetHints":{"allow":["GET"]}}],"collection":[{"href":"https:\/\/fengchashop.com\/es\/wp-json\/wp\/v2\/product"}],"about":[{"href":"https:\/\/fengchashop.com\/es\/wp-json\/wp\/v2\/types\/product"}],"replies":[{"embeddable":true,"href":"https:\/\/fengchashop.com\/es\/wp-json\/wp\/v2\/comments?post=6482"}],"wp:featuredmedia":[{"embeddable":true,"href":"https:\/\/fengchashop.com\/es\/wp-json\/wp\/v2\/media\/4104"}],"wp:attachment":[{"href":"https:\/\/fengchashop.com\/es\/wp-json\/wp\/v2\/media?parent=6482"}],"wp:term":[{"taxonomy":"product_brand","embeddable":true,"href":"https:\/\/fengchashop.com\/es\/wp-json\/wp\/v2\/product_brand?post=6482"},{"taxonomy":"product_cat","embeddable":true,"href":"https:\/\/fengchashop.com\/es\/wp-json\/wp\/v2\/product_cat?post=6482"},{"taxonomy":"product_tag","embeddable":true,"href":"https:\/\/fengchashop.com\/es\/wp-json\/wp\/v2\/product_tag?post=6482"}],"curies":[{"name":"wp","href":"https:\/\/api.w.org\/{rel}","templated":true}]}}