{"id":6480,"date":"2022-02-22T09:17:16","date_gmt":"2022-02-22T08:17:16","guid":{"rendered":"https:\/\/fengchashop.com\/es\/product\/polyporus-umbellatus-divji-bio\/"},"modified":"2026-05-04T09:58:49","modified_gmt":"2026-05-04T07:58:49","slug":"polyporus-umbellatus-silvestre-bio","status":"publish","type":"product","link":"https:\/\/fengchashop.com\/es\/product\/polyporus-umbellatus-silvestre-bio\/","title":{"rendered":"Polyporus umbellatus silvestre BIO 125 g"},"content":{"rendered":"<h2><span style=\"color: #000000;\">Polyporus umbellatus silvestre BIO en polvo<\/span><\/h2>\n<p><span style=\"color: #000000;\">El Polyporus umbellatus es un hongo comestible, pero protegido, similar en apariencia a la coliflor. En esloveno se le llama<strong> razvezeni luknji\u010dar o hrastov luknji\u010dar<\/strong>. Mientras que la parte a\u00e9rea (trosnjake) se utiliza en la cocina, la parte subterr\u00e1nea (sklerocij) tiene propiedades medicinales. Es una seta medicinal muy estudiada, ya que contiene muchas <strong>compuestos bioactivos<\/strong> que han demostrado tener efectos antitumorales y anticancer\u00edgenos. Por eso se encuentra a menudo como ingrediente en diversos medicamentos y complementos alimenticios. El hongo agujereado ramificado es tambi\u00e9n una <strong>excelente fuente de antioxidantes<\/strong> que eliminan los radicales libres, <strong>mejoran el funcionamiento del sistema inmunol\u00f3gico<\/strong> y tienen <strong>propiedades antimicrobianas<\/strong>. Con fines medicinales, se utiliza principalmente en la medicina tradicional china como diur\u00e9tico para prevenir o tratar problemas relacionados con el deterioro de la funci\u00f3n renal y hep\u00e1tica, la retenci\u00f3n de l\u00edquidos, la hinchaz\u00f3n, as\u00ed como la diarrea, la ictericia y el tratamiento del flujo vaginal y el dolor al orinar. En la medicina tradicional china tambi\u00e9n se considera un antibi\u00f3tico natural. Los cient\u00edficos tambi\u00e9n han confirmado su efecto diur\u00e9tico y sus efectos beneficiosos para los ri\u00f1ones y el h\u00edgado. Tambi\u00e9n estimula el sistema inmunol\u00f3gico y es un excelente complemento de la quimioterapia en el tratamiento del c\u00e1ncer.<\/span><\/p>\n<h2><span style=\"color: #000000;\">\u00bf<\/span><span style=\"color: #000000;\">Qu\u00e9 contiene y para qui\u00e9n est\u00e1 indicado?<\/span><\/h2>\n<p><span style=\"color: #000000;\">Adem\u00e1s de los polisac\u00e1ridos, vitaminas, sales minerales y otros antioxidantes caracter\u00edsticos, el hongo Polyporus umbellatus tambi\u00e9n contiene fitoesteroles, terpenoides, manitol y otras sustancias farmacol\u00f3gicamente activas que le confieren propiedades curativas excepcionales sin efectos secundarios indeseables.<\/span><\/p>\n<p><span style=\"color: #000000;\"><strong>Polyporus umbellatus puede:<\/strong><\/span><\/p>\n<p><span style=\"color: #000000;\"> \ud83d\udc9a ayudar con los problemas renales y hep\u00e1ticos,<\/span><br \/>\n<span style=\"color: #000000;\"> \ud83d\udc9a ayudar con el flujo vaginal,<\/span><br \/>\n<span style=\"color: #000000;\"> \ud83d\udc9a actuar como antitumoral,<\/span><br \/>\n<span style=\"color: #000000;\"> \ud83d\udc9a estimular y fortalecer el sistema inmunol\u00f3gico,<\/span><br \/>\n<span style=\"color: #000000;\"> \ud83d\udc9a mitiga los efectos de la quimioterapia y, por lo tanto, mejora la vida de los pacientes con c\u00e1ncer.<\/span><\/p>\n<p><span style=\"color: #000000;\">Todos los elementos presentes en la seta se encuentran en grandes cantidades y tienen un efecto muy positivo en nuestro organismo.<\/span><\/p>\n<p><span style=\"color: #000000;\">Y lo que es muy importante, Polyporus umbellatus es un producto 100 % natural que nos puede ayudar de forma natural. Mejora los s\u00edntomas de nuestros problemas y tiene un efecto positivo en nuestro bienestar general.<\/span><\/p>\n<h2><span style=\"color: #000000;\">\u00bf<\/span><span style=\"color: #000000;\">Por qu\u00e9 precisamente las setas?<\/span><\/h2>\n<p><span style=\"color: #000000;\">Las setas son muy interesantes. No son ni plantas ni animales, sino organismos incre\u00edbles que han logrado sobrevivir pr\u00e1cticamente desde el principio del mundo. Han desarrollado una estrategia de supervivencia especial que las ha conservado hasta nuestros d\u00edas. Las personas tambi\u00e9n podemos aprovechar estas ventajas mediante el consumo de hongos medicinales. Nos aportan equilibrio a nivel f\u00edsico y nos protegen de numerosas enfermedades. Pueden ser <strong>preventivas<\/strong> o <strong>curativas<\/strong> como complemento al tratamiento convencional o no convencional de numerosas enfermedades (modernas). Tradicionalmente, se atribuyen a las setas efectos beneficiosos en casos de c\u00e1ncer, enfermedades autoinmunes y alergias. Tambi\u00e9n influyen positivamente en la respuesta sana y fuerte del sistema inmunol\u00f3gico. Las investigaciones m\u00e9dicas realizadas en las \u00faltimas d\u00e9cadas, cuando las setas empezaron a despertar inter\u00e9s tambi\u00e9n en el mundo occidental, han confirmado muchos de sus efectos terap\u00e9uticos.<\/span><\/p>\n<p><span style=\"color: #000000;\">Dado que ciertos principios activos naturales son indigestos o dif\u00edciles de digerir para nosotros, es muy importante que consumamos solo las mejores setas en polvo. Las setas deben cultivarse, secarse y prepararse correctamente. Deben molerse hasta obtener un polvo fino sin trozos. El color del polvo es m\u00e1s claro, aunque tambi\u00e9n depende del tipo de hongo que tomemos. Dado que los hongos son tan eficaces precisamente porque tienen la capacidad de absorber todo, tanto lo bueno como lo malo del entorno, es importante que recurramos a los cultivados ecol\u00f3gicamente.<\/span><\/p>\n<h2><span style=\"color: #000000;\">Envasado<\/span><\/h2>\n<p><span style=\"color: #000000;\">Bolsa herm\u00e9tica con cremallera, donde el producto conserva toda su frescura y aroma. El envase protege del aire y la luz, ya que est\u00e1 compuesto por varias capas protectoras que conservan las propiedades del contenido.<\/span><\/p>\n<p>El envase es muy pr\u00e1ctico y se puede reciclar.<\/p>\n<h2><span style=\"color: #000000;\">Almacenamiento y advertencias<\/span><\/h2>\n<p><span style=\"color: #000000;\">Almacenar en un lugar seco y fresco. \u00a1Mantener el complemento alimenticio fuera del alcance de los ni\u00f1os!<\/span><\/p>\n<p><span style=\"color: #000000;\">No olvide la importancia de una dieta variada y un estilo de vida saludable, por lo que el complemento alimenticio no sustituye una dieta equilibrada y variada. No se debe exceder la cantidad diaria recomendada. Siempre recomendamos a las mujeres embarazadas y lactantes que consulten a su m\u00e9dico antes de usar este producto.<\/span><\/p>\n<h2><span style=\"color: #000000;\">Es bueno saberlo<\/span><\/h2>\n<p><span style=\"color: #000000;\">El producto tambi\u00e9n es adecuado para animales. En la mayor\u00eda de los casos, las setas medicinales resultan extremadamente eficaces para fortalecer el sistema inmunol\u00f3gico, eliminar alergias y enfermedades de la piel, as\u00ed como infecciones virales y bacterianas. Antes de utilizarlas, consulte con su veterinario sobre la conveniencia de tomarlas y la dosis diaria recomendada.<\/span><\/p>\n<h2><span style=\"color: #000000;\">Origen<\/span><\/h2>\n<p>China. Contamos con proveedores muy fiables que nos env\u00edan un an\u00e1lisis qu\u00edmico detallado del alimento para cada serie. En m\u00e1s de diez a\u00f1os, no hemos tenido ninguna devoluci\u00f3n ni ning\u00fan otro problema con este art\u00edculo, ni tampoco con otros art\u00edculos del mismo proveedor.<\/p>\n<p>El art\u00edculo cuenta con un certificado 100 % ecol\u00f3gico.<\/p>\n","protected":false},"excerpt":{"rendered":"<p align=\"JUSTIFY\">Complemento alimenticio. El Polyporus umbellatus es un hongo comestible, pero protegido, similar en apariencia a la coliflor. En esloveno lo llamamos <strong>razvejeni luknji\u010dar <\/strong>o <strong>hrastov luknji\u010dar<\/strong>. Mientras que la parte a\u00e9rea (trosnjake) se utiliza en la cocina, la parte subterr\u00e1nea (sklerocij) tiene propiedades curativas. Es una seta medicinal muy estudiada, ya que contiene muchas <strong>compuestos bioactivos<\/strong> con efectos antitumorales y anticancer\u00edgenos demostrados.<br \/>\n\ud83d\udc9a Excelente fuente de antioxidantes.<br \/>\n\ud83d\udc9a Estimula y fortalece el sistema inmunol\u00f3gico.<br \/>\n\ud83d\udc9a Ayuda en problemas renales y hep\u00e1ticos.<br \/>\n\ud83d\udc9a Tiene efecto antitumoral.<\/p>\n","protected":false},"featured_media":4296,"comment_status":"open","ping_status":"closed","template":"","meta":{"_acf_changed":false},"product_brand":[],"product_cat":[15,198,216],"product_tag":[],"class_list":{"0":"post-6480","1":"product","2":"type-product","3":"status-publish","4":"has-post-thumbnail","6":"product_cat-uncategorized","7":"product_cat-hongos-medicinales","8":"product_cat-todos-los-productos","10":"first","11":"instock","12":"sale","13":"taxable","14":"shipping-taxable","15":"purchasable","16":"product-type-simple"},"acf":[],"_links":{"self":[{"href":"https:\/\/fengchashop.com\/es\/wp-json\/wp\/v2\/product\/6480","targetHints":{"allow":["GET"]}}],"collection":[{"href":"https:\/\/fengchashop.com\/es\/wp-json\/wp\/v2\/product"}],"about":[{"href":"https:\/\/fengchashop.com\/es\/wp-json\/wp\/v2\/types\/product"}],"replies":[{"embeddable":true,"href":"https:\/\/fengchashop.com\/es\/wp-json\/wp\/v2\/comments?post=6480"}],"wp:featuredmedia":[{"embeddable":true,"href":"https:\/\/fengchashop.com\/es\/wp-json\/wp\/v2\/media\/4296"}],"wp:attachment":[{"href":"https:\/\/fengchashop.com\/es\/wp-json\/wp\/v2\/media?parent=6480"}],"wp:term":[{"taxonomy":"product_brand","embeddable":true,"href":"https:\/\/fengchashop.com\/es\/wp-json\/wp\/v2\/product_brand?post=6480"},{"taxonomy":"product_cat","embeddable":true,"href":"https:\/\/fengchashop.com\/es\/wp-json\/wp\/v2\/product_cat?post=6480"},{"taxonomy":"product_tag","embeddable":true,"href":"https:\/\/fengchashop.com\/es\/wp-json\/wp\/v2\/product_tag?post=6480"}],"curies":[{"name":"wp","href":"https:\/\/api.w.org\/{rel}","templated":true}]}}