{"id":6479,"date":"2022-02-22T08:57:12","date_gmt":"2022-02-22T07:57:12","guid":{"rendered":"https:\/\/fengchashop.com\/es\/product\/agaricus-blazei-bio\/"},"modified":"2026-04-24T18:13:41","modified_gmt":"2026-04-24T16:13:41","slug":"agaricus-blazei-bio","status":"publish","type":"product","link":"https:\/\/fengchashop.com\/es\/product\/agaricus-blazei-bio\/","title":{"rendered":"Agaricus blazei BIO 125 g"},"content":{"rendered":"<h2><span style=\"color: #000000;\">Agaricus blazei BIO<\/span><\/h2>\n<p><span style=\"color: #000000;\">El Agaricus blazei es uno de los <strong>\u00faltimos descubrimientos en el campo de las setas medicinales y est\u00e1 ganando cada vez m\u00e1s prestigio en todo el mundo<\/strong>. Esta seta es originaria de Brasil, por lo que a menudo se la denomina \u00abkukmak brasile\u00f1o\u00bb. Tambi\u00e9n se utiliza en Jap\u00f3n y otros pa\u00edses asi\u00e1ticos, donde las setas medicinales se utilizan con fines terap\u00e9uticos desde hace milenios. En esloveno se le llama <strong>mandljev kukmak<\/strong>.<\/span><\/p>\n<p><span style=\"color: #000000;\">En forma de polvo, el Agaricus blazei contiene muchos nutrientes y sus efectos positivos han sido demostrados cient\u00edficamente. Estudios realizados en diferentes pa\u00edses del mundo han descubierto numerosos efectos beneficiosos relacionados con el consumo regular de esta seta. Sobre todo, <strong>fortalece el sistema inmunol\u00f3gico y tiene efectos preventivos, antiinflamatorios y antivirales.<\/strong><\/span><\/p>\n<p><span style=\"color: #000000;\">Es un poco menos conocida y es una de las setas medicinales m\u00e1s recientes, pero est\u00e1 ganando popularidad r\u00e1pidamente debido a sus numerosas propiedades curativas.<\/span><\/p>\n<p><span style=\"color: #000000;\">El cultivo de nuestra seta Agaricus blazei est\u00e1 estrictamente controlado, sin uso de productos qu\u00edmicos ni pesticidas, y es <strong>100 % ecol\u00f3gico.<\/strong> La calidad de las setas es controlada regularmente por laboratorios independientes en Eslovenia y Estados Unidos.<\/span><\/p>\n<h2><span style=\"color: #000000;\">\u00bfQu\u00e9 contiene y para qui\u00e9n est\u00e1 destinado?<\/span><\/h2>\n<p><span style=\"color: #000000;\">El Agaricus blazei est\u00e1 compuesto por diversos <strong>polisac\u00e1ridos, vitaminas, sales minerales y otros antioxidantes.<\/strong> Todos los elementos presentes en la seta se encuentran en grandes cantidades y tienen un efecto muy positivo en nuestro organismo.<\/span><\/p>\n<p><span style=\"color: #000000;\"><strong>Los efectos curativos positivos seleccionados que se pueden obtener al tomar Agaricus blazei en polvo son los siguientes:<\/strong><\/span><\/p>\n<p><span style=\"color: #000000;\"> \ud83d\udc9a tiene efectos antitumorales e inmunoestimulantes, por lo que se utiliza como terapia de apoyo en el tratamiento convencional del c\u00e1ncer,<\/span><br \/>\n<span style=\"color: #000000;\"> \ud83d\udc9a tiene propiedades antivirales y antiinflamatorias,<\/span><br \/>\n<span style=\"color: #000000;\"> \ud83d\udc9a tiene un efecto beneficioso sobre el h\u00edgado,<\/span><br \/>\n<span style=\"color: #000000;\"> \ud83d\udc9a ayuda a tratar los problemas cut\u00e1neos,<\/span><br \/>\n<span style=\"color: #000000;\"> \ud83d\udc9a mejora el funcionamiento intestinal,<\/span><br \/>\n<span style=\"color: #000000;\"> \ud83d\udc9a act\u00faa contra la diabetes, la arteriosclerosis, el colesterol alto y las alergias,<\/span><br \/>\n<span style=\"color: #000000;\"> \ud83d\udc9a se utiliza para reducir el estr\u00e9s,<\/span><br \/>\n<span style=\"color: #000000;\"> \ud83d\udc9a para tratar la hepatitis, la dermatitis, la osteoporosis, las enfermedades card\u00edacas y vasculares, las enfermedades digestivas&#8230;<\/span><\/p>\n<p><span style=\"color: #000000;\">El Agaricus blazei suele encontrarse en la lista de setas recomendadas para el consumo<strong> durante el tratamiento convencional del c\u00e1ncer<\/strong>, ya que mitiga los efectos secundarios de la quimioterapia y la radioterapia. Adem\u00e1s, tambi\u00e9n puede tener efectos anticancer\u00edgenos y antitumorales. Mejora la vida de los pacientes con c\u00e1ncer.<\/span><\/p>\n<p><span style=\"color: #000000;\">Y lo que es muy importante, el Agaricus blazei es un <strong>producto 100 % natural<\/strong> que puede ayudarnos de forma natural. Mejora los s\u00edntomas de nuestros problemas y tiene un efecto positivo en nuestro bienestar general.<\/span><\/p>\n<h2><span style=\"color: #000000;\">\u00bfPor qu\u00e9 precisamente las setas?<\/span><\/h2>\n<p><span style=\"color: #000000;\">Las setas son muy interesantes. No son ni plantas ni animales, sino organismos incre\u00edbles que han logrado sobrevivir pr\u00e1cticamente desde el principio del mundo. Han desarrollado una estrategia de supervivencia especial que las ha conservado hasta nuestros d\u00edas. Las personas tambi\u00e9n podemos aprovechar estas ventajas consumiendo hongos medicinales. Nos aportan equilibrio a nivel corporal y nos protegen de numerosas enfermedades. Pueden ser <strong>preventivas<\/strong> o <strong>curativas<\/strong> como complemento al tratamiento convencional o no convencional de numerosas enfermedades (modernas). Tradicionalmente, se atribuyen a las setas efectos beneficiosos en casos de c\u00e1ncer, enfermedades autoinmunes y alergias. Tambi\u00e9n influyen positivamente en la respuesta sana y fuerte del sistema inmunol\u00f3gico. Las investigaciones m\u00e9dicas realizadas en las \u00faltimas d\u00e9cadas, cuando las setas empezaron a despertar inter\u00e9s tambi\u00e9n en el mundo occidental, han confirmado muchos de sus efectos terap\u00e9uticos.<\/span><\/p>\n<p><span style=\"color: #000000;\">Dado que ciertos principios activos naturales son indigestos o dif\u00edciles de digerir para nosotros, es muy importante que consumamos solo las mejores setas en polvo. Las setas deben cultivarse, secarse y prepararse correctamente. Deben molerse hasta obtener un polvo fino sin trozos. El color del polvo es m\u00e1s claro, pero tambi\u00e9n depende del tipo de hongo que tomemos. Dado que los hongos son tan eficaces precisamente porque tienen la capacidad de absorber todo, tanto lo bueno como lo malo del medio ambiente, es importante que recurramos a los cultivados ecol\u00f3gicamente.<\/span><\/p>\n<h2><span style=\"color: #000000;\">Envasado<\/span><\/h2>\n<p><span style=\"color: #000000;\">Bolsa herm\u00e9tica con cremallera, donde el producto conserva toda su frescura y aroma. El envase protege del aire y la luz, ya que est\u00e1 compuesto por varias capas protectoras que conservan las propiedades del contenido.<\/span><\/p>\n<p><span style=\"color: #000000;\">El envase es muy pr\u00e1ctico y se puede reciclar.<\/span><\/p>\n<h2><span style=\"color: #000000;\">Almacenamiento y advertencias<\/span><\/h2>\n<p><span style=\"color: #000000;\">Almacenar en un lugar seco y fresco. \u00a1Mantener el complemento alimenticio fuera del alcance de los ni\u00f1os!<\/span><\/p>\n<p><span style=\"color: #000000;\">No olvide la importancia de una dieta variada y un estilo de vida saludable, por lo que el complemento alimenticio no sustituye una dieta equilibrada y variada. No se debe exceder la cantidad diaria recomendada o la dosis. Siempre recomendamos a las mujeres embarazadas y lactantes que consulten a su m\u00e9dico antes de usar este producto.<\/span><\/p>\n<h2><span style=\"color: #000000;\">Es bueno saberlo<\/span><\/h2>\n<p><span style=\"color: #000000;\">El producto tambi\u00e9n es adecuado para animales. En la mayor\u00eda de los casos, las setas medicinales resultan extremadamente eficaces para fortalecer el sistema inmunol\u00f3gico, eliminar alergias y enfermedades de la piel, as\u00ed como infecciones virales y bacterianas. Antes de utilizarlas, consulte con su veterinario sobre la conveniencia de tomarlas y la dosis diaria recomendada.<\/span><\/p>\n<h2><span style=\"color: #000000;\">Origen<\/span><\/h2>\n<p><span style=\"color: #000000;\">Eslovenia<\/span><\/p>\n","protected":false},"excerpt":{"rendered":"<p align=\"JUSTIFY\">Complemento alimenticio. El Agaricus blazei es uno de los <strong>\u00faltimos descubrimientos en el campo de las setas medicinales y est\u00e1 ganando cada vez m\u00e1s prestigio en todo el mundo<\/strong>. Esta seta es originaria de Brasil, por lo que a menudo se la denomina \u00abkukmak brasile\u00f1o\u00bb. Tambi\u00e9n se utiliza en Jap\u00f3n y otros pa\u00edses asi\u00e1ticos, donde las setas medicinales se utilizan con fines terap\u00e9uticos desde hace milenios, ya que:<\/p>\n<p><span style=\"color: #000000;\"> \ud83d\udc9a tiene efectos antitumorales e inmunoestimulantes,<br \/>\n\ud83d\udc9a tiene un efecto beneficioso sobre el h\u00edgado,<br \/>\n\ud83d\udc9a tiene propiedades antivirales y antiinflamatorias,<br \/>\n\ud83d\udc9a regula el nivel de az\u00facar en sangre.<\/span><\/p>\n","protected":false},"featured_media":4133,"comment_status":"open","ping_status":"closed","template":"","meta":{"_acf_changed":false},"product_brand":[],"product_cat":[15,198,216],"product_tag":[],"class_list":{"0":"post-6479","1":"product","2":"type-product","3":"status-publish","4":"has-post-thumbnail","6":"product_cat-uncategorized","7":"product_cat-hongos-medicinales","8":"product_cat-todos-los-productos","10":"first","11":"instock","12":"taxable","13":"shipping-taxable","14":"purchasable","15":"product-type-simple"},"acf":[],"_links":{"self":[{"href":"https:\/\/fengchashop.com\/es\/wp-json\/wp\/v2\/product\/6479","targetHints":{"allow":["GET"]}}],"collection":[{"href":"https:\/\/fengchashop.com\/es\/wp-json\/wp\/v2\/product"}],"about":[{"href":"https:\/\/fengchashop.com\/es\/wp-json\/wp\/v2\/types\/product"}],"replies":[{"embeddable":true,"href":"https:\/\/fengchashop.com\/es\/wp-json\/wp\/v2\/comments?post=6479"}],"wp:featuredmedia":[{"embeddable":true,"href":"https:\/\/fengchashop.com\/es\/wp-json\/wp\/v2\/media\/4133"}],"wp:attachment":[{"href":"https:\/\/fengchashop.com\/es\/wp-json\/wp\/v2\/media?parent=6479"}],"wp:term":[{"taxonomy":"product_brand","embeddable":true,"href":"https:\/\/fengchashop.com\/es\/wp-json\/wp\/v2\/product_brand?post=6479"},{"taxonomy":"product_cat","embeddable":true,"href":"https:\/\/fengchashop.com\/es\/wp-json\/wp\/v2\/product_cat?post=6479"},{"taxonomy":"product_tag","embeddable":true,"href":"https:\/\/fengchashop.com\/es\/wp-json\/wp\/v2\/product_tag?post=6479"}],"curies":[{"name":"wp","href":"https:\/\/api.w.org\/{rel}","templated":true}]}}