{"id":6478,"date":"2022-02-22T08:44:00","date_gmt":"2022-02-22T07:44:00","guid":{"rendered":"https:\/\/fengchashop.com\/es\/product\/onca-mix-bio\/"},"modified":"2026-05-04T10:33:53","modified_gmt":"2026-05-04T08:33:53","slug":"onca-mix-bio","status":"publish","type":"product","link":"https:\/\/fengchashop.com\/es\/product\/onca-mix-bio\/","title":{"rendered":"Onca mix BIO 125 g"},"content":{"rendered":"<h2><span style=\"color: #000000;\">Onca mix mezcla de hongos medicinales BIO en polvo<\/span><\/h2>\n<p><span style=\"color: #000000;\">La mezcla Onca mix de hongos medicinales est\u00e1 indicada como apoyo <strong>en tratamientos e intervenciones convencionales agresivos y para ayudar a eliminar problemas cr\u00f3nicos m\u00e1s graves.<\/strong> La mezcla Onca mix ofrece el espectro m\u00e1s amplio de acci\u00f3n equilibrada gracias a los cientos de componentes activos diferentes que contiene. La mezcla Onco mix est\u00e1 compuesta por cuatro tipos de hongos: Ganoderma lucidum (Reishi), Lentinula edodes (shitake), Coriolus y Agaricus blazei.<\/span><\/p>\n<p><span style=\"color: #000000;\">Con un espectro tan amplio de tipos de hongos utilizados, se consigue una acci\u00f3n de amplio espectro y se acelera la acci\u00f3n preventiva contra el debilitamiento general.<\/span><\/p>\n<p><span style=\"color: #000000;\">El uso del producto es muy sencillo y no requiere ning\u00fan tipo de preparaci\u00f3n ni habilidad. Las setas se muelen hasta obtener un polvo fino que no contiene part\u00edculas. El producto est\u00e1 listo para su uso. Simplemente se dosifica directamente del envase a su bebida favorita, se mezcla y se consume.<\/span><\/p>\n<h2><span style=\"color: #000000;\">\u00bfPor qu\u00e9 utilizar nuestra mezcla Onca mix?<\/span><\/h2>\n<p><span style=\"color: #000000;\">La mezcla se ha elaborado siguiendo una receta cuidadosamente preparada, basada en las observaciones y conclusiones de los usuarios de la mezcla y de las setas medicinales en general. Para la preparaci\u00f3n de esta mezcla especial, tambi\u00e9n se han tenido en cuenta los resultados de numerosas investigaciones nacionales y extranjeras, as\u00ed como las conclusiones de instituciones de investigaci\u00f3n. Y aunque las setas medicinales tienen mecanismos de acci\u00f3n muy complejos que la ciencia a\u00fan no ha logrado explicar, sabemos que <strong>influyen favorablemente en nuestro sistema inmunol\u00f3gico, en nuestro bienestar y en los procesos naturales que tienen lugar cada d\u00eda en nuestro organismo.<\/strong> El sistema inmunol\u00f3gico es responsable de combatir los elementos extra\u00f1os en nuestro cuerpo. Ya sea un simple virus que causa un resfriado o un conjunto de c\u00e9lulas que representan una enfermedad cancerosa. Por eso es tan importante tener un sistema inmunol\u00f3gico sano y fuerte. Igualmente importantes son los antioxidantes, que nos protegen del estr\u00e9s oxidativo, causante de numerosas enfermedades y del envejecimiento prematuro.<\/span><\/p>\n<p><span style=\"color: #000000;\">El cultivo de nuestras setas medicinales est\u00e1 estrictamente controlado, sin uso de productos qu\u00edmicos ni pesticidas, y es <strong>100 % ecol\u00f3gico<\/strong>. Todas las setas se cultivan en Eslovenia.<\/span><\/p>\n<h2><span style=\"color: #000000;\">\u00bfA qui\u00e9n va dirigida la mezcla Onca mix y cu\u00e1les son sus efectos?<\/span><\/h2>\n<p><span style=\"color: #000000;\">Onca mix est\u00e1 destinada principalmente como terapia de apoyo a pacientes cr\u00f3nicos que se tratan con m\u00e9todos de medicina tradicional. Est\u00e1 destinado a pacientes que se tratan por enfermedades m\u00e1s graves y cuyo tratamiento es agresivo. Tambi\u00e9n est\u00e1 destinado a aquellos que desean probar el efecto de las setas medicinales y apoyar el tratamiento de forma natural. Asimismo, es un excelente complemento alimenticio natural, ya que las setas tienen un alto valor nutricional: valiosos nutrientes, oligoelementos, vitaminas, macrominerales, fibra y prote\u00ednas. Las setas medicinales tienen una rica historia en la medicina y la curaci\u00f3n chinas, y cada vez m\u00e1s personas vuelven a la naturaleza en busca de salud. Antes de consumir setas medicinales durante el tratamiento, siempre recomendamos consultar con un m\u00e9dico especialista o un m\u00e9dico general.<\/span><\/p>\n<h2><span style=\"color: #000000;\">Envasado<\/span><\/h2>\n<p><span style=\"color: #000000;\">Bolsa herm\u00e9tica con cremallera, donde el producto conserva toda su frescura y aroma. El envase protege del aire y la luz, ya que est\u00e1 compuesto por varias capas protectoras que conservan las propiedades del contenido.<\/span><\/p>\n<p>El envase es muy pr\u00e1ctico y se puede reciclar.<\/p>\n<h2><span style=\"color: #000000;\">Almacenamiento y advertencias<\/span><\/h2>\n<p><span style=\"color: #000000;\">Almacenar en un lugar seco y fresco. \u00a1Mantener el complemento alimenticio fuera del alcance de los ni\u00f1os!<\/span><\/p>\n<p><span style=\"color: #000000;\">No olvide la importancia de una dieta variada y un estilo de vida saludable, por lo que el complemento alimenticio no sustituye una dieta equilibrada y variada. No se debe exceder la cantidad diaria recomendada. Siempre recomendamos a las mujeres embarazadas y lactantes que consulten a su m\u00e9dico antes de usar este producto.<\/span><\/p>\n<h2><span style=\"color: #000000;\">Es bueno saberlo<\/span><\/h2>\n<p><span style=\"color: #000000;\">El producto tambi\u00e9n es adecuado para animales. En la mayor\u00eda de los casos, las setas medicinales resultan extremadamente eficaces para fortalecer el sistema inmunol\u00f3gico, eliminar alergias y enfermedades de la piel, as\u00ed como infecciones virales y bacterianas. Antes de utilizarlas, consulte con su veterinario sobre la conveniencia de tomarlas y la dosis diaria recomendada.<\/span><\/p>\n<h2><span style=\"color: #000000;\">Origen<\/span><\/h2>\n<p><span style=\"color: #000000;\">Eslovenia<\/span><\/p>\n","protected":false},"excerpt":{"rendered":"<p align=\"JUSTIFY\">Complemento alimenticio. La mezcla Onca mix de hongos medicinales est\u00e1 indicada como apoyo en tratamientos e intervenciones convencionales agresivos y para ayudar a eliminar problemas cr\u00f3nicos m\u00e1s graves. La mezcla Onca mix ofrece el espectro m\u00e1s amplio de acci\u00f3n equilibrada gracias a los cientos de componentes activos que contiene.<br \/>\n\ud83d\udc9a Fortalece el sistema inmunol\u00f3gico.<br \/>\n\ud83d\udc9a Influye positivamente en nuestro bienestar.<br \/>\n\ud83d\udc9a Tiene efecto antiinflamatorio.<br \/>\n\ud83d\udc9a Tiene efecto antioxidante.<\/p>\n","protected":false},"featured_media":4294,"comment_status":"open","ping_status":"closed","template":"","meta":{"_acf_changed":false},"product_brand":[],"product_cat":[15,198,216],"product_tag":[],"class_list":{"0":"post-6478","1":"product","2":"type-product","3":"status-publish","4":"has-post-thumbnail","6":"product_cat-uncategorized","7":"product_cat-hongos-medicinales","8":"product_cat-todos-los-productos","10":"first","11":"instock","12":"taxable","13":"shipping-taxable","14":"purchasable","15":"product-type-simple"},"acf":[],"_links":{"self":[{"href":"https:\/\/fengchashop.com\/es\/wp-json\/wp\/v2\/product\/6478","targetHints":{"allow":["GET"]}}],"collection":[{"href":"https:\/\/fengchashop.com\/es\/wp-json\/wp\/v2\/product"}],"about":[{"href":"https:\/\/fengchashop.com\/es\/wp-json\/wp\/v2\/types\/product"}],"replies":[{"embeddable":true,"href":"https:\/\/fengchashop.com\/es\/wp-json\/wp\/v2\/comments?post=6478"}],"wp:featuredmedia":[{"embeddable":true,"href":"https:\/\/fengchashop.com\/es\/wp-json\/wp\/v2\/media\/4294"}],"wp:attachment":[{"href":"https:\/\/fengchashop.com\/es\/wp-json\/wp\/v2\/media?parent=6478"}],"wp:term":[{"taxonomy":"product_brand","embeddable":true,"href":"https:\/\/fengchashop.com\/es\/wp-json\/wp\/v2\/product_brand?post=6478"},{"taxonomy":"product_cat","embeddable":true,"href":"https:\/\/fengchashop.com\/es\/wp-json\/wp\/v2\/product_cat?post=6478"},{"taxonomy":"product_tag","embeddable":true,"href":"https:\/\/fengchashop.com\/es\/wp-json\/wp\/v2\/product_tag?post=6478"}],"curies":[{"name":"wp","href":"https:\/\/api.w.org\/{rel}","templated":true}]}}