{"id":6477,"date":"2022-02-22T08:22:38","date_gmt":"2022-02-22T07:22:38","guid":{"rendered":"https:\/\/fengchashop.com\/es\/product\/auricularia-auricula-bio\/"},"modified":"2026-04-30T12:06:40","modified_gmt":"2026-04-30T10:06:40","slug":"auricularia-auricula-bio","status":"publish","type":"product","link":"https:\/\/fengchashop.com\/es\/product\/auricularia-auricula-bio\/","title":{"rendered":"Auricularia auricula BIO 125 g"},"content":{"rendered":"<h2><span style=\"color: #000000;\">Auricularia auricula BIO en polvo<\/span><\/h2>\n<p><span style=\"color: #000000;\">La Auricularia auricula est\u00e1 ganando cada vez m\u00e1s importancia como complemento alimenticio, ya que ocupa el cuarto lugar a nivel mundial en cuanto a volumen de producci\u00f3n. Tambi\u00e9n se conoce con el nombre de <strong>oreja de elefante<\/strong>. Se utiliza en la cocina oriental. Para fines m\u00e9dicos, se recomienda <strong>en caso de diversas inflamaciones.<\/strong> Las investigaciones cient\u00edficas tambi\u00e9n registran un efecto beneficioso sobre el sistema cardiovascular, la reducci\u00f3n del nivel de colesterol LDL malo y la prevenci\u00f3n de la formaci\u00f3n de co\u00e1gulos sangu\u00edneos. Los resultados tambi\u00e9n apuntan a <strong>efectos antivirales, antibacterianos y antiparasitarios.<\/strong><\/span><\/p>\n<p><span style=\"color: #000000;\">Si est\u00e1 embarazada, en periodo de lactancia o planea quedarse embarazada, se desaconseja el consumo de la seta Auricularia auricula, ya que reduce la fertilidad.<\/span><\/p>\n<p><span style=\"color: #000000;\">El cultivo de nuestra seta Auricularia auricula est\u00e1 estrictamente controlado, sin uso de productos qu\u00edmicos ni pesticidas, y es <strong>100 % ecol\u00f3gico.<\/strong> La calidad de las setas es controlada regularmente por laboratorios independientes en Eslovenia y Estados Unidos.<\/span><\/p>\n<h2><span style=\"color: #000000;\">\u00bf<\/span><span style=\"color: #000000;\">Qu\u00e9 contiene y para qui\u00e9n est\u00e1 indicada?<\/span><\/h2>\n<p><span style=\"color: #000000;\">La Auricularia auricula est\u00e1 compuesta por diversos <strong>polisac\u00e1ridos, vitaminas, sales minerales y otros antioxidantes. <\/strong>El consumo de Auricularia auricule puede ayudar en los siguientes casos:<\/span><\/p>\n<p><span style=\"color: #000000;\">\ud83d\udc9a inflamaciones de la garganta y los ojos,<\/span><br \/>\n<span style=\"color: #000000;\">\ud83d\udc9a prevenci\u00f3n de co\u00e1gulos sangu\u00edneos,<\/span><br \/>\n<span style=\"color: #000000;\">\ud83d\udc9a problemas y afecciones del sistema cardiovascular,<\/span><br \/>\n<span style=\"color: #000000;\">\ud83d\udc9areducir los niveles de colesterol total y malo en sangre,<\/span><br \/>\n<span style=\"color: #000000;\">\ud83d\udc9aotras inflamaciones.<\/span><\/p>\n<p><span style=\"color: #000000;\">Recomendamos el consumo de setas especialmente a personas que padecen <strong>inflamaciones frecuentes,<\/strong> sobre todo de garganta y ojos.<\/span><\/p>\n<p><span style=\"color: #000000;\">Todos los elementos presentes en la seta se encuentran en grandes cantidades y tienen un efecto muy positivo en nuestro organismo.<\/span><\/p>\n<p><span style=\"color: #000000;\">Y lo que es muy importante, Auricularia auricula es un <strong>producto 100 % natural<\/strong> que nos puede ayudar de forma natural. Mejora los s\u00edntomas de nuestros problemas y tiene un efecto positivo en nuestro bienestar general.<\/span><\/p>\n<h2><span style=\"color: #000000;\">\u00bf<\/span><span style=\"color: #000000;\">Por qu\u00e9 precisamente las setas?<\/span><\/h2>\n<p><span style=\"color: #000000;\">Las setas son muy interesantes. No son ni plantas ni animales, sino organismos incre\u00edbles que han logrado sobrevivir pr\u00e1cticamente desde el principio del mundo. Han desarrollado una estrategia de supervivencia especial que las ha conservado hasta nuestros d\u00edas. Las personas tambi\u00e9n podemos aprovechar estas ventajas consumiendo hongos medicinales. Nos aportan equilibrio a nivel f\u00edsico y nos protegen de numerosas enfermedades. Pueden ser <strong>preventivas<\/strong> o <strong>curativas<\/strong> como complemento al tratamiento convencional o no convencional de numerosas enfermedades (modernas). Tradicionalmente, se atribuyen a las setas efectos beneficiosos en casos de c\u00e1ncer, enfermedades autoinmunes y alergias. Tambi\u00e9n influyen positivamente en la respuesta sana y fuerte del sistema inmunol\u00f3gico. Las investigaciones m\u00e9dicas realizadas en las \u00faltimas d\u00e9cadas, cuando las setas empezaron a despertar inter\u00e9s tambi\u00e9n en el mundo occidental, han confirmado muchos de sus efectos terap\u00e9uticos.<\/span><\/p>\n<p><span style=\"color: #000000;\">Dado que ciertos principios activos naturales son indigestos o dif\u00edciles de digerir para nosotros, es muy importante que consumamos solo las mejores setas en polvo. Las setas deben cultivarse, secarse y prepararse correctamente. Deben molerse hasta obtener un polvo fino sin trozos. El color del polvo es m\u00e1s claro, pero tambi\u00e9n depende del tipo de hongo que tomemos. Dado que los hongos son tan eficaces precisamente porque tienen la capacidad de absorber todo, tanto lo bueno como lo malo del medio ambiente, es importante que recurramos a los cultivados ecol\u00f3gicamente.<\/span><\/p>\n<h2><span style=\"color: #000000;\">Envasado<\/span><\/h2>\n<p><span style=\"color: #000000;\">Bolsa herm\u00e9tica con cremallera, donde el producto conserva toda su frescura y aroma. El envase protege del aire y la luz, ya que est\u00e1 compuesto por varias capas protectoras que conservan las propiedades del contenido.<\/span><\/p>\n<p><span style=\"color: #000000;\">El envase es muy pr\u00e1ctico y se puede reciclar.<\/span><\/p>\n<h2><span style=\"color: #000000;\">Almacenamiento y advertencias<\/span><\/h2>\n<p><span style=\"color: #000000;\">Almacenar en un lugar seco y fresco. \u00a1Mantener el complemento alimenticio fuera del alcance de los ni\u00f1os!<\/span><\/p>\n<p><span style=\"color: #000000;\">No olvide la importancia de una dieta variada y un estilo de vida saludable, por lo que el complemento alimenticio no sustituye una dieta equilibrada y variada. No se debe exceder la cantidad diaria recomendada. Siempre recomendamos a las mujeres embarazadas y lactantes que consulten a su m\u00e9dico antes de usar este producto.<\/span><\/p>\n<h2><span style=\"color: #000000;\">Es bueno saberlo<\/span><\/h2>\n<p><span style=\"color: #000000;\">El producto tambi\u00e9n es adecuado para animales. En la mayor\u00eda de los casos, las setas medicinales resultan extremadamente eficaces para fortalecer el sistema inmunol\u00f3gico, eliminar alergias y enfermedades de la piel, as\u00ed como infecciones virales y bacterianas. Antes de utilizarlas, consulte con su veterinario sobre la conveniencia de tomarlas y la dosis diaria recomendada.<\/span><\/p>\n<h2><span style=\"color: #000000;\">Origen<\/span><\/h2>\n<p><span style=\"color: #000000;\">Eslovenia<\/span><\/p>\n","protected":false},"excerpt":{"rendered":"<p align=\"JUSTIFY\">Complemento alimenticio. La Auricularia auricula est\u00e1 ganando cada vez m\u00e1s importancia como complemento alimenticio, ya que ocupa el cuarto lugar en el mundo en cuanto a volumen de producci\u00f3n. Tambi\u00e9n se la conoce con el nombre de \u00aboreja de elefante\u00bb. Tambi\u00e9n se utiliza en la cocina oriental. Para fines m\u00e9dicos, se recomienda <strong>en caso de diversas inflamaciones, ya que:<\/strong><\/p>\n<p><span style=\"color: #000000;\"> \ud83d\udc9a tiene un efecto antiinflamatorio,<br \/>\n\ud83d\udc9a tiene un efecto beneficioso sobre el sistema cardiovascular,<br \/>\n\ud83d\udc9a reduce el nivel de colesterol en sangre,<br \/>\n\ud83d\udc9a tiene un efecto antioxidante.<\/span><\/p>\n","protected":false},"featured_media":4140,"comment_status":"open","ping_status":"closed","template":"","meta":{"_acf_changed":false},"product_brand":[],"product_cat":[15,198,216],"product_tag":[],"class_list":{"0":"post-6477","1":"product","2":"type-product","3":"status-publish","4":"has-post-thumbnail","6":"product_cat-uncategorized","7":"product_cat-hongos-medicinales","8":"product_cat-todos-los-productos","10":"first","11":"instock","12":"sale","13":"taxable","14":"shipping-taxable","15":"purchasable","16":"product-type-simple"},"acf":[],"_links":{"self":[{"href":"https:\/\/fengchashop.com\/es\/wp-json\/wp\/v2\/product\/6477","targetHints":{"allow":["GET"]}}],"collection":[{"href":"https:\/\/fengchashop.com\/es\/wp-json\/wp\/v2\/product"}],"about":[{"href":"https:\/\/fengchashop.com\/es\/wp-json\/wp\/v2\/types\/product"}],"replies":[{"embeddable":true,"href":"https:\/\/fengchashop.com\/es\/wp-json\/wp\/v2\/comments?post=6477"}],"wp:featuredmedia":[{"embeddable":true,"href":"https:\/\/fengchashop.com\/es\/wp-json\/wp\/v2\/media\/4140"}],"wp:attachment":[{"href":"https:\/\/fengchashop.com\/es\/wp-json\/wp\/v2\/media?parent=6477"}],"wp:term":[{"taxonomy":"product_brand","embeddable":true,"href":"https:\/\/fengchashop.com\/es\/wp-json\/wp\/v2\/product_brand?post=6477"},{"taxonomy":"product_cat","embeddable":true,"href":"https:\/\/fengchashop.com\/es\/wp-json\/wp\/v2\/product_cat?post=6477"},{"taxonomy":"product_tag","embeddable":true,"href":"https:\/\/fengchashop.com\/es\/wp-json\/wp\/v2\/product_tag?post=6477"}],"curies":[{"name":"wp","href":"https:\/\/api.w.org\/{rel}","templated":true}]}}