{"id":6472,"date":"2022-02-11T22:23:40","date_gmt":"2022-02-11T21:23:40","guid":{"rendered":"https:\/\/fengchashop.com\/es\/product\/ginseng-sibirski-v-prahu-bio\/"},"modified":"2026-05-04T23:41:06","modified_gmt":"2026-05-04T21:41:06","slug":"ginseng-siberiano-en-polvo-bio","status":"publish","type":"product","link":"https:\/\/fengchashop.com\/es\/product\/ginseng-siberiano-en-polvo-bio\/","title":{"rendered":"Ginseng siberiano en polvo BIO 250 g"},"content":{"rendered":"<h2><span style=\"color: #000000;\">Ginseng siberiano en polvo de cultivo ecol\u00f3gico<\/span><\/h2>\n<p><span style=\"color: #000000;\">El ginseng siberiano crece principalmente en el norte de China y en Siberia (regi\u00f3n de Rusia). Tambi\u00e9n se encuentra en Corea y Jap\u00f3n. Es una planta perenne que suele crecer en climas m\u00e1s fr\u00edos. Tiene una ra\u00edz le\u00f1osa y crece en zonas de alta monta\u00f1a, as\u00ed como en zonas protegidas del sol en los valles. Tambi\u00e9n se conoce con el nombre de ginseng siberiano o eleuterococo (Eleutherococcus senticosus).<\/span><\/p>\n<p><span style=\"color: #000000;\">La ra\u00edz de ginseng es una de las plantas m\u00e1s importantes en la medicina tradicional china y rusa, donde se utiliza como complemento alimenticio desde hace siglos, si no milenios. En China es bien sabido que el ginseng es bueno para la salud en t\u00e9rminos de <strong>longevidad<\/strong> (retrasa los procesos de envejecimiento),<strong> fortalece el sistema inmunol\u00f3gico, combate la fatiga y el estr\u00e9s, y mejora la potencia sexual<\/strong>.<\/span><\/p>\n<p><span style=\"color: #000000;\">Los compuestos activos del ginseng, llamados eleuter\u00f3sidos (hay hasta 7 diferentes), act\u00faan de forma similar a los esteroides. El ginseng es tambi\u00e9n una <strong>planta adapt\u00f3gena<\/strong>. Son plantas que ayudan al cuerpo a adaptarse a diversos factores negativos del entorno. Tienen la capacidad de regular y controlar el sistema glandular y hormonal, el sistema nervioso y cardiovascular y los m\u00fasculos. Los adapt\u00f3genos son una ayuda eficaz para el cuerpo a la hora de controlar el estr\u00e9s f\u00edsico, qu\u00edmico y biol\u00f3gico.<\/span><\/p>\n<p><span style=\"color: #000000;\">Nuestro ginseng siberiano <strong>proviene de la agricultura ecol\u00f3gica <\/strong>y<strong> no contiene rellenos ni aditivos<\/strong>. Las ra\u00edces del ginseng se secan despu\u00e9s de la cosecha y luego se muelen en polvo mediante un proceso suave.<\/span><\/p>\n<p><span style=\"color: #000000;\">El ginseng siberiano (elevter\u00f3sido) no debe confundirse con el m\u00e1s conocido ginseng asi\u00e1tico (ginsen\u00f3sido), aunque ambos tienen propiedades adapt\u00f3genas similares.<\/span><\/p>\n<h2><span style=\"color: #000000;\">\u00bfPor qu\u00e9 lo utilizamos?<\/span><\/h2>\n<p><span style=\"color: #000000;\">El ginseng nos ayuda a <strong>superar el estr\u00e9s, generar energ\u00eda positiva en el cuerpo y aumentar la vitalidad general.<\/strong> Debido a que contiene polisac\u00e1ridos complejos, a menudo se asocia con el fortalecimiento del sistema inmunol\u00f3gico. Los investigadores han descubierto que el efecto del ginseng se potencia a\u00fan m\u00e1s cuando se combina con otras hierbas tradicionales chinas. El ginseng tambi\u00e9n tiene <strong>efectos antiinflamatorios, combate los radicales libres, mejora la circulaci\u00f3n sangu\u00ednea y reduce la presi\u00f3n arterial<\/strong>. Estimula la hip\u00f3fisis y<strong> aumenta la libido<\/strong>.<\/span><\/p>\n<p><span style=\"color: #000000;\">Es muy popular entre los deportistas, ya que aumenta la resistencia y reduce la fatiga, al tiempo que ayuda a recuperarse m\u00e1s r\u00e1pidamente.<\/span><\/p>\n<p><span style=\"color: #000000;\">Adem\u00e1s, contribuye a mejorar las funciones mentales y cognitivas del cerebro. Por lo tanto, influye en el aprendizaje, la memoria y la cognici\u00f3n. Todo ello significa que puede influir directamente en la ralentizaci\u00f3n del deterioro cerebral. En consecuencia, tambi\u00e9n mejora el sue\u00f1o y aleja la depresi\u00f3n.<\/span><\/p>\n<p><span style=\"color: #000000;\">Tradicionalmente, tambi\u00e9n se utiliza para tratar el resfriado y la gripe, ya que algunos estudios han demostrado que puede ayudar a combatir los virus que causan estas enfermedades.<\/span><\/p>\n<p><span style=\"color: #000000;\">Tambi\u00e9n puede ayudar a aliviar los problemas t\u00edpicos de las mujeres durante la menopausia, al tiempo que ofrece protecci\u00f3n contra la disminuci\u00f3n de la densidad \u00f3sea (osteoporosis), que a menudo empeora durante este periodo debido a los cambios hormonales.<\/span><\/p>\n<h2><span style=\"color: #000000;\">Almacenamiento y advertencias<\/span><\/h2>\n<p><span style=\"color: #000000;\">Almacenar en un lugar seco y fresco. \u00a1Mantener el complemento alimenticio fuera del alcance de los ni\u00f1os!<\/span><\/p>\n<p><span style=\"color: #000000;\">No olvide la importancia de una dieta variada y un estilo de vida saludable, por lo que el complemento alimenticio no sustituye a una dieta equilibrada y variada. No se debe exceder la dosis diaria recomendada. Recomendamos a las mujeres embarazadas, en periodo de lactancia y a las personas que toman medicamentos que consulten siempre a su m\u00e9dico antes de usar este producto.<\/span><\/p>\n<h2><span style=\"color: #000000;\">Envase<\/span><\/h2>\n<p><span style=\"color: #000000;\">Bolsa herm\u00e9tica con cierre, donde el producto conserva toda su frescura y aroma. El envase protege de la luz y el aire, ya que est\u00e1 compuesto por varias capas de protecci\u00f3n que conservan las propiedades del contenido.<\/span><\/p>\n<p><span style=\"color: #000000;\">El envase es muy pr\u00e1ctico y se puede reciclar.<\/span><\/p>\n<h2><span style=\"color: #000000;\">Origen<\/span><\/h2>\n<p><span style=\"color: #000000;\">China. Contamos con proveedores muy fiables que nos env\u00edan un an\u00e1lisis qu\u00edmico detallado del alimento para cada lote. En m\u00e1s de diez a\u00f1os, no hemos tenido ninguna devoluci\u00f3n ni ning\u00fan otro problema con este art\u00edculo, ni tampoco con otros art\u00edculos del mismo proveedor. El art\u00edculo cuenta con un certificado 100 % ecol\u00f3gico.<\/span><\/p>\n","protected":false},"excerpt":{"rendered":"<p align=\"JUSTIFY\">La ra\u00edz de ginseng es una de las plantas m\u00e1s importantes en la medicina tradicional china y rusa, donde se utiliza como complemento alimenticio desde hace siglos, si no milenios. En China es bien sabido que el ginseng es bueno para nuestra salud en el sentido de que:<\/p>\n<p align=\"JUSTIFY\">\ud83d\udc9a prolonga la vida (retrasa los procesos de envejecimiento),<br \/>\n\ud83d\udc9a refuerza el sistema inmunol\u00f3gico,<br \/>\n\ud83d\udc9a combate la fatiga,<br \/>\n\ud83d\udc9a combate el estr\u00e9s,<br \/>\n\ud83d\udc9a mejora la potencia sexual.<\/p>\n","protected":false},"featured_media":4174,"comment_status":"open","ping_status":"closed","template":"","meta":{"_acf_changed":false},"product_brand":[],"product_cat":[15,195,216],"product_tag":[],"class_list":{"0":"post-6472","1":"product","2":"type-product","3":"status-publish","4":"has-post-thumbnail","6":"product_cat-uncategorized","7":"product_cat-superalimentos","8":"product_cat-todos-los-productos","10":"first","11":"instock","12":"sale","13":"taxable","14":"shipping-taxable","15":"purchasable","16":"product-type-simple"},"acf":[],"_links":{"self":[{"href":"https:\/\/fengchashop.com\/es\/wp-json\/wp\/v2\/product\/6472","targetHints":{"allow":["GET"]}}],"collection":[{"href":"https:\/\/fengchashop.com\/es\/wp-json\/wp\/v2\/product"}],"about":[{"href":"https:\/\/fengchashop.com\/es\/wp-json\/wp\/v2\/types\/product"}],"replies":[{"embeddable":true,"href":"https:\/\/fengchashop.com\/es\/wp-json\/wp\/v2\/comments?post=6472"}],"wp:featuredmedia":[{"embeddable":true,"href":"https:\/\/fengchashop.com\/es\/wp-json\/wp\/v2\/media\/4174"}],"wp:attachment":[{"href":"https:\/\/fengchashop.com\/es\/wp-json\/wp\/v2\/media?parent=6472"}],"wp:term":[{"taxonomy":"product_brand","embeddable":true,"href":"https:\/\/fengchashop.com\/es\/wp-json\/wp\/v2\/product_brand?post=6472"},{"taxonomy":"product_cat","embeddable":true,"href":"https:\/\/fengchashop.com\/es\/wp-json\/wp\/v2\/product_cat?post=6472"},{"taxonomy":"product_tag","embeddable":true,"href":"https:\/\/fengchashop.com\/es\/wp-json\/wp\/v2\/product_tag?post=6472"}],"curies":[{"name":"wp","href":"https:\/\/api.w.org\/{rel}","templated":true}]}}