{"id":6470,"date":"2022-02-11T21:07:41","date_gmt":"2022-02-11T20:07:41","guid":{"rendered":"https:\/\/fengchashop.com\/es\/product\/psilium-v-prahu-bio\/"},"modified":"2026-05-04T09:55:12","modified_gmt":"2026-05-04T07:55:12","slug":"psyllium-psilium-99-puro-bio","status":"publish","type":"product","link":"https:\/\/fengchashop.com\/es\/product\/psyllium-psilium-99-puro-bio\/","title":{"rendered":"Psyllium (Psilium) 99 % puro BIO 250 g"},"content":{"rendered":"<h2><span style=\"color: #000000;\">Psyllium o psyllium indio en polvo BIO 99 % puro<\/span><\/h2>\n<p>El psyllium (psyllium) o psyllium indio es la c\u00e1scara de la semilla de una planta llamada plantago. El psyllium se utiliza como complemento alimenticio para tratar problemas digestivos, especialmente intestinales. Su alt\u00edsimo contenido en fibra <strong>ayuda a combatir el estre\u00f1imiento, elimina la hinchaz\u00f3n y proporciona sensaci\u00f3n de saciedad<\/strong>. Su pureza del 99 % significa que el producto est\u00e1 muy purificado y, por lo tanto, es m\u00e1s voluminoso. En resumen, se trata de una <strong>versi\u00f3n premium del psyllium indio<\/strong>.<\/p>\n<p>Todo el mundo puede confirmar que la salud y el bienestar general dependen en gran medida del funcionamiento y la salud de nuestro intestino. Sin embargo, solo nos damos cuenta de la importancia de un intestino sano como \u00f3rgano clave de nuestro cuerpo cuando aparecen problemas de estre\u00f1imiento, diarrea, hinchaz\u00f3n u otros problemas de salud m\u00e1s graves.<\/p>\n<p>El consumo regular de fibra es fundamental, ya que facilita el vaciado intestinal. El psyllium indio desempe\u00f1a un papel importante en este sentido, ya que las c\u00e1scaras de las semillas se hinchan r\u00e1pidamente al entrar en contacto con el agua y forman un gel que estimula la contracci\u00f3n del intestino, lo que permite una evacuaci\u00f3n regular y m\u00e1s f\u00e1cil de las heces. De este modo, nuestro intestino se limpia de forma natural y no se producen atascos de heces, que pueden provocar diversas inflamaciones o la proliferaci\u00f3n de bacterias nocivas que afectan negativamente a nuestro bienestar y nuestra salud.<\/p>\n<p>Nuestra versi\u00f3n de psyllium es la elecci\u00f3n perfecta para usted, ya que:<\/p>\n<p><span style=\"color: #000000;\">\ud83d\udc9a est\u00e1 purificada en un <strong>99 %<\/strong>,<\/span><\/p>\n<p><span style=\"color: #000000;\"> \ud83d\udc9a es <strong>m\u00e1s f\u00e1cil de digerir<\/strong>,<\/span><\/p>\n<p><span style=\"color: #000000;\"> \ud83d\udc9a de la mejor calidad o<strong> calidad premium<\/strong>,<\/span><\/p>\n<p><span style=\"color: #000000;\"> \ud83d\udc9a <strong>certificada como ecol\u00f3gica<\/strong>.<\/span><\/p>\n<h2><span style=\"color: #000000;\">\u00bf<\/span>C\u00f3mo act\u00faa el psyllium indio y para qu\u00e9 problemas es \u00fatil?<\/h2>\n<p>Dadas sus propiedades realmente excepcionales, recomendamos su consumo a todas aquellas personas que se preocupan por su salud y su bienestar general, y en especial se recomienda su consumo:<\/p>\n<p><span style=\"color: #000000;\"> \ud83d\udc9a Todas aquellas personas que sufren de <strong>estre\u00f1imiento y hinchaz\u00f3n<\/strong> frecuentes y recurrentes.<\/span><\/p>\n<p><span style=\"color: #000000;\"> \ud83d\udc9a Para mejorar el bienestar general y prevenir la fatiga.<\/span><\/p>\n<p><span style=\"color: #000000;\"> \ud83d\udc9a Como <strong>ayuda para adelgazar<\/strong>, ya que nos da sensaci\u00f3n de saciedad y, adem\u00e1s, act\u00faa muy bien sobre nuestro metabolismo y lo estimula de forma natural.<\/span><\/p>\n<p><span style=\"color: #000000;\"> \ud83d\udc9a Para todos aquellos que desean un laxante natural sin efectos secundarios indeseables, como hinchaz\u00f3n y distensi\u00f3n abdominal.<\/span><\/p>\n<p><span style=\"color: #000000;\"> \ud83d\udc9a Bajo supervisi\u00f3n m\u00e9dica, tambi\u00e9n en casos de <strong>colesterol alto<\/strong>, para aliviar problemas relacionados con la diabetes, hemorroides, intestino irritable, enfermedad de Crohn, etc.<\/span><\/p>\n<p>\ud83d\udc9a Adem\u00e1s, nuestro producto tambi\u00e9n es apto para vegetarianos y veganos. No contiene gluten y se puede utilizar en general para hornear y cocinar.<\/p>\n<h2><span style=\"color: #000000;\">\u00bf<\/span><span style=\"color: #000000;\">A qui\u00e9n se recomienda su consumo?<\/span><\/h2>\n<p>Recomendamos el psyllium a todas las personas que sufren estre\u00f1imiento frecuente u otros tipos de trastornos digestivos, incluso aquellos relacionados con problemas de salud. Por otro lado, el psyllium tambi\u00e9n ayuda en casos de diarrea y diarrea, ya que ralentiza el paso de las heces a trav\u00e9s del intestino grueso.<\/p>\n<p>El psyllium tambi\u00e9n se recomienda a todas aquellas personas que desean perder algunos kilos o mantener un peso corporal saludable, ya que su consumo proporciona una sensaci\u00f3n de saciedad. Adem\u00e1s, ayuda a mantener una microflora intestinal saludable, ya que act\u00faa como prebi\u00f3tico.<\/p>\n<p>La fibra diet\u00e9tica pertenece a los hidratos de carbono que el cuerpo no puede digerir. Por lo tanto, casi no tiene valor cal\u00f3rico. Sin embargo, la fibra diet\u00e9tica facilita el tr\u00e1nsito de las heces a trav\u00e9s del intestino y previene el estre\u00f1imiento. Por eso, incluir psyllium en la dieta habitual puede ser beneficioso para todo el mundo.<\/p>\n<h2><span style=\"color: #000000;\">Envase<\/span><\/h2>\n<p>Bolsa herm\u00e9tica con cierre, donde el producto conserva toda su frescura y aroma. El envase protege de la luz y el aire, ya que est\u00e1 compuesto por varias capas de protecci\u00f3n que conservan las propiedades del contenido.<\/p>\n<p>El envase es muy pr\u00e1ctico y se puede reciclar.<\/p>\n<h2>Almacenamiento y advertencias<\/h2>\n<p>Almacenar en un lugar seco y fresco. Mantener fuera del alcance de los ni\u00f1os.<\/p>\n<p>No olvide la importancia de una dieta variada y un estilo de vida saludable, por lo que los complementos alimenticios no sustituyen una dieta equilibrada y variada. No se debe exceder la dosis diaria recomendada. Recomendamos a las mujeres embarazadas y en periodo de lactancia que consulten siempre a su m\u00e9dico antes de utilizar este producto.<\/p>\n<h2><span style=\"color: #000000;\">Origen<\/span><\/h2>\n<p><span style=\"color: #000000;\">India<\/span><\/p>\n","protected":false},"excerpt":{"rendered":"<p align=\"JUSTIFY\">El psyllium (psyllium) o llant\u00e9n menor es la c\u00e1scara de la semilla de una planta llamada plantago. El psyllium se utiliza como complemento alimenticio en caso de <strong>problemas digestivos<\/strong>, que se manifiestan principalmente en el <strong>intestino<\/strong>. Debido a sus propiedades realmente excepcionales, se recomienda su consumo a todas aquellas personas que se preocupan por su salud y <strong>su bienestar general.<\/strong><\/p>\n<p align=\"JUSTIFY\">\ud83d\udc9a Ayuda en casos de estre\u00f1imiento.<br \/>\n\ud83d\udc9a Elimina la hinchaz\u00f3n.<br \/>\n\ud83d\udc9a da sensaci\u00f3n de saciedad,<br \/>\n\ud83d\udc9a ayuda a adelgazar.<\/p>\n","protected":false},"featured_media":4298,"comment_status":"open","ping_status":"closed","template":"","meta":{"_acf_changed":false},"product_brand":[],"product_cat":[15,194,195,216],"product_tag":[],"class_list":{"0":"post-6470","1":"product","2":"type-product","3":"status-publish","4":"has-post-thumbnail","6":"product_cat-uncategorized","7":"product_cat-ayurveda","8":"product_cat-superalimentos","9":"product_cat-todos-los-productos","11":"first","12":"instock","13":"sale","14":"taxable","15":"shipping-taxable","16":"purchasable","17":"product-type-simple"},"acf":[],"_links":{"self":[{"href":"https:\/\/fengchashop.com\/es\/wp-json\/wp\/v2\/product\/6470","targetHints":{"allow":["GET"]}}],"collection":[{"href":"https:\/\/fengchashop.com\/es\/wp-json\/wp\/v2\/product"}],"about":[{"href":"https:\/\/fengchashop.com\/es\/wp-json\/wp\/v2\/types\/product"}],"replies":[{"embeddable":true,"href":"https:\/\/fengchashop.com\/es\/wp-json\/wp\/v2\/comments?post=6470"}],"wp:featuredmedia":[{"embeddable":true,"href":"https:\/\/fengchashop.com\/es\/wp-json\/wp\/v2\/media\/4298"}],"wp:attachment":[{"href":"https:\/\/fengchashop.com\/es\/wp-json\/wp\/v2\/media?parent=6470"}],"wp:term":[{"taxonomy":"product_brand","embeddable":true,"href":"https:\/\/fengchashop.com\/es\/wp-json\/wp\/v2\/product_brand?post=6470"},{"taxonomy":"product_cat","embeddable":true,"href":"https:\/\/fengchashop.com\/es\/wp-json\/wp\/v2\/product_cat?post=6470"},{"taxonomy":"product_tag","embeddable":true,"href":"https:\/\/fengchashop.com\/es\/wp-json\/wp\/v2\/product_tag?post=6470"}],"curies":[{"name":"wp","href":"https:\/\/api.w.org\/{rel}","templated":true}]}}