{"id":6468,"date":"2022-02-11T20:47:17","date_gmt":"2022-02-11T19:47:17","guid":{"rendered":"https:\/\/fengchashop.com\/es\/product\/ashwagandha-v-tabletah-bio\/"},"modified":"2026-04-30T12:03:40","modified_gmt":"2026-04-30T10:03:40","slug":"ashwagandha-en-comprimidos-bio","status":"publish","type":"product","link":"https:\/\/fengchashop.com\/es\/product\/ashwagandha-en-comprimidos-bio\/","title":{"rendered":"Ashwagandha en comprimidos BIO 125 g"},"content":{"rendered":"<h2><span style=\"color: #000000;\">Ashwagandha (ashwagandha) en comprimidos BIO<\/span><\/h2>\n<p><span style=\"color: #000000;\">La ashwagandha es una planta esencial en la medicina ayurv\u00e9dica y una de las m\u00e1s apreciadas, tambi\u00e9n conocida como<strong> ginseng indio,<\/strong> ya que en la medicina ayurv\u00e9dica se utiliza de forma similar al ginseng en la medicina tradicional china. Se utiliza con fines medicinales desde hace milenios, ya que<strong> tiene un efecto positivo en el bienestar general y nos llena de energ\u00eda.<\/strong> Se considera un superalimento que nos ayuda a restablecer el equilibrio hormonal. Afecta tanto a las hormonas como a los \u00f3rganos reproductivos. Regenera la gl\u00e1ndula suprarrenal y el tiroides. Al ser adapt\u00f3gena, se utiliza en la medicina ayurv\u00e9dica para tratar el hipertiroidismo y el hipotiroidismo. <\/span><\/p>\n<p><span style=\"color: #000000;\">La ashwagandha en comprimidos procede de cultivos ecol\u00f3gicos. Los comprimidos son muy pr\u00e1cticos de usar y permiten una ingesta diaria uniforme.<\/span><\/p>\n<h2><span style=\"color: #000000;\">\u00bf<\/span><span style=\"color: #000000;\">Cu\u00e1les son las posibles ventajas de tomar ashwagandha?<\/span><\/h2>\n<p><span style=\"color: #000000;\">Se considera que la ashwagandha tiene un efecto positivo en:<\/span><\/p>\n<p><span style=\"color: #000000;\"> \ud83d\udc9a aumentar la <strong>capacidad cerebral<\/strong><\/span><\/p>\n<p><span style=\"color: #000000;\"> \ud83d\udc9a aumentar la <strong>energ\u00eda y la resistencia<\/strong><\/span><\/p>\n<p><span style=\"color: #000000;\"> \ud83d\udc9a <strong>superaci\u00f3n del estr\u00e9s diario y alivio de los s\u00edntomas de ansiedad y depresi\u00f3n,<\/strong><\/span><\/p>\n<p><span style=\"color: #000000;\"> \ud83d\udc9a reducci\u00f3n de la <strong>insomnio,<\/strong><\/span><\/p>\n<p><span style=\"color: #000000;\"> <strong> \ud83d\udc9a alivio del dolor y la inflamaci\u00f3n,<\/strong><\/span><\/p>\n<p><span style=\"color: #000000;\"> <strong> \ud83d\udc9a aumento del deseo sexual y la fertilidad<\/strong> en ambos sexos,<\/span><\/p>\n<p><span style=\"color: #000000;\"> <strong> \ud83d\udc9a ralentizaci\u00f3n de los procesos de envejecimiento<\/strong> del cuerpo.<\/span><\/p>\n<p><span style=\"color: #000000;\">La ra\u00edz de la planta contiene la mayor parte de los principios activos que influyen positivamente en diversos problemas de salud. Se puede consumir o aplicar sobre la piel o la zona afectada. Es muy vers\u00e1til y, por ello, muy apreciada en tres medicinas tradicionales diferentes.<\/span><\/p>\n<p><span style=\"color: #000000;\">Tambi\u00e9n se la conoce como ginseng indio, ya que tiene un efecto muy beneficioso sobre la capacidad cognitiva y las funciones cerebrales (similar al ginseng). Tiene un efecto excelente sobre todo el sistema nervioso, por lo que se utiliza a menudo para combatir el estr\u00e9s, la ansiedad y la depresi\u00f3n. \u00daltimamente ha sido objeto de numerosas investigaciones, entre otras cosas, se la relaciona con el tratamiento de la enfermedad de Alzheimer y la demencia.<\/span><\/p>\n<h2><span style=\"color: #000000;\">\u00bf<\/span><span style=\"color: #000000;\">A qui\u00e9n recomendamos tomar ashwagandha?<\/span><\/h2>\n<p><span style=\"color: #000000;\">Aunque se considera que la ashwagandha tiene un amplio espectro de acci\u00f3n, se recomienda su consumo principalmente a aquellas personas que desean ayudar de forma natural en situaciones como, por ejemplo, el <strong>estr\u00e9s<\/strong>, la falta de deseo sexual o los problemas de la <strong>menopausia<\/strong>. Tambi\u00e9n se puede tomar para <strong>mejorar la memoria, la concentraci\u00f3n y el rendimiento<\/strong>, el cuadro sangu\u00edneo, as\u00ed como para ayudar a perder peso y aumentar la resistencia a los resfriados y otras infecciones. Debido a su extraordinario efecto antiinflamatorio, tambi\u00e9n se utiliza para aliviar los problemas de todo tipo de enfermedades reum\u00e1ticas y articulaciones inflamadas. Al mismo tiempo, tambi\u00e9n ayuda a mantener el tono muscular y la movilidad de las articulaciones. Aunque la ashwagandha es un alimento seguro y se utiliza como alternativa incluso en casos de enfermedades graves, recomendamos consultar con un m\u00e9dico antes de su uso.<\/span><\/p>\n<h2><span style=\"color: #000000;\">Almacenamiento y advertencias<\/span><\/h2>\n<p><span style=\"color: #000000;\">Almacenar en un lugar seco y fresco a una temperatura m\u00e1xima de 25 \u00b0C. Mantener el complemento alimenticio fuera del alcance de los ni\u00f1os.<\/span><\/p>\n<p><span style=\"color: #000000;\">No olvide la importancia de una dieta variada y un estilo de vida saludable, por lo que el complemento alimenticio no sustituye una dieta equilibrada y variada. No se debe exceder la dosis diaria recomendada. Se desaconseja su uso a mujeres embarazadas y lactantes, as\u00ed como a personas con hipertiroidismo.<\/span><\/p>\n<h2><span style=\"color: #000000;\">Envase<\/span><\/h2>\n<p><span style=\"color: #000000;\">Bolsa herm\u00e9tica con cierre, donde el producto conserva toda su frescura y aroma. El envase protege de la luz y el aire, ya que est\u00e1 compuesto por varias capas de protecci\u00f3n que conservan las propiedades del contenido.<\/span><\/p>\n<p><span style=\"color: #000000;\">El envase es muy pr\u00e1ctico y se puede reciclar.<\/span><\/p>\n<h2><span style=\"color: #000000;\">Origen<\/span><\/h2>\n<p><span style=\"color: #000000;\">India<\/span><\/p>\n","protected":false},"excerpt":{"rendered":"<p align=\"JUSTIFY\">La ashwagandha es una planta esencial en la medicina ayurv\u00e9dica y una de las m\u00e1s apreciadas, tambi\u00e9n conocida como <b>ginseng indio<\/b>, ya que se utiliza en la medicina ayurv\u00e9dica de forma similar al ginseng en la medicina tradicional china. Se utiliza con fines medicinales desde hace milenios, ya que <b>influye positivamente en el bienestar general<\/b> y nos llena de energ\u00eda. Se considera que la ashwagandha tiene un efecto positivo en:<\/p>\n<p align=\"JUSTIFY\">\ud83d\udc9a aumento de la capacidad cerebral,<br \/>\n\ud83d\udc9a aumento de la energ\u00eda y la resistencia,<br \/>\n\ud83d\udc9a superaci\u00f3n del estr\u00e9s diario,<br \/>\n\ud83d\udc9a reducci\u00f3n del insomnio.<\/p>\n","protected":false},"featured_media":4138,"comment_status":"open","ping_status":"closed","template":"","meta":{"_acf_changed":false},"product_brand":[],"product_cat":[15,194,195,216],"product_tag":[],"class_list":{"0":"post-6468","1":"product","2":"type-product","3":"status-publish","4":"has-post-thumbnail","6":"product_cat-uncategorized","7":"product_cat-ayurveda","8":"product_cat-superalimentos","9":"product_cat-todos-los-productos","11":"first","12":"instock","13":"sale","14":"taxable","15":"shipping-taxable","16":"purchasable","17":"product-type-simple"},"acf":[],"_links":{"self":[{"href":"https:\/\/fengchashop.com\/es\/wp-json\/wp\/v2\/product\/6468","targetHints":{"allow":["GET"]}}],"collection":[{"href":"https:\/\/fengchashop.com\/es\/wp-json\/wp\/v2\/product"}],"about":[{"href":"https:\/\/fengchashop.com\/es\/wp-json\/wp\/v2\/types\/product"}],"replies":[{"embeddable":true,"href":"https:\/\/fengchashop.com\/es\/wp-json\/wp\/v2\/comments?post=6468"}],"wp:featuredmedia":[{"embeddable":true,"href":"https:\/\/fengchashop.com\/es\/wp-json\/wp\/v2\/media\/4138"}],"wp:attachment":[{"href":"https:\/\/fengchashop.com\/es\/wp-json\/wp\/v2\/media?parent=6468"}],"wp:term":[{"taxonomy":"product_brand","embeddable":true,"href":"https:\/\/fengchashop.com\/es\/wp-json\/wp\/v2\/product_brand?post=6468"},{"taxonomy":"product_cat","embeddable":true,"href":"https:\/\/fengchashop.com\/es\/wp-json\/wp\/v2\/product_cat?post=6468"},{"taxonomy":"product_tag","embeddable":true,"href":"https:\/\/fengchashop.com\/es\/wp-json\/wp\/v2\/product_tag?post=6468"}],"curies":[{"name":"wp","href":"https:\/\/api.w.org\/{rel}","templated":true}]}}