{"id":6467,"date":"2022-02-11T20:38:55","date_gmt":"2022-02-11T19:38:55","guid":{"rendered":"https:\/\/fengchashop.com\/es\/product\/maca-mix-v-prahu-bio\/"},"modified":"2026-05-04T21:01:36","modified_gmt":"2026-05-04T19:01:36","slug":"maca-mix-en-polvo-bio","status":"publish","type":"product","link":"https:\/\/fengchashop.com\/es\/product\/maca-mix-en-polvo-bio\/","title":{"rendered":"Maca mix en polvo BIO 250 g"},"content":{"rendered":"<h2><span style=\"color: #000000;\">Maca mix en polvo BIO<\/span><\/h2>\n<p><span style=\"color: #000000;\">La maca es una planta de ra\u00edz que crece en las alturas andinas de Per\u00fa, expuesta a <strong>condiciones clim\u00e1ticas extremas<\/strong> y grandes diferencias de temperatura entre el d\u00eda y la noche. La parte medicinal de la maca es el tub\u00e9rculo, que contiene gran cantidad de<strong> vitaminas, minerales y amino\u00e1cidos.<\/strong> Debido a su contenido en vitaminas importantes, como la B1, la B12, la C y la E, as\u00ed como en \u00e1cidos grasos, minerales y amino\u00e1cidos, la maca es uno de los superalimentos naturales m\u00e1s eficaces, apreciados y recomendados, con una tradici\u00f3n milenaria. Entre los minerales destacan el potasio, el selenio, el zinc, el cobre, el magnesio, el sodio, el hierro y el manganeso. La maca tambi\u00e9n contiene fitoesteroles y alkamidas, compuestos que fortalecen y apoyan el sistema hormonal. Son precisamente las hormonas las que regulan numerosos procesos en nuestro organismo.<\/span><\/p>\n<p><span style=\"color: #000000;\">Tradicionalmente, la maca se utiliza en la alimentaci\u00f3n y la medicina popular de la zona donde se cultiva, ya que tiene un efecto muy beneficioso sobre el cuerpo y la mente humanos. Tradicionalmente se utiliza para fortalecer la fuerza f\u00edsica, combatir el agotamiento y aumentar la libido y la fertilidad.<\/span><\/p>\n<p><span style=\"color: #000000;\">Existen varios tipos de maca. Las m\u00e1s populares son la amarilla, la roja y la negra. La maca amarilla com\u00fan se utiliza para el consumo diario y prolongado. La maca roja y la negra se consideran variedades sagradas y se utilizan para tratar problemas terap\u00e9uticos cr\u00f3nicos.<\/span><\/p>\n<p><span style=\"color: #000000;\"><strong>La maca amarilla<\/strong> es <strong>neutra<\/strong>.<\/span><\/p>\n<p><span style=\"color: #000000;\"><strong>La roja<\/strong> se considera <strong>energ\u00eda femenina interna.<\/strong><\/span><\/p>\n<p><span style=\"color: #000000;\"><strong>La negra<\/strong> se considera la <strong>energ\u00eda masculina externa.<\/strong><\/span><\/p>\n<p><span style=\"color: #000000;\">Los chamanes locales prestan especial atenci\u00f3n al tipo y la proporci\u00f3n de maca que debe consumir una persona con determinados problemas. Por eso hemos preparado una mezcla especialmente equilibrada. Con un espectro tan amplio de tipos de maca utilizados, se consigue una acci\u00f3n acelerada sobre diversos problemas y estados (de salud) de nuestro organismo.<\/span><\/p>\n<p><span style=\"color: #000000;\">La maca tambi\u00e9n se considera una planta adapt\u00f3gena. Las plantas adapt\u00f3genas adaptan sus principios activos a las necesidades del organismo. Fortalecen los sistemas org\u00e1nicos y restablecen el equilibrio.<\/span><\/p>\n<h2><span style=\"color: #000000;\">\u00bfCu\u00e1ndo tomar nuestra mezcla de maca?<\/span><\/h2>\n<p><span style=\"color: #000000;\">Esta mezcla especial de maca cubre todo el espectro de ingredientes beneficiosos que contienen las diferentes variedades de la ra\u00edz peruana de los Andes. La lista de beneficios para nuestro organismo es larga, pero destacaremos solo algunos de los m\u00e1s importantes. Por lo tanto, nos puede ayudar a:<\/span><\/p>\n<p><span style=\"color: #000000;\"> \ud83d\udc9a aumentar la <strong>potencia sexual en mujeres y hombres,<\/strong><\/span><\/p>\n<p><span style=\"color: #000000;\"> \ud83d\udc9a superar los problemas de <strong>altibajos emocionales y cansancio,<\/strong> que a menudo son consecuencia de desequilibrios en el organismo,<\/span><\/p>\n<p><span style=\"color: #000000;\"> \ud83d\udc9a <\/span><span style=\"color: #000000;\">en casos de <strong>infertilidad<\/strong> y problemas frecuentes<strong> durante la menopausia,<\/strong><\/span><\/p>\n<p><span style=\"color: #000000;\"> \ud83d\udc9a lograr una mayor <strong>eficiencia mental<\/strong><\/span><\/p>\n<p><span style=\"color: #000000;\"> \ud83d\udc9a garantizar una mayor <strong>fuerza f\u00edsica y resistencia<\/strong><\/span><\/p>\n<p><span style=\"color: #000000;\"> \ud83d\udc9a mejorar la <strong>memoria y la concentraci\u00f3n<\/strong><\/span><\/p>\n<p><span style=\"color: #000000;\"> \ud83d\udc9a <strong>controlar el estr\u00e9s<\/strong>, ya que act\u00faa como un antidepresivo natural<\/span><\/p>\n<p><span style=\"color: #000000;\"> \ud83d\udc9a <strong>mejorar el sue\u00f1o.<\/strong><\/span><\/p>\n<h2><span style=\"color: #000000;\">\u00bfPor qu\u00e9 pedir precisamente nuestra maca?<\/span><\/h2>\n<p><span style=\"color: #000000;\">Nuestra maca en polvo procede de <strong>cultivos ecol\u00f3gicos controlados<\/strong>, se seca cuidadosamente y se muele hasta obtener un polvo similar a la harina. Adem\u00e1s, nos aseguramos regularmente de que nuestras existencias de maca <strong>est\u00e9n siempre frescas<\/strong>. Por eso preparamos cuidadosamente la mezcla nosotros mismos, ya que solo as\u00ed podemos garantizar su impecabilidad con ingredientes frescos en la proporci\u00f3n adecuada.<\/span><\/p>\n<p><span style=\"color: #000000;\">Las tres maces de la mezcla son <strong>100 % ecol\u00f3gicas<\/strong>. Provienen de <strong>granjas ecol\u00f3gicas<\/strong> de las altas monta\u00f1as de Per\u00fa. Para cada serie, contamos con an\u00e1lisis y un certificado v\u00e1lido.<\/span><\/p>\n<h2><span style=\"color: #000000;\">Envasado<\/span><\/h2>\n<p><span style=\"color: #000000;\">Bolsa herm\u00e9tica con cierre, donde el producto conserva toda su frescura y aroma. El envase protege del aire y la luz, ya que est\u00e1 compuesto por varias capas protectoras que conservan las propiedades del contenido.<\/span><\/p>\n<p>El envase es muy pr\u00e1ctico y se puede reciclar.<\/p>\n<h2><span style=\"color: #000000;\">Almacenamiento y advertencias<\/span><\/h2>\n<p><span style=\"color: #000000;\">Almacenar en un lugar seco y fresco. \u00a1Mantener el complemento alimenticio fuera del alcance de los ni\u00f1os!<\/span><\/p>\n<p><span style=\"color: #000000;\">No olvide la importancia de una dieta variada y un estilo de vida saludable, por lo que el complemento alimenticio no sustituye a una dieta equilibrada y variada. No se debe exceder la dosis diaria recomendada. Recomendamos a las mujeres embarazadas y en periodo de lactancia que consulten siempre a su m\u00e9dico antes de utilizar este producto.<\/span><\/p>\n<h2><span style=\"color: #000000;\">Origen del producto<\/span><\/h2>\n<p><span style=\"color: #000000;\">Eslovenia<\/span><\/p>\n<h2><span style=\"color: #000000;\">Origen de los ingredientes principales<\/span><\/h2>\n<p><span style=\"color: #000000;\">Per\u00fa<\/span><\/p>\n","protected":false},"excerpt":{"rendered":"<p align=\"JUSTIFY\">La maca es una planta de ra\u00edz que crece en las alturas andinas de Per\u00fa, expuesta a <strong>condiciones clim\u00e1ticas extremas<\/strong> y grandes diferencias de temperatura entre el d\u00eda y la noche. La parte medicinal de la maca es el tub\u00e9rculo, que contiene gran cantidad de <strong>vitaminas, minerales y amino\u00e1cidos<\/strong>. Debido a su contenido en vitaminas importantes, como la B1, la B12, la C y la E, as\u00ed como en \u00e1cidos grasos, minerales y amino\u00e1cidos, la maca es uno de los superalimentos naturales m\u00e1s eficaces, deseados y recomendados, con una tradici\u00f3n milenaria. Por lo tanto, nos puede ayudar a:<\/p>\n<p align=\"JUSTIFY\">\ud83d\udc9a aumentar la potencia sexual en mujeres y hombres,<br \/>\n\ud83d\udc9a superar los problemas de cambios de humor y fatiga,<br \/>\n\ud83d\udc9a tratar la infertilidad y los problemas frecuentes de la menopausia,<br \/>\n\ud83d\udc9a lograr una mayor eficiencia mental,<br \/>\n\ud83d\udc9a garantizar una mayor fuerza f\u00edsica y resistencia,<br \/>\n\ud83d\udc9a mejorar la memoria y la concentraci\u00f3n,<br \/>\n\ud83d\udc9a controlar el estr\u00e9s, ya que act\u00faa como antidepresivo natural,<br \/>\n\ud83d\udc9a mejorar el sue\u00f1o.<\/p>\n","protected":false},"featured_media":4105,"comment_status":"open","ping_status":"closed","template":"","meta":{"_acf_changed":false},"product_brand":[],"product_cat":[15,195,216],"product_tag":[],"class_list":{"0":"post-6467","1":"product","2":"type-product","3":"status-publish","4":"has-post-thumbnail","6":"product_cat-uncategorized","7":"product_cat-superalimentos","8":"product_cat-todos-los-productos","10":"first","11":"outofstock","12":"sale","13":"taxable","14":"shipping-taxable","15":"purchasable","16":"product-type-simple"},"acf":[],"_links":{"self":[{"href":"https:\/\/fengchashop.com\/es\/wp-json\/wp\/v2\/product\/6467","targetHints":{"allow":["GET"]}}],"collection":[{"href":"https:\/\/fengchashop.com\/es\/wp-json\/wp\/v2\/product"}],"about":[{"href":"https:\/\/fengchashop.com\/es\/wp-json\/wp\/v2\/types\/product"}],"replies":[{"embeddable":true,"href":"https:\/\/fengchashop.com\/es\/wp-json\/wp\/v2\/comments?post=6467"}],"wp:featuredmedia":[{"embeddable":true,"href":"https:\/\/fengchashop.com\/es\/wp-json\/wp\/v2\/media\/4105"}],"wp:attachment":[{"href":"https:\/\/fengchashop.com\/es\/wp-json\/wp\/v2\/media?parent=6467"}],"wp:term":[{"taxonomy":"product_brand","embeddable":true,"href":"https:\/\/fengchashop.com\/es\/wp-json\/wp\/v2\/product_brand?post=6467"},{"taxonomy":"product_cat","embeddable":true,"href":"https:\/\/fengchashop.com\/es\/wp-json\/wp\/v2\/product_cat?post=6467"},{"taxonomy":"product_tag","embeddable":true,"href":"https:\/\/fengchashop.com\/es\/wp-json\/wp\/v2\/product_tag?post=6467"}],"curies":[{"name":"wp","href":"https:\/\/api.w.org\/{rel}","templated":true}]}}