{"id":6466,"date":"2022-02-11T21:27:43","date_gmt":"2022-02-11T20:27:43","guid":{"rendered":"https:\/\/fengchashop.com\/es\/product\/triphala-v-prahu-bio-250-g\/"},"modified":"2026-05-04T22:23:46","modified_gmt":"2026-05-04T20:23:46","slug":"triphala-en-polvo-bio","status":"publish","type":"product","link":"https:\/\/fengchashop.com\/es\/product\/triphala-en-polvo-bio\/","title":{"rendered":"Triphala en polvo BIO 250 g"},"content":{"rendered":"<h2><span style=\"color: #000000;\">Triphala en polvo BIO<\/span><\/h2>\n<p>Triphala es una antigua y <strong>muy reconocida mezcla de hierbas ayurv\u00e9dicas<\/strong> de tres tipos de superfrutas de la zona de la India: <strong>amalaki<\/strong> (Emblica officinalis), tambi\u00e9n conocida como amla, <strong>bibhitaki<\/strong> (Terminalia belerica) y<strong> haritaki<\/strong> (Terminalia chebula). Se utiliza desde hace m\u00e1s de 5000 a\u00f1os, principalmente para limpiar y desintoxicar todo el organismo.<\/p>\n<p>Triphala tiene un efecto beneficioso sobre nuestra digesti\u00f3n, la acelera y estimula la absorci\u00f3n de vitaminas y minerales.<\/p>\n<p>Es importante que utilicemos productos elaborados a partir de hierbas de cultivo ecol\u00f3gico, ya que solo as\u00ed podemos controlar y evitar la ingesta de pesticidas y metales pesados en el organismo.<\/p>\n<p>Nuestro triphala es de primera calidad y de cultivo ecol\u00f3gico.<\/p>\n<p><strong><span style=\"color: #000000;\">El triphala es la piedra angular de la medicina ayurv\u00e9dica, ya que tiene muchas propiedades curativas eficaces:<\/span><\/strong><\/p>\n<p>\ud83d\udc9a tiene un efecto beneficioso sobre el sistema digestivo y act\u00faa como un laxante suave que no da\u00f1a la mucosa intestinal,<br \/>\n\ud83d\udc9a ayuda a combatir la hinchaz\u00f3n y los gases, as\u00ed como las hemorroides,<br \/>\n\ud83d\udc9a elimina el exceso de grasa del organismo,<br \/>\n\ud83d\udc9a tiene un efecto positivo sobre el funcionamiento del h\u00edgado,<br \/>\n\ud83d\udc9a Con su alto contenido en vitamina C, fortalece eficazmente el sistema inmunol\u00f3gico.<br \/>\n\ud83d\udc9a Cuida y fortalece las v\u00edas respiratorias y alivia la tos con mucosidad.<br \/>\n\ud83d\udc9a Tiene propiedades antiinflamatorias y antivirales demostradas.<br \/>\n\ud83d\udc9a Rejuvenece el cuerpo.<\/p>\n<h2><span style=\"color: #000000;\">\u00bf<\/span><span style=\"color: #000000;\">Sab\u00edas que Triphala cuida de los \u00f3rganos internos como una madre cuida de sus hijos?<\/span><\/h2>\n<p>La mezcla Triphala es extremadamente nutritiva, suave y tiene un alto contenido en vitamina C, bioflavonoides y \u00e1cido linoleico omega 3. Es una fuente excepcional de <strong>prote\u00ednas, aceites y antioxidantes<\/strong>, lo que, junto con su capacidad antimicrobiana y antibacteriana, influye en el aumento de la resistencia del organismo. Tiene un buen efecto laxante, por lo que es adecuada para <strong>limpiar el intestino<\/strong> y las paredes intestinales y ayuda a reducir el exceso de peso corporal. <strong>Desintoxica eficazmente<\/strong>.<\/p>\n<p>Los tres tipos de frutos de la f\u00f3rmula combinada de triphala nutren, fortalecen, limpian, regeneran en profundidad y rejuvenecen todo el organismo. El consumo regular de Triphala reduce la fatiga y el agotamiento del organismo y es un excelente apoyo para el sistema inmunol\u00f3gico. Seg\u00fan la tradici\u00f3n ayurv\u00e9dica, triphala es una de las pocas mezclas que tiene un efecto beneficioso sobre los tres doshas. Por lo tanto, es seguro para el consumo de cualquier persona.<\/p>\n<h2><span style=\"color: #000000;\">Almacenamiento y advertencias<\/span><\/h2>\n<p>Almacenar en un lugar seco y fresco. \u00a1Mantenga el complemento alimenticio fuera del alcance de los ni\u00f1os!<\/p>\n<p>No olvide la importancia de una dieta variada y un estilo de vida saludable, por lo que el complemento alimenticio no sustituye una dieta equilibrada y variada. No se debe exceder la dosis diaria recomendada. Recomendamos a las mujeres embarazadas, en periodo de lactancia y a las personas que toman medicamentos que consulten siempre a su m\u00e9dico antes de usar este producto. No es adecuado para ni\u00f1os.<\/p>\n<h2><span style=\"color: #000000;\">Envase<\/span><\/h2>\n<p><span style=\"color: #000000;\">Bolsa herm\u00e9tica con cierre, donde el producto conserva toda su frescura y aroma. El envase protege de la luz y el aire, ya que est\u00e1 compuesto por varias capas de protecci\u00f3n que conservan las propiedades del contenido.<\/span><\/p>\n<p><span style=\"color: #000000;\">El envase es muy pr\u00e1ctico y se puede reciclar.<\/span><\/p>\n<h2><span style=\"color: #000000;\">Origen<\/span><\/h2>\n<p><span style=\"color: #000000;\">India<\/span><\/p>\n","protected":false},"excerpt":{"rendered":"<p align=\"JUSTIFY\">Triphala es una antigua y muy <strong>reconocida mezcla de hierbas ayurv\u00e9dicas<\/strong> compuesta por tres tipos de superfrutas de la zona de la India: amalaki, bibhitaki y haritaki. <strong>Desde hace m\u00e1s de 5000 a\u00f1os<\/strong> se utiliza principalmente para limpiar y desintoxicar todo el organismo. Triphala es la piedra angular de la medicina ayurv\u00e9dica, ya que tiene muchas <strong>propiedades curativas<\/strong> eficaces:<\/p>\n<p align=\"JUSTIFY\">\ud83d\udc9a tiene un efecto beneficioso sobre el sistema digestivo,<br \/>\n\ud83d\udc9a elimina el exceso de grasa del organismo,<br \/>\n\ud83d\udc9a con su alto contenido en vitamina C, fortalece eficazmente el sistema inmunol\u00f3gico,<br \/>\n\ud83d\udc9a cuida y fortalece las v\u00edas respiratorias,<br \/>\n\ud83d\udc9a rejuvenece el cuerpo.<\/p>\n","protected":false},"featured_media":4308,"comment_status":"open","ping_status":"closed","template":"","meta":{"_acf_changed":false},"product_brand":[],"product_cat":[15,194,195,216],"product_tag":[],"class_list":{"0":"post-6466","1":"product","2":"type-product","3":"status-publish","4":"has-post-thumbnail","6":"product_cat-uncategorized","7":"product_cat-ayurveda","8":"product_cat-superalimentos","9":"product_cat-todos-los-productos","11":"first","12":"instock","13":"sale","14":"taxable","15":"shipping-taxable","16":"purchasable","17":"product-type-simple"},"acf":[],"_links":{"self":[{"href":"https:\/\/fengchashop.com\/es\/wp-json\/wp\/v2\/product\/6466","targetHints":{"allow":["GET"]}}],"collection":[{"href":"https:\/\/fengchashop.com\/es\/wp-json\/wp\/v2\/product"}],"about":[{"href":"https:\/\/fengchashop.com\/es\/wp-json\/wp\/v2\/types\/product"}],"replies":[{"embeddable":true,"href":"https:\/\/fengchashop.com\/es\/wp-json\/wp\/v2\/comments?post=6466"}],"wp:featuredmedia":[{"embeddable":true,"href":"https:\/\/fengchashop.com\/es\/wp-json\/wp\/v2\/media\/4308"}],"wp:attachment":[{"href":"https:\/\/fengchashop.com\/es\/wp-json\/wp\/v2\/media?parent=6466"}],"wp:term":[{"taxonomy":"product_brand","embeddable":true,"href":"https:\/\/fengchashop.com\/es\/wp-json\/wp\/v2\/product_brand?post=6466"},{"taxonomy":"product_cat","embeddable":true,"href":"https:\/\/fengchashop.com\/es\/wp-json\/wp\/v2\/product_cat?post=6466"},{"taxonomy":"product_tag","embeddable":true,"href":"https:\/\/fengchashop.com\/es\/wp-json\/wp\/v2\/product_tag?post=6466"}],"curies":[{"name":"wp","href":"https:\/\/api.w.org\/{rel}","templated":true}]}}