{"id":6465,"date":"2022-02-11T21:16:38","date_gmt":"2022-02-11T20:16:38","guid":{"rendered":"https:\/\/fengchashop.com\/es\/product\/astragalus-v-prahu-bio\/"},"modified":"2026-05-05T13:29:35","modified_gmt":"2026-05-05T11:29:35","slug":"astragalus-en-polvo-bio","status":"publish","type":"product","link":"https:\/\/fengchashop.com\/es\/product\/astragalus-en-polvo-bio\/","title":{"rendered":"Astragalus en polvo BIO 250 g"},"content":{"rendered":"<h2><span style=\"color: #000000\">Astragalus en polvo BIO<\/span><\/h2>\n<p><span style=\"color: #000000\">El astragalus es un arbusto que pertenece a la familia de las leguminosas. De ah\u00ed viene su nombre, \u00abgrahovec\u00bb. En China, se utiliza en la medicina tradicional china como <strong>hierba medicinal desde hace m\u00e1s de 2000 a\u00f1os.<\/strong> La parte \u00fatil de la planta no son los frutos ni las hojas, sino las ra\u00edces secadas al sol. Las de mayor calidad son las m\u00e1s gruesas, firmes y dulces.<\/p>\n<p>Tradicionalmente, en China se utiliza como \u00abtonificante para todo el cuerpo\u00bb, ya que es un antioxidante muy potente que combate eficazmente todo tipo de inflamaciones. Tambi\u00e9n se considera una hierba adapt\u00f3gena, lo que significa que fortalece todos los sistemas org\u00e1nicos del cuerpo. Sin embargo, no interfiere en su funcionamiento natural. Tampoco estimula los \u00f3rganos en exceso y devuelve al cuerpo el equilibrio perdido. Por eso, a veces tambi\u00e9n se le denomina \u00ab<strong>gran protector<\/strong>\u00bb.<\/span><\/p>\n<p><span style=\"color: #000000\">El astr\u00e1galo es una fuente muy rica en antioxidantes especiales y selenio. Debido a su adaptogenicidad, se utiliza para tratar diversas afecciones del organismo que indican un desequilibrio. El astr\u00e1galo tambi\u00e9n se utiliza a menudo como planta antienvejecimiento. Adem\u00e1s, se cree que regula la presi\u00f3n arterial, el az\u00facar en sangre y el colesterol. Fortalece el sistema inmunol\u00f3gico y act\u00faa como preventivo contra la gripe y el resfriado.<\/p>\n<p><span style=\"color: #000000\">Tambi\u00e9n se puede utilizar para tratar la sudoraci\u00f3n nocturna y los s\u00edntomas de la menopausia, fortalece la energ\u00eda celular, fortalece los m\u00fasculos y mejora el metabolismo, favorece la gl\u00e1ndula suprarrenal y diluye la sangre<\/strong> (de forma similar a la aspirina). En algunos casos, tras consultar con el m\u00e9dico, tambi\u00e9n pueden utilizarlo como apoyo los pacientes con c\u00e1ncer en tratamiento con radioterapia y quimioterapia, as\u00ed como los enfermos de sida.<\/p>\n<p><span style=\"color: #000000\">El polvo tambi\u00e9n se puede utilizar para preparar t\u00e9, hirviendo una cucharada de astragalus en polvo junto con una taza de agua. Se deja reposar durante 1 hora y luego se cuela. Se bebe a sorbos a lo largo del d\u00eda.<\/p>\n<p><span style=\"color: #000000\">El astr\u00e1galo se utiliza a menudo en combinaci\u00f3n con otras hierbas y plantas, como la ang\u00e9lica, la c\u00farcuma, el ginseng, la ashwagandha y la espirulina.<\/p>\n<p><span style=\"color: #000000\">El astr\u00e1galo se asocia con la prolongaci\u00f3n de la vida porque:<\/span><\/p>\n<p><span style=\"color: #000000\"> <strong> &#128154; es adapt\u00f3geno<\/strong>: ayuda a combatir todo tipo de estr\u00e9s (f\u00edsico, emocional y mental).<\/span><\/p>\n<p><span style=\"color: #000000\"> &#128154; es un <strong>excelente antioxidante<\/strong> que ayuda a recuperarse m\u00e1s r\u00e1pidamente y fortalece el esp\u00edritu y el cuerpo,<\/span><\/p>\n<p><span style=\"color: #000000\"> <strong> &#128154; protege el cuerpo<\/strong> contra el desarrollo de nuevas enfermedades,<\/span><\/p>\n<p><span style=\"color: #000000\"> &#128154; estimula el apetito y <strong>ayuda a combatir el cansancio,<\/strong><\/span><\/p>\n<p><span style=\"color: #000000\"> <strong> &#128154; estimula el funcionamiento del sistema inmunol\u00f3gico<\/strong> y, con ello, el funcionamiento de los gl\u00f3bulos blancos,<\/span><\/p>\n<p><span style=\"color: #000000\"> <strong>&#128154; refuerza las funciones de los \u00f3rganos vitales<\/strong>, como los ri\u00f1ones y el coraz\u00f3n,<\/span><\/p>\n<p><span style=\"color: #000000\"> &#128154; <strong>fortalece la musculatura<\/strong> y favorece la posici\u00f3n natural de los \u00f3rganos, lo que nos mantiene erguidos,<\/span><\/p>\n<p><span style=\"color: #000000\"> &#128154; <strong>acelera la eliminaci\u00f3n de toxinas<\/strong> a trav\u00e9s de la piel, act\u00faa como un diur\u00e9tico suave y controla la sudoraci\u00f3n excesiva.<\/p>\n<p>&nbsp;<\/p>\n<h2><span style=\"color: #000000\">Almacenamiento y advertencias<\/span><\/h2>\n<p><span style=\"color: #000000\">Almacenar en un lugar seco y fresco. \u00a1Mantener el complemento alimenticio fuera del alcance de los ni\u00f1os!<\/span><\/p>\n<p><span style=\"color: #000000\">No olvide la importancia de una dieta variada y un estilo de vida saludable, por lo que el complemento alimenticio no sustituye a una dieta equilibrada y variada. No se debe exceder la dosis diaria recomendada. Recomendamos a las mujeres embarazadas y en periodo de lactancia que consulten siempre a su m\u00e9dico antes de utilizar este producto.<\/p>\n<h2><span style=\"color: #000000\">Envase<\/span><\/h2>\n<p><span style=\"color: #000000\">Bolsa herm\u00e9tica con cierre, donde el producto conserva toda su frescura y aroma. El envase protege de la luz y el aire, ya que est\u00e1 compuesto por varias capas de protecci\u00f3n que conservan las propiedades del contenido.<\/p>\n<p><span style=\"color: #000000\">El envase es muy pr\u00e1ctico y se puede reciclar.<\/p>\n<h2><span style=\"color: #000000\">Origen<\/span><\/h2>\n<p><span style=\"color: #000000\">China. Contamos con proveedores muy fiables que nos env\u00edan un an\u00e1lisis qu\u00edmico detallado del alimento para cada lote. En m\u00e1s de diez a\u00f1os, no hemos tenido ninguna devoluci\u00f3n ni ning\u00fan otro problema con este art\u00edculo, ni tampoco con otros art\u00edculos del mismo proveedor. El art\u00edculo cuenta con un certificado 100 % ecol\u00f3gico.<\/p>\n","protected":false},"excerpt":{"rendered":"<p align=\"JUSTIFY\">Tradicionalmente se utiliza en China como <strong>tonificante para todo el cuerpo<\/strong>, ya que es un antioxidante extremadamente potente que combate con \u00e9xito todo tipo de inflamaciones. Tambi\u00e9n se considera una hierba adapt\u00f3gena, lo que significa que fortalece todos los sistemas org\u00e1nicos del cuerpo. Sin embargo, no interfiere en su funcionamiento natural. Tampoco estimula los \u00f3rganos en exceso y devuelve al cuerpo el equilibrio perdido. Por eso, a veces tambi\u00e9n se le denomina \u00ab<strong>gran protector<\/strong>\u00bb, ya que:<\/p>\n<p align=\"JUSTIFY\">&#128154; es adapt\u00f3geno: ayuda a superar todo tipo de estr\u00e9s (f\u00edsico, emocional y ps\u00edquico),<br \/>\n&#128154; es un excelente antioxidante y ayuda a recuperarse m\u00e1s r\u00e1pidamente, adem\u00e1s de fortalecer el esp\u00edritu y el cuerpo,<br \/>\n&#128154; protege al cuerpo contra el desarrollo de nuevas enfermedades,<br \/>\n&#128154; estimula el apetito y ayuda a superar el cansancio,<br \/>\n&#128154; estimula el funcionamiento del sistema inmunol\u00f3gico y, con ello, el funcionamiento de los gl\u00f3bulos blancos.<\/p>\n","protected":false},"featured_media":4139,"comment_status":"open","ping_status":"closed","template":"","meta":{"_acf_changed":false},"product_brand":[],"product_cat":[15,195,216],"product_tag":[],"class_list":{"0":"post-6465","1":"product","2":"type-product","3":"status-publish","4":"has-post-thumbnail","6":"product_cat-uncategorized","7":"product_cat-superalimentos","8":"product_cat-todos-los-productos","10":"first","11":"instock","12":"sale","13":"taxable","14":"shipping-taxable","15":"purchasable","16":"product-type-simple"},"acf":[],"_links":{"self":[{"href":"https:\/\/fengchashop.com\/es\/wp-json\/wp\/v2\/product\/6465","targetHints":{"allow":["GET"]}}],"collection":[{"href":"https:\/\/fengchashop.com\/es\/wp-json\/wp\/v2\/product"}],"about":[{"href":"https:\/\/fengchashop.com\/es\/wp-json\/wp\/v2\/types\/product"}],"replies":[{"embeddable":true,"href":"https:\/\/fengchashop.com\/es\/wp-json\/wp\/v2\/comments?post=6465"}],"wp:featuredmedia":[{"embeddable":true,"href":"https:\/\/fengchashop.com\/es\/wp-json\/wp\/v2\/media\/4139"}],"wp:attachment":[{"href":"https:\/\/fengchashop.com\/es\/wp-json\/wp\/v2\/media?parent=6465"}],"wp:term":[{"taxonomy":"product_brand","embeddable":true,"href":"https:\/\/fengchashop.com\/es\/wp-json\/wp\/v2\/product_brand?post=6465"},{"taxonomy":"product_cat","embeddable":true,"href":"https:\/\/fengchashop.com\/es\/wp-json\/wp\/v2\/product_cat?post=6465"},{"taxonomy":"product_tag","embeddable":true,"href":"https:\/\/fengchashop.com\/es\/wp-json\/wp\/v2\/product_tag?post=6465"}],"curies":[{"name":"wp","href":"https:\/\/api.w.org\/{rel}","templated":true}]}}