{"id":6464,"date":"2022-02-11T20:48:52","date_gmt":"2022-02-11T19:48:52","guid":{"rendered":"https:\/\/fengchashop.com\/es\/product\/dulse-bio\/"},"modified":"2026-05-05T09:53:07","modified_gmt":"2026-05-05T07:53:07","slug":"dulse-bio","status":"publish","type":"product","link":"https:\/\/fengchashop.com\/es\/product\/dulse-bio\/","title":{"rendered":"Dulse BIO 125 g"},"content":{"rendered":"<h2><span style=\"color: #000000;\">Alga marina roja dulse<\/span><\/h2>\n<p><span style=\"color: #000000;\">La dulse es un alga marina roja, tambi\u00e9n conocida como palmaria roja o Palmaria palmata, y pertenece al grupo de las algas rojas o Rodophycophyta. Entre las algas rojas tambi\u00e9n se encuentran el alga nori y el agar agar, m\u00e1s conocido por nosotros, que tambi\u00e9n se utiliza como gelificante en la alimentaci\u00f3n vegetariana y vegana.<\/span><\/p>\n<p><span style=\"color: #000000;\">Las algas son una importante <strong>fuente de yodo<\/strong>, que nuestro cuerpo no almacena y, por lo tanto, debemos consumir regularmente (por eso la mayor\u00eda de las sales de cocina est\u00e1n yodadas), ya que es responsable del correcto funcionamiento de la tiroides, y su deficiencia puede provocar diversas enfermedades (desde aumento de peso y fatiga hasta bocio e hipotiroidismo). En caso de problemas de tiroides y otros, siempre es recomendable consultar con el m\u00e9dico antes de tomarlas.<\/span><\/p>\n<p><span style=\"color: #000000;\">Tradicionalmente, el alga roja dulse tambi\u00e9n se utiliza para aliviar los problemas de <strong>hipertensi\u00f3n arterial<\/strong>; debido a su contenido en vitamina A, tambi\u00e9n se utiliza como apoyo en la prevenci\u00f3n de problemas de <strong>visi\u00f3n deficiente<\/strong>; refuerza el funcionamiento del <strong>sistema inmunitario<\/strong> y, gracias a su contenido en minerales como el calcio y el magnesio, alivia los problemas de masa \u00f3sea y tejido conectivo deficientes. Adem\u00e1s, debido a su contenido en fucoidan, un carbohidrato complejo, tambi\u00e9n tiene propiedades antiinflamatorias y antivirales.<\/span><\/p>\n<p><span style=\"color: #000000;\">Las algas se secan y se muelen en copos. Son de excelente calidad, ya que cuentan con certificaci\u00f3n ecol\u00f3gica y se recolectan a mano en el oc\u00e9ano Atl\u00e1ntico.<\/span><\/p>\n<h2><span style=\"color: #000000;\">\u00bfQu\u00e9 contienen las algas dulse?<\/span><\/h2>\n<p><span style=\"color: #000000;\"> Vitaminas A, C y E, importantes antioxidantes que nos protegen de los radicales libres, y vitaminas del grupo B (B1, B2, B3, B6, B12), que han demostrado aliviar el estr\u00e9s y mantener el nivel de energ\u00eda.<br \/>\n<span style=\"color: #000000;\"> Minerales y microelementos: calcio, hierro, manganeso, zinc, magnesio, yodo, potasio y f\u00f3sforo.<br \/>\n<span style=\"color: #000000;\"> Tambi\u00e9n contiene muchas prote\u00ednas, amino\u00e1cidos y fibra, as\u00ed como \u00e1cidos grasos insaturados omega-3, que desempe\u00f1an un papel importante en la salud de nuestro coraz\u00f3n y vasos sangu\u00edneos e inhiben la inflamaci\u00f3n.<br \/>\n<span style=\"color: #000000;\">De hecho, contiene casi todos los <strong>elementos traza necesarios<\/strong> para el cuerpo humano.<\/span><\/span><\/span><\/span><\/p>\n<h2><span style=\"color: #000000;\">Envasado<\/span><\/h2>\n<p><span style=\"color: #000000;\">Bolsa herm\u00e9tica con cremallera, donde el producto conserva toda su frescura y aroma. El envase protege de la luz y el aire, ya que est\u00e1 compuesto por varias capas de protecci\u00f3n que conservan las propiedades del contenido.<\/span><\/p>\n<p><span style=\"color: #000000;\">El envase es muy pr\u00e1ctico y se puede reciclar.<\/span><\/p>\n<h2><span style=\"color: #000000;\">Origen<\/span><\/h2>\n<p><span style=\"color: #000000;\">Irlanda<\/span><\/p>\n","protected":false},"excerpt":{"rendered":"<p align=\"JUSTIFY\">El dulse es un alga marina roja, tambi\u00e9n conocida como <strong>palmaria roja<\/strong> o <strong>Palmaria palmata<\/strong>, y pertenece al grupo de las algas rojas o <em>Rodophycophyta<\/em>. Tradicionalmente, el alga roja dulse se utiliza para:<\/p>\n<p align=\"JUSTIFY\">\ud83d\udc9a aliviar los problemas de hipertensi\u00f3n arterial,<br \/>\n\ud83d\udc9a gracias a su contenido en vitamina A, tambi\u00e9n como apoyo en la prevenci\u00f3n de problemas de visi\u00f3n,<br \/>\n\ud83d\udc9a reforzar el funcionamiento del sistema inmunitario,<br \/>\n\ud83d\udc9a aliviar los problemas de masa \u00f3sea y tejido conectivo deficientes, gracias a su contenido en minerales como el calcio y el magnesio.<\/p>\n","protected":false},"featured_media":4358,"comment_status":"open","ping_status":"closed","template":"","meta":{"_acf_changed":false},"product_brand":[],"product_cat":[15,222,218,195,216],"product_tag":[],"class_list":{"0":"post-6464","1":"product","2":"type-product","3":"status-publish","4":"has-post-thumbnail","6":"product_cat-uncategorized","7":"product_cat-algas-y-hierbas","8":"product_cat-mas-vendidos","9":"product_cat-superalimentos","10":"product_cat-todos-los-productos","12":"first","13":"instock","14":"sale","15":"taxable","16":"shipping-taxable","17":"purchasable","18":"product-type-simple"},"acf":[],"_links":{"self":[{"href":"https:\/\/fengchashop.com\/es\/wp-json\/wp\/v2\/product\/6464","targetHints":{"allow":["GET"]}}],"collection":[{"href":"https:\/\/fengchashop.com\/es\/wp-json\/wp\/v2\/product"}],"about":[{"href":"https:\/\/fengchashop.com\/es\/wp-json\/wp\/v2\/types\/product"}],"replies":[{"embeddable":true,"href":"https:\/\/fengchashop.com\/es\/wp-json\/wp\/v2\/comments?post=6464"}],"wp:featuredmedia":[{"embeddable":true,"href":"https:\/\/fengchashop.com\/es\/wp-json\/wp\/v2\/media\/4358"}],"wp:attachment":[{"href":"https:\/\/fengchashop.com\/es\/wp-json\/wp\/v2\/media?parent=6464"}],"wp:term":[{"taxonomy":"product_brand","embeddable":true,"href":"https:\/\/fengchashop.com\/es\/wp-json\/wp\/v2\/product_brand?post=6464"},{"taxonomy":"product_cat","embeddable":true,"href":"https:\/\/fengchashop.com\/es\/wp-json\/wp\/v2\/product_cat?post=6464"},{"taxonomy":"product_tag","embeddable":true,"href":"https:\/\/fengchashop.com\/es\/wp-json\/wp\/v2\/product_tag?post=6464"}],"curies":[{"name":"wp","href":"https:\/\/api.w.org\/{rel}","templated":true}]}}