{"id":6462,"date":"2022-02-11T20:17:52","date_gmt":"2022-02-11T19:17:52","guid":{"rendered":"https:\/\/fengchashop.com\/es\/product\/kalcijev-karbonat\/"},"modified":"2026-05-04T20:45:16","modified_gmt":"2026-05-04T18:45:16","slug":"calcio","status":"publish","type":"product","link":"https:\/\/fengchashop.com\/es\/product\/calcio\/","title":{"rendered":"Calcio 500 g"},"content":{"rendered":"<h2><span style=\"color: #000000;\">Carbonato de calcio <\/span><\/h2>\n<p><span style=\"color: #000000;\">El calcio es uno de los minerales m\u00e1s abundantes en nuestro organismo. Aunque lo asociamos principalmente con los huesos, el calcio tiene muchas otras funciones importantes en el cuerpo humano. El calcio es, de hecho, un componente del tejido \u00f3seo y, por lo tanto, influye en la dureza de los huesos. Por eso, el consumo de alimentos ricos en calcio es muy importante durante la infancia, cuando estamos creciendo. Tambi\u00e9n es muy importante durante la menopausia, cuando el desequilibrio hormonal que esta conlleva afecta a menudo a la absorci\u00f3n de calcio y, por lo tanto, reduce la densidad \u00f3sea. Lo mismo ocurre con la mayor\u00eda de los adultos mayores. El calcio tambi\u00e9n desempe\u00f1a un papel importante durante el embarazo.<\/span><\/p>\n<p>El calcio influye en el funcionamiento normal de las c\u00e9lulas y los m\u00fasculos, en la salud de los huesos y los dientes, en el funcionamiento normal de las enzimas digestivas, en la coagulaci\u00f3n adecuada de la sangre, en la transmisi\u00f3n de los impulsos nerviosos y en la liberaci\u00f3n normal de energ\u00eda durante el metabolismo. Su carencia a menudo conduce a la osteoporosis, otra enfermedad muy com\u00fan en la actualidad.<\/p>\n<p><span style=\"color: #000000;\">El calcio en forma de carbonato c\u00e1lcico es una forma natural y segura de calcio como complemento alimenticio. Se absorbe bien y tiene un aprovechamiento \u00f3ptimo.<\/span><\/p>\n<p><span style=\"color: #000000;\">Es necesario introducir calcio en el organismo de forma planificada, especialmente durante los periodos de crecimiento acelerado y el embarazo. La forma m\u00e1s f\u00e1cil de conseguirlo es mediante una dieta variada y equilibrada, naturalmente rica en calcio. \u00a0Recomendamos el consumo de suplementos alimenticios sobre todo a aquellas personas que consumen muy raramente o nada de leche y productos l\u00e1cteos. Tambi\u00e9n recomendamos su consumo a mujeres en la menopausia y a todas las personas mayores.<\/span><\/p>\n<p><span style=\"color: #000000;\">El complemento alimenticio es de gran calidad y alcanza una concentraci\u00f3n de calcio elemental de hasta el 40 %.<\/span><\/p>\n<h2><span style=\"color: #000000;\">\u00bfPor qu\u00e9 elegir carbonato c\u00e1lcico?<\/span><\/h2>\n<p><span style=\"color: #000000;\">Existen varios tipos o formas de complementos alimenticios con calcio. Se denominan sales c\u00e1lcicas. Pueden ser gluconato de calcio, carbonato de calcio, citrato de calcio, etc. Por ejemplo, el citrato de calcio es ideal para quienes tienen problemas de falta de \u00e1cido estomacal o toman inhibidores de la secreci\u00f3n \u00e1cida, ya que no necesita \u00e1cido para una buena y correcta absorci\u00f3n. El carbonato c\u00e1lcico es la forma m\u00e1s com\u00fan de calcio en los complementos alimenticios, ha demostrado ser seguro y garantiza una buena absorci\u00f3n. Se recomienda a las personas mayores que lo tomen inmediatamente despu\u00e9s de las comidas, y a los m\u00e1s j\u00f3venes, una o dos horas antes o despu\u00e9s de las comidas.<\/span><\/p>\n<h2><span style=\"color: #000000;\">\u00bfQu\u00e9 efecto tiene el consumo de calcio en nuestro organismo?<\/span><\/h2>\n<p><span style=\"color: #000000;\">La vitamina D tambi\u00e9n desempe\u00f1a un papel importante en la absorci\u00f3n adecuada y los niveles normales de calcio en la sangre. Las cantidades diarias recomendadas se pueden obtener, especialmente en verano, con la exposici\u00f3n de la piel a los rayos solares. El calcio contribuye a:<\/span><\/p>\n<p><span style=\"color: #000000;\"> \ud83d\udc9a mantener<strong> los dientes y los huesos sanos,<\/strong><\/span><\/p>\n<p><span style=\"color: #000000;\"> \ud83d\udc9a una<strong> coagulaci\u00f3n sangu\u00ednea adecuada,<\/strong><\/span><\/p>\n<p><span style=\"color: #000000;\"> \ud83d\udc9a <strong>la liberaci\u00f3n de energ\u00eda en la metabolizaci\u00f3n,<\/strong><\/span><\/p>\n<p><span style=\"color: #000000;\"> \ud83d\udc9a la <strong>transmisi\u00f3n normal de los impulsos nerviosos y el funcionamiento de los m\u00fasculos y las enzimas digestivas,<\/strong><\/span><\/p>\n<p><span style=\"color: #000000;\"> \ud83d\udc9a <strong>la divisi\u00f3n y especializaci\u00f3n de las c\u00e9lulas.<\/strong><\/span><\/p>\n<h2><span style=\"color: #000000;\">\u00bfCu\u00e1les son las ventajas de nuestro carbonato c\u00e1lcico?<\/span><\/h2>\n<p><span style=\"color: #000000;\">El carbonato c\u00e1lcico en polvo de nuestra marca es de origen natural. Contiene polvo muy puro y una alta concentraci\u00f3n de calcio elemental. Al mismo tiempo, no contiene ning\u00fan aditivo no deseado, como az\u00facar, gluten, soja, etc.<\/span><\/p>\n<h2><span style=\"color: #000000;\">Envase<\/span><\/h2>\n<p><span style=\"color: #000000;\">Bolsa herm\u00e9tica con cierre, donde el producto conserva toda su frescura y aroma. El envase protege del aire y la luz, ya que est\u00e1 compuesto por varias capas protectoras que conservan las propiedades del contenido.<\/span><\/p>\n<p>El envase es muy pr\u00e1ctico y se puede reciclar.<\/p>\n<h2><span style=\"color: #000000;\">Almacenamiento y advertencias<\/span><\/h2>\n<p><span style=\"color: #000000;\">Almacenar en un lugar seco y fresco a una temperatura m\u00e1xima de 25 \u00b0C. Mantener el complemento alimenticio fuera del alcance de los ni\u00f1os.<\/span><\/p>\n<p><span style=\"color: #000000;\">Consulte a su m\u00e9dico si est\u00e1 tomando antibi\u00f3ticos o cualquier otro medicamento al mismo tiempo.<\/span><\/p>\n<p><span style=\"color: #000000;\">No olvide la importancia de una dieta variada y un estilo de vida saludable, por lo que el complemento alimenticio no sustituye una dieta equilibrada y variada. No se debe exceder la cantidad diaria recomendada. Recomendamos a las mujeres embarazadas y en periodo de lactancia que consulten siempre a su m\u00e9dico antes de utilizar este producto. No es adecuado para ni\u00f1os.<\/span><\/p>\n<h2><span style=\"color: #000000;\">Origen<\/span><\/h2>\n<p><span style=\"color: #000000;\">Italia<\/span><\/p>\n","protected":false},"excerpt":{"rendered":"<p align=\"JUSTIFY\">El calcio es uno de los <strong>minerales m\u00e1s abundantes en nuestro organismo<\/strong>. Aunque lo asociamos principalmente con los huesos, el calcio tiene muchas otras funciones importantes en el cuerpo humano. El calcio es, de hecho, un componente del tejido \u00f3seo y, por lo tanto, influye en la dureza de los huesos. El calcio contribuye a:<\/p>\n<p>\ud83d\udc9a mantener los dientes y los huesos sanos,<br \/>\n\ud83d\udc9a la coagulaci\u00f3n adecuada de la sangre,<br \/>\n\ud83d\udc9a la liberaci\u00f3n de energ\u00eda en la metabolizaci\u00f3n,<br \/>\n\ud83d\udc9a la transmisi\u00f3n normal de los impulsos nerviosos y el funcionamiento de los m\u00fasculos y las enzimas digestivas,<br \/>\n\ud83d\udc9a la divisi\u00f3n y especializaci\u00f3n de las c\u00e9lulas.<\/p>\n","protected":false},"featured_media":4160,"comment_status":"open","ping_status":"closed","template":"","meta":{"_acf_changed":false},"product_brand":[],"product_cat":[15,203,216],"product_tag":[],"class_list":{"0":"post-6462","1":"product","2":"type-product","3":"status-publish","4":"has-post-thumbnail","6":"product_cat-uncategorized","7":"product_cat-minerales-y-vitaminas","8":"product_cat-todos-los-productos","10":"first","11":"instock","12":"sale","13":"taxable","14":"shipping-taxable","15":"purchasable","16":"product-type-simple"},"acf":[],"_links":{"self":[{"href":"https:\/\/fengchashop.com\/es\/wp-json\/wp\/v2\/product\/6462","targetHints":{"allow":["GET"]}}],"collection":[{"href":"https:\/\/fengchashop.com\/es\/wp-json\/wp\/v2\/product"}],"about":[{"href":"https:\/\/fengchashop.com\/es\/wp-json\/wp\/v2\/types\/product"}],"replies":[{"embeddable":true,"href":"https:\/\/fengchashop.com\/es\/wp-json\/wp\/v2\/comments?post=6462"}],"wp:featuredmedia":[{"embeddable":true,"href":"https:\/\/fengchashop.com\/es\/wp-json\/wp\/v2\/media\/4160"}],"wp:attachment":[{"href":"https:\/\/fengchashop.com\/es\/wp-json\/wp\/v2\/media?parent=6462"}],"wp:term":[{"taxonomy":"product_brand","embeddable":true,"href":"https:\/\/fengchashop.com\/es\/wp-json\/wp\/v2\/product_brand?post=6462"},{"taxonomy":"product_cat","embeddable":true,"href":"https:\/\/fengchashop.com\/es\/wp-json\/wp\/v2\/product_cat?post=6462"},{"taxonomy":"product_tag","embeddable":true,"href":"https:\/\/fengchashop.com\/es\/wp-json\/wp\/v2\/product_tag?post=6462"}],"curies":[{"name":"wp","href":"https:\/\/api.w.org\/{rel}","templated":true}]}}