{"id":6461,"date":"2022-02-11T18:51:31","date_gmt":"2022-02-11T17:51:31","guid":{"rendered":"https:\/\/fengchashop.com\/es\/product\/elixir-mix-bio\/"},"modified":"2026-05-04T14:16:59","modified_gmt":"2026-05-04T12:16:59","slug":"elixir-mix-bio","status":"publish","type":"product","link":"https:\/\/fengchashop.com\/es\/product\/elixir-mix-bio\/","title":{"rendered":"Elixir mix BIO 125 g"},"content":{"rendered":"<h2><span style=\"color: #000000;\">Elixir mix mezcla de hongos medicinales BIO en polvo<\/span><\/h2>\n<p><span style=\"color: #000000;\">La mezcla de hongos medicinales Elixir mix se utiliza como apoyo para estimular el sistema inmunol\u00f3gico, para un coraz\u00f3n y una circulaci\u00f3n sangu\u00ednea sanos, para aumentar la energ\u00eda corporal, contra el estr\u00e9s, contra las c\u00e9lulas cancerosas y contra el envejecimiento. <strong>Debido a sus importantes y amplios efectos, recomendamos tomar esta mezcla a todas las personas que deseen cumplir las condiciones para una vida larga y saludable. <\/strong> La mezcla ofrece el espectro m\u00e1s amplio de acci\u00f3n equilibrada gracias a los cientos de componentes activos que contiene. Est\u00e1 compuesta por tres tipos de hongos: Ganoderma lucidum, tambi\u00e9n conocido como Reishi (rej\u0161i) o, en espa\u00f1ol, ganoderma lucidum; Cordyceps y Inonotus obliquus, tambi\u00e9n conocido como Chaga (\u010daga) o, en espa\u00f1ol, chaga.<\/span><\/p>\n<p><span style=\"color: #000000;\">La mezcla Elixir mix ofrece el espectro m\u00e1s amplio de acci\u00f3n equilibrada gracias a los cientos de componentes activos diferentes que contiene.<\/span><\/p>\n<p><span style=\"color: #000000;\">Con un espectro tan amplio de tipos de hongos utilizados, se logra su acci\u00f3n de amplio espectro y se acelera la acci\u00f3n preventiva contra el debilitamiento general.<\/span><\/p>\n<p><span style=\"color: #000000;\">El uso del producto es muy sencillo y no requiere ning\u00fan tipo de preparaci\u00f3n o habilidad. Las setas se muelen hasta obtener un polvo fino que no contiene part\u00edculas. El producto est\u00e1 listo para su uso. Simplemente se dosifica directamente del envase a su bebida favorita, se mezcla y se consume.<\/span><\/p>\n<h2><span style=\"color: #000000;\">\u00bfPor qu\u00e9 utilizar nuestra mezcla Elixir mix?<\/span><\/h2>\n<p><span style=\"color: #000000;\">Como su propio nombre indica, la mezcla es un aut\u00e9ntico elixir de salud, juventud y bienestar. Se ha elaborado siguiendo una receta cuidadosamente preparada a partir de las observaciones y conclusiones de los usuarios de la mezcla y de las setas medicinales en general. Para la preparaci\u00f3n de esta mezcla especial tambi\u00e9n se han tenido en cuenta los resultados de numerosas investigaciones nacionales y extranjeras. Y aunque las setas medicinales tienen mecanismos de acci\u00f3n muy complejos que la ciencia a\u00fan no ha logrado explicar, sabemos que tienen un efecto beneficioso sobre nuestro sistema inmunol\u00f3gico, nuestro bienestar y los procesos naturales que tienen lugar cada d\u00eda en nuestro organismo. El sistema inmunol\u00f3gico es responsable de combatir los elementos extra\u00f1os en nuestro cuerpo. Ya sea un simple virus que causa un resfriado o un conjunto de c\u00e9lulas que representan una enfermedad cancerosa. Por eso es tan importante tener un sistema inmunol\u00f3gico sano y fuerte. Igualmente importantes son los <strong>antioxidantes,<\/strong> que nos protegen del estr\u00e9s oxidativo, causante de numerosas enfermedades y del envejecimiento prematuro. La mezcla tambi\u00e9n contiene chaga, que se considera un <strong>adapt\u00f3geno<\/strong>. Las plantas adapt\u00f3genas adaptan sus principios activos a las necesidades del organismo. Nos dan energ\u00eda y reducen el estr\u00e9s.<\/span><\/p>\n<p><span style=\"color: #000000;\">El cultivo de nuestras setas medicinales est\u00e1 estrictamente controlado, sin uso de productos qu\u00edmicos ni pesticidas, y es <strong>100 % ecol\u00f3gico.<\/strong> Todas las setas se cultivan en Eslovenia. <\/span><\/p>\n<h2><span style=\"color: #000000;\">\u00bfA qui\u00e9n va dirigido el Elixir mix y cu\u00e1les son sus efectos?<\/span><\/h2>\n<p><span style=\"color: #000000;\">La mezcla Elixir mix est\u00e1 destinada a todas aquellas personas que desean mejorar su bienestar general mediante una mayor resistencia a las enfermedades, un aumento de la energ\u00eda corporal, una reducci\u00f3n del impacto del estr\u00e9s y la prevenci\u00f3n del envejecimiento prematuro del organismo. Tambi\u00e9n est\u00e1 destinado a quienes desean probar los efectos de las setas medicinales y fortalecer su cuerpo de forma natural. Adem\u00e1s, es un excelente complemento alimenticio natural, ya que las setas tienen un alto valor nutricional: valiosos nutrientes, oligoelementos, vitaminas, macrominerales, fibra y prote\u00ednas. Las setas medicinales tienen una rica historia en la medicina y la curaci\u00f3n chinas, y cada vez m\u00e1s personas vuelven a la naturaleza en busca de salud.<\/span><\/p>\n<p>Nuestra mezcla Elixir mix es un aut\u00e9ntico elixir de salud, bienestar y buena energ\u00eda. Sus efectos positivos en nuestro organismo son los siguientes:<\/p>\n<p><span style=\"color: #000000;\"> <strong> \ud83d\udc9a estimula el sistema inmunol\u00f3gico,<\/strong><\/span><\/p>\n<p><span style=\"color: #000000;\"> \ud83d\udc9a act\u00faa contra las c\u00e9lulas cancerosas, <\/span><\/p>\n<p><span style=\"color: #000000;\"> \ud83d\udc9a favorece<strong> la salud del coraz\u00f3n y los vasos sangu\u00edneos,<\/strong><\/span><\/p>\n<p><span style=\"color: #000000;\"> \ud83d\udc9a regula<strong> la presi\u00f3n arterial,<\/strong><\/span><\/p>\n<p><span style=\"color: #000000;\"> \ud83d\udc9a mejora la<strong> resistencia f\u00edsica,<\/strong><\/span><\/p>\n<p><span style=\"color: #000000;\"> \ud83d\udc9a aumenta la<strong> energ\u00eda corporal,<\/strong><\/span><\/p>\n<p><span style=\"color: #000000;\"> \ud83d\udc9a act\u00faa <strong>contra el estr\u00e9s,<\/strong><\/span><\/p>\n<p><span style=\"color: #000000;\"> \ud83d\udc9a mejora <strong>las capacidades mentales,<\/strong><\/span><\/p>\n<p><span style=\"color: #000000;\"> \ud83d\udc9a act\u00faa sobre el cuerpo combatiendo y previniendo el envejecimiento,<\/span><\/p>\n<p><span style=\"color: #000000;\"> \ud83d\udc9a regula el funcionamiento de los m\u00fasculos y los nervios,<\/span><\/p>\n<p><span style=\"color: #000000;\"> \ud83d\udc9a como<strong> potente antioxidante, elimina los radicales libres.<\/strong><\/span><\/p>\n<h2><span style=\"color: #000000;\">Envase<\/span><\/h2>\n<p><span style=\"color: #000000;\">Bolsa herm\u00e9tica con cremallera, donde el producto conserva toda su frescura y aroma. El envase protege del aire y la luz, ya que est\u00e1 compuesto por varias capas protectoras que conservan las propiedades del contenido.<\/span><\/p>\n<p><span style=\"color: #000000;\">El envase es muy pr\u00e1ctico y reciclable.<\/span><\/p>\n<h2><span style=\"color: #000000;\">Almacenamiento y advertencias<\/span><\/h2>\n<p><span style=\"color: #000000;\">Almacenar en un lugar seco y fresco. \u00a1Mantener el complemento alimenticio fuera del alcance de los ni\u00f1os!<\/span><\/p>\n<p><span style=\"color: #000000;\">No olvide la importancia de una dieta variada y un estilo de vida saludable, por lo que el complemento alimenticio no sustituye una dieta equilibrada y variada. No se debe exceder la cantidad diaria recomendada. Siempre recomendamos a las mujeres embarazadas y lactantes que consulten a su m\u00e9dico antes de usar este producto.<\/span><\/p>\n<h2><span style=\"color: #000000;\">Es bueno saberlo<\/span><\/h2>\n<p><span style=\"color: #000000;\">El producto tambi\u00e9n es adecuado para animales. En la mayor\u00eda de los casos, las setas medicinales resultan extremadamente eficaces para fortalecer el sistema inmunol\u00f3gico, eliminar alergias y enfermedades de la piel, as\u00ed como infecciones virales y bacterianas. La mezcla Elixir mix tambi\u00e9n influye en el bienestar general de los animales. Antes de utilizarlo, consulte con su veterinario sobre la conveniencia de tomarlo y la dosis diaria recomendada.<\/span><\/p>\n<h2><span style=\"color: #000000;\">Origen<\/span><\/h2>\n<p><span style=\"color: #000000;\">Eslovenia<\/span><\/p>\n","protected":false},"excerpt":{"rendered":"<p align=\"JUSTIFY\">Complemento alimenticio. Elixir mix est\u00e1 destinado a todas aquellas personas que desean <strong>mejorar su bienestar general con una mayor resistencia a las enfermedades, m\u00e1s energ\u00eda corporal, una reducci\u00f3n del impacto del estr\u00e9s y la prevenci\u00f3n del envejecimiento prematuro del cuerpo. <\/strong>Tambi\u00e9n est\u00e1 indicado para quienes desean probar los efectos de las setas medicinales y fortalecer su organismo de forma natural. Asimismo, es un excelente <strong>complemento alimenticio natural<\/strong>, ya que las setas tienen un alto valor nutricional: valiosos nutrientes, oligoelementos, vitaminas, macrominerales, fibra y prote\u00ednas.<br \/>\n\ud83d\udc9a Estimula el sistema inmunol\u00f3gico.<br \/>\n\ud83d\udc9a Act\u00faa contra las c\u00e9lulas cancerosas.<br \/>\n\ud83d\udc9a Favorece la salud del coraz\u00f3n y los vasos sangu\u00edneos.<br \/>\n\ud83d\udc9a Mejora la resistencia f\u00edsica.<br \/>\n\ud83d\udc9a Aumenta la energ\u00eda corporal.<br \/>\n\ud83d\udc9a Act\u00faa contra el estr\u00e9s.<\/p>\n","protected":false},"featured_media":4172,"comment_status":"open","ping_status":"closed","template":"","meta":{"_acf_changed":false},"product_brand":[],"product_cat":[15,198,216],"product_tag":[],"class_list":{"0":"post-6461","1":"product","2":"type-product","3":"status-publish","4":"has-post-thumbnail","6":"product_cat-uncategorized","7":"product_cat-hongos-medicinales","8":"product_cat-todos-los-productos","10":"first","11":"instock","12":"taxable","13":"shipping-taxable","14":"purchasable","15":"product-type-simple"},"acf":[],"_links":{"self":[{"href":"https:\/\/fengchashop.com\/es\/wp-json\/wp\/v2\/product\/6461","targetHints":{"allow":["GET"]}}],"collection":[{"href":"https:\/\/fengchashop.com\/es\/wp-json\/wp\/v2\/product"}],"about":[{"href":"https:\/\/fengchashop.com\/es\/wp-json\/wp\/v2\/types\/product"}],"replies":[{"embeddable":true,"href":"https:\/\/fengchashop.com\/es\/wp-json\/wp\/v2\/comments?post=6461"}],"wp:featuredmedia":[{"embeddable":true,"href":"https:\/\/fengchashop.com\/es\/wp-json\/wp\/v2\/media\/4172"}],"wp:attachment":[{"href":"https:\/\/fengchashop.com\/es\/wp-json\/wp\/v2\/media?parent=6461"}],"wp:term":[{"taxonomy":"product_brand","embeddable":true,"href":"https:\/\/fengchashop.com\/es\/wp-json\/wp\/v2\/product_brand?post=6461"},{"taxonomy":"product_cat","embeddable":true,"href":"https:\/\/fengchashop.com\/es\/wp-json\/wp\/v2\/product_cat?post=6461"},{"taxonomy":"product_tag","embeddable":true,"href":"https:\/\/fengchashop.com\/es\/wp-json\/wp\/v2\/product_tag?post=6461"}],"curies":[{"name":"wp","href":"https:\/\/api.w.org\/{rel}","templated":true}]}}