{"id":6460,"date":"2022-02-11T18:46:11","date_gmt":"2022-02-11T17:46:11","guid":{"rendered":"https:\/\/fengchashop.com\/es\/product\/cardio-mix-bio\/"},"modified":"2026-05-04T14:12:03","modified_gmt":"2026-05-04T12:12:03","slug":"cardio-mix-bio","status":"publish","type":"product","link":"https:\/\/fengchashop.com\/es\/product\/cardio-mix-bio\/","title":{"rendered":"Cardio mix BIO 125 g"},"content":{"rendered":"<h2><span style=\"color: #000000;\">Cardio mix mezcla de hongos medicinales BIO en polvo<\/span><\/h2>\n<p><span style=\"color: #000000;\">La mezcla de hongos medicinales Cardio mix se utiliza como apoyo <strong>para mejorar el funcionamiento del coraz\u00f3n, la circulaci\u00f3n sangu\u00ednea y los valores m\u00e1s importantes en la sangre.<\/strong><\/span><\/p>\n<p><span style=\"color: #000000;\">En realidad, se trata de una mezcla que contribuye o garantiza todas las condiciones necesarias para el <strong>funcionamiento ideal del sistema card\u00edaco.<\/strong><\/span><\/p>\n<p><span style=\"color: #000000;\">La mezcla est\u00e1 compuesta por cinco tipos de hongos: Lentinula edodes, Auricularia auricula, Ganoderma lucidum, Grifola frondosa y Cordyceps. Seg\u00fan la mayor\u00eda de los estudios realizados en todo el mundo, estas setas se encuentran entre las m\u00e1s eficaces para prevenir el desarrollo de enfermedades cardiovasculares.<\/span><\/p>\n<p><span style=\"color: #000000;\">La mezcla Cardio mix ofrece el espectro m\u00e1s amplio de acci\u00f3n equilibrada gracias a los cientos de principios activos farmacol\u00f3gicos diferentes que contiene.<\/span><\/p>\n<p><span style=\"color: #000000;\">Con un espectro tan amplio de tipos de hongos utilizados, se logra su acci\u00f3n de amplio espectro y se acelera la acci\u00f3n preventiva contra el debilitamiento general.<\/span><\/p>\n<p><span style=\"color: #000000;\">El uso del producto es muy sencillo y no requiere ning\u00fan tipo de preparaci\u00f3n o habilidad. Las setas se muelen hasta obtener un polvo fino que no contiene part\u00edculas. El producto est\u00e1 listo para su uso. Simplemente se dosifica directamente del envase a su bebida favorita, se mezcla y se consume.<\/span><\/p>\n<h2><span style=\"color: #000000;\">\u00bfPor qu\u00e9 utilizar nuestra mezcla Cardio mix y cu\u00e1les son sus efectos?<\/span><\/h2>\n<p><span style=\"color: #000000;\">La receta de la mezcla se ha elaborado cuidadosamente a partir de las observaciones y conclusiones de los usuarios habituales de la mezcla y de las setas medicinales en general. Para preparar esta mezcla especial se han tenido en cuenta los resultados de numerosas investigaciones nacionales y extranjeras. Y aunque las setas medicinales tienen mecanismos de acci\u00f3n muy complejos que la ciencia a\u00fan no ha logrado explicar, sabemos que tienen un efecto beneficioso sobre nuestro sistema inmunol\u00f3gico y nuestro organismo. <\/span><\/p>\n<p><span style=\"color: #000000;\">Los efectos positivos de la mezcla Cardio mix, que tiene un efecto curativo en nuestro organismo, son los siguientes:<\/span><\/p>\n<p><span style=\"color: #000000;\"> \ud83d\udc9a regula<strong> la presi\u00f3n arterial,<\/strong><\/span><\/p>\n<p><span style=\"color: #000000;\"> \ud83d\udc9a reduce<strong> el nivel de colesterol,<\/strong><\/span><\/p>\n<p><span style=\"color: #000000;\"> \ud83d\udc9a reduce<strong> el nivel de triglic\u00e9ridos,<\/strong><\/span><\/p>\n<p><span style=\"color: #000000;\"> \ud83d\udc9a <strong>previene la enfermedad coronaria,<\/strong><\/span><\/p>\n<p><span style=\"color: #000000;\"> \ud83d\udc9a reduce el az\u00facar en sangre y previene el desarrollo de la<strong> diabetes,<\/strong><\/span><\/p>\n<p><span style=\"color: #000000;\"> \ud83d\udc9a previene la formaci\u00f3n de<strong> co\u00e1gulos sangu\u00edneos,<\/strong><\/span><\/p>\n<p><span style=\"color: #000000;\"> \ud83d\udc9a acelera <strong>el flujo sangu\u00edneo,<\/strong><\/span><\/p>\n<p><span style=\"color: #000000;\"> \ud83d\udc9a estimula el <strong>sistema inmunol\u00f3gico<\/strong><\/span><\/p>\n<p><span style=\"color: #000000;\"> \ud83d\udc9a act\u00faa contra las c\u00e9lulas cancerosas, <\/span><\/p>\n<p><span style=\"color: #000000;\"> \ud83d\udc9a act\u00faa <strong>contra el estr\u00e9s<\/strong><\/span><\/p>\n<p><span style=\"color: #000000;\"> \ud83d\udc9a mejora <strong>las capacidades mentales,<\/strong><\/span><\/p>\n<p><span style=\"color: #000000;\"> \ud83d\udc9a como<strong> potente antioxidante, elimina los radicales libres<\/strong> y<strong> previene el estr\u00e9s oxidativo.<\/strong><\/span><\/p>\n<p><span style=\"color: #000000;\">El cultivo de nuestras setas medicinales est\u00e1 estrictamente controlado, sin uso de productos qu\u00edmicos ni pesticidas, y es <strong>100 % ecol\u00f3gico<\/strong>. Todas las setas se cultivan en Eslovenia.<\/span><\/p>\n<h2><span style=\"color: #000000;\">\u00bfA qui\u00e9n va dirigido el Cardio mix?<\/span><\/h2>\n<p><span style=\"color: #000000;\">Cardio mix est\u00e1 destinado a todas aquellas personas que desean ofrecer a su sistema card\u00edaco las mejores condiciones<strong> para una salud cardiovascular a largo plazo.<\/strong> Como consecuencia, tambi\u00e9n influye en nuestra salud y bienestar general, as\u00ed como en la fortaleza de nuestro sistema inmunol\u00f3gico. Tambi\u00e9n est\u00e1 destinado a quienes desean probar los efectos de las setas medicinales y fortalecer su cuerpo de forma natural. Adem\u00e1s, es un excelente complemento alimenticio natural, ya que las setas tienen un alto valor nutricional: valiosos nutrientes, oligoelementos, vitaminas, macrominerales, fibra y prote\u00ednas. Las setas medicinales tienen una rica historia en la medicina y la curaci\u00f3n chinas, y cada vez m\u00e1s personas vuelven a la naturaleza en busca de salud.<\/span><\/p>\n<p><span style=\"color: #000000;\">Debido a la presencia de la seta Auricularia auricula en la mezcla, no se recomienda su consumo durante el embarazo y la lactancia.<\/span><\/p>\n<h2><span style=\"color: #000000;\">Envasado<\/span><\/h2>\n<p><span style=\"color: #000000;\">Bolsa herm\u00e9tica con cremallera, donde el producto conserva toda su frescura y aroma. El envase protege de la luz y el aire, ya que est\u00e1 compuesto por varias capas de protecci\u00f3n que conservan las propiedades del contenido.<\/span><\/p>\n<p><span style=\"color: #000000;\">El envase es muy pr\u00e1ctico y se puede reciclar.<\/span><\/p>\n<h2><span style=\"color: #000000;\">Almacenamiento y advertencias<\/span><\/h2>\n<p><span style=\"color: #000000;\">Almacenar en un lugar seco y fresco. \u00a1Mantener el complemento alimenticio fuera del alcance de los ni\u00f1os!<\/span><\/p>\n<p><span style=\"color: #000000;\">No olvide la importancia de una dieta variada y un estilo de vida saludable, por lo que el complemento alimenticio no sustituye a una dieta equilibrada y variada. No se debe exceder la dosis diaria recomendada. <\/span><\/p>\n<h2><span style=\"color: #000000;\">Es bueno saberlo<\/span><\/h2>\n<p><span style=\"color: #000000;\">El producto tambi\u00e9n es adecuado para animales. En la mayor\u00eda de los casos, las setas medicinales resultan extremadamente eficaces para fortalecer el sistema inmunol\u00f3gico, eliminar alergias y enfermedades de la piel, as\u00ed como infecciones virales y bacterianas. La mezcla Cardio Mix tambi\u00e9n influye en el correcto funcionamiento del sistema card\u00edaco. Consulte a su veterinario antes de usar el producto sobre la conveniencia de tomarlo y la dosis diaria recomendada.<\/span><\/p>\n<h2><span style=\"color: #000000;\">Origen<\/span><\/h2>\n<p><span style=\"color: #000000;\">Eslovenia<\/span><\/p>\n","protected":false},"excerpt":{"rendered":"<p align=\"JUSTIFY\">Complemento alimenticio. La mezcla de hongos medicinales <i>Cardio mix<\/i> se utiliza como apoyo para <b>mejorar el funcionamiento del coraz\u00f3n<\/b>, <b>la circulaci\u00f3n sangu\u00ednea <\/b>y <b>mejorar los valores m\u00e1s importantes en la sangre<\/b>. De hecho, se trata de una mezcla que contribuye o garantiza todas las condiciones necesarias para el funcionamiento ideal del <b>sistema card\u00edaco<\/b>.<\/p>\n<p>\ud83d\udc9a Fortalece el sistema inmunol\u00f3gico.<br \/>\n\ud83d\udc9a Regula la presi\u00f3n arterial.<br \/>\n\ud83d\udc9a Reduce el nivel de colesterol.<br \/>\n\ud83d\udc9a Reduce los niveles de triglic\u00e9ridos.<\/p>\n","protected":false},"featured_media":4162,"comment_status":"open","ping_status":"closed","template":"","meta":{"_acf_changed":false},"product_brand":[],"product_cat":[15,198,216],"product_tag":[],"class_list":{"0":"post-6460","1":"product","2":"type-product","3":"status-publish","4":"has-post-thumbnail","6":"product_cat-uncategorized","7":"product_cat-hongos-medicinales","8":"product_cat-todos-los-productos","10":"first","11":"instock","12":"sale","13":"taxable","14":"shipping-taxable","15":"purchasable","16":"product-type-simple"},"acf":[],"_links":{"self":[{"href":"https:\/\/fengchashop.com\/es\/wp-json\/wp\/v2\/product\/6460","targetHints":{"allow":["GET"]}}],"collection":[{"href":"https:\/\/fengchashop.com\/es\/wp-json\/wp\/v2\/product"}],"about":[{"href":"https:\/\/fengchashop.com\/es\/wp-json\/wp\/v2\/types\/product"}],"replies":[{"embeddable":true,"href":"https:\/\/fengchashop.com\/es\/wp-json\/wp\/v2\/comments?post=6460"}],"wp:featuredmedia":[{"embeddable":true,"href":"https:\/\/fengchashop.com\/es\/wp-json\/wp\/v2\/media\/4162"}],"wp:attachment":[{"href":"https:\/\/fengchashop.com\/es\/wp-json\/wp\/v2\/media?parent=6460"}],"wp:term":[{"taxonomy":"product_brand","embeddable":true,"href":"https:\/\/fengchashop.com\/es\/wp-json\/wp\/v2\/product_brand?post=6460"},{"taxonomy":"product_cat","embeddable":true,"href":"https:\/\/fengchashop.com\/es\/wp-json\/wp\/v2\/product_cat?post=6460"},{"taxonomy":"product_tag","embeddable":true,"href":"https:\/\/fengchashop.com\/es\/wp-json\/wp\/v2\/product_tag?post=6460"}],"curies":[{"name":"wp","href":"https:\/\/api.w.org\/{rel}","templated":true}]}}