{"id":6458,"date":"2022-02-11T18:13:33","date_gmt":"2022-02-11T17:13:33","guid":{"rendered":"https:\/\/fengchashop.com\/es\/product\/trametes-coriolus-versicolor-bio-eu-poreklo\/"},"modified":"2026-04-07T11:52:29","modified_gmt":"2026-04-07T09:52:29","slug":"coriolus-bio-origen-ue","status":"publish","type":"product","link":"https:\/\/fengchashop.com\/es\/product\/coriolus-bio-origen-ue\/","title":{"rendered":"Coriolus BIO origen UE 125 g"},"content":{"rendered":"<h2><span style=\"color: #000000\">Coriolus bio<\/span><\/h2>\n<p style=\"text-align: justify\"><strong>El hongo plano multicolor<\/strong> es un hongo medicinal reconocido para uso externo que se utiliza desde hace siglos en la medicina tradicional china. Junto con el ganoderma, el cordyceps y algunos otros hongos, es uno de los <strong>hongos medicinales m\u00e1s conocidos<\/strong> en nuestro pa\u00eds. Sus principios activos farmacol\u00f3gicos son <strong>objeto de numerosas investigaciones cl\u00ednicas<\/strong>. Es un hongo le\u00f1oso muy extendido y com\u00fan en todo el mundo que crece en madera en descomposici\u00f3n.<\/p>\n<p style=\"text-align: justify\">El cultivo de nuestra seta medicinal Coriolus est\u00e1 estrictamente controlado, sin uso de productos qu\u00edmicos ni pesticidas, y es <strong>100 % ecol\u00f3gico<\/strong>. La calidad de las setas es controlada regularmente por laboratorios independientes en Eslovenia y Estados Unidos.<\/p>\n<p style=\"text-align: justify\">El Coriolus est\u00e1 compuesto por diversos polisac\u00e1ridos, vitaminas, sales minerales y antioxidantes. Tambi\u00e9n contiene una gran variedad de antioxidantes fen\u00f3licos y flavonoides, que se consideran muy beneficiosos. Dos importantes <strong>complejos polisac\u00e1rido-proteicos<\/strong> que lo componen, el <strong>PKS<\/strong> (krestina o polisac\u00e1rido K) y el <strong>PSP <\/strong>(polisac\u00e1rido-p\u00e9ptido), siguen siendo objeto de numerosas investigaciones.<\/p>\n<h2><span style=\"color: #000000\">Uso<\/span><\/h2>\n<p>De acuerdo con el Reglamento de la UE sobre nuevos alimentos, actualmente no se puede comercializar Coriolus como complemento alimenticio o alimento. Por lo tanto, \u00a1el producto solo es apto para uso externo!<\/p>\n<p>&nbsp;<\/p>\n<h2><span style=\"color: #000000\">Envasado<\/span><\/h2>\n<p><span style=\"color: #000000\">Bolsa herm\u00e9tica con cierre, donde el producto conserva toda su frescura y aroma. El envase protege de la luz y el aire, ya que est\u00e1 compuesto por varias capas de protecci\u00f3n que conservan las propiedades del contenido.<\/p>\n<p><span style=\"color: #000000\">El envase es muy pr\u00e1ctico y se puede reciclar.<\/p>\n<h2><span style=\"color: #000000\">Origen<\/span><\/h2>\n<p><span style=\"color: #000000\">UE<\/p>\n","protected":false},"excerpt":{"rendered":"<p align=\"JUSTIFY\">El Coriolus o <strong>agaricus blazei<\/strong> es un hongo medicinal reconocido que se utiliza desde hace siglos en la medicina tradicional china. Junto con el ganoderma, el cordyceps y algunos otros hongos, es uno de los <strong>hongos medicinales m\u00e1s conocidos<\/strong> en nuestra regi\u00f3n.<br \/>\n&#128154; Calidad superior.<br \/>\n&#128154; Extremadamente eficaz.<br \/>\n&#128154; Producto natural.<br \/>\n&#128154; Excelente precio.<\/p>\n","protected":false},"featured_media":4306,"comment_status":"open","ping_status":"closed","template":"","meta":{"_acf_changed":false},"product_brand":[],"product_cat":[15,218,216],"product_tag":[],"class_list":{"0":"post-6458","1":"product","2":"type-product","3":"status-publish","4":"has-post-thumbnail","6":"product_cat-uncategorized","7":"product_cat-mas-vendidos","8":"product_cat-todos-los-productos","10":"first","11":"instock","12":"taxable","13":"shipping-taxable","14":"purchasable","15":"product-type-simple"},"acf":[],"_links":{"self":[{"href":"https:\/\/fengchashop.com\/es\/wp-json\/wp\/v2\/product\/6458","targetHints":{"allow":["GET"]}}],"collection":[{"href":"https:\/\/fengchashop.com\/es\/wp-json\/wp\/v2\/product"}],"about":[{"href":"https:\/\/fengchashop.com\/es\/wp-json\/wp\/v2\/types\/product"}],"replies":[{"embeddable":true,"href":"https:\/\/fengchashop.com\/es\/wp-json\/wp\/v2\/comments?post=6458"}],"wp:featuredmedia":[{"embeddable":true,"href":"https:\/\/fengchashop.com\/es\/wp-json\/wp\/v2\/media\/4306"}],"wp:attachment":[{"href":"https:\/\/fengchashop.com\/es\/wp-json\/wp\/v2\/media?parent=6458"}],"wp:term":[{"taxonomy":"product_brand","embeddable":true,"href":"https:\/\/fengchashop.com\/es\/wp-json\/wp\/v2\/product_brand?post=6458"},{"taxonomy":"product_cat","embeddable":true,"href":"https:\/\/fengchashop.com\/es\/wp-json\/wp\/v2\/product_cat?post=6458"},{"taxonomy":"product_tag","embeddable":true,"href":"https:\/\/fengchashop.com\/es\/wp-json\/wp\/v2\/product_tag?post=6458"}],"curies":[{"name":"wp","href":"https:\/\/api.w.org\/{rel}","templated":true}]}}