{"id":6457,"date":"2022-02-11T18:06:19","date_gmt":"2022-02-11T17:06:19","guid":{"rendered":"https:\/\/fengchashop.com\/es\/product\/maitake-bio\/"},"modified":"2026-05-04T18:59:00","modified_gmt":"2026-05-04T16:59:00","slug":"maitake-bio","status":"publish","type":"product","link":"https:\/\/fengchashop.com\/es\/product\/maitake-bio\/","title":{"rendered":"Maitake BIO 125 g"},"content":{"rendered":"<h2><span style=\"color: #000000;\">Maitake (Grifola frondosa) BIO<\/span><\/h2>\n<p><span style=\"color: #000000;\">Grifola frondosa o<strong> seta grande<\/strong> es una seta comestible muy grande que se utiliza principalmente en la cocina japonesa. Tiene una textura y un sabor agradables. Como complemento alimenticio, tambi\u00e9n se utiliza en la medicina tradicional china. El maitake se utiliza <strong>para mejorar la salud y la vitalidad corporal en general.<\/strong> Act\u00faa equilibrando el organismo, fortaleciendo el sistema inmunol\u00f3gico y mejorando los valores sangu\u00edneos. Su popularidad ha aumentado recientemente debido a su posible uso como ayuda en el tratamiento de diversas formas de c\u00e1ncer y a sus numerosos otros efectos beneficiosos.<\/span><\/p>\n<p><span style=\"color: #000000;\">El cultivo de nuestra seta medicinal Maitake est\u00e1 estrictamente controlado, sin uso de productos qu\u00edmicos ni pesticidas, y es <strong>100 % ecol\u00f3gico<\/strong>. La calidad de las setas es controlada regularmente por laboratorios independientes en Eslovenia y Estados Unidos.<\/span><\/p>\n<h2><span style=\"color: #000000;\">\u00bfQu\u00e9 contiene y para qui\u00e9n est\u00e1 destinado?<\/span><\/h2>\n<p><span style=\"color: #000000;\">El maitake es rico en minerales (potasio, calcio, magnesio&#8230;), vitaminas (B2, D2, niacina), fibra, prote\u00ednas, amino\u00e1cidos, polisac\u00e1ridos (por ejemplo, prote\u00edna \u03b2-glucano) y otros antioxidantes (por ejemplo, prebi\u00f3tico trehalosa). Adem\u00e1s de diversos polisac\u00e1ridos, los efectos curativos de la seta se deben al \u03b2-D-glucano y al ergosterol (provitamina D2). El consumo regular de esta seta nos ayuda a mantener la vitalidad corporal, alivia la fatiga cr\u00f3nica y tiene unas propiedades antioxidantes excepcionales. Al igual que el Ganoderma lucidum, el maitake se puede clasificar entre las setas que, gracias a sus principios activos, pueden tener un efecto positivo en nuestro bienestar general y en nuestro sistema inmunol\u00f3gico. Por lo tanto, el maitake se utiliza para mejorar la salud y la vitalidad corporal en general y para prevenir la fatiga cr\u00f3nica.<\/span><\/p>\n<p><span style=\"color: #000000;\">Otros efectos curativos positivos que tiene esta seta tan popular se pueden encontrar en las siguientes l\u00edneas:<\/span><\/p>\n<p><span style=\"color: #000000;\"> \ud83d\udc9a <strong>fortalece el sistema inmunol\u00f3gico<\/strong> y mejora el bienestar general,<\/span><\/p>\n<p><span style=\"color: #000000;\"> \ud83d\udc9a tiene un efecto <strong>antioxidante,<\/strong><\/span><\/p>\n<p><span style=\"color: #000000;\"> \ud83d\udc9a ayuda en casos de<strong> fatiga cr\u00f3nica,<\/strong><\/span><\/p>\n<p><span style=\"color: #000000;\"> \ud83d\udc9a con su ayuda se pueden<strong> soportar m\u00e1s f\u00e1cilmente los efectos secundarios de la quimioterapia y la radioterapia,<\/strong><\/span><\/p>\n<p><span style=\"color: #000000;\"> \ud83d\udc9a tiene un efecto positivo sobre los huesos y favorece el tratamiento de la<strong> osteoporosis,<\/strong><\/span><\/p>\n<p><span style=\"color: #000000;\"> \ud83d\udc9a <strong>regula el colesterol y reduce la presi\u00f3n arterial, adem\u00e1s de prevenir el desarrollo de la diabetes<\/strong>. Al mismo tiempo, se ha descubierto que reduce los niveles de az\u00facar en sangre en pacientes con diabetes tipo 2.<\/span><\/p>\n<p><span style=\"color: #000000;\"> \ud83d\udc9a tiene <strong>efectos antivirales y antimicrobianos<\/strong><\/span><\/p>\n<p><span style=\"color: #000000;\"> \ud83d\udc9a Previene el crecimiento y la propagaci\u00f3n de tumores y met\u00e1stasis.<\/span><\/p>\n<p><span style=\"color: #000000;\"> \ud83d\udc9a Ayuda a controlar el peso corporal.<\/span><\/p>\n<p><span style=\"color: #000000;\"> \ud83d\udc9a tambi\u00e9n es eficaz en el tratamiento de la hepatitis B cr\u00f3nica, el virus del VIH y<strong> la proliferaci\u00f3n del hongo Candida albicans.<\/strong><\/span><\/p>\n<p><span style=\"color: #000000;\">Todos los elementos presentes en la seta se encuentran en grandes cantidades y tienen un efecto muy positivo en nuestro organismo.<\/span><\/p>\n<p><span style=\"color: #000000;\">En forma de polvo, contiene muchos nutrientes y sus efectos positivos han sido demostrados cient\u00edficamente. Estudios realizados en diferentes pa\u00edses del mundo han descubierto numerosos efectos beneficiosos relacionados con el consumo regular de setas Maitake.<\/span><\/p>\n<p><span style=\"color: #000000;\">Y lo que es muy importante, el maitake es un producto 100 % natural que puede ayudarnos de forma natural. Mejora los s\u00edntomas de nuestros problemas y tiene un efecto positivo en nuestro bienestar general. Por lo tanto, est\u00e1 destinado a todos aquellos que deseen beneficiarse de sus ventajas. Desde mejorar el funcionamiento del sistema inmunol\u00f3gico, como ayuda en el crecimiento de la c\u00e1ndida, ayuda en el tratamiento de enfermedades cancerosas, para el bienestar general, etc. Dado que las setas son tan eficaces precisamente porque tienen la capacidad de absorber todo, lo bueno y lo malo del entorno, es importante que recurramos a las cultivadas ecol\u00f3gicamente.<\/span><\/p>\n<h2><span style=\"color: #000000;\">\u00bfPor qu\u00e9 precisamente las setas?<\/span><\/h2>\n<p><span style=\"color: #000000;\">Las setas son muy interesantes. No son ni plantas ni animales, sino organismos incre\u00edbles que han logrado sobrevivir pr\u00e1cticamente desde el principio del mundo. Han desarrollado una estrategia de supervivencia especial que las ha conservado hasta nuestros d\u00edas. Las personas tambi\u00e9n podemos aprovechar estas ventajas mediante el consumo de hongos medicinales. Nos aportan equilibrio a nivel corporal y nos protegen de numerosas enfermedades. Pueden ser <strong>preventivas<\/strong> o <strong>curativas<\/strong> como complemento al tratamiento convencional o no convencional de numerosas enfermedades (modernas). Tradicionalmente, se atribuyen a las setas efectos beneficiosos en casos de c\u00e1ncer, enfermedades autoinmunes y alergias. Tambi\u00e9n influyen positivamente en la respuesta sana y fuerte del sistema inmunol\u00f3gico. Las investigaciones m\u00e9dicas realizadas en las \u00faltimas d\u00e9cadas, cuando las setas empezaron a despertar inter\u00e9s tambi\u00e9n en el mundo occidental, han confirmado muchos de sus efectos terap\u00e9uticos.<\/span><\/p>\n<p><span style=\"color: #000000;\">Dado que ciertos principios activos naturales son indigestos o dif\u00edciles de digerir para nosotros, es muy importante que consumamos solo las mejores setas en polvo. Las setas deben cultivarse, secarse y prepararse correctamente. Deben molerse hasta obtener un polvo fino sin trozos. El color del polvo es m\u00e1s claro, aunque tambi\u00e9n depende del tipo de hongo que tomemos.<\/span><\/p>\n<h2><span style=\"color: #000000;\">Envasado<\/span><\/h2>\n<p><span style=\"color: #000000;\">Bolsa herm\u00e9tica con cremallera, donde el producto conserva toda su frescura y aroma. El envase protege de la luz y el aire, ya que est\u00e1 compuesto por varias capas de protecci\u00f3n que conservan las propiedades del contenido.<\/span><\/p>\n<p><span style=\"color: #000000;\">El envase es muy pr\u00e1ctico y se puede reciclar.<\/span><\/p>\n<h2><span style=\"color: #000000;\">Almacenamiento y advertencias<\/span><\/h2>\n<p><span style=\"color: #000000;\">Almacenar en un lugar seco y fresco. \u00a1Mantener el complemento alimenticio fuera del alcance de los ni\u00f1os!<\/span><\/p>\n<p><span style=\"color: #000000;\">No olvide la importancia de una dieta variada y un estilo de vida saludable, por lo que el complemento alimenticio no sustituye una dieta equilibrada y variada. No se debe exceder la cantidad diaria recomendada. Siempre recomendamos a las mujeres embarazadas y lactantes que consulten a su m\u00e9dico antes de usar este producto.<\/span><\/p>\n<h2><span style=\"color: #000000;\">Es bueno saberlo<\/span><\/h2>\n<p><span style=\"color: #000000;\">El producto tambi\u00e9n es adecuado para animales. En la mayor\u00eda de los casos, las setas medicinales resultan extremadamente eficaces para fortalecer el sistema inmunol\u00f3gico, eliminar alergias y enfermedades de la piel, as\u00ed como infecciones virales y bacterianas. Antes de utilizarlas, consulte con su veterinario sobre la conveniencia de tomarlas y la dosis diaria recomendada.<\/span><\/p>\n<h2><span style=\"color: #000000;\">Origen<\/span><\/h2>\n<p><span style=\"color: #000000;\">Eslovenia<\/span><\/p>\n","protected":false},"excerpt":{"rendered":"<p align=\"JUSTIFY\">Complemento alimenticio. La Grifola frondosa o <strong>grifola frondosa<\/strong> es una seta comestible de gran tama\u00f1o. Como complemento alimenticio, tambi\u00e9n se utiliza en la medicina tradicional china. Utilizamos Maitake <strong>para mejorar la salud y la vitalidad corporal en general<\/strong>.<\/p>\n<p>\ud83d\udc9a Fortalece el sistema inmunol\u00f3gico.<br \/>\n\ud83d\udc9a Mejora el bienestar general.<br \/>\n\ud83d\udc9a Tiene un efecto antioxidante.<br \/>\n\ud83d\udc9a Ayuda en casos de fatiga cr\u00f3nica.<\/p>\n","protected":false},"featured_media":4112,"comment_status":"open","ping_status":"closed","template":"","meta":{"_acf_changed":false},"product_brand":[],"product_cat":[15,198,216],"product_tag":[],"class_list":{"0":"post-6457","1":"product","2":"type-product","3":"status-publish","4":"has-post-thumbnail","6":"product_cat-uncategorized","7":"product_cat-hongos-medicinales","8":"product_cat-todos-los-productos","10":"first","11":"instock","12":"sale","13":"taxable","14":"shipping-taxable","15":"purchasable","16":"product-type-simple"},"acf":[],"_links":{"self":[{"href":"https:\/\/fengchashop.com\/es\/wp-json\/wp\/v2\/product\/6457","targetHints":{"allow":["GET"]}}],"collection":[{"href":"https:\/\/fengchashop.com\/es\/wp-json\/wp\/v2\/product"}],"about":[{"href":"https:\/\/fengchashop.com\/es\/wp-json\/wp\/v2\/types\/product"}],"replies":[{"embeddable":true,"href":"https:\/\/fengchashop.com\/es\/wp-json\/wp\/v2\/comments?post=6457"}],"wp:featuredmedia":[{"embeddable":true,"href":"https:\/\/fengchashop.com\/es\/wp-json\/wp\/v2\/media\/4112"}],"wp:attachment":[{"href":"https:\/\/fengchashop.com\/es\/wp-json\/wp\/v2\/media?parent=6457"}],"wp:term":[{"taxonomy":"product_brand","embeddable":true,"href":"https:\/\/fengchashop.com\/es\/wp-json\/wp\/v2\/product_brand?post=6457"},{"taxonomy":"product_cat","embeddable":true,"href":"https:\/\/fengchashop.com\/es\/wp-json\/wp\/v2\/product_cat?post=6457"},{"taxonomy":"product_tag","embeddable":true,"href":"https:\/\/fengchashop.com\/es\/wp-json\/wp\/v2\/product_tag?post=6457"}],"curies":[{"name":"wp","href":"https:\/\/api.w.org\/{rel}","templated":true}]}}