{"id":6455,"date":"2022-02-11T17:42:21","date_gmt":"2022-02-11T16:42:21","guid":{"rendered":"https:\/\/fengchashop.com\/es\/product\/hericium-erinaceus-bio-eu-poreklo\/"},"modified":"2026-05-04T19:09:42","modified_gmt":"2026-05-04T17:09:42","slug":"hericium-erinaceus-bio-eu-2","status":"publish","type":"product","link":"https:\/\/fengchashop.com\/es\/product\/hericium-erinaceus-bio-eu-2\/","title":{"rendered":"Hericium erinaceus BIO EU 125 g"},"content":{"rendered":"<h2><span style=\"color: #000000;\">Hericium erinaceus (hongo espinoso)<\/span><\/h2>\n<p><span style=\"color: #000000;\">El Hericium erinaceus o <strong>hongo espinoso<\/strong> es un hongo comestible y medicinal muy sabroso y apreciado. Crece en la madera de \u00e1rboles ca\u00eddos, principalmente en el hemisferio norte (Europa, Asia oriental, Am\u00e9rica del Norte). Tiene una forma y textura especiales que recuerdan a una barba, incluso a la melena de un le\u00f3n. En la medicina tradicional se valora mucho por sus propiedades y se le denomina \u00ab<strong>alimento natural para las neuronas<\/strong>\u00bb. Por eso tambi\u00e9n es adecuado<strong> para el sistema nervioso debilitado<\/strong>. Su consumo regular tiene un efecto beneficioso sobre el sistema nervioso y ayuda a prevenir y tratar la demencia y la esclerosis m\u00faltiple. Sus propiedades positivas tambi\u00e9n se manifiestan en su acci\u00f3n contra enfermedades modernas cada vez m\u00e1s frecuentes, como la depresi\u00f3n y la ansiedad. <\/span><\/p>\n<p><span style=\"color: #000000;\">El Hericium erinaceus tiene una <strong>larga tradici\u00f3n<\/strong> en la medicina tradicional china y es una seta muy <strong>apreciada.<\/strong><\/span><\/p>\n<p><span style=\"color: #000000;\">En forma de polvo, el Hericium erinaceus contiene muchos nutrientes. En esta forma, nuestro cuerpo puede aprovecharlos. Sus efectos positivos tambi\u00e9n han sido <strong>demostrados cient\u00edficamente. <\/strong><\/span><\/p>\n<p><span style=\"color: #000000;\">El cultivo de nuestro Hericuma erinaceus est\u00e1 estrictamente controlado, sin uso de productos qu\u00edmicos ni pesticidas, y es 100 % ecol\u00f3gico. La calidad de las setas es controlada regularmente por laboratorios independientes en Eslovenia y EE. UU.<\/span><\/p>\n<p><span style=\"color: #000000;\">Las numerosas propiedades beneficiosas del hongo espinoso son:<\/span><\/p>\n<p><span style=\"color: #000000;\"> \ud83d\udc9a tiene un efecto antioxidante,<\/span><\/p>\n<p><span style=\"color: #000000;\"> \ud83d\udc9a ayuda a combatir la depresi\u00f3n y la ansiedad,<\/span><\/p>\n<p><span style=\"color: #000000;\"> \ud83d\udc9a mejora el sue\u00f1o,<\/span><\/p>\n<p><span style=\"color: #000000;\"> \ud83d\udc9a mejora el funcionamiento de la memoria,<\/span><\/p>\n<p><span style=\"color: #000000;\"> \ud83d\udc9a estimula el funcionamiento del sistema inmunol\u00f3gico,<\/span><\/p>\n<p><span style=\"color: #000000;\"> \ud83d\udc9a tiene un efecto beneficioso sobre todo el sistema nervioso y estimula su regeneraci\u00f3n,<\/span><\/p>\n<p><span style=\"color: #000000;\"> \ud83d\udc9a ayuda a prevenir las enfermedades cardiovasculares,<\/span><\/p>\n<p><span style=\"color: #000000;\"> \ud83d\udc9a tiene un efecto antibacteriano.<\/span><\/p>\n<h2><span style=\"color: #000000;\">\u00bfQu\u00e9 contiene y para qui\u00e9n est\u00e1 destinado?<\/span><\/h2>\n<p><span style=\"color: #000000;\"><span style=\"color: #000000;\">Entre los componentes activos del hongo Hericum erinaceus se encuentran los t\u00edpicos <strong>betaglucanos<\/strong>. El denominado HEP3 es uno de los 1-3D-betaglucanos m\u00e1s interesantes desde el punto de vista farmacol\u00f3gico. En el hongo tambi\u00e9n se encuentran <strong>polisac\u00e1ridos y polip\u00e9ptidos,<\/strong> as\u00ed como <strong>fitoesteroles<\/strong> como el beta-sitosterol y el ergosterol, <strong>minerales esenciales y oligoelementos<\/strong> (Zn, Fe, Se, Ge, etc.), <strong>niacina, biotina y vitamina D.<\/strong><\/span><\/span><\/p>\n<p><span style=\"color: #000000;\">Debido a su composici\u00f3n amino\u00e1cida de alta calidad, el hongo resistiente tiene, en comparaci\u00f3n con otros hongos comestibles (champi\u00f1ones, ostra y shiitake), <strong>el mayor valor biol\u00f3gico<\/strong> y, por lo tanto, es un <strong>sustituto de alta calidad de la carne<\/strong> en la dieta vegetariana.<\/span><\/p>\n<p><span style=\"color: #000000;\">Todos los elementos presentes en la seta se encuentran en grandes cantidades y tienen un efecto muy positivo en nuestro organismo. Recomendamos el consumo de la seta de cardo especialmente a aquellas personas que necesitan apoyo para el funcionamiento del sistema nervioso y el cerebro. Seg\u00fan los hallazgos cient\u00edficos, tambi\u00e9n ha demostrado ser muy eficaz para tratar los s\u00edntomas de la depresi\u00f3n y la ansiedad. A menudo se utiliza tambi\u00e9n para mejorar el funcionamiento del sistema inmunol\u00f3gico. <\/span><\/p>\n<p><span style=\"color: #000000;\">Y lo que es muy importante, el Hericium erinaceus es un producto 100 % natural que nos puede ayudar de forma natural. Mejora los s\u00edntomas de nuestros problemas y tiene un efecto positivo en nuestro bienestar general.<\/span><\/p>\n<h2><span style=\"color: #000000;\">\u00bfPor qu\u00e9 precisamente las setas?<\/span><\/h2>\n<p><span style=\"color: #000000;\">Las setas son muy interesantes. No son ni plantas ni animales, sino organismos incre\u00edbles que han logrado sobrevivir pr\u00e1cticamente desde el principio del mundo. Han desarrollado una estrategia de supervivencia especial que las ha conservado hasta nuestros d\u00edas. Las personas tambi\u00e9n podemos aprovechar estas ventajas mediante el consumo de hongos medicinales. Nos aportan equilibrio a nivel f\u00edsico y nos protegen de numerosas enfermedades. Pueden ser <strong>preventivas<\/strong> o <strong>curativas<\/strong> como complemento al tratamiento convencional o no convencional de numerosas enfermedades (modernas). Tradicionalmente, se atribuyen a las setas efectos beneficiosos en casos de c\u00e1ncer, enfermedades autoinmunes y alergias. Tambi\u00e9n influyen positivamente en la respuesta sana y fuerte del sistema inmunol\u00f3gico. Las investigaciones m\u00e9dicas realizadas en las \u00faltimas d\u00e9cadas, cuando las setas empezaron a despertar inter\u00e9s tambi\u00e9n en el mundo occidental, han confirmado muchos de sus efectos terap\u00e9uticos.<\/span><\/p>\n<p><span style=\"color: #000000;\">Dado que ciertos principios activos naturales son indigestos o dif\u00edciles de digerir para nosotros, es muy importante que consumamos solo las mejores setas en polvo. Las setas deben cultivarse, secarse y prepararse correctamente. Deben molerse hasta obtener un polvo fino sin trozos. El color del polvo es m\u00e1s claro, aunque tambi\u00e9n depende del tipo de hongo que tomemos. Dado que los hongos son tan eficaces precisamente porque tienen la capacidad de absorber todo, tanto lo bueno como lo malo del entorno, es importante que recurramos a los <strong>cultivados ecol\u00f3gicamente<\/strong>.<\/span><\/p>\n<h2><span style=\"color: #000000;\">Envasado<\/span><\/h2>\n<p><span style=\"color: #000000;\">Bolsa herm\u00e9tica con cremallera, donde el producto conserva toda su frescura y aroma. El envase protege del aire y la luz, ya que est\u00e1 compuesto por varias capas protectoras que conservan las propiedades del contenido.<\/span><\/p>\n<p>El envase es muy pr\u00e1ctico y se puede reciclar.<\/p>\n<h2><span style=\"color: #000000;\">Almacenamiento y advertencias<\/span><\/h2>\n<p><span style=\"color: #000000;\">Almacenar en un lugar seco y fresco. \u00a1Mantener el complemento alimenticio fuera del alcance de los ni\u00f1os!<\/span><\/p>\n<p><span style=\"color: #000000;\">No olvide la importancia de una dieta variada y un estilo de vida saludable, por lo que el complemento alimenticio no sustituye una dieta equilibrada y variada. No se debe exceder la cantidad diaria recomendada. Siempre recomendamos a las mujeres embarazadas y lactantes que consulten a su m\u00e9dico antes de usar este producto.<\/span><\/p>\n<h2><span style=\"color: #000000;\">Es bueno saberlo<\/span><\/h2>\n<p><span style=\"color: #000000;\">El producto tambi\u00e9n es adecuado para animales. En la mayor\u00eda de los casos, las setas medicinales resultan extremadamente eficaces para fortalecer el sistema inmunol\u00f3gico, eliminar alergias y enfermedades de la piel, as\u00ed como infecciones virales y bacterianas. Antes de utilizarlas, consulte con su veterinario sobre la conveniencia de tomarlas y la dosis diaria recomendada.<\/span><\/p>\n<h2><span style=\"color: #000000;\">Origen<\/span><\/h2>\n<p><span style=\"color: #000000;\">Eslovenia &#8211; UE<\/span><\/p>\n","protected":false},"excerpt":{"rendered":"<p align=\"JUSTIFY\">Complemento alimenticio. El <strong>Hericium erinaceus<\/strong> o <strong>hongo espinoso<\/strong> es un hongo comestible y medicinal muy sabroso y apreciado. En la medicina tradicional se valora mucho por sus propiedades y se le denomina <strong>\u00abalimento natural para las neuronas\u00bb<\/strong>. Por eso tambi\u00e9n es adecuado <strong>para el sistema nervioso debilitado<\/strong>.<\/p>\n<p>\ud83d\udc9a Tiene un efecto antioxidante.<br \/>\n\ud83d\udc9a Ayuda en casos de depresi\u00f3n y ansiedad.<br \/>\n\ud83d\udc9a Mejora el funcionamiento de la memoria.<br \/>\n\ud83d\udc9a Estimula el funcionamiento del sistema inmunol\u00f3gico.<br \/>\n\ud83d\udc9a Tiene un efecto beneficioso sobre todo el sistema nervioso.<\/p>\n","protected":false},"featured_media":4179,"comment_status":"open","ping_status":"closed","template":"","meta":{"_acf_changed":false},"product_brand":[],"product_cat":[15,198,218,216],"product_tag":[],"class_list":{"0":"post-6455","1":"product","2":"type-product","3":"status-publish","4":"has-post-thumbnail","6":"product_cat-uncategorized","7":"product_cat-hongos-medicinales","8":"product_cat-mas-vendidos","9":"product_cat-todos-los-productos","11":"first","12":"instock","13":"sale","14":"taxable","15":"shipping-taxable","16":"purchasable","17":"product-type-simple"},"acf":[],"_links":{"self":[{"href":"https:\/\/fengchashop.com\/es\/wp-json\/wp\/v2\/product\/6455","targetHints":{"allow":["GET"]}}],"collection":[{"href":"https:\/\/fengchashop.com\/es\/wp-json\/wp\/v2\/product"}],"about":[{"href":"https:\/\/fengchashop.com\/es\/wp-json\/wp\/v2\/types\/product"}],"replies":[{"embeddable":true,"href":"https:\/\/fengchashop.com\/es\/wp-json\/wp\/v2\/comments?post=6455"}],"wp:featuredmedia":[{"embeddable":true,"href":"https:\/\/fengchashop.com\/es\/wp-json\/wp\/v2\/media\/4179"}],"wp:attachment":[{"href":"https:\/\/fengchashop.com\/es\/wp-json\/wp\/v2\/media?parent=6455"}],"wp:term":[{"taxonomy":"product_brand","embeddable":true,"href":"https:\/\/fengchashop.com\/es\/wp-json\/wp\/v2\/product_brand?post=6455"},{"taxonomy":"product_cat","embeddable":true,"href":"https:\/\/fengchashop.com\/es\/wp-json\/wp\/v2\/product_cat?post=6455"},{"taxonomy":"product_tag","embeddable":true,"href":"https:\/\/fengchashop.com\/es\/wp-json\/wp\/v2\/product_tag?post=6455"}],"curies":[{"name":"wp","href":"https:\/\/api.w.org\/{rel}","templated":true}]}}