{"id":6452,"date":"2022-01-21T04:20:50","date_gmt":"2022-01-21T03:20:50","guid":{"rendered":"https:\/\/fengchashop.com\/es\/product\/zeolit\/"},"modified":"2026-04-30T12:19:21","modified_gmt":"2026-04-30T10:19:21","slug":"zeolita","status":"publish","type":"product","link":"https:\/\/fengchashop.com\/es\/product\/zeolita\/","title":{"rendered":"Zeolita 500 g"},"content":{"rendered":"<h2><span style=\"color: #000000;\">Zeolita clinoptilolita en polvo<\/span><\/h2>\n<p><span style=\"color: #000000;\">La roca volc\u00e1nica zeolita es uno de los <strong>desintoxicantes naturales m\u00e1s potentes del mundo<\/strong>. La roca natural zeolita, en forma de mineral volc\u00e1nico comestible clinoptilolita, <strong>ayuda a limpiar el cuerpo <\/strong>de toxinas ambientales y alimentarias.<\/span><\/p>\n<p><span style=\"color: #000000;\">Se form\u00f3 durante grandes erupciones volc\u00e1nicas y tiene la <strong>capacidad de absorber toxinas<\/strong>, residuos de pesticidas y metales pesados. Tambi\u00e9n puede ser una excelente alternativa a algunos medicamentos. Existen varios tipos de zeolitas, entre los que destaca la forma cristalina activada <strong>clinoptilolita, la m\u00e1s apreciada e investigada<\/strong>. Los cristales contienen <strong>minerales esenciales para la vida<\/strong>: sodio, calcio, potasio, magnesio, hierro y otros elementos.<\/span><\/p>\n<p><span style=\"color: #000000;\">Las intercambios i\u00f3nicos negativos le confieren una propiedad especial. Con la ayuda del zeolita clinoptilolita, <strong>eliminamos toxinas y sustancias nocivas<\/strong> que nos roban energ\u00eda: plomo, ars\u00e9nico, cadmio, n\u00edquel, uranio, mercurio, amon\u00edaco&#8230; Pero tambi\u00e9n restos de medicamentos, bacterias pat\u00f3genas y virus.<\/span><\/p>\n<p><img decoding=\"async\" class=\"aligncenter wp-image-6842 size-large\" src=\"https:\/\/fengchashop.com\/es\/wp-content\/uploads\/2022\/01\/Zeolit-3-595x499.png\" alt=\"\" width=\"595\" height=\"499\" srcset=\"https:\/\/fengchashop.com\/es\/wp-content\/uploads\/2022\/01\/Zeolit-3-595x499.png 595w, https:\/\/fengchashop.com\/es\/wp-content\/uploads\/2022\/01\/Zeolit-3-350x293.png 350w, https:\/\/fengchashop.com\/es\/wp-content\/uploads\/2022\/01\/Zeolit-3-150x126.png 150w, https:\/\/fengchashop.com\/es\/wp-content\/uploads\/2022\/01\/Zeolit-3-768x644.png 768w, https:\/\/fengchashop.com\/es\/wp-content\/uploads\/2022\/01\/Zeolit-3-450x377.png 450w, https:\/\/fengchashop.com\/es\/wp-content\/uploads\/2022\/01\/Zeolit-3.png 940w\" sizes=\"(max-width: 595px) 100vw, 595px\" \/><\/p>\n<p><span style=\"color: #000000;\">El zeolita ya est\u00e1 activado mediante un proceso especial. Se calienta a 250-400 grados Celsius. A continuaci\u00f3n, se muele varias veces con molinos de piedra hasta obtener la granulaci\u00f3n deseada. Esta es de <strong>solo 5 \u00b5m.<\/strong> Es considerablemente menor que la de la mayor\u00eda de los dem\u00e1s zeolitos del mercado.<\/span><\/p>\n<p><span style=\"color: #000000;\">Recomendamos utilizar el zeolito con una <strong>cuchara de madera o pl\u00e1stico<\/strong>, y no con una de metal.<\/span><\/p>\n<p><img decoding=\"async\" class=\"alignnone wp-image-6844 \" src=\"https:\/\/fengchashop.com\/es\/wp-content\/uploads\/2022\/01\/Zeolit-5-595x499.png\" alt=\"\" width=\"449\" height=\"377\" srcset=\"https:\/\/fengchashop.com\/es\/wp-content\/uploads\/2022\/01\/Zeolit-5-595x499.png 595w, https:\/\/fengchashop.com\/es\/wp-content\/uploads\/2022\/01\/Zeolit-5-350x293.png 350w, https:\/\/fengchashop.com\/es\/wp-content\/uploads\/2022\/01\/Zeolit-5-150x126.png 150w, https:\/\/fengchashop.com\/es\/wp-content\/uploads\/2022\/01\/Zeolit-5-768x644.png 768w, https:\/\/fengchashop.com\/es\/wp-content\/uploads\/2022\/01\/Zeolit-5-450x377.png 450w, https:\/\/fengchashop.com\/es\/wp-content\/uploads\/2022\/01\/Zeolit-5.png 940w\" sizes=\"(max-width: 449px) 100vw, 449px\" \/><img decoding=\"async\" class=\"alignright wp-image-6843 \" src=\"https:\/\/fengchashop.com\/es\/wp-content\/uploads\/2022\/01\/Zeolit-4-595x499.png\" alt=\"\" width=\"441\" height=\"370\" srcset=\"https:\/\/fengchashop.com\/es\/wp-content\/uploads\/2022\/01\/Zeolit-4-595x499.png 595w, https:\/\/fengchashop.com\/es\/wp-content\/uploads\/2022\/01\/Zeolit-4-350x293.png 350w, https:\/\/fengchashop.com\/es\/wp-content\/uploads\/2022\/01\/Zeolit-4-150x126.png 150w, https:\/\/fengchashop.com\/es\/wp-content\/uploads\/2022\/01\/Zeolit-4-768x644.png 768w, https:\/\/fengchashop.com\/es\/wp-content\/uploads\/2022\/01\/Zeolit-4-450x377.png 450w, https:\/\/fengchashop.com\/es\/wp-content\/uploads\/2022\/01\/Zeolit-4.png 940w\" sizes=\"(max-width: 441px) 100vw, 441px\" \/><\/p>\n<h2><span style=\"color: #000000;\">\u00bfPor qu\u00e9 comprar nuestro zeolita?<\/span><\/h2>\n<p><span style=\"color: #000000;\"> Nuestro mineral volc\u00e1nico zeolita es <strong>100 % natural y sin aditivos artificiales<\/strong>. <\/span><\/p>\n<p><span style=\"color: #000000;\">Ya est\u00e1 <strong>activado.<\/strong><\/span><\/p>\n<p><span style=\"color: #000000;\">La granulaci\u00f3n es de <strong>solo 5 \u00b5m. <\/strong><\/span><\/p>\n<p><span style=\"color: #000000;\"> Ofrecemos una <strong>garant\u00eda de satisfacci\u00f3n del 100 %.<\/strong><\/span><\/p>\n<p><span style=\"color: #000000;\"> Tenemos un <strong>precio excelente<\/strong>, especialmente en el envase de un kilo.<\/span><\/p>\n<p><span style=\"color: #000000;\"> El producto tiene una <strong>vida \u00fatil ilimitada.<\/strong><\/span><\/p>\n<p>&nbsp;<\/p>\n<h2><span style=\"color: #000000;\"><img decoding=\"async\" class=\"aligncenter wp-image-6841\" src=\"https:\/\/fengchashop.com\/es\/wp-content\/uploads\/2022\/01\/Zeolit-2-595x499.png\" alt=\"\" width=\"539\" height=\"452\" srcset=\"https:\/\/fengchashop.com\/es\/wp-content\/uploads\/2022\/01\/Zeolit-2-595x499.png 595w, https:\/\/fengchashop.com\/es\/wp-content\/uploads\/2022\/01\/Zeolit-2-350x293.png 350w, https:\/\/fengchashop.com\/es\/wp-content\/uploads\/2022\/01\/Zeolit-2-150x126.png 150w, https:\/\/fengchashop.com\/es\/wp-content\/uploads\/2022\/01\/Zeolit-2-768x644.png 768w, https:\/\/fengchashop.com\/es\/wp-content\/uploads\/2022\/01\/Zeolit-2-450x377.png 450w, https:\/\/fengchashop.com\/es\/wp-content\/uploads\/2022\/01\/Zeolit-2.png 940w\" sizes=\"(max-width: 539px) 100vw, 539px\" \/><\/span><\/h2>\n<h2><span style=\"color: #000000;\">Envase<\/span><\/h2>\n<p><span style=\"color: #000000;\">Bolsa herm\u00e9tica con cremallera, donde el producto conserva toda su frescura y aroma. El envase protege de la luz y el aire, ya que est\u00e1 compuesto por varias capas de protecci\u00f3n que conservan las propiedades del contenido.<\/span><\/p>\n<p><span style=\"color: #000000;\">El envase es muy pr\u00e1ctico y se puede reciclar.<\/span><\/p>\n<h2><span style=\"color: #000000;\">Almacenamiento<\/span><\/h2>\n<p><span style=\"color: #000000;\">\u00a1Gu\u00e1rdelo en un lugar seco y fresco, fuera del alcance de los ni\u00f1os!<\/span><\/p>\n<h2><span style=\"color: #000000;\">Origen<\/span><\/h2>\n<p><span style=\"color: #000000;\">Serbia o UE<\/span><\/p>\n<h2><span style=\"color: #000000;\">Certificados<\/span><\/h2>\n<p><span style=\"color: #000000;\">Hemos realizado an\u00e1lisis de metales pesados, an\u00e1lisis radioactivos y otros an\u00e1lisis qu\u00edmicos necesarios. El producto es seguro seg\u00fan todos estos criterios. <\/span><\/p>\n<p>&nbsp;<\/p>\n<p><img decoding=\"async\" class=\"aligncenter wp-image-6839 size-large\" src=\"https:\/\/fengchashop.com\/es\/wp-content\/uploads\/2022\/01\/Zeolit-1-595x499.png\" alt=\"\" width=\"595\" height=\"499\" srcset=\"https:\/\/fengchashop.com\/es\/wp-content\/uploads\/2022\/01\/Zeolit-1-595x499.png 595w, https:\/\/fengchashop.com\/es\/wp-content\/uploads\/2022\/01\/Zeolit-1-350x293.png 350w, https:\/\/fengchashop.com\/es\/wp-content\/uploads\/2022\/01\/Zeolit-1-150x126.png 150w, https:\/\/fengchashop.com\/es\/wp-content\/uploads\/2022\/01\/Zeolit-1-768x644.png 768w, https:\/\/fengchashop.com\/es\/wp-content\/uploads\/2022\/01\/Zeolit-1-450x377.png 450w, https:\/\/fengchashop.com\/es\/wp-content\/uploads\/2022\/01\/Zeolit-1.png 940w\" sizes=\"(max-width: 595px) 100vw, 595px\" \/><\/p>\n","protected":false},"excerpt":{"rendered":"<p>El <strong>mineral volc\u00e1nico zeolita clinoptilolita<\/strong> es el desintoxicante natural m\u00e1s potente del mundo. La roca natural zeolita-clinoptilolita ayuda a limpiar el cuerpo de toxinas ambientales y alimentarias. Al consumir esta valiosa roca, obtenemos energ\u00eda para la vida cotidiana, el trabajo y el deporte.<\/p>\n","protected":false},"featured_media":4061,"comment_status":"open","ping_status":"closed","template":"","meta":{"_acf_changed":false},"product_brand":[],"product_cat":[15,218,216,197],"product_tag":[],"class_list":{"0":"post-6452","1":"product","2":"type-product","3":"status-publish","4":"has-post-thumbnail","6":"product_cat-uncategorized","7":"product_cat-mas-vendidos","8":"product_cat-todos-los-productos","9":"product_cat-zeolita","11":"first","12":"instock","13":"sale","14":"taxable","15":"shipping-taxable","16":"purchasable","17":"product-type-simple"},"acf":[],"_links":{"self":[{"href":"https:\/\/fengchashop.com\/es\/wp-json\/wp\/v2\/product\/6452","targetHints":{"allow":["GET"]}}],"collection":[{"href":"https:\/\/fengchashop.com\/es\/wp-json\/wp\/v2\/product"}],"about":[{"href":"https:\/\/fengchashop.com\/es\/wp-json\/wp\/v2\/types\/product"}],"replies":[{"embeddable":true,"href":"https:\/\/fengchashop.com\/es\/wp-json\/wp\/v2\/comments?post=6452"}],"wp:featuredmedia":[{"embeddable":true,"href":"https:\/\/fengchashop.com\/es\/wp-json\/wp\/v2\/media\/4061"}],"wp:attachment":[{"href":"https:\/\/fengchashop.com\/es\/wp-json\/wp\/v2\/media?parent=6452"}],"wp:term":[{"taxonomy":"product_brand","embeddable":true,"href":"https:\/\/fengchashop.com\/es\/wp-json\/wp\/v2\/product_brand?post=6452"},{"taxonomy":"product_cat","embeddable":true,"href":"https:\/\/fengchashop.com\/es\/wp-json\/wp\/v2\/product_cat?post=6452"},{"taxonomy":"product_tag","embeddable":true,"href":"https:\/\/fengchashop.com\/es\/wp-json\/wp\/v2\/product_tag?post=6452"}],"curies":[{"name":"wp","href":"https:\/\/api.w.org\/{rel}","templated":true}]}}