{"id":3995,"date":"2025-03-11T17:45:54","date_gmt":"2025-03-11T16:45:54","guid":{"rendered":"https:\/\/test-fengcha.dweb.si\/?page_id=3995"},"modified":"2025-12-01T09:13:22","modified_gmt":"2025-12-01T08:13:22","slug":"venta-al-por-mayor","status":"publish","type":"page","link":"https:\/\/fengchashop.com\/es\/venta-al-por-mayor\/","title":{"rendered":"Venta al por mayor"},"content":{"rendered":"<div class=\"wpb-content-wrapper\"><p>[vc_row][vc_column][vc_row_inner][vc_column_inner][vc_column_text css=\u00bb\u00bb]<\/p>\r\n<p>\u00bfSon ustedes compradores profesionales? \u00bfBuscan un <strong>nuevo proveedor<\/strong> al por mayor? Los art\u00edculos de nuestro cat\u00e1logo est\u00e1n <strong>a su disposici\u00f3n<\/strong>.<\/p>\r\n<!-- \/wp:post-content -->\r\n<p><!-- wp:paragraph -->Feng cha representa <strong>una empresa joven<\/strong> con el objetivo de promover productos gourmet y <strong>productos para la salud<\/strong>. Nos dedicamos a la venta de superalimentos, complementos alimenticios, t\u00e9s, especias, cacao, caf\u00e9, algas&#8230;<\/p>\r\n<!-- \/wp:paragraph -->\r\n<p><!-- wp:paragraph -->Realizamos venta online, venta directa y <strong>venta al por mayor<\/strong>. Casi todos nuestros productos son ecol\u00f3gicos certificados.<\/p>\r\n<!-- \/wp:paragraph -->\r\n<p><!-- wp:paragraph -->Estamos enfocados \u00fanicamente en la <strong>alta calidad<\/strong> de los productos. Todas las descripciones e informaci\u00f3n sobre la calidad de los productos se encuentran en nuestro sitio web: <a href=\"http:\/\/www.fengchashop\/es\/\" target=\"_blank\" rel=\"noopener\">www.fengchashop\/es\/<\/a><\/p>\r\n<!-- \/wp:paragraph -->\r\n<p><!-- wp:paragraph -->Nuestro almac\u00e9n est\u00e1 certificado conforme al sistema de autocontrol <strong>HACCP<\/strong>. Tambi\u00e9n disponemos del <strong>certificado ecol\u00f3gico<\/strong> v\u00e1lido para toda la Uni\u00f3n Europea.<\/p>\r\n<!-- \/wp:paragraph -->\r\n<p>&nbsp;<\/p>\r\n<!-- wp:heading -->\r\n<h2>Productos:<\/h2>\r\n<!-- \/wp:heading -->\r\n<p>&nbsp;<\/p>\r\n<!-- wp:list -->\r\n<ul>\r\n<li><strong>Superalimentos<\/strong> (Moringa, Espirulina, Chlorella, Ashwagandha, Ginseng, Hierba de trigo, Hierba de cebada, Cacao&#8230; )<\/li>\r\n<li><strong>Complementos alimenticios<\/strong> (Hongos medicinales, Zeolita, MSM, Vitaminas, Minerales&#8230;)<\/li>\r\n<li><strong>Especias<\/strong> en grano, polvo, mezclas, especialidades<\/li>\r\n<li><strong>T\u00e9s<\/strong> de alta calidad<\/li>\r\n<\/ul>\r\n<!-- \/wp:list -->\r\n<p>&nbsp;<\/p>\r\n<!-- wp:heading -->\r\n<h2>Servicios:<\/h2>\r\n<!-- \/wp:heading -->\r\n<p>&nbsp;<\/p>\r\n<!-- wp:list -->\r\n<ul>\r\n<li><strong>Reventa de nuestra marca Feng cha<\/strong><\/li>\r\n<\/ul>\r\n<!-- \/wp:list -->\r\n<p><!-- wp:paragraph -->\u00bfTiene una <strong>tienda, herborister\u00eda, farmacia, bar, hotel, sal\u00f3n de t\u00e9, restaurante<\/strong> u otro tipo de establecimiento y desea asesoramiento en la selecci\u00f3n de t\u00e9s, especias, superalimentos y otros productos? Todos nuestros productos est\u00e1n disponibles en envases con nuestra marca Feng cha.<\/p>\r\n<!-- \/wp:paragraph -->\r\n<p>&nbsp;<\/p>\r\n<!-- wp:list -->\r\n<ul>\r\n<li><strong>Venta por kg<\/strong><\/li>\r\n<\/ul>\r\n<!-- \/wp:list -->\r\n<p><!-- wp:paragraph -->\u00bfDesea recibir productos <strong>a granel por kg<\/strong>? No hay problema. Disponemos de listas de precios espec\u00edficas.<\/p>\r\n<!-- \/wp:paragraph -->\r\n<p>&nbsp;<\/p>\r\n<!-- wp:list -->\r\n<ul>\r\n<li><strong>Bulk<\/strong><\/li>\r\n<\/ul>\r\n<!-- \/wp:list -->\r\n<p><!-- wp:paragraph -->Tenemos la opci\u00f3n de suministrar <strong>sacos de 25 kg, 100 kg, 500 kg<\/strong> por producto o m\u00e1s.<\/p>\r\n<!-- \/wp:paragraph -->\r\n<p>&nbsp;<\/p>\r\n<!-- wp:list -->\r\n<ul>\r\n<li><strong>Private label o white label<\/strong><\/li>\r\n<\/ul>\r\n<!-- \/wp:list -->\r\n<p><!-- wp:paragraph -->A petici\u00f3n, tambi\u00e9n realizamos <strong>private label o white label<\/strong> para todos nuestros productos. Podemos tambi\u00e9n envasar productos proporcionados por ustedes.<\/p>\r\n<!-- \/wp:paragraph -->\r\n<p>&nbsp;<\/p>\r\n<!-- wp:list -->\r\n<ul>\r\n<li><strong>C\u00e1psulas<\/strong><\/li>\r\n<\/ul>\r\n<!-- \/wp:list -->\r\n<p><!-- wp:paragraph -->Disponemos de <strong>m\u00e1quinas encapsuladoras<\/strong> totalmente autom\u00e1ticas con una capacidad superior a 200.000 c\u00e1psulas por hora. Ofrecemos c\u00e1psulas en tama\u00f1os \u00ab0\u00bb y \u00ab00\u00bb. Tambi\u00e9n podemos encapsular productos proporcionados por ustedes.<\/p>\r\n<!-- \/wp:paragraph -->\r\n<p>&nbsp;<\/p>\r\n<!-- wp:list -->\r\n<ul>\r\n<li><strong>Comprimidos<\/strong><\/li>\r\n<\/ul>\r\n<!-- \/wp:list -->\r\n<p><!-- wp:paragraph --><strong>Producimos<\/strong> tambi\u00e9n <strong>comprimidos<\/strong> de muchas formas y tama\u00f1os.<\/p>\r\n<!-- \/wp:paragraph -->\r\n<p><!-- wp:paragraph --><strong>Para m\u00e1s informaci\u00f3n <strong>cont\u00e1ctenos<\/strong> directamente <strong>por email<\/strong> <a href=\"mailto:info@fengchashop.com\">info@fengchashop.com<\/a><\/strong><\/p>\r\n<!-- \/wp:paragraph -->\r\n<p>&nbsp;<\/p>\r\n<p>[\/vc_column_text][\/vc_column_inner][\/vc_row_inner][\/vc_column][\/vc_row]<\/p><\/div>","protected":false},"excerpt":{"rendered":"<p>[vc_row][vc_column][vc_row_inner][vc_column_inner][vc_column_text css=\u00bb\u00bb] \u00bfSon ustedes compradores profesionales? \u00bfBuscan un nuevo proveedor al por mayor? Los art\u00edculos de nuestro cat\u00e1logo est\u00e1n a su disposici\u00f3n. Feng cha representa una empresa joven con el objetivo de promover productos gourmet y productos para la salud. Nos dedicamos a la venta de superalimentos, complementos alimenticios, t\u00e9s, especias, cacao, caf\u00e9, algas&#8230; Realizamos [&hellip;]<\/p>\n","protected":false},"author":2,"featured_media":0,"parent":0,"menu_order":0,"comment_status":"closed","ping_status":"closed","template":"page-visual-composer.php","meta":{"_acf_changed":false,"footnotes":""},"class_list":["post-3995","page","type-page","status-publish","hentry"],"acf":[],"_links":{"self":[{"href":"https:\/\/fengchashop.com\/es\/wp-json\/wp\/v2\/pages\/3995","targetHints":{"allow":["GET"]}}],"collection":[{"href":"https:\/\/fengchashop.com\/es\/wp-json\/wp\/v2\/pages"}],"about":[{"href":"https:\/\/fengchashop.com\/es\/wp-json\/wp\/v2\/types\/page"}],"author":[{"embeddable":true,"href":"https:\/\/fengchashop.com\/es\/wp-json\/wp\/v2\/users\/2"}],"replies":[{"embeddable":true,"href":"https:\/\/fengchashop.com\/es\/wp-json\/wp\/v2\/comments?post=3995"}],"version-history":[{"count":5,"href":"https:\/\/fengchashop.com\/es\/wp-json\/wp\/v2\/pages\/3995\/revisions"}],"predecessor-version":[{"id":6767,"href":"https:\/\/fengchashop.com\/es\/wp-json\/wp\/v2\/pages\/3995\/revisions\/6767"}],"wp:attachment":[{"href":"https:\/\/fengchashop.com\/es\/wp-json\/wp\/v2\/media?parent=3995"}],"curies":[{"name":"wp","href":"https:\/\/api.w.org\/{rel}","templated":true}]}}