{"id":3991,"date":"2025-03-11T17:42:37","date_gmt":"2025-03-11T16:42:37","guid":{"rendered":"https:\/\/test-fengcha.dweb.si\/?page_id=3991"},"modified":"2026-04-01T19:23:04","modified_gmt":"2026-04-01T17:23:04","slug":"quienes-somos-y-que-nos-motiva","status":"publish","type":"page","link":"https:\/\/fengchashop.com\/es\/quienes-somos-y-que-nos-motiva\/","title":{"rendered":"Qui\u00e9nes somos y qu\u00e9 nos motiva?"},"content":{"rendered":"<div class=\"wpb-content-wrapper\"><p>[vc_row][vc_column][vc_column_text css=\u00bb\u00bb]<\/p>\r\n<p>Comenzamos con la venta de t\u00e9s. Y con esto nos referimos a t\u00e9s inusuales (aut\u00e9nticos), que como entusiastas siempre echamos de menos en la oferta existente en el mercado esloveno. Seguimos vendiendo t\u00e9s y ofrecemos solo los t\u00e9s de la m\u00e1s alta calidad, <strong>llenos de aroma<\/strong>, <strong>frescura<\/strong> y <strong>rico sabor<\/strong>. A lo largo de los a\u00f1os, sin embargo, hemos ampliado regularmente nuestro surtido seg\u00fan las necesidades del mercado. Primero con <strong>especias<\/strong> arom\u00e1ticas, <strong>cacao<\/strong> y <strong>caf\u00e9<\/strong>, y por supuesto con alimentos conocidos como <strong>superalimentos<\/strong>. Como las necesidades y preferencias de los clientes cambian, siempre tratamos de ofrecer algo nuevo. Al mismo tiempo, mantenemos en la oferta los productos favoritos. \u00daltimamente hemos intentado ofrecer la gama m\u00e1s amplia posible de productos en la categor\u00eda de <strong>alimentos<\/strong> y <strong>complementos alimenticios<\/strong>, que hemos incorporado cuidadosamente a nuestro surtido.<\/p>\r\n<!-- \/wp:post-content -->\r\n<p><!-- wp:paragraph --><strong>Adem\u00e1s de productos de alta calidad, aqu\u00ed tambi\u00e9n encontrar\u00e1n ideas y consejos para una vida m\u00e1s saludable.<\/strong><\/p>\r\n<!-- \/wp:paragraph -->\r\n<p><!-- wp:paragraph -->Como llevamos m\u00e1s de 10 a\u00f1os (desde 2010) trabajando con t\u00e9s y otros productos alimentarios de nuestro amplio surtido, hemos desarrollado una sensibilidad especial por la calidad de nuestros productos, y por eso <strong>en nuestra oferta encontrar\u00e1n solo los mejores sabores<\/strong> y <strong>productos para una vida larga<\/strong> y <strong>saludable<\/strong>. Teniendo en cuenta las tendencias modernas y la creciente conciencia sobre la importancia de una alimentaci\u00f3n saludable, a\u00f1adimos a nuestra oferta \u00fanicamente productos de <strong>producci\u00f3n ecol\u00f3gica<\/strong>, siempre que sea posible.<\/p>\r\n<!-- \/wp:paragraph -->\r\n<p>&nbsp;<\/p>\r\n<!-- wp:heading -->\r\n<h2 class=\"wp-block-heading\"><strong>El equipo Feng Cha est\u00e1 formado por<\/strong><\/h2>\r\n<!-- \/wp:heading --><!-- \/wp:heading -->\r\n<p>&nbsp;<\/p>\r\n<!-- wp:list -->\r\n<ul>\r\n<li style=\"list-style-type: none;\">\r\n<ul><!-- wp:list-item -->\r\n<li><strong>Layla H\u00f6nn<\/strong> &#8211; directora<\/li>\r\n<\/ul>\r\n<\/li>\r\n<\/ul>\r\n<!-- \/wp:list -->\r\n<p>&nbsp;<\/p>\r\n<!-- wp:list -->\r\n<ul>\r\n<li style=\"list-style-type: none;\">\r\n<ul><!-- wp:list-item -->\r\n<li><strong>Miha H\u00f6nn<\/strong> &#8211; fundador<\/li>\r\n<\/ul>\r\n<\/li>\r\n<\/ul>\r\n<!-- \/wp:list -->\r\n<p>&nbsp;<\/p>\r\n<!-- wp:list -->\r\n<ul>\r\n<li style=\"list-style-type: none;\">\r\n<ul><!-- wp:list-item -->\r\n<li><strong>Selma Seyoun Simon\u010di\u010d<\/strong> &#8211; marketing digital<\/li>\r\n<\/ul>\r\n<\/li>\r\n<\/ul>\r\n<!-- \/wp:list -->\r\n<p>&nbsp;<\/p>\r\n<!-- wp:paragraph --><!-- \/wp:paragraph -->\r\n<p><!-- wp:paragraph -->FENG CHA d.o.o.<\/p>\r\n<!-- \/wp:paragraph -->\r\n<p><!-- wp:paragraph -->Rej\u010deva ulica 5<\/p>\r\n<!-- \/wp:paragraph -->\r\n<p><!-- wp:paragraph -->5000 Nova Gorica<\/p>\r\n<!-- \/wp:paragraph -->\r\n<p><!-- wp:paragraph -->Eslovenia \u2013 UE<\/p>\r\n<!-- \/wp:paragraph -->\r\n<p><!-- wp:paragraph -->VAT: SI77642562<\/p>\r\n<!-- \/wp:paragraph -->\r\n<p><!-- wp:paragraph -->Email: <a href=\"mailto:info@fengchashop.com\" target=\"_blank\" rel=\"noreferrer noopener\">info@fengchashop.com<\/a><\/p>\r\n<!-- \/wp:paragraph -->\r\n<p><!-- wp:paragraph -->Tiendas online:<\/p>\r\n<!-- \/wp:paragraph -->\r\n<p><!-- wp:paragraph --><a href=\"https:\/\/fengchashop.com\">https:\/\/fengchashop.com<\/a><\/p>\r\n<p><a href=\"https:\/\/fengchashop.com\/es\">https:\/\/fengchashop.com\/es<\/a><\/p>\r\n<p>&nbsp;<\/p>\r\n<p><img decoding=\"async\" class=\"size-medium wp-image-3992\" src=\"https:\/\/fengchashop.com\/es\/wp-content\/uploads\/2025\/03\/Prodaja-po-Evropi-333x300.jpg\" alt=\"\" width=\"333\" height=\"300\" srcset=\"https:\/\/fengchashop.com\/es\/wp-content\/uploads\/2025\/03\/Prodaja-po-Evropi-333x300.jpg 333w, https:\/\/fengchashop.com\/es\/wp-content\/uploads\/2025\/03\/Prodaja-po-Evropi-595x536.jpg 595w, https:\/\/fengchashop.com\/es\/wp-content\/uploads\/2025\/03\/Prodaja-po-Evropi-150x135.jpg 150w, https:\/\/fengchashop.com\/es\/wp-content\/uploads\/2025\/03\/Prodaja-po-Evropi-768x691.jpg 768w, https:\/\/fengchashop.com\/es\/wp-content\/uploads\/2025\/03\/Prodaja-po-Evropi-1536x1382.jpg 1536w, https:\/\/fengchashop.com\/es\/wp-content\/uploads\/2025\/03\/Prodaja-po-Evropi-2048x1843.jpg 2048w, https:\/\/fengchashop.com\/es\/wp-content\/uploads\/2025\/03\/Prodaja-po-Evropi-450x405.jpg 450w, https:\/\/fengchashop.com\/es\/wp-content\/uploads\/2025\/03\/Prodaja-po-Evropi-350x315.jpg 350w\" sizes=\"(max-width: 333px) 100vw, 333px\" \/><\/p>\r\n<p><!-- \/wp:paragraph -->\u00a0<\/p>\r\n<p>[\/vc_column_text][\/vc_column][\/vc_row]<\/p><\/div>","protected":false},"excerpt":{"rendered":"<p>[vc_row][vc_column][vc_column_text css=\u00bb\u00bb] Comenzamos con la venta de t\u00e9s. Y con esto nos referimos a t\u00e9s inusuales (aut\u00e9nticos), que como entusiastas siempre echamos de menos en la oferta existente en el mercado esloveno. Seguimos vendiendo t\u00e9s y ofrecemos solo los t\u00e9s de la m\u00e1s alta calidad, llenos de aroma, frescura y rico sabor. A lo largo [&hellip;]<\/p>\n","protected":false},"author":2,"featured_media":0,"parent":0,"menu_order":0,"comment_status":"closed","ping_status":"closed","template":"page-visual-composer.php","meta":{"_acf_changed":false,"footnotes":""},"class_list":["post-3991","page","type-page","status-publish","hentry"],"acf":[],"_links":{"self":[{"href":"https:\/\/fengchashop.com\/es\/wp-json\/wp\/v2\/pages\/3991","targetHints":{"allow":["GET"]}}],"collection":[{"href":"https:\/\/fengchashop.com\/es\/wp-json\/wp\/v2\/pages"}],"about":[{"href":"https:\/\/fengchashop.com\/es\/wp-json\/wp\/v2\/types\/page"}],"author":[{"embeddable":true,"href":"https:\/\/fengchashop.com\/es\/wp-json\/wp\/v2\/users\/2"}],"replies":[{"embeddable":true,"href":"https:\/\/fengchashop.com\/es\/wp-json\/wp\/v2\/comments?post=3991"}],"version-history":[{"count":9,"href":"https:\/\/fengchashop.com\/es\/wp-json\/wp\/v2\/pages\/3991\/revisions"}],"predecessor-version":[{"id":6850,"href":"https:\/\/fengchashop.com\/es\/wp-json\/wp\/v2\/pages\/3991\/revisions\/6850"}],"wp:attachment":[{"href":"https:\/\/fengchashop.com\/es\/wp-json\/wp\/v2\/media?parent=3991"}],"curies":[{"name":"wp","href":"https:\/\/api.w.org\/{rel}","templated":true}]}}