{"id":7762,"date":"2026-05-12T16:18:13","date_gmt":"2026-05-12T14:18:13","guid":{"rendered":"https:\/\/fengchashop.com\/de\/product\/green-lip-musel-capsules-120-pcs\/"},"modified":"2026-05-13T09:51:38","modified_gmt":"2026-05-13T07:51:38","slug":"gruenlippmuschel-in-kapseln","status":"publish","type":"product","link":"https:\/\/fengchashop.com\/de\/product\/gruenlippmuschel-in-kapseln\/","title":{"rendered":"Gr\u00fcnlippmuschel in Kapseln 120 Kapseln"},"content":{"rendered":"<h2><strong>Green-lipped mussel Kapseln<\/strong><\/h2>\n<p>Die <strong>Green-lipped mussel<\/strong>, auch Gr\u00fcnlippmuschel genannt (wissenschaftlicher Name: <strong>Perna canaliculus<\/strong>), ist eine Muschelart aus Neuseeland. Sie ist an ihrem charakteristischen gr\u00fcnen Schalenrand zu erkennen. Heute wird sie h\u00e4ufig als Nahrungserg\u00e4nzungsmittel verwendet, vor allem aufgrund ihrer entz\u00fcndungshemmenden Eigenschaften und ihrer unterst\u00fctzenden Wirkung auf die Gelenke.<\/p>\n<p>Die Gr\u00fcnlippmuschel enth\u00e4lt eine reichhaltige Kombination aus:<\/p>\n<ul>\n<li>Omega-3-Fetts\u00e4uren (einschlie\u00dflich seltener ETA)<\/li>\n<li>Glucosamin und Chondroitin<\/li>\n<li>Aminos\u00e4uren<\/li>\n<li>Mineralstoffen (Zink, Selen, Eisen)<\/li>\n<li>Antioxidantien<\/li>\n<\/ul>\n<p>Besonders hervorzuheben ist <strong>ETA (Eicosatetraens\u00e4ure)<\/strong>, die starke entz\u00fcndungshemmende Eigenschaften besitzt.<\/p>\n<h2><strong>Wie wirkt es?<\/strong><\/h2>\n<p>Das Nahrungserg\u00e4nzungsmittel mit Gr\u00fcnlippmuschel-Extrakt unterst\u00fctzt:<\/p>\n<ul>\n<li>die normale Funktion von Gelenken und Knorpeln<\/li>\n<li>die Beweglichkeit und den Bewegungskomfort<\/li>\n<li>die Verringerung von Steifheitsgef\u00fchlen<\/li>\n<li>die entz\u00fcndungshemmende Wirkung<\/li>\n<\/ul>\n<h2><strong>Wof\u00fcr wird es verwendet?<\/strong><\/h2>\n<p>Es wird am h\u00e4ufigsten als nat\u00fcrliche Unterst\u00fctzung verwendet f\u00fcr:<\/p>\n<p><strong>\ud83d\udc9a Gelenke und Beweglichkeit<\/strong><\/p>\n<ul>\n<li>Osteoarthritis<\/li>\n<li>Schmerzen in Knien und H\u00fcften<\/li>\n<li>Sportverletzungen<\/li>\n<\/ul>\n<p><strong>\ud83d\udc9a Entz\u00fcndungshemmende Wirkung<\/strong><\/p>\n<ul>\n<li>die Verringerung chronischer Entz\u00fcndungen<\/li>\n<li>die Unterst\u00fctzung bei rheumatischen Beschwerden<\/li>\n<\/ul>\n<p><strong>\ud83d\udc9a Auch f\u00fcr Tiere<\/strong><\/p>\n<ul>\n<li>sehr h\u00e4ufig f\u00fcr Hunde (Gelenke, H\u00fcften)<\/li>\n<li>Unterst\u00fctzung f\u00fcr \u00e4ltere Tiere<\/li>\n<\/ul>\n<h2><strong>Lagerung und Hinweise<\/strong><\/h2>\n<p>K\u00fchl und trocken lagern (bis 25 \u00b0C), vor Feuchtigkeit und Licht sch\u00fctzen. Verpackung nach jedem Gebrauch gut verschlie\u00dfen.<\/p>\n<p>Au\u00dferhalb der Reichweite von Kindern aufbewahren. Das Produkt sollte im Rahmen einer abwechslungsreichen und ausgewogenen Ern\u00e4hrung sowie eines gesunden Lebensstils verwendet werden.<\/p>\n<h2><strong>Verpackung<\/strong><\/h2>\n<p>Luftdichter Beutel mit Zip-Verschluss, der die Frische und das Aroma des Produkts bewahrt. Die Verpackung sch\u00fctzt dank mehrschichtiger Schutzbarrieren vor Licht und Luft und tr\u00e4gt dazu bei, die Eigenschaften des Inhalts zu erhalten.<\/p>\n<p>Die Verpackung ist sehr praktisch und recycelbar.<\/p>\n<h2><strong>Herkunft<\/strong><\/h2>\n<p>Au\u00dferhalb der EU<\/p>\n","protected":false},"excerpt":{"rendered":"<p data-start=\"0\" data-end=\"285\">Nahrungserg\u00e4nzungsmittel. <strong>Green-lipped mussel<\/strong> ist eine nat\u00fcrliche Quelle von <em>Omega-3-Fetts\u00e4uren und anderen bioaktiven Verbindungen<\/em>, gewonnen aus der neuseel\u00e4ndischen Gr\u00fcnlippmuschel (<span class=\"hover:entity-accent entity-underline inline cursor-pointer align-baseline\"><span class=\"whitespace-normal\">Perna canaliculus<\/span><\/span>). Sie wird h\u00e4ufig als Nahrungserg\u00e4nzungsmittel zur Unterst\u00fctzung der Gelenke, der Beweglichkeit und eines aktiven Lebensstils verwendet.<\/p>\n<p>\ud83d\udc9a nat\u00fcrliche Quelle von Omega-3-Fetts\u00e4uren<\/p>\n<p>\ud83d\udc9a Unterst\u00fctzung f\u00fcr Gelenke und Beweglichkeit<\/p>\n<p>\ud83d\udc9a entz\u00fcndungshemmende Wirkung<\/p>\n<p>\ud83d\udc9a einfache Anwendung \u2013 die Kapsel kann ge\u00f6ffnet und der Inhalt in eine Fl\u00fcssigkeit einger\u00fchrt werden<\/p>\n","protected":false},"featured_media":7761,"comment_status":"open","ping_status":"closed","template":"","meta":{"_acf_changed":false},"product_brand":[],"product_cat":[15,225,224,235,231],"product_tag":[],"class_list":{"0":"post-7762","1":"product","2":"type-product","3":"status-publish","4":"has-post-thumbnail","6":"product_cat-uncategorized","7":"product_cat-alle-produkte","8":"product_cat-angebot","9":"product_cat-neu","10":"product_cat-superfood","12":"first","13":"instock","14":"sale","15":"taxable","16":"shipping-taxable","17":"purchasable","18":"product-type-simple"},"acf":[],"_links":{"self":[{"href":"https:\/\/fengchashop.com\/de\/wp-json\/wp\/v2\/product\/7762","targetHints":{"allow":["GET"]}}],"collection":[{"href":"https:\/\/fengchashop.com\/de\/wp-json\/wp\/v2\/product"}],"about":[{"href":"https:\/\/fengchashop.com\/de\/wp-json\/wp\/v2\/types\/product"}],"replies":[{"embeddable":true,"href":"https:\/\/fengchashop.com\/de\/wp-json\/wp\/v2\/comments?post=7762"}],"wp:featuredmedia":[{"embeddable":true,"href":"https:\/\/fengchashop.com\/de\/wp-json\/wp\/v2\/media\/7761"}],"wp:attachment":[{"href":"https:\/\/fengchashop.com\/de\/wp-json\/wp\/v2\/media?parent=7762"}],"wp:term":[{"taxonomy":"product_brand","embeddable":true,"href":"https:\/\/fengchashop.com\/de\/wp-json\/wp\/v2\/product_brand?post=7762"},{"taxonomy":"product_cat","embeddable":true,"href":"https:\/\/fengchashop.com\/de\/wp-json\/wp\/v2\/product_cat?post=7762"},{"taxonomy":"product_tag","embeddable":true,"href":"https:\/\/fengchashop.com\/de\/wp-json\/wp\/v2\/product_tag?post=7762"}],"curies":[{"name":"wp","href":"https:\/\/api.w.org\/{rel}","templated":true}]}}