{"id":7674,"date":"2026-04-15T04:52:11","date_gmt":"2026-04-15T02:52:11","guid":{"rendered":"https:\/\/fengchashop.com\/de\/product\/kurkumin-c3-kompleks-v-tekocini-150-ml\/"},"modified":"2026-04-17T00:26:34","modified_gmt":"2026-04-16T22:26:34","slug":"curcumin-c3-komplex-in-fluessiger-form","status":"publish","type":"product","link":"https:\/\/fengchashop.com\/de\/product\/curcumin-c3-komplex-in-fluessiger-form\/","title":{"rendered":"Curcumin C3-Komplex in fl\u00fcssiger Form 150 ml"},"content":{"rendered":"<h2><strong>Curcumin C3 Komplex in fl\u00fcssiger Form<\/strong><\/h2>\n<p><strong>Curcumin C3 Komplex in fl\u00fcssiger Form<\/strong> ist ein modernes Nahrungserg\u00e4nzungsmittel, das zur Unterst\u00fctzung des K\u00f6rpers, zum Schutz der Zellen und zur F\u00f6rderung der allgemeinen Vitalit\u00e4t entwickelt wurde. Es enth\u00e4lt hochwertiges Curcumin in einer fortschrittlichen Form, die eine gute Verwertbarkeit und eine wirksame Wirkung im K\u00f6rper erm\u00f6glicht.<\/p>\n<p>Curcumin wirkt als Antioxidans und hilft, die Zellen vor oxidativem Stress zu sch\u00fctzen, w\u00e4hrend es gleichzeitig das Immunsystem und das allgemeine Gleichgewicht im K\u00f6rper unterst\u00fctzt. Das zugesetzte Vitamin C tr\u00e4gt zus\u00e4tzlich zur Funktion des Immunsystems bei und verbessert die Eisenaufnahme.<\/p>\n<p>Die fl\u00fcssige Form erm\u00f6glicht eine einfache Anwendung und gute Aufnahme, w\u00e4hrend der angenehme Apfelgeschmack f\u00fcr einen angenehmen t\u00e4glichen Genuss sorgt.<\/p>\n<h2><strong>Wie wirkt es?<\/strong><\/h2>\n<p>Curcumin tr\u00e4gt zum Schutz der Zellen vor freien Radikalen bei und unterst\u00fctzt die nat\u00fcrlichen Prozesse im K\u00f6rper. In Kombination mit Vitamin C tr\u00e4gt es zu einem besseren Wohlbefinden, zur Unterst\u00fctzung des Immunsystems und zum Schutz des Organismus bei.<\/p>\n<h2><strong>Was ist drin?<\/strong><\/h2>\n<p><strong><span class=\"ml-1\"><span style=\"color: #000000;\">\ud83d\udc9a <\/span><\/span>Curcumin C3 Komplex\u00ae<\/strong><\/p>\n<p><strong><span class=\"ml-1\"><span style=\"color: #000000;\">\ud83d\udc9a <\/span><\/span>Vitamin C<\/strong><\/p>\n<ul>\n<li>tr\u00e4gt zu einer normalen Funktion des Immunsystems bei<\/li>\n<li>tr\u00e4gt zum Schutz der Zellen vor oxidativem Stress bei<\/li>\n<li>tr\u00e4gt zur Verringerung von M\u00fcdigkeit und Ersch\u00f6pfung bei<\/li>\n<li>tr\u00e4gt zu einem normalen Stoffwechsel zur Energiegewinnung bei<\/li>\n<li>tr\u00e4gt zur normalen Funktion des Nervensystems bei<\/li>\n<li>tr\u00e4gt zu einer normalen psychischen Funktion bei<\/li>\n<li>tr\u00e4gt zur normalen Funktion des Immunsystems w\u00e4hrend und nach intensiver k\u00f6rperlicher Bet\u00e4tigung bei<\/li>\n<li>tr\u00e4gt zur normalen Kollagenbildung bei<\/li>\n<li>tr\u00e4gt zur Regeneration der reduzierten Form von Vitamin E bei<\/li>\n<li>f\u00f6rdert die Eisenaufnahme<\/li>\n<\/ul>\n<p><strong><span class=\"ml-1\"><span style=\"color: #000000;\">\ud83d\udc9a <\/span><\/span>Vitamin D3<\/strong><\/p>\n<ul>\n<li>tr\u00e4gt zur normalen Aufnahme\/Verwertung von Kalzium und Phosphor bei<\/li>\n<li>tr\u00e4gt zu einem normalen Kalziumspiegel im Blut bei<\/li>\n<li>tr\u00e4gt zur Erhaltung gesunder Knochen bei<\/li>\n<li>tr\u00e4gt zur Aufrechterhaltung einer normalen Muskelfunktion bei<\/li>\n<li>tr\u00e4gt zur Erhaltung gesunder Z\u00e4hne bei<\/li>\n<li>tr\u00e4gt zur normalen Funktion des Immunsystems bei<\/li>\n<li>spielt eine Rolle bei der Zellteilung<\/li>\n<\/ul>\n<h2><strong>Warum sollten Sie sich f\u00fcr fl\u00fcssiges Curcumin C3-Komplex entscheiden?<\/strong><\/h2>\n<ul>\n<li>fortschrittliche Form f\u00fcr gute Bioverf\u00fcgbarkeit<\/li>\n<li>tr\u00e4gt zur normalen Funktion des Immunsystems bei<\/li>\n<li>unterst\u00fctzt das Immunsystem und den Zellschutz<\/li>\n<li>enth\u00e4lt zugesetztes Vitamin C<\/li>\n<li>Fl\u00fcssige Form f\u00fcr einfache Anwendung<\/li>\n<li>Angenehmer Apfelgeschmack<\/li>\n<li>F\u00fcr Veganer geeignet<\/li>\n<li>Gluten-, laktose- und GVO-frei<\/li>\n<\/ul>\n<h2 style=\"text-align: justify;\"><span style=\"color: #000000;\">Lagerung und Hinweise<\/span><\/h2>\n<p>An einem trockenen und dunklen Ort bei einer Temperatur von bis zu 25 \u00b0C lagern. Nach dem \u00d6ffnen im K\u00fchlschrank aufbewahren.<\/p>\n<p>Denken Sie daran, wie wichtig eine abwechslungsreiche Ern\u00e4hrung und ein gesunder Lebensstil sind. Nahrungserg\u00e4nzungsmittel sind kein Ersatz f\u00fcr eine ausgewogene und abwechslungsreiche Ern\u00e4hrung. Die empfohlene Tagesdosis darf nicht \u00fcberschritten werden. Au\u00dferhalb der Reichweite von Kindern aufbewahren!<\/p>\n<h2><span style=\"color: #000000;\">Verpackung<\/span><\/h2>\n<p>Die hochwertige dunkle Kunststoffflasche wurde f\u00fcr den maximalen Schutz der fl\u00fcssigen Vitamine und Mineralstoffe entwickelt. Sie sch\u00fctzt den Inhalt vor Licht, Luft und \u00e4u\u00dferen Einfl\u00fcssen und tr\u00e4gt dazu bei, Frische, Stabilit\u00e4t und Wirksamkeit w\u00e4hrend der gesamten Anwendungsdauer zu bewahren.<\/p>\n<p>Die Verpackung ist sehr praktisch und recycelbar.<\/p>\n<h2>Herkunft<\/h2>\n<p>EU<\/p>\n","protected":false},"excerpt":{"rendered":"<p><strong>Kurkumin C3 Komplex in fl\u00fcssiger Form<\/strong> ist ein fortschrittliches Nahrungserg\u00e4nzungsmittel mit einer hoch bioverf\u00fcgbaren Form von Kurkumin, das zur Unterst\u00fctzung des Zellschutzes, des Immunsystems und des allgemeinen Wohlbefindens entwickelt wurde.<\/p>\n<p><span class=\"ml-1\"><span style=\"color: #000000;\">\ud83d\udc9a <\/span><\/span>hohe Bioverf\u00fcgbarkeit f\u00fcr eine wirksame Wirkung<\/p>\n<p><span class=\"ml-1\"><span style=\"color: #000000;\">\ud83d\udc9a <\/span><\/span>tr\u00e4gt zur normalen Funktion des Immunsystems bei<\/p>\n<p><span class=\"ml-1\"><span style=\"color: #000000;\">\ud83d\udc9a <\/span><\/span>tr\u00e4gt zum Schutz der Zellen vor oxidativem Stress bei<\/p>\n<p><span class=\"ml-1\"><span style=\"color: #000000;\">\ud83d\udc9a <\/span><\/span>fl\u00fcssige Form f\u00fcr einfache Anwendung und gute Aufnahme<\/p>\n<p><span class=\"ml-1\"><span style=\"color: #000000;\">\ud83d\udc9a <\/span><\/span>f\u00fcr Veganer geeignet<\/p>\n<p><span class=\"ml-1\"><span style=\"color: #000000;\">\ud83d\udc9a <\/span><\/span>frei von Gluten, Laktose und GVO<\/p>\n","protected":false},"featured_media":7673,"comment_status":"open","ping_status":"closed","template":"","meta":{"_acf_changed":false},"product_brand":[],"product_cat":[15,225,224,230,235],"product_tag":[],"class_list":{"0":"post-7674","1":"product","2":"type-product","3":"status-publish","4":"has-post-thumbnail","6":"product_cat-uncategorized","7":"product_cat-alle-produkte","8":"product_cat-angebot","9":"product_cat-mineralien-vitaminen","10":"product_cat-neu","12":"first","13":"instock","14":"sale","15":"taxable","16":"shipping-taxable","17":"purchasable","18":"product-type-simple"},"acf":[],"_links":{"self":[{"href":"https:\/\/fengchashop.com\/de\/wp-json\/wp\/v2\/product\/7674","targetHints":{"allow":["GET"]}}],"collection":[{"href":"https:\/\/fengchashop.com\/de\/wp-json\/wp\/v2\/product"}],"about":[{"href":"https:\/\/fengchashop.com\/de\/wp-json\/wp\/v2\/types\/product"}],"replies":[{"embeddable":true,"href":"https:\/\/fengchashop.com\/de\/wp-json\/wp\/v2\/comments?post=7674"}],"wp:featuredmedia":[{"embeddable":true,"href":"https:\/\/fengchashop.com\/de\/wp-json\/wp\/v2\/media\/7673"}],"wp:attachment":[{"href":"https:\/\/fengchashop.com\/de\/wp-json\/wp\/v2\/media?parent=7674"}],"wp:term":[{"taxonomy":"product_brand","embeddable":true,"href":"https:\/\/fengchashop.com\/de\/wp-json\/wp\/v2\/product_brand?post=7674"},{"taxonomy":"product_cat","embeddable":true,"href":"https:\/\/fengchashop.com\/de\/wp-json\/wp\/v2\/product_cat?post=7674"},{"taxonomy":"product_tag","embeddable":true,"href":"https:\/\/fengchashop.com\/de\/wp-json\/wp\/v2\/product_tag?post=7674"}],"curies":[{"name":"wp","href":"https:\/\/api.w.org\/{rel}","templated":true}]}}