{"id":7672,"date":"2026-04-15T04:37:10","date_gmt":"2026-04-15T02:37:10","guid":{"rendered":"https:\/\/fengchashop.com\/de\/product\/selen-v-tekocini-150-ml\/"},"modified":"2026-04-17T00:26:34","modified_gmt":"2026-04-16T22:26:34","slug":"selen-in-fluessigform","status":"publish","type":"product","link":"https:\/\/fengchashop.com\/de\/product\/selen-in-fluessigform\/","title":{"rendered":"Selen in Fl\u00fcssigform 150 ml"},"content":{"rendered":"<h2><strong>Selen in fl\u00fcssiger Form<\/strong><\/h2>\n<p><strong>Fl\u00fcssiges Selen <\/strong>ist ein modernes Nahrungserg\u00e4nzungsmittel zur Unterst\u00fctzung des Immunsystems, der Schilddr\u00fcse und zum Schutz der Zellen. Es enth\u00e4lt das essentielle Spurenelement Selen, das an wichtigen Prozessen im K\u00f6rper beteiligt ist \u2013 von der Funktion des Immunsystems bis zum Schutz vor oxidativem Stress.<\/p>\n<p>Selen tr\u00e4gt zur normalen Funktion der Schilddr\u00fcse, zur Erhaltung gesunder Haare und N\u00e4gel sowie zum Schutz der Zellen vor freien Radikalen bei.<\/p>\n<p>Die fl\u00fcssige Form erm\u00f6glicht eine einfache Anwendung und gute Aufnahme, w\u00e4hrend der angenehme Mangogeschmack f\u00fcr einen angenehmen t\u00e4glichen Genuss sorgt.<\/p>\n<h2><strong>Wie wirkt es?<\/strong><\/h2>\n<p>Selen spielt eine wichtige Rolle bei der Abwehr von oxidativem Stress und unterst\u00fctzt die normale Funktion des Immunsystems. Au\u00dferdem ist es an der Funktion der Schilddr\u00fcse beteiligt, die zahlreiche Prozesse im K\u00f6rper reguliert.<\/p>\n<h2><strong>Was enth\u00e4lt es?<\/strong><\/h2>\n<p><strong><span class=\"ml-1\"><span style=\"color: #000000;\">\ud83d\udc9a <\/span><\/span>Selen<\/strong><\/p>\n<ul>\n<li>tr\u00e4gt zu einer <strong>normalen Spermatogenese bei<\/strong><\/li>\n<li>tr\u00e4gt zur <strong>Erhaltung gesunder Haare bei<\/strong><\/li>\n<li>tr\u00e4gt zur <strong>Erhaltung gesunder N\u00e4gel bei<\/strong><\/li>\n<li>tr\u00e4gt zu einer <strong>normalen Funktion des Immunsystems bei<\/strong><\/li>\n<li>tr\u00e4gt zu einer <strong>normalen Funktion der Schilddr\u00fcse bei<\/strong><\/li>\n<li>tr\u00e4gt zum <strong>Schutz der Zellen vor oxidativem Stress bei<\/strong><\/li>\n<\/ul>\n<h2><strong>Warum fl\u00fcssiges Selen w\u00e4hlen?<\/strong><\/h2>\n<ul>\n<li>tr\u00e4gt zur normalen Funktion des Immunsystems und der Schilddr\u00fcse bei<\/li>\n<li>tr\u00e4gt zum Schutz der Zellen vor oxidativem Stress bei<\/li>\n<li>tr\u00e4gt zur Erhaltung gesunder Haare und N\u00e4gel bei<\/li>\n<li>fl\u00fcssige Form f\u00fcr einfache Anwendung<\/li>\n<li>angenehmer Mangogeschmack<\/li>\n<li>f\u00fcr Veganer geeignet<\/li>\n<li>gluten-, laktose- und GVO-frei<\/li>\n<\/ul>\n<h2 style=\"text-align: justify;\"><span style=\"color: #000000;\">Lagerung und Hinweise<\/span><\/h2>\n<p>An einem trockenen und dunklen Ort bei einer Temperatur von bis zu 25 \u00b0C lagern. Nach dem \u00d6ffnen im K\u00fchlschrank aufbewahren.<\/p>\n<p>Denken Sie daran, wie wichtig eine abwechslungsreiche Ern\u00e4hrung und ein gesunder Lebensstil sind. Nahrungserg\u00e4nzungsmittel sind kein Ersatz f\u00fcr eine ausgewogene und abwechslungsreiche Ern\u00e4hrung. Die empfohlene Tagesdosis darf nicht \u00fcberschritten werden. Au\u00dferhalb der Reichweite von Kindern aufbewahren!<\/p>\n<h2><span style=\"color: #000000;\">Verpackung<\/span><\/h2>\n<p>Die hochwertige dunkle Kunststoffflasche wurde f\u00fcr den maximalen Schutz der fl\u00fcssigen Vitamine und Mineralstoffe entwickelt. Sie sch\u00fctzt den Inhalt vor Licht, Luft und \u00e4u\u00dferen Einfl\u00fcssen und tr\u00e4gt dazu bei, Frische, Stabilit\u00e4t und Wirksamkeit w\u00e4hrend der gesamten Anwendungsdauer zu bewahren.<\/p>\n<p>Die Verpackung ist sehr praktisch und recycelbar.<\/p>\n<h2>Herkunft<\/h2>\n<p>EU<\/p>\n","protected":false},"excerpt":{"rendered":"<p><strong>Fl\u00fcssiges Selen mit Mango-Geschmack<\/strong> ist ein Nahrungserg\u00e4nzungsmittel mit hohem Selengehalt (182 % RDA), das die Schilddr\u00fcse, das Immunsystem und den Zellschutz unterst\u00fctzt.<\/p>\n<p><span class=\"ml-1\"><span style=\"color: #000000;\">\ud83d\udc9a <\/span><\/span>tr\u00e4gt zur normalen Funktion des Immunsystems und der Schilddr\u00fcse bei<\/p>\n<p><span class=\"ml-1\"><span style=\"color: #000000;\">\ud83d\udc9a <\/span><\/span>Sch\u00fctzt die Zellen vor oxidativem Stress<\/p>\n<p><span class=\"ml-1\"><span style=\"color: #000000;\">\ud83d\udc9a <\/span><\/span>Tr\u00e4gt zur Erhaltung gesunder Haare und N\u00e4gel sowie zur Fruchtbarkeit bei<\/p>\n<p><span class=\"ml-1\"><span style=\"color: #000000;\">\ud83d\udc9a <\/span><\/span>fl\u00fcssige Form f\u00fcr einfache Einnahme und gute Aufnahme<\/p>\n<p><span class=\"ml-1\"><span style=\"color: #000000;\">\ud83d\udc9a <\/span><\/span>angenehmer Mangogeschmack,<\/p>\n<p><span class=\"ml-1\"><span style=\"color: #000000;\">\ud83d\udc9a <\/span><\/span>f\u00fcr Veganer geeignet<\/p>\n<p><span class=\"ml-1\"><span style=\"color: #000000;\">\ud83d\udc9a <\/span><\/span>frei von Gluten, Laktose und GVO<\/p>\n","protected":false},"featured_media":7671,"comment_status":"open","ping_status":"closed","template":"","meta":{"_acf_changed":false},"product_brand":[],"product_cat":[15,225,224,230,235],"product_tag":[],"class_list":{"0":"post-7672","1":"product","2":"type-product","3":"status-publish","4":"has-post-thumbnail","6":"product_cat-uncategorized","7":"product_cat-alle-produkte","8":"product_cat-angebot","9":"product_cat-mineralien-vitaminen","10":"product_cat-neu","12":"first","13":"instock","14":"sale","15":"taxable","16":"shipping-taxable","17":"purchasable","18":"product-type-simple"},"acf":[],"_links":{"self":[{"href":"https:\/\/fengchashop.com\/de\/wp-json\/wp\/v2\/product\/7672","targetHints":{"allow":["GET"]}}],"collection":[{"href":"https:\/\/fengchashop.com\/de\/wp-json\/wp\/v2\/product"}],"about":[{"href":"https:\/\/fengchashop.com\/de\/wp-json\/wp\/v2\/types\/product"}],"replies":[{"embeddable":true,"href":"https:\/\/fengchashop.com\/de\/wp-json\/wp\/v2\/comments?post=7672"}],"wp:featuredmedia":[{"embeddable":true,"href":"https:\/\/fengchashop.com\/de\/wp-json\/wp\/v2\/media\/7671"}],"wp:attachment":[{"href":"https:\/\/fengchashop.com\/de\/wp-json\/wp\/v2\/media?parent=7672"}],"wp:term":[{"taxonomy":"product_brand","embeddable":true,"href":"https:\/\/fengchashop.com\/de\/wp-json\/wp\/v2\/product_brand?post=7672"},{"taxonomy":"product_cat","embeddable":true,"href":"https:\/\/fengchashop.com\/de\/wp-json\/wp\/v2\/product_cat?post=7672"},{"taxonomy":"product_tag","embeddable":true,"href":"https:\/\/fengchashop.com\/de\/wp-json\/wp\/v2\/product_tag?post=7672"}],"curies":[{"name":"wp","href":"https:\/\/api.w.org\/{rel}","templated":true}]}}