{"id":7670,"date":"2026-04-15T04:27:17","date_gmt":"2026-04-15T02:27:17","guid":{"rendered":"https:\/\/fengchashop.com\/de\/product\/zelezo-v-tekocini-250-ml\/"},"modified":"2026-04-17T00:26:34","modified_gmt":"2026-04-16T22:26:34","slug":"eisen-in-fluessiger-form","status":"publish","type":"product","link":"https:\/\/fengchashop.com\/de\/product\/eisen-in-fluessiger-form\/","title":{"rendered":"Eisen in fl\u00fcssiger Form 250 ml"},"content":{"rendered":"<h2><strong>Eisen in fl\u00fcssiger Form<\/strong><\/h2>\n<p><strong>Fl\u00fcssiges Eisen <\/strong>ist ein modernes Nahrungserg\u00e4nzungsmittel, das zur Unterst\u00fctzung der Energieversorgung, der Blutbildung und des allgemeinen Wohlbefindens entwickelt wurde. Es enth\u00e4lt Eisen sowie eine sorgf\u00e4ltig ausgew\u00e4hlte Kombination von Vitaminen, die an wichtigen Prozessen im K\u00f6rper beteiligt sind \u2013 von der Bildung roter Blutk\u00f6rperchen bis zur Freisetzung von Energie im Stoffwechsel.<\/p>\n<p>Die fortschrittliche Formel kombiniert Eisen mit Vitamin C und den B-Vitaminen (B1, B2, B6 und B12), die zu einer besseren Eisenaufnahme, zur Verringerung von M\u00fcdigkeit und zur Unterst\u00fctzung des Immunsystems beitragen.<\/p>\n<p>Die fl\u00fcssige Form erm\u00f6glicht eine einfache Einnahme und gute Aufnahme, was besonders f\u00fcr Personen geeignet ist, denen die Einnahme von Kapseln oder Tabletten schwerf\u00e4llt.<\/p>\n<h2><strong>Wie wirkt es?<\/strong><\/h2>\n<p>Eisen spielt eine entscheidende Rolle bei der Bildung von roten Blutk\u00f6rperchen und H\u00e4moglobin, die den Sauerstofftransport im K\u00f6rper erm\u00f6glichen. Zusammen mit den Vitaminen tr\u00e4gt es zur Energiegewinnung, zur Verringerung von M\u00fcdigkeit und zur normalen Funktion des Immunsystems bei.<\/p>\n<h2><strong>Was ist drin?<\/strong><\/h2>\n<p><span class=\"ml-1\"><span style=\"color: #000000;\">\ud83d\udc9a <\/span><\/span><strong>Eisen<\/strong><\/p>\n<ul>\n<li>tr\u00e4gt zur Bildung roter Blutk\u00f6rperchen und von H\u00e4moglobin sowie zur Verringerung von M\u00fcdigkeit bei<\/li>\n<li>spielt eine Rolle bei kognitiven Funktionen.<\/li>\n<li>tr\u00e4gt zur Freisetzung von Energie im Stoffwechsel bei<\/li>\n<li>spielt eine Rolle bei der Bildung von roten Blutk\u00f6rperchen und H\u00e4moglobin.<\/li>\n<li>spielt eine Rolle beim Sauerstofftransport im K\u00f6rper.<\/li>\n<li>spielt eine Rolle bei der Funktion des Immunsystems<\/li>\n<li>tr\u00e4gt zur Verringerung von M\u00fcdigkeit und Ersch\u00f6pfung bei und spielt eine Rolle bei der Zellteilung<\/li>\n<\/ul>\n<p><span class=\"ml-1\"><span style=\"color: #000000;\">\ud83d\udc9a <\/span><\/span><strong>Vitamin C<\/strong> \u2013 erh\u00f6ht die Eisenaufnahme<\/p>\n<p><span class=\"ml-1\"><span style=\"color: #000000;\">\ud83d\udc9a <\/span><\/span><strong>Vitamin B1 (Thiamin)<\/strong> \u2013 tr\u00e4gt zu einem normalen Energiestoffwechsel bei<\/p>\n<p><span class=\"ml-1\"><span style=\"color: #000000;\">\ud83d\udc9a <\/span><\/span><strong>Vitamin B2 (Riboflavin)<\/strong> \u2013 tr\u00e4gt zum Schutz der Zellen vor oxidativem Stress bei<\/p>\n<p><span class=\"ml-1\"><span style=\"color: #000000;\">\ud83d\udc9a <\/span><\/span><strong>Vitamin B6<\/strong> \u2013 tr\u00e4gt zur Bildung roter Blutk\u00f6rperchen bei<\/p>\n<p><span class=\"ml-1\"><span style=\"color: #000000;\">\ud83d\udc9a <\/span><\/span><strong>Vitamin B12<\/strong> \u2013 tr\u00e4gt zur Verringerung von M\u00fcdigkeit und zur Funktion des Nervensystems bei<\/p>\n<h2><strong>Warum fl\u00fcssiges Eisen w\u00e4hlen?<\/strong><\/h2>\n<ul>\n<li>tr\u00e4gt zur normalen Funktion des Immunsystems bei<\/li>\n<li>Kombination aus Eisen und Vitaminen f\u00fcr eine bessere Verwertbarkeit<\/li>\n<li>fl\u00fcssige Form f\u00fcr eine einfachere Einnahme<\/li>\n<li>angenehmer Apfelgeschmack<\/li>\n<li>f\u00fcr Veganer geeignet<\/li>\n<li>gluten-, laktose- und GVO-frei<\/li>\n<\/ul>\n<h2 style=\"text-align: justify;\"><span style=\"color: #000000;\">Lagerung und Hinweise<\/span><\/h2>\n<p>An einem trockenen und dunklen Ort bei einer Temperatur von bis zu 25 \u00b0C lagern. Nach dem \u00d6ffnen im K\u00fchlschrank aufbewahren.<\/p>\n<p>Denken Sie daran, wie wichtig eine abwechslungsreiche Ern\u00e4hrung und ein gesunder Lebensstil sind. Nahrungserg\u00e4nzungsmittel sind kein Ersatz f\u00fcr eine ausgewogene und abwechslungsreiche Ern\u00e4hrung. Die empfohlene Tagesdosis darf nicht \u00fcberschritten werden. Au\u00dferhalb der Reichweite von Kindern aufbewahren!<\/p>\n<h2><span style=\"color: #000000;\">Verpackung<\/span><\/h2>\n<p>Die hochwertige dunkle Kunststoffflasche wurde f\u00fcr den maximalen Schutz der fl\u00fcssigen Vitamine und Mineralstoffe entwickelt. Sie sch\u00fctzt den Inhalt vor Licht, Luft und \u00e4u\u00dferen Einfl\u00fcssen und tr\u00e4gt dazu bei, Frische, Stabilit\u00e4t und Wirksamkeit w\u00e4hrend der gesamten Anwendungsdauer zu bewahren.<\/p>\n<p>Die Verpackung ist sehr praktisch und recycelbar.<\/p>\n<h2>Herkunft<\/h2>\n<p>EU<\/p>\n","protected":false},"excerpt":{"rendered":"<p><strong>Fl\u00fcssiges Eisen <\/strong>mit Vitaminen wurde entwickelt, um die Bildung roter Blutk\u00f6rperchen, den Sauerstofftransport im K\u00f6rper sowie die Verringerung von M\u00fcdigkeit und Ersch\u00f6pfung zu unterst\u00fctzen.<\/p>\n<p><span class=\"ml-1\"><span style=\"color: #000000;\">\ud83d\udc9a <\/span><\/span>fl\u00fcssige Form f\u00fcr einfache Einnahme<\/p>\n<p><span class=\"ml-1\"><span style=\"color: #000000;\">\ud83d\udc9a <\/span><\/span>gute Aufnahme und Verwertung der N\u00e4hrstoffe<\/p>\n<p><span class=\"ml-1\"><span style=\"color: #000000;\">\ud83d\udc9a <\/span><\/span>hilft, M\u00fcdigkeit und Ersch\u00f6pfung zu verringern<\/p>\n<p><span class=\"ml-1\"><span style=\"color: #000000;\">\ud83d\udc9a<\/span><\/span>tr\u00e4gt zur normalen Funktion des Immunsystems bei<\/p>\n<p><span class=\"ml-1\"><span style=\"color: #000000;\">\ud83d\udc9a<\/span><\/span>Kombination aus Eisen und Vitaminen f\u00fcr eine bessere Verwertbarkeit<\/p>\n<p><span class=\"ml-1\"><span style=\"color: #000000;\">\ud83d\udc9a <\/span><\/span>f\u00fcr Veganer geeignet<\/p>\n<p><span class=\"ml-1\"><span style=\"color: #000000;\">\ud83d\udc9a <\/span><\/span>frei von Gluten, Laktose und GVO<\/p>\n","protected":false},"featured_media":7669,"comment_status":"open","ping_status":"closed","template":"","meta":{"_acf_changed":false},"product_brand":[],"product_cat":[15,225,224,230,235],"product_tag":[],"class_list":{"0":"post-7670","1":"product","2":"type-product","3":"status-publish","4":"has-post-thumbnail","6":"product_cat-uncategorized","7":"product_cat-alle-produkte","8":"product_cat-angebot","9":"product_cat-mineralien-vitaminen","10":"product_cat-neu","12":"first","13":"instock","14":"sale","15":"taxable","16":"shipping-taxable","17":"purchasable","18":"product-type-simple"},"acf":[],"_links":{"self":[{"href":"https:\/\/fengchashop.com\/de\/wp-json\/wp\/v2\/product\/7670","targetHints":{"allow":["GET"]}}],"collection":[{"href":"https:\/\/fengchashop.com\/de\/wp-json\/wp\/v2\/product"}],"about":[{"href":"https:\/\/fengchashop.com\/de\/wp-json\/wp\/v2\/types\/product"}],"replies":[{"embeddable":true,"href":"https:\/\/fengchashop.com\/de\/wp-json\/wp\/v2\/comments?post=7670"}],"wp:featuredmedia":[{"embeddable":true,"href":"https:\/\/fengchashop.com\/de\/wp-json\/wp\/v2\/media\/7669"}],"wp:attachment":[{"href":"https:\/\/fengchashop.com\/de\/wp-json\/wp\/v2\/media?parent=7670"}],"wp:term":[{"taxonomy":"product_brand","embeddable":true,"href":"https:\/\/fengchashop.com\/de\/wp-json\/wp\/v2\/product_brand?post=7670"},{"taxonomy":"product_cat","embeddable":true,"href":"https:\/\/fengchashop.com\/de\/wp-json\/wp\/v2\/product_cat?post=7670"},{"taxonomy":"product_tag","embeddable":true,"href":"https:\/\/fengchashop.com\/de\/wp-json\/wp\/v2\/product_tag?post=7670"}],"curies":[{"name":"wp","href":"https:\/\/api.w.org\/{rel}","templated":true}]}}