{"id":7392,"date":"2026-02-02T22:59:32","date_gmt":"2026-02-02T21:59:32","guid":{"rendered":"https:\/\/fengchashop.com\/de\/?post_type=product&#038;p=7392"},"modified":"2026-05-07T00:22:24","modified_gmt":"2026-05-06T22:22:24","slug":"zapper-mehrfrequentes-handgeraet","status":"publish","type":"product","link":"https:\/\/fengchashop.com\/de\/product\/zapper-mehrfrequentes-handgeraet\/","title":{"rendered":"ZAPPER \u2013 mehrfrequentes Handger\u00e4t"},"content":{"rendered":"<h2><span style=\"color: #000000;\">Bezeichnung<\/span><\/h2>\n<p style=\"text-align: justify;\"><span style=\"color: #000000;\">ZAPPER \u2013 multifrequentes Handger\u00e4t nach dem Konzept von Dr. Hulda Clark<\/span><\/p>\n<h2><span style=\"color: #000000;\">Produktbeschreibung<\/span><\/h2>\n<p><span style=\"color: #000000;\">Der Zapper ist ein multifrequentes elektronisches Handger\u00e4t, das nach dem Konzept von Dr. Hulda Clark entwickelt wurde und f\u00fcr eine einfache sowie zuverl\u00e4ssige Anwendung zu Hause bestimmt ist. Er arbeitet durch die Abgabe eines pulsierenden elektrischen Signals und nutzt automatisch <strong>26 Frequenzen im Bereich von etwa 10 bis 41 kHz<\/strong>, die sich w\u00e4hrend des Betriebs abwechseln.<\/span><\/p>\n<p><span style=\"color: #000000;\">Die Bedienung erfolgt \u00fcber eine Taste und das Ger\u00e4t arbeitet in einem <strong>automatischen 7-Minuten-Zyklus<\/strong> mit automatischer Abschaltung. Licht- und Tonsignale erm\u00f6glichen die Kontrolle der ordnungsgem\u00e4\u00dfen Funktion. Es ist mit <strong>abnehmbaren Handelektroden aus poliertem Messing<\/strong> ausgestattet und erlaubt die Einstellung der Ausgangsspannung.<\/span><\/p>\n<p><span style=\"color: #000000;\">Das Ger\u00e4t wird mit einer standardm\u00e4\u00dfigen 9-V-Batterie betrieben (im Lieferumfang enthalten), ist kompakt, tragbar und f\u00fcr den Einsatz zu Hause oder unterwegs geeignet. Es wird gem\u00e4\u00df den <strong>GMP- und ISO-Standards<\/strong> hergestellt und verf\u00fcgt \u00fcber eine <strong>5-j\u00e4hrige Garantie<\/strong>.<\/span><\/p>\n<p data-start=\"488\" data-end=\"758\"><strong>Der Zapper sendet milde elektrische Impulse aus, die:<\/strong><br data-start=\"541\" data-end=\"544\" \/>\ud83d\udc9a helfen, die Pr\u00e4senz von Parasiten, Bakterien und Viren zu verringern<br data-start=\"615\" data-end=\"618\" \/>\ud83d\udc9a die nat\u00fcrlichen Entgiftungsprozesse des K\u00f6rpers unterst\u00fctzen<br data-start=\"681\" data-end=\"684\" \/>\ud83d\udc9a zu einem besseren allgemeinen Wohlbefinden und mehr Energie beitragen<\/p>\n<p data-start=\"760\" data-end=\"868\">Er basiert auf der Anwendung spezifischer elektrischer Frequenzen, die auf Mikroorganismen im K\u00f6rper wirken.<\/p>\n<h2><span style=\"color: #000000;\">Hauptvorteile<\/span><\/h2>\n<ul>\n<li><span style=\"color: #000000;\">Multifrequenter Betrieb mit <strong>26 automatischen Frequenzen<\/strong><\/span><\/li>\n<li><span style=\"color: #000000;\">Automatisches <strong>7-Minuten-Programm<\/strong> f\u00fcr eine einfache und sichere Anwendung<\/span><\/li>\n<li><span style=\"color: #000000;\">Einstellbare Ausgangsspannung (ca. 2 % bis 100 %)<\/span><\/li>\n<li><span style=\"color: #000000;\">Visuelle und akustische Funktionskontrolle<\/span><\/li>\n<li><span style=\"color: #000000;\">Automatische Abschaltung und Kurzschlussschutz<\/span><\/li>\n<li><span style=\"color: #000000;\">Abnehmbare Handelektroden aus poliertem Messing<\/span><\/li>\n<li><span style=\"color: #000000;\">Kompakt, tragbar und einfach zu bedienen<\/span><\/li>\n<li><span style=\"color: #000000;\">Betrieb mit standardm\u00e4\u00dfiger 9-V-Batterie<\/span><\/li>\n<li><span style=\"color: #000000;\">Hohe Verarbeitungsqualit\u00e4t, getestete Funktion<\/span><\/li>\n<li><span style=\"color: #000000;\">5 Jahre Garantie<\/span><\/li>\n<\/ul>\n<h2><span style=\"color: #000000;\">Design und Funktionalit\u00e4t<\/span><\/h2>\n<p><span style=\"color: #000000;\">Der Zapper ist minimalistisch und funktional gestaltet. Das Geh\u00e4use besteht aus robustem synthetischem Kunststoff, der die Elektronik sch\u00fctzt und eine lange Lebensdauer gew\u00e4hrleistet. Dank seiner kompakten Gr\u00f6\u00dfe ist eine einfache Aufbewahrung und ein bequemer Transport m\u00f6glich.<\/span><\/p>\n<p><span style=\"color: #000000;\">Die Handelektroden aus poliertem Messing sind ergonomisch geformt und angenehm in der Handhabung. Aufgrund der nat\u00fcrlichen Materialeigenschaften verf\u00fcgen sie zudem \u00fcber antibakterielle Eigenschaften. Die Elektroden sind abnehmbar und k\u00f6nnen bei Bedarf gereinigt oder ausgetauscht werden.<\/span><\/p>\n<p><span style=\"color: #000000;\">Das Ger\u00e4t schaltet sich automatisch nur dann ein, wenn der Benutzer beide Elektroden korrekt h\u00e4lt, was die Sicherheit der Anwendung erh\u00f6ht. Bei schlechtem Kontakt, trockener Haut oder besch\u00e4digtem Kabel startet das Ger\u00e4t nicht und warnt den Benutzer mit einem Signal.<\/span><\/p>\n<h2><span style=\"color: #000000;\">Wichtiger Hinweis<\/span><\/h2>\n<p><span style=\"color: #000000;\">Der Zapper ist kein medizinisches Ger\u00e4t und nicht zur Diagnose, Behandlung oder Vorbeugung von Krankheiten bestimmt. Die Verwendung erfolgt auf eigene Verantwortung. Schwangere Frauen sowie Personen mit Herzschrittmacher oder \u00e4hnlichen Ger\u00e4ten d\u00fcrfen den Zapper nicht verwenden.<\/span><\/p>\n","protected":false},"excerpt":{"rendered":"<p>Der Zapper ist f\u00fcr <strong>die einfache und regelm\u00e4\u00dfige h\u00e4usliche Anwendung eines multifrequenten elektronischen Ger\u00e4ts nach dem Konzept von Dr. Hulda Clark<\/strong> vorgesehen.<\/p>\n<p>\ud83d\udc9a Multifrequenter Betrieb mit <strong>26 automatischen Frequenzen<\/strong><br \/>\n\ud83d\udc9a Automatisches <strong>7-Minuten-Programm<\/strong> f\u00fcr eine einfache und sichere Anwendung<br \/>\n\ud83d\udc9a Einstellbare Ausgangsspannung (ca. 2 % bis 100 %)<br \/>\n\ud83d\udc9a Visuelle und akustische Funktionskontrolle<br \/>\n\ud83d\udc9a Automatische Abschaltung und Kurzschlussschutz<br \/>\n\ud83d\udc9a Abnehmbare Handelektroden aus poliertem Messing<br \/>\n\ud83d\udc9a Kompakt, tragbar und einfach zu bedienen<br \/>\n\ud83d\udc9a Betrieb mit standardm\u00e4\u00dfiger 9-V-Batterie<br \/>\n\ud83d\udc9a Hohe Verarbeitungsqualit\u00e4t, getestete Funktion<\/p>\n","protected":false},"featured_media":7395,"comment_status":"open","ping_status":"closed","template":"","meta":{"_acf_changed":false},"product_brand":[],"product_cat":[225,224,235,236],"product_tag":[],"class_list":{"0":"post-7392","1":"product","2":"type-product","3":"status-publish","4":"has-post-thumbnail","6":"product_cat-alle-produkte","7":"product_cat-angebot","8":"product_cat-neu","9":"product_cat-sonstiges","11":"first","12":"instock","13":"taxable","14":"shipping-taxable","15":"purchasable","16":"product-type-simple"},"acf":[],"_links":{"self":[{"href":"https:\/\/fengchashop.com\/de\/wp-json\/wp\/v2\/product\/7392","targetHints":{"allow":["GET"]}}],"collection":[{"href":"https:\/\/fengchashop.com\/de\/wp-json\/wp\/v2\/product"}],"about":[{"href":"https:\/\/fengchashop.com\/de\/wp-json\/wp\/v2\/types\/product"}],"replies":[{"embeddable":true,"href":"https:\/\/fengchashop.com\/de\/wp-json\/wp\/v2\/comments?post=7392"}],"wp:featuredmedia":[{"embeddable":true,"href":"https:\/\/fengchashop.com\/de\/wp-json\/wp\/v2\/media\/7395"}],"wp:attachment":[{"href":"https:\/\/fengchashop.com\/de\/wp-json\/wp\/v2\/media?parent=7392"}],"wp:term":[{"taxonomy":"product_brand","embeddable":true,"href":"https:\/\/fengchashop.com\/de\/wp-json\/wp\/v2\/product_brand?post=7392"},{"taxonomy":"product_cat","embeddable":true,"href":"https:\/\/fengchashop.com\/de\/wp-json\/wp\/v2\/product_cat?post=7392"},{"taxonomy":"product_tag","embeddable":true,"href":"https:\/\/fengchashop.com\/de\/wp-json\/wp\/v2\/product_tag?post=7392"}],"curies":[{"name":"wp","href":"https:\/\/api.w.org\/{rel}","templated":true}]}}