{"id":7228,"date":"2025-12-18T12:23:01","date_gmt":"2025-12-18T11:23:01","guid":{"rendered":"https:\/\/fengchashop.com\/de\/?post_type=product&#038;p=7228"},"modified":"2026-05-09T10:45:36","modified_gmt":"2026-05-09T08:45:36","slug":"erdungs-spannbettlaken","status":"publish","type":"product","link":"https:\/\/fengchashop.com\/de\/product\/erdungs-spannbettlaken\/","title":{"rendered":"Erdungs-Spannbettlaken"},"content":{"rendered":"<h2>Name<\/h2>\n<p>Erdungs-Spannbettlaken Earth Flow.<\/p>\n<h2>Beschreibung<\/h2>\n<p><strong>Das Erdungs-Spannbettlaken Earth Flow<\/strong> erm\u00f6glicht es Ihnen, sich w\u00e4hrend des Schlafens wieder mit der <strong>nat\u00fcrlichen Energie der Erde<\/strong> zu verbinden. <strong>Erdung<\/strong> bezeichnet den direkten Kontakt des K\u00f6rpers mit der Erdenergie, die eine negative elektrische Ladung besitzt. Dieser Kontakt hilft, einen \u00dcberschuss an positiver Ladung im K\u00f6rper auszugleichen, und kann <strong>zur Verringerung von Entz\u00fcndungsprozessen, zu einem niedrigeren Stresshormonspiegel sowie zu einem tieferen und erholsameren Schlaf beitragen<\/strong>.<\/p>\n<h2>Welche Vorteile bietet das Schlafen auf dem Earth-Flow-Laken?<\/h2>\n<ul>\n<li>besseres <strong>allgemeines Wohlbefinden<\/strong> und <strong>weniger k\u00f6rperliche Schmerzen<\/strong>,<\/li>\n<li>tiefere <strong>Entspannung<\/strong>, <strong>innere Ruhe<\/strong> und mehr <strong>mentale Klarheit<\/strong>,<\/li>\n<li>schnellere <strong>Regeneration des K\u00f6rpers<\/strong>,<\/li>\n<li>mehr <strong>Vitalit\u00e4t und Energie<\/strong>,<\/li>\n<li>besserer <strong>Schlaf<\/strong> und Unterst\u00fctzung bei <strong>Schlaflosigkeit<\/strong>,<\/li>\n<li>weniger <strong>Anspannung<\/strong> und mehr <strong>Gelassenheit<\/strong>,<\/li>\n<li>Reduktion des <strong>Stressniveaus<\/strong>,<\/li>\n<li>Unterst\u00fctzung des <strong>hormonellen Gleichgewichts<\/strong>,<\/li>\n<li>schnellere <strong>Erholung nach Verletzungen<\/strong>.<\/li>\n<\/ul>\n<h2><img loading=\"lazy\" decoding=\"async\" class=\"aligncenter wp-image-7298 size-full\" src=\"https:\/\/fengchashop.com\/de\/wp-content\/uploads\/2025\/12\/Posnetek-zaslona-2026-01-05-130844.png\" alt=\"\" width=\"999\" height=\"418\" srcset=\"https:\/\/fengchashop.com\/de\/wp-content\/uploads\/2025\/12\/Posnetek-zaslona-2026-01-05-130844.png 999w, https:\/\/fengchashop.com\/de\/wp-content\/uploads\/2025\/12\/Posnetek-zaslona-2026-01-05-130844-350x146.png 350w, https:\/\/fengchashop.com\/de\/wp-content\/uploads\/2025\/12\/Posnetek-zaslona-2026-01-05-130844-595x249.png 595w, https:\/\/fengchashop.com\/de\/wp-content\/uploads\/2025\/12\/Posnetek-zaslona-2026-01-05-130844-150x63.png 150w, https:\/\/fengchashop.com\/de\/wp-content\/uploads\/2025\/12\/Posnetek-zaslona-2026-01-05-130844-768x321.png 768w, https:\/\/fengchashop.com\/de\/wp-content\/uploads\/2025\/12\/Posnetek-zaslona-2026-01-05-130844-450x188.png 450w\" sizes=\"auto, (max-width: 999px) 100vw, 999px\" \/><\/h2>\n<h2>Wie funktioniert das Erdungs-Spannbettlaken Earth Flow?<\/h2>\n<p>Das Laken wird \u00fcber ein Kabel an eine geerdete Steckdose angeschlossen. In seine Struktur sind feine leitf\u00e4hige Fasern eingearbeitet, die den Fluss negativer Ionen erm\u00f6glichen. Diese helfen, im K\u00f6rper angesammelte elektrische Spannung zu neutralisieren und Stress zu reduzieren \u2013 \u00e4hnlich wie beim Barfu\u00dfgehen auf Gras oder Erde.<\/p>\n<p>Das Laken ist so konzipiert, dass es <strong>f\u00fcr Einzel- und Doppelbetten geeignet<\/strong> ist \u2013 es muss lediglich anders ausgerichtet werden.<\/p>\n<h2><img loading=\"lazy\" decoding=\"async\" class=\"aligncenter wp-image-7297 size-large\" src=\"https:\/\/fengchashop.com\/de\/wp-content\/uploads\/2025\/12\/Posnetek-zaslona-2026-01-05-105740-595x599.png\" alt=\"\" width=\"595\" height=\"599\" srcset=\"https:\/\/fengchashop.com\/de\/wp-content\/uploads\/2025\/12\/Posnetek-zaslona-2026-01-05-105740-595x599.png 595w, https:\/\/fengchashop.com\/de\/wp-content\/uploads\/2025\/12\/Posnetek-zaslona-2026-01-05-105740-298x300.png 298w, https:\/\/fengchashop.com\/de\/wp-content\/uploads\/2025\/12\/Posnetek-zaslona-2026-01-05-105740-150x150.png 150w, https:\/\/fengchashop.com\/de\/wp-content\/uploads\/2025\/12\/Posnetek-zaslona-2026-01-05-105740-450x453.png 450w, https:\/\/fengchashop.com\/de\/wp-content\/uploads\/2025\/12\/Posnetek-zaslona-2026-01-05-105740-350x352.png 350w, https:\/\/fengchashop.com\/de\/wp-content\/uploads\/2025\/12\/Posnetek-zaslona-2026-01-05-105740-100x100.png 100w, https:\/\/fengchashop.com\/de\/wp-content\/uploads\/2025\/12\/Posnetek-zaslona-2026-01-05-105740.png 625w\" sizes=\"auto, (max-width: 595px) 100vw, 595px\" \/><\/h2>\n<h2>Nat\u00fcrliche Unterst\u00fctzung f\u00fcr den K\u00f6rper w\u00e4hrend des Schlafs<\/h2>\n<p><strong>Der direkte Kontakt mit der Erde<\/strong> hilft, <strong>k\u00f6rperliche und psychische Spannungen<\/strong> zu l\u00f6sen und gleichzeitig <strong>Energie zu regenerieren<\/strong>, insbesondere w\u00e4hrend der Ruhephase.<\/p>\n<p>Die Erdenergie verbindet uns mit nat\u00fcrlichen Rhythmen, die durch den modernen Lebensstil h\u00e4ufig gest\u00f6rt werden. Durch Stress und Umwelteinfl\u00fcsse (Luft- und Wasserverschmutzung) sammeln sich im K\u00f6rper positiv geladene freie Radikale an, die mit zahlreichen modernen Gesundheitsproblemen in Verbindung gebracht werden.<\/p>\n<p>Durch die Erdung <strong>nimmt der K\u00f6rper negative Ionen auf<\/strong> \u2013 Teilchen mit freien Elektronen \u2013, die <strong>helfen, das Gleichgewicht wiederherzustellen und als nat\u00fcrliche Antioxidantien wirken<\/strong>.<\/p>\n<h2>Earth Flow \u2013 f\u00fcr erholsame N\u00e4chte und mehr Wohlbefinden<\/h2>\n<p>W\u00e4hrend des Schlafs <strong>unterst\u00fctzt das Laken den Abbau psycho-physischer Spannungen und f\u00f6rdert ein Gef\u00fchl von Leichtigkeit und Ruhe<\/strong>.<\/p>\n<p>Eine einfache, erschwingliche und wirkungsvolle L\u00f6sung f\u00fcr mehr Wohlbefinden.<\/p>\n<p>Der Kontakt mit der Erde <strong>hilft uns, die Energie zur\u00fcckzugewinnen<\/strong>, die wir durch die Entfremdung von der nat\u00fcrlichen Umgebung verlieren.<\/p>\n<h2>Anwendung im Spitzensport \u2013 Tour de France<\/h2>\n<p>Erdungs-Spannbettlaken werden auch im professionellen Sport eingesetzt.<br \/>\nRadsportler bei der Tour de France berichteten \u00fcber:<\/p>\n<ul>\n<li>schnellere Regeneration,<\/li>\n<li>weniger Muskelschmerzen,<\/li>\n<li>h\u00f6heres Energieniveau,<\/li>\n<li>bessere Schlafqualit\u00e4t.<\/li>\n<\/ul>\n<h2><img loading=\"lazy\" decoding=\"async\" class=\"aligncenter wp-image-7229 size-large\" src=\"https:\/\/fengchashop.com\/de\/wp-content\/uploads\/2025\/12\/france-595x499.jpg\" alt=\"\" width=\"595\" height=\"499\" srcset=\"https:\/\/fengchashop.com\/de\/wp-content\/uploads\/2025\/12\/france-595x499.jpg 595w, https:\/\/fengchashop.com\/de\/wp-content\/uploads\/2025\/12\/france-350x293.jpg 350w, https:\/\/fengchashop.com\/de\/wp-content\/uploads\/2025\/12\/france-150x126.jpg 150w, https:\/\/fengchashop.com\/de\/wp-content\/uploads\/2025\/12\/france-768x644.jpg 768w, https:\/\/fengchashop.com\/de\/wp-content\/uploads\/2025\/12\/france-450x377.jpg 450w, https:\/\/fengchashop.com\/de\/wp-content\/uploads\/2025\/12\/france.jpg 940w\" sizes=\"auto, (max-width: 595px) 100vw, 595px\" \/><\/h2>\n<h2>Was ist im Erdungs-Schlafset enthalten?<\/h2>\n<ul>\n<li>ein Ger\u00e4t zur \u00dcberpr\u00fcfung der ordnungsgem\u00e4\u00dfen Erdung der Steckdose,<\/li>\n<li>ein Erdungs-Spannbettlaken (95 % Bio-Baumwolle, 5 % silberne leitf\u00e4hige Fasern; Ma\u00dfe 200 \u00d7 90 cm; waschbar bei 30 \u00b0C),<\/li>\n<li>eine Gebrauchsanweisung,<\/li>\n<li>ein Anschlusskabel zur Erdung.<\/li>\n<\/ul>\n","protected":false},"excerpt":{"rendered":"<p><strong>Das Earth Flow Erdungstuch<\/strong> erm\u00f6glicht es Ihnen, sich im Schlaf wieder mit der nat\u00fcrlichen Energie der Erde zu verbinden. Im heutigen schnelllebigen Alltag k\u00f6nnen sich leider nicht alle Menschen acht Stunden barfu\u00df in der Natur und geerdet aufhalten. Daher ist das Earth Flow Erdungstuch eine hervorragende Alternative, um Ihrem K\u00f6rper im Schlaf vollst\u00e4ndige Regeneration und Erdung zu bieten.<\/p>\n<p>\ud83d\udc9a Mehr Lebensenergie<\/p>\n<p>\ud83d\udc9a Verbessert den Schlaf<\/p>\n<p>\ud83d\udc9a Negative Erdionen<\/p>\n<p>\ud83d\udc9a Beruhigende Gehirnwellen<\/p>\n<p>\ud83d\udc9a Einfache Anwendung<\/p>\n","protected":false},"featured_media":7296,"comment_status":"open","ping_status":"closed","template":"","meta":{"_acf_changed":false},"product_brand":[],"product_cat":[15,225,224,235,236],"product_tag":[],"class_list":{"0":"post-7228","1":"product","2":"type-product","3":"status-publish","4":"has-post-thumbnail","6":"product_cat-uncategorized","7":"product_cat-alle-produkte","8":"product_cat-angebot","9":"product_cat-neu","10":"product_cat-sonstiges","12":"first","13":"instock","14":"taxable","15":"shipping-taxable","16":"purchasable","17":"product-type-simple"},"acf":[],"_links":{"self":[{"href":"https:\/\/fengchashop.com\/de\/wp-json\/wp\/v2\/product\/7228","targetHints":{"allow":["GET"]}}],"collection":[{"href":"https:\/\/fengchashop.com\/de\/wp-json\/wp\/v2\/product"}],"about":[{"href":"https:\/\/fengchashop.com\/de\/wp-json\/wp\/v2\/types\/product"}],"replies":[{"embeddable":true,"href":"https:\/\/fengchashop.com\/de\/wp-json\/wp\/v2\/comments?post=7228"}],"wp:featuredmedia":[{"embeddable":true,"href":"https:\/\/fengchashop.com\/de\/wp-json\/wp\/v2\/media\/7296"}],"wp:attachment":[{"href":"https:\/\/fengchashop.com\/de\/wp-json\/wp\/v2\/media?parent=7228"}],"wp:term":[{"taxonomy":"product_brand","embeddable":true,"href":"https:\/\/fengchashop.com\/de\/wp-json\/wp\/v2\/product_brand?post=7228"},{"taxonomy":"product_cat","embeddable":true,"href":"https:\/\/fengchashop.com\/de\/wp-json\/wp\/v2\/product_cat?post=7228"},{"taxonomy":"product_tag","embeddable":true,"href":"https:\/\/fengchashop.com\/de\/wp-json\/wp\/v2\/product_tag?post=7228"}],"curies":[{"name":"wp","href":"https:\/\/api.w.org\/{rel}","templated":true}]}}