{"id":7148,"date":"2025-10-07T18:22:45","date_gmt":"2025-10-07T16:22:45","guid":{"rendered":"https:\/\/fengchashop.com\/de\/?post_type=product&#038;p=7148"},"modified":"2026-05-11T10:17:30","modified_gmt":"2026-05-11T08:17:30","slug":"bachblueten-angst-2","status":"publish","type":"product","link":"https:\/\/fengchashop.com\/de\/product\/bachblueten-angst-2\/","title":{"rendered":"Bachbl\u00fcten Angst"},"content":{"rendered":"<div class=\"wpb-content-wrapper\"><p>[vc_row][vc_column][vc_column_text css=&#8220;&#8220;]<\/p>\n<h2 style=\"text-align: justify;\"><span style=\"color: #000000;\">Bachtropfen gegen Angst<\/span><\/h2>\n<p><span style=\"color: #000000;\"><strong>Angst<\/strong> ist eine nat\u00fcrliche Emotion, die uns vor Gefahr warnt und uns auf die \u201eKampf-oder-Flucht\u201c-Reaktion vorbereitet. Manchmal kann sie jedoch \u00fcberm\u00e4\u00dfig oder lang anhaltend sein, was sich negativ auf unser Wohlbefinden, unsere Konzentration und unser t\u00e4gliches Leben auswirkt. Menschen erleben sie oft als Anspannung, Unruhe, Angst oder ein Gef\u00fchl der Bedrohung, selbst wenn keine tats\u00e4chliche Gefahr besteht. Daher ist es wichtig, <strong>zu lernen, mit Angst umzugehen und das innere Gleichgewicht zu bewahren<\/strong>. Bachtropfen bieten sanfte Unterst\u00fctzung, helfen, emotionale Spannungen abzubauen und das Gef\u00fchl von Sicherheit und innerer St\u00e4rke wiederherzustellen.<\/span><\/p>\n<p><span style=\"color: #000000;\">Erste Ergebnisse k\u00f6nnen nach einigen Tagen oder Wochen sichtbar sein, da dies individuell unterschiedlich ist. Die zubereitete Mischung reicht f\u00fcr 30 Tage. Die Tropfen k\u00f6nnen einfach direkt in den Mund getr\u00e4ufelt oder in ein Glas Wasser gegeben werden.<\/span><\/p>\n<p><span style=\"color: #000000;\"><strong>Die h\u00e4ufigsten Ursachen f\u00fcr Angst sind:<\/strong><\/span><\/p>\n<ul>\n<li><span style=\"color: #000000;\">Unbekanntes oder Ungewisses,<\/span><\/li>\n<li><span style=\"color: #000000;\">Stress und \u00dcberlastung,<\/span><\/li>\n<li><span style=\"color: #000000;\">einschneidende Ver\u00e4nderungen im Leben (z. B. Umzug, neuer Job),<\/span><\/li>\n<li><span style=\"color: #000000;\">Gef\u00fchl von Kontrollverlust oder Hilflosigkeit,<\/span><\/li>\n<li><span style=\"color: #000000;\">vergangene Traumata oder unangenehme Erfahrungen.<\/span><\/li>\n<\/ul>\n<p><span style=\"color: #000000;\"><strong>Eine Therapie mit Bachbl\u00fcten gegen Angst hilft Ihnen:<\/strong><\/span><\/p>\n<ul>\n<li><span style=\"color: #000000;\">Angst- und Sorgengef\u00fchle zu reduzieren,<\/span><\/li>\n<li><span style=\"color: #000000;\">Stresssituationen leichter zu bew\u00e4ltigen,<\/span><\/li>\n<li><span style=\"color: #000000;\">innere St\u00e4rke und Sicherheit wiederherzustellen,<\/span><\/li>\n<li><span style=\"color: #000000;\">Spannungen abzubauen und Ihre Gedanken zu beruhigen,<\/span><\/li>\n<li><span style=\"color: #000000;\">inneres Gleichgewicht und Lebensenergie wiederzuerlangen.<\/span><\/li>\n<\/ul>\n<h2 style=\"text-align: justify;\"><span style=\"color: #000000;\">Die Wirkung von Bachbl\u00fcten Bachtropfen<\/span><\/h2>\n<p>Bachtropfen unterst\u00fctzen das emotionale Gleichgewicht und k\u00f6nnen hilfreich sein <strong>im Umgang mit Angst, die oft Konzentration, Energie und Alltagsfunktionen beeintr\u00e4chtigt<\/strong>. Bachtropfen helfen uns auch in verschiedenen Krisen und schwierigen Lebenssituationen. Mit ihnen beruhigen wir uns und bewahren einen klaren Kopf, da sie unseren emotionalen Zustand beeinflussen und ihn harmonisieren. Mit Hilfe von Bachtropfen <strong>\u00fcbernehmen wir die Kontrolle \u00fcber unsere Emotionen<\/strong>, schaffen so Harmonie und finden so unseren inneren Frieden.<\/p>\n<p style=\"text-align: justify;\"><span style=\"color: #000000;\">Die Bachtherapie f\u00f6rdert die Selbstheilung und die geistige Entspannung. Nach Dr. Bachs Theorie liegt die Ursache von Krankheiten in einem disharmonischen Zustand oder einem Mangel an Harmonie zwischen K\u00f6rper und Seele. Mit Hilfe von Bl\u00fctenessenzen versuchen wir, Krankheiten zu heilen, indem wir die <b>positiven Eigenschaften der Blumen<\/b> ausnutzen, n\u00e4mlich indem sie uns helfen, das Gleichgewicht in uns selbst wiederherzustellen.<\/span><\/p>\n<p style=\"text-align: justify;\"><span style=\"color: #000000;\">Die Bach-Therapie f\u00f6rdert die Selbstheilung und die geistige Entspannung. Nach der Theorie von Dr. Bach liegt die Ursache von Krankheiten in einem unharmonischen Zustand oder in einem Mangel an Harmonie zwischen K\u00f6rper und Seele. Mit Hilfe von Bl\u00fctenessenzen versuchen wir, Krankheiten zu heilen, indem wir uns die <b>positiven Eigenschaften der Bl\u00fcten<\/b> zunutze machen, um das Gleichgewicht in uns selbst wiederherzustellen.<\/span><\/p>\n<p style=\"text-align: justify;\"><span style=\"color: #000000;\">Die Bach-Tropfen werden nach der Methode von Dr. Bach hergestellt, wobei<strong> nur Original-Bach-Essenzen<\/strong> verwendet werden.<\/span><\/p>\n<p style=\"text-align: justify;\"><span style=\"color: #000000;\">Die Bach-Tropfen werden aus einer Flasche mit beigef\u00fcgter Pipette entnommen, was die Dosierung sehr einfach macht. Nehmen Sie 4 Mal am Tag 4 Tropfen \u00fcber den Tag verteilt ein. Die Flasche, die Sie erhalten, ist ausreichend f\u00fcr eine 1-monatige Therapie. <\/span><\/p>\n<p style=\"text-align: justify;\"><span style=\"color: #000000;\">Jede Flasche<b> <\/b>der ausgew\u00e4hlten Mischung <b>wird von Hand und an Ort und Stelle zubereitet<\/b>. Um die Mischung l\u00e4nger frisch zu halten, verwenden wir etwas Alkohol (Cognac). Die Mischung ist ab Kaufdatum 1 Monat haltbar.<\/span><\/p>\n<p style=\"text-align: justify;\"><span style=\"color: #000000;\">Da Bach-Tropfen <strong>keine<\/strong> <b>Nebenwirkungen<\/b> <strong>haben<\/strong>, k\u00f6nnen sie nicht \u00fcberdosiert werden und machen nicht s\u00fcchtig. Sie sind f\u00fcr alle geeignet &#8211; Schwangere, stillende M\u00fctter, \u00e4ltere Menschen, Kinder und Tiere.<\/span><\/p>\n<p style=\"text-align: justify;\"><span style=\"color: #000000;\">Es gibt keine Wechselwirkungen mit anderen Medikamenten.<\/span><\/p>\n<h2 style=\"text-align: justify;\"><span style=\"color: #000000;\">Aufbewahrung<\/span><\/h2>\n<p style=\"text-align: justify;\"><span style=\"color: #000000;\">An einem trockenen, dunklen Ort bei einer Temperatur von bis zu +25 \u00b0C aufbewahren.<\/span><\/p>\n<h2 style=\"text-align: justify;\"><span style=\"color: #000000;\">Menge<\/span><\/h2>\n<p style=\"text-align: justify;\"><span style=\"color: #000000;\">30 ml (ausreichend f\u00fcr 30 Tage bei regelm\u00e4\u00dfiger Anwendung)<\/span><\/p>\n<p>[\/vc_column_text][\/vc_column][\/vc_row]<\/p>\n<\/div>","protected":false},"excerpt":{"rendered":"<p>Bach-Tropfen sind wirksam gegen verschiedene seelische N\u00f6te. Sie helfen in verschiedenen Krisen und schwierigen Lebenssituationen. Sie helfen, sich zu beruhigen und einen ruhigen Kopf zu bewahren. Sie wirken auf unsere Gef\u00fchlslage und helfen, diese zu harmonisieren.<\/p>\n<p>\ud83d\udc9a Die Tropfen werden am Tag des Versands von Hand verpackt.<br \/>\n\ud83d\udc9a Sie sind f\u00fcr alle Menschen (schwangere Frauen, \u00e4ltere Menschen, Kinder,&#8230;) und Tiere geeignet.<br \/>\n\ud83d\udc9a Sie haben keine Nebenwirkungen, machen nicht s\u00fcchtig und k\u00f6nnen nicht \u00fcberdosiert werden.<br \/>\n\ud83d\udc9a Die ersten Ergebnisse k\u00f6nnen nach ein paar Tagen oder Wochen eintreten, dies h\u00e4ngt von jedem Einzelnen ab.<br \/>\n\ud83d\udc9a Es gibt keine Wechselwirkungen mit anderen Medikamenten.<\/p>\n","protected":false},"featured_media":6898,"comment_status":"open","ping_status":"closed","template":"","meta":{"_acf_changed":false},"product_brand":[],"product_cat":[15,225,224,237],"product_tag":[],"class_list":{"0":"post-7148","1":"product","2":"type-product","3":"status-publish","4":"has-post-thumbnail","6":"product_cat-uncategorized","7":"product_cat-alle-produkte","8":"product_cat-angebot","9":"product_cat-bachblueten","11":"first","12":"instock","13":"sale","14":"taxable","15":"shipping-taxable","16":"purchasable","17":"product-type-simple"},"acf":[],"_links":{"self":[{"href":"https:\/\/fengchashop.com\/de\/wp-json\/wp\/v2\/product\/7148","targetHints":{"allow":["GET"]}}],"collection":[{"href":"https:\/\/fengchashop.com\/de\/wp-json\/wp\/v2\/product"}],"about":[{"href":"https:\/\/fengchashop.com\/de\/wp-json\/wp\/v2\/types\/product"}],"replies":[{"embeddable":true,"href":"https:\/\/fengchashop.com\/de\/wp-json\/wp\/v2\/comments?post=7148"}],"wp:featuredmedia":[{"embeddable":true,"href":"https:\/\/fengchashop.com\/de\/wp-json\/wp\/v2\/media\/6898"}],"wp:attachment":[{"href":"https:\/\/fengchashop.com\/de\/wp-json\/wp\/v2\/media?parent=7148"}],"wp:term":[{"taxonomy":"product_brand","embeddable":true,"href":"https:\/\/fengchashop.com\/de\/wp-json\/wp\/v2\/product_brand?post=7148"},{"taxonomy":"product_cat","embeddable":true,"href":"https:\/\/fengchashop.com\/de\/wp-json\/wp\/v2\/product_cat?post=7148"},{"taxonomy":"product_tag","embeddable":true,"href":"https:\/\/fengchashop.com\/de\/wp-json\/wp\/v2\/product_tag?post=7148"}],"curies":[{"name":"wp","href":"https:\/\/api.w.org\/{rel}","templated":true}]}}