{"id":7145,"date":"2025-10-07T09:21:16","date_gmt":"2025-10-07T07:21:16","guid":{"rendered":"https:\/\/fengchashop.com\/de\/?post_type=product&#038;p=7145"},"modified":"2026-04-17T10:18:56","modified_gmt":"2026-04-17T08:18:56","slug":"bachblueten-wut","status":"publish","type":"product","link":"https:\/\/fengchashop.com\/de\/product\/bachblueten-wut\/","title":{"rendered":"Bachbl\u00fcten Wut"},"content":{"rendered":"<div class=\"wpb-content-wrapper\"><p>[vc_row][vc_column][vc_column_text css=&#8220;&#8220;]<\/p>\n<h2 style=\"text-align: justify;\"><span style=\"color: #000000;\">Bach-Bl\u00fcten gegen Wut<\/span><\/h2>\n<p><strong>Wut<\/strong> ist eine starke Emotion, die auftreten kann, wenn wir uns ungerecht behandelt, hilflos oder \u00fcberfordert f\u00fchlen. Obwohl es eine v\u00f6llig nat\u00fcrliche Reaktion ist, kann \u00fcberm\u00e4\u00dfige und unkontrollierte Wut unsere Beziehungen, unsere Gesundheit und unser allgemeines Wohlbefinden negativ beeinflussen. St\u00e4rkt sie sich in uns, geht sie oft mit Anspannung, Unruhe, Unzufriedenheit oder sogar Burnout-Gef\u00fchlen einher. Deshalb ist es wichtig, <strong>zu lernen, mit Wut gesund und ausgewogen umzugehen<\/strong>. Bach-Bl\u00fcten k\u00f6nnen uns dabei helfen, da sie <strong>emotionale Ausgeglichenheit und innere Ruhe f\u00f6rdern<\/strong>.<\/p>\n<p>Die ersten Ver\u00e4nderungen sind bereits nach wenigen Tagen oder Wochen sp\u00fcrbar \u2013 das h\u00e4ngt von jedem Einzelnen ab. Die zubereitete Mischung reicht f\u00fcr etwa 30 Tage. Die Tropfen k\u00f6nnen einfach direkt in den Mund getr\u00e4ufelt oder in ein Glas Wasser gegeben werden.<\/p>\n<p>Die h\u00e4ufigsten Ursachen f\u00fcr Wut sind:<\/p>\n<ul>\n<li>ein Gef\u00fchl der Ungerechtigkeit oder Respektlosigkeit,<\/li>\n<li>\u00dcberlastung und Stress,<\/li>\n<li>unerf\u00fcllte Erwartungen,<\/li>\n<li>das Zur\u00fcckhalten von Emotionen und unausgesprochenen Bed\u00fcrfnissen,<\/li>\n<li>ein Gef\u00fchl der Hilflosigkeit oder Kontrollverlust.<\/li>\n<\/ul>\n<p><strong>Die Bachbl\u00fcten-Therapie gegen Wut hilft Ihnen:<\/strong><\/p>\n<ul>\n<li>innere Ruhe finden,<\/li>\n<li>angespannte Situationen leichter bew\u00e4ltigen,<\/li>\n<li>aufgestaute Emotionen loslassen,<\/li>\n<li>Reizbarkeit und Impulsivit\u00e4t reduzieren,<\/li>\n<li>das Gleichgewicht wiederherstellen.<\/li>\n<\/ul>\n<h2 style=\"text-align: justify;\"><span style=\"color: #000000;\">Die Wirkung von Bachtropfen<\/span><\/h2>\n<p>Bachtropfen unterst\u00fctzen effektiv das emotionale Gleichgewicht und<strong> k\u00f6nnen im Umgang mit Wut hilfreich sein, die oft zu Anspannung<\/strong>, Unruhe und anderen emotionalen Belastungen f\u00fchrt. Bachtropfen helfen uns auch in verschiedenen Krisen und schwierigen Lebenssituationen. Sie helfen uns, zur Ruhe zu kommen und einen k\u00fchlen Kopf zu bewahren, da sie unseren emotionalen Zustand beeinflussen und harmonisieren. Mit Hilfe von Bachtropfen <strong>\u00fcbernehmen wir die Kontrolle \u00fcber unsere Emotionen<\/strong> und nur so schaffen wir Harmonie und finden so unseren inneren Frieden.<\/p>\n<p style=\"text-align: justify;\"><span style=\"color: #000000;\">Die Bach-Therapie f\u00f6rdert die Selbstheilung und die geistige Entspannung. Nach der Theorie von Dr. Bach liegt die Ursache von Krankheiten in einem unharmonischen Zustand oder in einem Mangel an Harmonie zwischen K\u00f6rper und Seele. Mit Hilfe von Bl\u00fctenessenzen versuchen wir, Krankheiten zu heilen, indem wir uns die <b>positiven Eigenschaften der Bl\u00fcten<\/b> zunutze machen, um das Gleichgewicht in uns selbst wiederherzustellen.<\/span><\/p>\n<p style=\"text-align: justify;\"><span style=\"color: #000000;\">Die Bach-Tropfen werden nach der Methode von Dr. Bach hergestellt, wobei<strong> nur Original-Bach-Essenzen<\/strong> verwendet werden.<\/span><\/p>\n<p style=\"text-align: justify;\"><span style=\"color: #000000;\">Die Bach-Tropfen werden aus einer Flasche mit beigef\u00fcgter Pipette entnommen, was die Dosierung sehr einfach macht. Nehmen Sie 4 Mal am Tag 4 Tropfen \u00fcber den Tag verteilt ein. Die Flasche, die Sie erhalten, ist ausreichend f\u00fcr eine 1-monatige Therapie. <\/span><\/p>\n<p style=\"text-align: justify;\"><span style=\"color: #000000;\">Jede Flasche<b> <\/b>der ausgew\u00e4hlten Mischung <b>wird von Hand und an Ort und Stelle zubereitet<\/b>. Um die Mischung l\u00e4nger frisch zu halten, verwenden wir etwas Alkohol (Cognac). Die Mischung ist ab Kaufdatum 1 Monat haltbar.<\/span><\/p>\n<p style=\"text-align: justify;\"><span style=\"color: #000000;\">Da Bach-Tropfen <strong>keine<\/strong> <b>Nebenwirkungen<\/b> <strong>haben<\/strong>, k\u00f6nnen sie nicht \u00fcberdosiert werden und machen nicht s\u00fcchtig. Sie sind f\u00fcr alle geeignet &#8211; Schwangere, stillende M\u00fctter, \u00e4ltere Menschen, Kinder und Tiere.<\/span><\/p>\n<p style=\"text-align: justify;\"><span style=\"color: #000000;\">Es gibt keine Wechselwirkungen mit anderen Medikamenten.<\/span><\/p>\n<h2 style=\"text-align: justify;\"><span style=\"color: #000000;\">Aufbewahrung<\/span><\/h2>\n<p style=\"text-align: justify;\"><span style=\"color: #000000;\">An einem trockenen, dunklen Ort bei einer Temperatur von bis zu +25 \u00b0C aufbewahren.<\/span><\/p>\n<h2 style=\"text-align: justify;\"><span style=\"color: #000000;\">Menge<\/span><\/h2>\n<p style=\"text-align: justify;\"><span style=\"color: #000000;\">30 ml (ausreichend f\u00fcr 30 Tage bei regelm\u00e4\u00dfiger Anwendung)<\/span><\/p>\n<p>[\/vc_column_text][\/vc_column][\/vc_row]<\/p>\n<\/div>","protected":false},"excerpt":{"rendered":"<p>Bach-Tropfen sind wirksam gegen verschiedene seelische N\u00f6te. Sie helfen in verschiedenen Krisen und schwierigen Lebenssituationen. Sie helfen, sich zu beruhigen und einen ruhigen Kopf zu bewahren. Sie wirken auf unsere Gef\u00fchlslage und helfen, diese zu harmonisieren.<\/p>\n<p>\ud83d\udc9a Die Tropfen werden am Tag des Versands von Hand verpackt.<br \/>\n\ud83d\udc9a Sie sind f\u00fcr alle Menschen (schwangere Frauen, \u00e4ltere Menschen, Kinder,&#8230;) und Tiere geeignet.<br \/>\n\ud83d\udc9a Sie haben keine Nebenwirkungen, machen nicht s\u00fcchtig und k\u00f6nnen nicht \u00fcberdosiert werden.<br \/>\n\ud83d\udc9a Die ersten Ergebnisse k\u00f6nnen nach ein paar Tagen oder Wochen eintreten, dies h\u00e4ngt von jedem Einzelnen ab.<br \/>\n\ud83d\udc9a Es gibt keine Wechselwirkungen mit anderen Medikamenten.<\/p>\n","protected":false},"featured_media":6898,"comment_status":"open","ping_status":"closed","template":"","meta":{"_acf_changed":false},"product_brand":[],"product_cat":[15,225,224,237],"product_tag":[],"class_list":{"0":"post-7145","1":"product","2":"type-product","3":"status-publish","4":"has-post-thumbnail","6":"product_cat-uncategorized","7":"product_cat-alle-produkte","8":"product_cat-angebot","9":"product_cat-bachblueten","11":"first","12":"instock","13":"sale","14":"taxable","15":"shipping-taxable","16":"purchasable","17":"product-type-simple"},"acf":[],"_links":{"self":[{"href":"https:\/\/fengchashop.com\/de\/wp-json\/wp\/v2\/product\/7145","targetHints":{"allow":["GET"]}}],"collection":[{"href":"https:\/\/fengchashop.com\/de\/wp-json\/wp\/v2\/product"}],"about":[{"href":"https:\/\/fengchashop.com\/de\/wp-json\/wp\/v2\/types\/product"}],"replies":[{"embeddable":true,"href":"https:\/\/fengchashop.com\/de\/wp-json\/wp\/v2\/comments?post=7145"}],"wp:featuredmedia":[{"embeddable":true,"href":"https:\/\/fengchashop.com\/de\/wp-json\/wp\/v2\/media\/6898"}],"wp:attachment":[{"href":"https:\/\/fengchashop.com\/de\/wp-json\/wp\/v2\/media?parent=7145"}],"wp:term":[{"taxonomy":"product_brand","embeddable":true,"href":"https:\/\/fengchashop.com\/de\/wp-json\/wp\/v2\/product_brand?post=7145"},{"taxonomy":"product_cat","embeddable":true,"href":"https:\/\/fengchashop.com\/de\/wp-json\/wp\/v2\/product_cat?post=7145"},{"taxonomy":"product_tag","embeddable":true,"href":"https:\/\/fengchashop.com\/de\/wp-json\/wp\/v2\/product_tag?post=7145"}],"curies":[{"name":"wp","href":"https:\/\/api.w.org\/{rel}","templated":true}]}}