{"id":7144,"date":"2025-10-06T14:03:30","date_gmt":"2025-10-06T12:03:30","guid":{"rendered":"https:\/\/fengchashop.com\/de\/?post_type=product&#038;p=7144"},"modified":"2026-04-18T12:25:00","modified_gmt":"2026-04-18T10:25:00","slug":"chaga-bio","status":"publish","type":"product","link":"https:\/\/fengchashop.com\/de\/product\/chaga-bio\/","title":{"rendered":"Chaga BIO 125 g"},"content":{"rendered":"<div class=\"wpb-content-wrapper\"><p>[vc_row][vc_column][vc_column_text css=&#8220;&#8220;]<\/p>\n<h2><span style=\"color: #000000\">Chaga &#8211; Chaga (Inonotus obliquus) BIO Pulver<\/span><\/h2>\n<p style=\"text-align: justify\"><span style=\"color: #000000\">Chaga oder Inonotus obliquus ist ein Nahrungserg\u00e4nzungsmittel. Im Slowenischen ist er auch als Birkenrinde bekannt, weil er gesch\u00e4lter Birkenrinde \u00e4hnelt. Chaga ist ein parasit\u00e4rer Pilz, der auf lebenden B\u00e4umen (meist Birken) w\u00e4chst und sich von deren Saft ern\u00e4hrt. Der Chaga ist ein adaptogener Pilz. Russische und japanische Wissenschaftler bevorzugen ihn sogar gegen\u00fcber dem bekannten Ganoderma lucidum (Reishi).<\/span><\/p>\n<p style=\"text-align: justify\"><span style=\"color: #000000\">Die Produktion unseres Chaga wird streng kontrolliert, ohne Verwendung von Chemikalien oder Pestiziden und zu 100 % biologisch. Die Qualit\u00e4t der Pilze wird regelm\u00e4\u00dfig von unabh\u00e4ngigen Labors in Slowenien und den USA kontrolliert.<\/span><\/p>\n<h2><span style=\"color: #000000\">Verpackung<\/span><\/h2>\n<p><span style=\"color: #000000\">Undurchl\u00e4ssiger Zip-Lock-Beutel, in dem das Produkt seine ganze Frische und sein Aroma bewahrt. Die Verpackung sch\u00fctzt das Produkt vor Licht und Luft, da sie aus mehreren Schutzschichten besteht, die die Eigenschaften des Inhalts bewahren.<\/span><\/p>\n<p><span style=\"color: #000000\">Die Verpackung ist sehr praktisch und recycelbar.<\/span><\/p>\n<h2><span style=\"color: #000000\">Lagerung und Warnhinweise<\/span><\/h2>\n<p><span style=\"color: #000000\">An einem k\u00fchlen und trockenen Ort aufbewahren. Bewahren Sie das Nahrungserg\u00e4nzungsmittel au\u00dferhalb der Reichweite von Kindern auf!<\/span><\/p>\n<p><span style=\"color: #000000\">Denken Sie daran, wie wichtig eine abwechslungsreiche Ern\u00e4hrung und eine gesunde Lebensweise sind; ein Nahrungserg\u00e4nzungsmittel ist daher kein Ersatz f\u00fcr eine ausgewogene und abwechslungsreiche Ern\u00e4hrung. Die empfohlene Tagesmenge oder Dosis sollte nicht \u00fcberschritten werden. Schwangeren und stillenden Frauen wird immer empfohlen, vor der Einnahme einen Arzt zu konsultieren.<\/span><\/p>\n<h2><span style=\"color: #000000\">Andere Verwendungen<\/span><\/h2>\n<p style=\"text-align: justify\"><span style=\"color: #000000\">Das Produkt ist auch f\u00fcr Tiere geeignet.<\/span><\/p>\n<h2><span style=\"color: #000000\">Herkunft<\/span><\/h2>\n<p>China<\/p>\n<p>Wir arbeiten mit sehr zuverl\u00e4ssigen Lieferanten zusammen, die uns f\u00fcr jede Charge detaillierte chemische Analysen der Lebensmittel zusenden. Seit \u00fcber zehn Jahren gab es weder bei diesem noch bei anderen Produkten desselben Lieferanten R\u00fcckrufe oder sonstige Probleme.<\/p>\n<p>Der Artikel ist 100 % bio-zertifiziert.[\/vc_column_text][\/vc_column][\/vc_row]<\/p>\n<\/div>","protected":false},"excerpt":{"rendered":"<p align=\"JUSTIFY\">Der Chaga oder Inonotus obliquus ist in Sibirien beheimatet, wo er bei Temperaturen von bis zu -40 \u00b0C gedeiht.<\/p>\n<p>\ud83d\udc9a Er ist ein <span style=\"color: #000000\">adaptogener Pilz.<\/span><br \/>\n\ud83d\udc9a 100% biologisch.<\/p>\n","protected":false},"featured_media":6093,"comment_status":"open","ping_status":"closed","template":"","meta":{"_acf_changed":false},"product_brand":[],"product_cat":[15,228],"product_tag":[],"class_list":{"0":"post-7144","1":"product","2":"type-product","3":"status-publish","4":"has-post-thumbnail","6":"product_cat-uncategorized","7":"product_cat-heilpilze","9":"first","10":"instock","11":"sale","12":"taxable","13":"shipping-taxable","14":"purchasable","15":"product-type-simple"},"acf":[],"_links":{"self":[{"href":"https:\/\/fengchashop.com\/de\/wp-json\/wp\/v2\/product\/7144","targetHints":{"allow":["GET"]}}],"collection":[{"href":"https:\/\/fengchashop.com\/de\/wp-json\/wp\/v2\/product"}],"about":[{"href":"https:\/\/fengchashop.com\/de\/wp-json\/wp\/v2\/types\/product"}],"replies":[{"embeddable":true,"href":"https:\/\/fengchashop.com\/de\/wp-json\/wp\/v2\/comments?post=7144"}],"wp:featuredmedia":[{"embeddable":true,"href":"https:\/\/fengchashop.com\/de\/wp-json\/wp\/v2\/media\/6093"}],"wp:attachment":[{"href":"https:\/\/fengchashop.com\/de\/wp-json\/wp\/v2\/media?parent=7144"}],"wp:term":[{"taxonomy":"product_brand","embeddable":true,"href":"https:\/\/fengchashop.com\/de\/wp-json\/wp\/v2\/product_brand?post=7144"},{"taxonomy":"product_cat","embeddable":true,"href":"https:\/\/fengchashop.com\/de\/wp-json\/wp\/v2\/product_cat?post=7144"},{"taxonomy":"product_tag","embeddable":true,"href":"https:\/\/fengchashop.com\/de\/wp-json\/wp\/v2\/product_tag?post=7144"}],"curies":[{"name":"wp","href":"https:\/\/api.w.org\/{rel}","templated":true}]}}