{"id":7131,"date":"2025-09-17T04:35:13","date_gmt":"2025-09-17T02:35:13","guid":{"rendered":"https:\/\/fengchashop.com\/de\/?post_type=product&#038;p=7131"},"modified":"2026-04-18T22:34:58","modified_gmt":"2026-04-18T20:34:58","slug":"kreatin-monohydrat-pulver","status":"publish","type":"product","link":"https:\/\/fengchashop.com\/de\/product\/kreatin-monohydrat-pulver\/","title":{"rendered":"Kreatin-Monohydrat-Pulver 500 g"},"content":{"rendered":"<div class=\"wpb-content-wrapper\"><p>[vc_row][vc_column][vc_column_text css=&#8220;&#8220;]<\/p>\n<h2><strong>Kreatin Monohydrat<\/strong><\/h2>\n<p><strong>DIET-FOOD Kreatin Monohydrat<\/strong> ist eine 100% reine, mikronisierte Kreatinform (200 mesh), ohne k\u00fcnstliche S\u00fc\u00dfstoffe, Aromen oder Farbstoffe. Dank der fein gemahlenen Struktur l\u00f6st es sich schnell, wird leicht absorbiert und wirkt sofort dort, wo es am dringendsten ben\u00f6tigt wird \u2013 bei der Steigerung von Kraft, Ausdauer und Muskelwachstum.<\/p>\n<p>Die perfekte Wahl f\u00fcr aktive Personen, Fitnessbegeisterte und Sportler, die ihre Leistung auf ein h\u00f6heres Niveau heben und ihre Erholungszeit verk\u00fcrzen wollen. Kreatin unterst\u00fctzt jedoch nicht nur den K\u00f6rper \u2013 es tr\u00e4gt auch zu einer besseren Konzentration, einem besseren Ged\u00e4chtnis und mentaler Widerstandsf\u00e4higkeit bei intensiver Anstrengung bei.<\/p>\n<h2><strong>Was ist Kreatin Monohydrat?<\/strong><\/h2>\n<ul>\n<li><strong>Kreatin<\/strong> ist eine nat\u00fcrliche Verbindung, die der K\u00f6rper aus Aminos\u00e4uren (Arginin, Glycin und Methionin) in der Leber, den Nieren und der Bauchspeicheldr\u00fcse synthetisiert.<\/li>\n<li>Es wird haupts\u00e4chlich in den <strong>Muskeln<\/strong> in Form von <strong>Kreatinphosphat<\/strong> gespeichert, wo es als schnell verf\u00fcgbare Energiequelle dient.<\/li>\n<li>Es ist auch in Lebensmitteln enthalten, insbesondere in rotem Fleisch und Fisch, aber in geringeren Mengen als in Nahrungserg\u00e4nzungsmitteln.<\/li>\n<li><strong>Kreatin Monohydrat<\/strong> ist die am h\u00e4ufigsten verwendete und am besten erforschte Form von Kreatin.<\/li>\n<\/ul>\n<h2><strong>Warum Kreatin Monohydrat w\u00e4hlen?<\/strong><\/h2>\n<p style=\"padding-left: 40px\"><strong>\ud83d\udc9a 100% rein<\/strong> \u2013 ohne Zus\u00e4tze und unn\u00f6tige Chemikalien<\/p>\n<p style=\"padding-left: 40px\"><strong>\ud83d\udc9a Mikronisierung 200 mesh \u2013<\/strong> ausgezeichnete L\u00f6slichkeit und schnelle Absorption<\/p>\n<p style=\"padding-left: 40px\">\ud83d\udc9a Unterst\u00fctzt <strong>Kraft, Ausdauer und Muskelwachstum<\/strong><\/p>\n<p style=\"padding-left: 40px\">\ud83d\udc9a Beschleunigt die <strong>Erholung nach dem Training<\/strong><\/p>\n<p style=\"padding-left: 40px\">\ud83d\udc9a Tr\u00e4gt zu besserer <strong>Konzentration und mentaler Energie<\/strong> bei<\/p>\n<p style=\"padding-left: 40px\">\ud83d\udc9a Erleichtert das <strong>aktive t\u00e4gliche Leben<\/strong><\/p>\n<p style=\"padding-left: 40px\">\ud83d\udc9a Hilft, <strong>Muskeln und Kraft auch mit zunehmendem Alter zu erhalten<\/strong><\/p>\n<p style=\"padding-left: 40px\"><strong>\ud83d\udc9a Nur eine Zutat<\/strong> \u2013 vollst\u00e4ndig nat\u00fcrlich<\/p>\n<h2><strong>Kreatin f\u00fcr K\u00f6rper und Geist<\/strong><\/h2>\n<p>Kreatin ist nicht nur f\u00fcr die Muskeln bestimmt \u2013 es wirkt sich auch positiv auf das Gehirn aus. Es hilft, die Konzentration zu verbessern, unterst\u00fctzt die kognitiven Funktionen und kann die Widerstandsf\u00e4higkeit gegen mentalen Stress erh\u00f6hen, was besonders in Phasen intensiver Anstrengung, sowohl im Fitnessstudio als auch au\u00dferhalb, n\u00fctzlich ist.<\/p>\n<h2><strong>Wirkungen von Kreatin Monohydrat<\/strong><\/h2>\n<p style=\"padding-left: 40px\"><strong>\ud83d\udc9a Steigerung der Muskelkraft und Explosivit\u00e4t<\/strong> \u2013 aufgrund eines gr\u00f6\u00dferen ATP-Vorrats (des wichtigsten Energiemolek\u00fcls).<\/p>\n<p style=\"padding-left: 40px\"><strong>\ud83d\udc9a Verbesserte Leistung bei kurzen, hochintensiven Belastungen<\/strong> (z.B. Sprints, Gewichtheben, Sprints in Mannschaftssportarten).<\/p>\n<p style=\"padding-left: 40px\"><strong>\ud83d\udc9a Schnellere Regeneration<\/strong> zwischen den S\u00e4tzen bzw. Wiederholungen.<\/p>\n<p style=\"padding-left: 40px\"><strong>\ud83d\udc9a Zunahme der Muskelmasse<\/strong> \u2013 teilweise aufgrund einer h\u00f6heren Trainingsf\u00e4higkeit, teilweise aufgrund der Wassereinlagerung in den Muskelzellen (zellul\u00e4re Hydration).<\/p>\n<p style=\"padding-left: 40px\"><strong>\ud83d\udc9a Neuroprotektive Wirkungen \u2013<\/strong> die potenziellen Vorteile bei neurologischen Erkrankungen (Parkinson-Krankheit, Alzheimer-Krankheit, Depression) werden erforscht.<\/p>\n<p style=\"padding-left: 40px\"><strong>\ud83d\udc9a M\u00f6gliche Vorteile bei Ausdauersportarten<\/strong> \u2013 vor allem bei Sportarten mit intervallartiger Belastung.<\/p>\n<h2><strong>Aufbewahrung und Warnhinweise<\/strong><\/h2>\n<p>Trocken bei einer Temperatur von bis zu 25 \u00b0C lagern, vor Feuchtigkeit und Licht sch\u00fctzen. Beutel oder Schachtel fest verschlie\u00dfen.<\/p>\n<p>Die empfohlene Tagesdosis nicht \u00fcberschreiten. Nahrungserg\u00e4nzungsmittel k\u00f6nnen eine ausgewogene und abwechslungsreiche Ern\u00e4hrung nicht ersetzen. Au\u00dferhalb der Reichweite von Kleinkindern aufbewahren. Nicht anwenden bei Kindern, Schwangeren, Stillenden oder Personen mit Nierenerkrankungen. Die empfohlene Tagesdosis nicht \u00fcberschreiten. Eine ausgewogene und abwechslungsreiche Ern\u00e4hrung und ein gesunder Lebensstil sind wichtig f\u00fcr die Gesundheit.<\/p>\n<h2><strong>Verpackung<\/strong><\/h2>\n<p>Ein Zip-Lock-Beutel oder eine Schachtel, in der das Produkt seine Frische und sein Aroma bewahrt. Die Verpackung sch\u00fctzt vor Licht und Luft. Sie besteht aus mehreren Schutzschichten, die die Eigenschaften des Produkts bewahren.<\/p>\n<p>Die Verpackung ist sehr praktisch und recycelbar.<\/p>\n<h2><strong>Herkunft<\/strong><\/h2>\n<p>Kreatin-Monohydrat-Inhaltsstoffe von au\u00dferhalb der EU, sorgf\u00e4ltig ausgew\u00e4hlt, um h\u00f6chste Qualit\u00e4t zu gew\u00e4hrleisten.[\/vc_column_text][\/vc_column][\/vc_row]<\/p>\n<\/div>","protected":false},"excerpt":{"rendered":"<p><strong>Kreatin-Monohydrat<\/strong> ist ein 100 % reiner, nat\u00fcrlicher Inhaltsstoff ohne Zusatzstoffe, der Kraft, Ausdauer und Regeneration effektiv unterst\u00fctzt. Es eignet sich f\u00fcr Sportler und alle aktiven Menschen, die ihre k\u00f6rperliche und geistige Leistungsf\u00e4higkeit verbessern m\u00f6chten.<\/p>\n<p data-start=\"373\" data-end=\"407\">\ud83d\udc9a 100 % reines Kreatin-Monohydrat<\/p>\n<p data-start=\"410\" data-end=\"466\">\ud83d\udc9a Hohe Mikronisierung (200 Mesh) \u2013 hervorragende Absorption<\/p>\n<p data-start=\"469\" data-end=\"521\">\ud83d\udc9a Unterst\u00fctzt Kraft, Muskelaufbau und Regeneration<\/p>\n<p data-start=\"524\" data-end=\"581\">\ud83d\udc9a Verbesserte Konzentration und h\u00f6here Stressresistenz<\/p>\n<p data-start=\"584\" data-end=\"634\">\ud83d\udc9a Nat\u00fcrliche Zusammensetzung \u2013 ohne Zusatzstoffe oder Chemikalien<\/p>\n<p>&nbsp;<\/p>\n","protected":false},"featured_media":7132,"comment_status":"open","ping_status":"closed","template":"","meta":{"_acf_changed":false},"product_brand":[],"product_cat":[15,225,224,226,230,231],"product_tag":[],"class_list":{"0":"post-7131","1":"product","2":"type-product","3":"status-publish","4":"has-post-thumbnail","6":"product_cat-uncategorized","7":"product_cat-alle-produkte","8":"product_cat-angebot","9":"product_cat-bestseller","10":"product_cat-mineralien-vitaminen","11":"product_cat-superfood","13":"first","14":"instock","15":"sale","16":"taxable","17":"shipping-taxable","18":"purchasable","19":"product-type-simple"},"acf":[],"_links":{"self":[{"href":"https:\/\/fengchashop.com\/de\/wp-json\/wp\/v2\/product\/7131","targetHints":{"allow":["GET"]}}],"collection":[{"href":"https:\/\/fengchashop.com\/de\/wp-json\/wp\/v2\/product"}],"about":[{"href":"https:\/\/fengchashop.com\/de\/wp-json\/wp\/v2\/types\/product"}],"replies":[{"embeddable":true,"href":"https:\/\/fengchashop.com\/de\/wp-json\/wp\/v2\/comments?post=7131"}],"wp:featuredmedia":[{"embeddable":true,"href":"https:\/\/fengchashop.com\/de\/wp-json\/wp\/v2\/media\/7132"}],"wp:attachment":[{"href":"https:\/\/fengchashop.com\/de\/wp-json\/wp\/v2\/media?parent=7131"}],"wp:term":[{"taxonomy":"product_brand","embeddable":true,"href":"https:\/\/fengchashop.com\/de\/wp-json\/wp\/v2\/product_brand?post=7131"},{"taxonomy":"product_cat","embeddable":true,"href":"https:\/\/fengchashop.com\/de\/wp-json\/wp\/v2\/product_cat?post=7131"},{"taxonomy":"product_tag","embeddable":true,"href":"https:\/\/fengchashop.com\/de\/wp-json\/wp\/v2\/product_tag?post=7131"}],"curies":[{"name":"wp","href":"https:\/\/api.w.org\/{rel}","templated":true}]}}