{"id":7062,"date":"2025-08-12T17:47:57","date_gmt":"2025-08-12T15:47:57","guid":{"rendered":"https:\/\/fengchashop.com\/de\/?post_type=product&#038;p=7062"},"modified":"2025-09-02T09:10:33","modified_gmt":"2025-09-02T07:10:33","slug":"drachenblut-sangre-de-grado-drago-tropfen","status":"publish","type":"product","link":"https:\/\/fengchashop.com\/de\/product\/drachenblut-sangre-de-grado-drago-tropfen\/","title":{"rendered":"Drachenblut (Sangre de Grado \/ Drago) Tropfen 30 ml"},"content":{"rendered":"<h2><strong>Was ist Drachenblut?<\/strong><\/h2>\n<p><strong>\u00a0<\/strong>Drachenblut, auch bekannt als <strong>Sangre de Grado oder Drago<\/strong>, ist ein kostbares <strong>r\u00f6tlich-braunes Harz<\/strong>, das aus der Rinde des Peruanischen Drachenbaums (Croton lechleri) gewonnen wird. Es ist ein \u00e4u\u00dferst wertvolles Naturpr\u00e4parat, das seit Jahrhunderten von den indigenen V\u00f6lkern S\u00fcdamerikas als vielseitiges Naturheilmittel f\u00fcr zahlreiche Beschwerden \u2013 sowohl \u00e4u\u00dferlich als auch innerlich \u2013 verwendet wird. Es wird durch vorsichtiges Anschneiden der Baumrinde gewonnen, ohne die Pflanze zu zerst\u00f6ren.<\/p>\n<p>Unser Produkt stammt aus nachhaltigem und \u00f6kologisch verantwortungsvollem Anbau im Herzen des peruanischen Amazonas-Regenwalds. Das Harz wird von den einheimischen Ureinwohnern handgepfl\u00fcckt, die so ihr traditionelles Wissen bewahren und f\u00fcr ihre Arbeit fair entlohnt werden. Die Harzgewinnung erfolgt ohne Zerst\u00f6rung der B\u00e4ume, was einen langfristigen Schutz der nat\u00fcrlichen Umwelt gew\u00e4hrleistet.<\/p>\n<p>Das von uns angebotene Drachenblut besteht aus <strong>100 % reinem Pflanzenharz \u2013 ohne Alkohol, Konservierungsstoffe, Farbstoffe oder k\u00fcnstliche Zusatzstoffe<\/strong>. Es handelt sich um einen nat\u00fcrlichen Extrakt direkt aus der Pflanze, der alle seine urspr\u00fcnglichen Eigenschaften und sein therapeutisches Potenzial beh\u00e4lt. Es hat eine intensive dunkelrote Farbe, die durch das Vorhandensein nat\u00fcrlicher Antioxidantien und Tannine charakteristisch ist. Daher ist bei der Anwendung darauf zu achten, dass es nicht mit Kleidung in Ber\u00fchrung kommt, da es dauerhafte Flecken hinterlassen kann.<\/p>\n<h2><strong>Wirkungen und Vorteile von Drachenblut<\/strong><\/h2>\n<p>Aufgrund seiner einzigartigen chemischen Zusammensetzung \u2013 hoher Gehalt an Tanninen, Alkaloiden (wie Taspin), Phenolverbindungen und Antioxidantien \u2013 hat Drachenblut zahlreiche best\u00e4tigte traditionelle Wirkungen:<\/p>\n<p><strong>\ud83d\udc9a \u00c4u\u00dferliche Anwendung \u2013 <em>nat\u00fcrlicher Hautschutz<\/em>:<\/strong><\/p>\n<ul>\n<li><strong>Schnelle Heilung von Wunden und Verletzungen<\/strong> \u2013 wirkt als nat\u00fcrliches Antiseptikum und Blutstillungsmittel (stillt Blutungen), f\u00f6rdert die Geweberegeneration<\/li>\n<li><strong>Lindert Entz\u00fcndungen und Juckreiz<\/strong> \u2013 geeignet bei Akne, Insektenstichen, Ekzemen, Schuppenflechte und anderen Hautproblemen<\/li>\n<li><strong>Wirksam gegen Pilz- und bakterielle Infektionen<\/strong><\/li>\n<li><strong>Lindert Verbrennungen, einschlie\u00dflich Sonnenbrand<\/strong> \u2013 wirkt k\u00fchlend und regenerierend<\/li>\n<li><strong>Nat\u00fcrlich \u201eAnderes\u201c Pflaster<\/strong> \u2013 bildet beim Auftragen eine d\u00fcnne Schutzschicht auf der Haut<\/li>\n<\/ul>\n<p><strong>\ud83d\udc9a Innerliche Anwendung \u2013 <em>mit Vorsicht und entsprechender Beratung<\/em>:<\/strong><\/p>\n<ul>\n<li><strong>Unterst\u00fctzung der Verdauung<\/strong> \u2013 lindert Beschwerden wie Magengeschw\u00fcre, Schleimhautentz\u00fcndungen, Durchfall und Reizdarmsyndrom<\/li>\n<li><strong>Entz\u00fcndungshemmende Wirkung<\/strong> \u2013 hilft bei inneren Entz\u00fcndungen, auch in Mundh\u00f6hle und Rachen<\/li>\n<li><strong>St\u00e4rkung des Immunsystems<\/strong> \u2013 unterst\u00fctzt die Abwehr von Viren und Bakterien<\/li>\n<li><strong>Antioxidative Wirkung<\/strong> \u2013 unterst\u00fctzt die Zellerneuerung und Entgiftung des K\u00f6rpers<\/li>\n<\/ul>\n<h2><strong>Menge<\/strong><\/h2>\n<p>30 ml<\/p>\n<h2><strong>Verpackung<\/strong><\/h2>\n<p>In Glasverpackung mit Pipette zur leichteren Dosierung.<\/p>\n<h2><strong>Warnhinweise<\/strong><\/h2>\n<p>Nur zur \u00e4u\u00dferlichen Anwendung, sofern nicht anders von einem Arzt verordnet. Die innerliche Anwendung ist nur nach R\u00fccksprache mit einem Arzt zul\u00e4ssig. Kontakt mit Augen und Schleimh\u00e4uten vermeiden. Nicht ohne \u00e4rztlichen Rat bei Kindern, schwangeren oder stillenden Frauen anwenden. Kann dauerhafte Flecken auf Textilien hinterlassen. Au\u00dferhalb der Reichweite von Kindern, trocken und dunkel lagern.<\/p>\n<h2><strong>Herkunft<\/strong><\/h2>\n<p>Ecuador<\/p>\n","protected":false},"excerpt":{"rendered":"<p>Drachenblut ist ein nat\u00fcrliches Harz des Croton lechleri-Baums, das f\u00fcr seine au\u00dfergew\u00f6hnlichen regenerierenden und sch\u00fctzenden Eigenschaften f\u00fcr die Haut bekannt ist. Dank seines hohen Gehalts an Antioxidantien sch\u00fctzt es die Haut vor freien Radikalen und vorzeitiger Hautalterung. Es wird auch als nat\u00fcrliche Behandlung bei Akne, Narben und empfindlicher Haut eingesetzt.<\/p>\n<p>\ud83d\udc9a nat\u00fcrliches Antiseptikum,<br \/>\n\ud83d\udc9a entz\u00fcndungshemmend,<br \/>\n\ud83d\udc9a beschleunigt die Wundheilung und<br \/>\n\ud83d\udc9a lindert Reizungen.<\/p>\n","protected":false},"featured_media":7063,"comment_status":"open","ping_status":"closed","template":"","meta":{"_acf_changed":false},"product_brand":[],"product_cat":[15,225,224,236],"product_tag":[],"class_list":{"0":"post-7062","1":"product","2":"type-product","3":"status-publish","4":"has-post-thumbnail","6":"product_cat-uncategorized","7":"product_cat-alle-produkte","8":"product_cat-angebot","9":"product_cat-sonstiges","11":"first","12":"instock","13":"taxable","14":"shipping-taxable","15":"purchasable","16":"product-type-simple"},"acf":[],"_links":{"self":[{"href":"https:\/\/fengchashop.com\/de\/wp-json\/wp\/v2\/product\/7062","targetHints":{"allow":["GET"]}}],"collection":[{"href":"https:\/\/fengchashop.com\/de\/wp-json\/wp\/v2\/product"}],"about":[{"href":"https:\/\/fengchashop.com\/de\/wp-json\/wp\/v2\/types\/product"}],"replies":[{"embeddable":true,"href":"https:\/\/fengchashop.com\/de\/wp-json\/wp\/v2\/comments?post=7062"}],"wp:featuredmedia":[{"embeddable":true,"href":"https:\/\/fengchashop.com\/de\/wp-json\/wp\/v2\/media\/7063"}],"wp:attachment":[{"href":"https:\/\/fengchashop.com\/de\/wp-json\/wp\/v2\/media?parent=7062"}],"wp:term":[{"taxonomy":"product_brand","embeddable":true,"href":"https:\/\/fengchashop.com\/de\/wp-json\/wp\/v2\/product_brand?post=7062"},{"taxonomy":"product_cat","embeddable":true,"href":"https:\/\/fengchashop.com\/de\/wp-json\/wp\/v2\/product_cat?post=7062"},{"taxonomy":"product_tag","embeddable":true,"href":"https:\/\/fengchashop.com\/de\/wp-json\/wp\/v2\/product_tag?post=7062"}],"curies":[{"name":"wp","href":"https:\/\/api.w.org\/{rel}","templated":true}]}}