{"id":7023,"date":"2025-02-25T09:41:56","date_gmt":"2025-02-25T08:41:56","guid":{"rendered":"https:\/\/fengchashop.com\/de\/product\/cistus-creticus-zistrose-bio-100-g\/"},"modified":"2026-04-17T03:47:00","modified_gmt":"2026-04-17T01:47:00","slug":"cistus-creticus-zistrose-bio","status":"publish","type":"product","link":"https:\/\/fengchashop.com\/de\/product\/cistus-creticus-zistrose-bio\/","title":{"rendered":"Cistus creticus (Zistrose) BIO 100 g"},"content":{"rendered":"<h2><span style=\"color: #000000\"><strong>Cistus creticus (Zistrose) BIO<\/strong><\/span><\/h2>\n<p><span style=\"color: #000000\"><strong>Cistus creticus oder Zistrose<\/strong> ist eine aromatische, strauchartige Pflanze, die haupts\u00e4chlich im Mittelmeerraum heimisch ist \u2013 insbesondere auf der griechischen Insel Kreta, wo sie in trockenen, felsigen Gebieten gedeiht. Die Bl\u00e4tter der Pflanze sind mit klebrigen Harzen (Labdanum) bedeckt, die reich an Polyphenolen \u2013 nat\u00fcrlichen Antioxidantien \u2013 sind.<\/span><\/p>\n<p><span style=\"color: #000000\">Sie wird als Tee verwendet. Cistus creticus ist <strong>als nat\u00fcrliches Kraut zur Unterst\u00fctzung des Immunsystems<\/strong> bekannt.<\/span><\/p>\n<h2><span style=\"color: #000000\"><strong>Cistus creticus Tee wird f\u00fcr folgende Eigenschaften gesch\u00e4tzt:<\/strong><\/span><\/h2>\n<p><span style=\"color: #000000\"><strong>\ud83d\udc9a Starkes Antioxidans<\/strong>: Eine reichhaltige Quelle von Polyphenolen, die die Zellen vor freien Radikalen sch\u00fctzen.<\/span><\/p>\n<p><span style=\"color: #000000\"><strong>\ud83d\udc9a Unterst\u00fctzung des Immunsystems<\/strong>: St\u00e4rkt auf nat\u00fcrliche Weise die Widerstandskraft des K\u00f6rpers, insbesondere in der Erk\u00e4ltungs- und Grippesaison.<\/span><\/p>\n<p><span style=\"color: #000000\"><strong>\ud83d\udc9a Antibakterielle und antivirale Wirkung<\/strong>: Traditionell zum Schutz vor Infektionen verwendet.<\/span><\/p>\n<p><span style=\"color: #000000\"><strong>\ud83d\udc9a Entz\u00fcndungshemmende Wirkung<\/strong>: Hilft, Entz\u00fcndungen im K\u00f6rper zu lindern.<\/span><\/p>\n<p><span style=\"color: #000000\"><strong>\ud83d\udc9a Verdauungsf\u00f6rdernde Wirkung<\/strong>: Hilft, Beschwerden wie Bl\u00e4hungen und Magenverstimmungen zu lindern.<\/span><\/p>\n<p><span style=\"color: #000000\"><strong>\ud83d\udc9a Anwendung auf der Haut<\/strong>: Wird auch in Form von Kompressen oder B\u00e4dern bei Hautproblemen (z. B. Akne, Ekzemen) angewendet.<\/span><\/p>\n<h2><span style=\"color: #000000\"><strong>Aufbewahrung und Warnhinweise<\/strong><\/span><\/h2>\n<p><span style=\"color: #000000\">Trocken, dunkel und k\u00fchl lagern. Getrocknete Bl\u00e4tter sollten bis zur Verwendung in einem luftdichten Beutel oder Beh\u00e4lter aufbewahrt werden. So behalten sie ihre Kraft und ihr Aroma bis zu einem Jahr lang. Nicht in der N\u00e4he von stark riechenden Substanzen (z. B. Gew\u00fcrzen) aufbewahren, da das Kraut Fremdger\u00fcche annehmen kann. Verpackung nach dem \u00d6ffnen stets gut verschlie\u00dfen.<\/span><\/p>\n<p><span style=\"color: #000000\">Die Anwendung ist grunds\u00e4tzlich sicher, auch bei Langzeitanwendung. In seltenen F\u00e4llen kann es zu leichter Verstopfung oder Magenreizungen kommen. Schwangere und stillende M\u00fctter sollten vor der Anwendung einen Arzt konsultieren.<\/span><\/p>\n<p><span style=\"color: #000000\">Abwechslungsreiche Ern\u00e4hrung und eine gesunde Lebensweise sind wichtig. Nahrungserg\u00e4nzungsmittel sind daher kein Ersatz f\u00fcr eine ausgewogene und abwechslungsreiche Ern\u00e4hrung. Die empfohlene Tagesdosis sollte nicht \u00fcberschritten werden.<\/span><\/p>\n<h2><span style=\"color: #000000\">Verpackung<\/span><\/h2>\n<p><span style=\"color: #000000\">Luftdichter Zip-Beutel, in dem das Produkt seine Frische und sein Aroma bewahrt. Die Verpackung sch\u00fctzt vor Licht und Luft, da sie aus mehreren Schutzschichten besteht, die die Eigenschaften des Inhalts bewahren.<\/span><\/p>\n<p><span style=\"color: #000000\">Die Verpackung ist sehr praktisch und recycelbar.<\/span><\/p>\n<h2><span style=\"color: #000000\">Herkunft<\/span><\/h2>\n<p><span style=\"color: #000000\">Griechenland<\/span><\/p>\n","protected":false},"excerpt":{"rendered":"<p><span style=\"color: #000000\"><strong>Cistus creticus<\/strong> ist als nat\u00fcrliches Kraut <strong>zur Unterst\u00fctzung des Immunsystems<\/strong> bekannt und hat eine starke <strong>antivirale, antibakterielle und antioxidative Wirkung<\/strong>. Dar\u00fcber hinaus hat es weitere positive Eigenschaften:<\/span><\/p>\n<p data-start=\"173\" data-end=\"215\"><span style=\"color: #000000\">\ud83d\udc9a Lindert Entz\u00fcndungen (entz\u00fcndungshemmende Wirkung)<\/span><\/p>\n<p data-start=\"219\" data-end=\"258\"><span style=\"color: #000000\">\ud83d\udc9a Unterst\u00fctzt die Verdauung und Entgiftung<\/span><\/p>\n<p data-start=\"262\" data-end=\"313\"><span style=\"color: #000000\">\ud83d\udc9a Hilft bei Hautproblemen (z. B. Akne, Ekzemen)<\/span><\/p>\n<p data-start=\"317\" data-end=\"350\"><span style=\"color: #000000\">\ud83d\udc9a Reduziert das Risiko von Atemwegsinfektionen<\/span><\/p>\n","protected":false},"featured_media":7024,"comment_status":"open","ping_status":"closed","template":"","meta":{"_acf_changed":false},"product_brand":[],"product_cat":[15,225,224,223,234],"product_tag":[],"class_list":{"0":"post-7023","1":"product","2":"type-product","3":"status-publish","4":"has-post-thumbnail","6":"product_cat-uncategorized","7":"product_cat-alle-produkte","8":"product_cat-angebot","9":"product_cat-tee","10":"product_cat-tee-lebensmittel-gewuerze","12":"first","13":"instock","14":"taxable","15":"shipping-taxable","16":"purchasable","17":"product-type-simple"},"acf":[],"_links":{"self":[{"href":"https:\/\/fengchashop.com\/de\/wp-json\/wp\/v2\/product\/7023","targetHints":{"allow":["GET"]}}],"collection":[{"href":"https:\/\/fengchashop.com\/de\/wp-json\/wp\/v2\/product"}],"about":[{"href":"https:\/\/fengchashop.com\/de\/wp-json\/wp\/v2\/types\/product"}],"replies":[{"embeddable":true,"href":"https:\/\/fengchashop.com\/de\/wp-json\/wp\/v2\/comments?post=7023"}],"wp:featuredmedia":[{"embeddable":true,"href":"https:\/\/fengchashop.com\/de\/wp-json\/wp\/v2\/media\/7024"}],"wp:attachment":[{"href":"https:\/\/fengchashop.com\/de\/wp-json\/wp\/v2\/media?parent=7023"}],"wp:term":[{"taxonomy":"product_brand","embeddable":true,"href":"https:\/\/fengchashop.com\/de\/wp-json\/wp\/v2\/product_brand?post=7023"},{"taxonomy":"product_cat","embeddable":true,"href":"https:\/\/fengchashop.com\/de\/wp-json\/wp\/v2\/product_cat?post=7023"},{"taxonomy":"product_tag","embeddable":true,"href":"https:\/\/fengchashop.com\/de\/wp-json\/wp\/v2\/product_tag?post=7023"}],"curies":[{"name":"wp","href":"https:\/\/api.w.org\/{rel}","templated":true}]}}