{"id":7021,"date":"2025-06-09T09:58:05","date_gmt":"2025-06-09T07:58:05","guid":{"rendered":"https:\/\/fengchashop.com\/de\/?post_type=product&#038;p=7021"},"modified":"2026-05-08T12:15:02","modified_gmt":"2026-05-08T10:15:02","slug":"chanca-piedra-tee","status":"publish","type":"product","link":"https:\/\/fengchashop.com\/de\/product\/chanca-piedra-tee\/","title":{"rendered":"Chanca Piedra Tee 100g"},"content":{"rendered":"<h2><span style=\"color: #000000\">Chanca Piedra Tee<\/span><\/h2>\n<p><span style=\"color: #000000\"><strong>Chanca Piedra<\/strong> (<em>Phyllanthus niruri<\/em>) ist eine <strong>tropische Pflanze<\/strong>, die in <strong>Amazonas<\/strong> und anderen Teilen <strong>S\u00fcdamerikas, Indiens und S\u00fcdostasiens<\/strong> heimisch ist. Der Name bedeutet w\u00f6rtlich <strong>\u201eSteinbrecher\u201c<\/strong> \u2013 er stammt von einem spanischen Begriff, der sich auf die traditionelle Verwendung zum <strong>Zerschlagen von Nieren- und Gallensteinen<\/strong> bezieht. Chanca Piedra stammt aus <strong>kontrolliert biologischem Anbau<\/strong> in <strong>Waldg\u00e4rten (Chakra)<\/strong> und wird vom indigenen Volk der Kichwa in den G\u00e4rten des Amazonas-Regenwalds in Ecuador angebaut.<\/span><\/p>\n<h2><span style=\"color: #000000\"><strong>Hauptwirkstoffe<\/strong><\/span><\/h2>\n<p><span style=\"color: #000000\">Die Pflanze enth\u00e4lt zahlreiche <strong>bioaktive Verbindungen<\/strong>, die wichtigsten davon sind:<\/span><\/p>\n<ul>\n<li><span style=\"color: #000000\"><strong>Lignane:<\/strong> Phyllanthin, Hypophyllanthin<\/span><\/li>\n<li><span style=\"color: #000000\"><strong>Flavonoide:<\/strong> Quercetin, Rutins\u00e4ure<\/span><\/li>\n<li><span style=\"color: #000000\"><strong>Triterpene<\/strong><\/span><\/li>\n<li><span style=\"color: #000000\"><strong>Tannine<\/strong><\/span><\/li>\n<li><span style=\"color: #000000\"><strong>Alkaloide<\/strong><\/span><\/li>\n<li><span style=\"color: #000000\"><strong>Polyphenole<\/strong><\/span><\/li>\n<\/ul>\n<p><span style=\"color: #000000\">Diese Verbindungen haben <strong>entz\u00fcndungshemmende, antimikrobielle, antioxidative, harntreibende und <strong>lebersch\u00fctzende<\/strong> Wirkungen.<\/strong><\/span><\/p>\n<h2><span style=\"color: #000000\"><strong>Wirkungen und Vorteile von Chanca Piedra<\/strong><\/span><\/h2>\n<p><span style=\"color: #000000\"><strong>\ud83d\udc9a Aufl\u00f6sen und Vorbeugen von Nierensteinen: <\/strong>Es ist bekannt f\u00fcr seine F\u00e4higkeit, beim Abbau bestehender <strong>Nieren- und Gallensteine<\/strong> zu helfen und die Wahrscheinlichkeit ihrer Neubildung zu verringern.<\/span><\/p>\n<p><span style=\"color: #000000\"><strong>\ud83d\udc9a Leberunterst\u00fctzung: <\/strong>Es wirkt als <strong>hepatoprotektives Mittel<\/strong> (sch\u00fctzt die Leber), insbesondere bei Problemen, die durch Giftstoffe, Alkohol oder Infektionen (z. B. Hepatitis B) verursacht werden.<\/span><\/p>\n<p><span style=\"color: #000000\"><strong>\ud83d\udc9a Entz\u00fcndungshemmende und antioxidative Wirkung: <\/strong>Enth\u00e4lt bioaktive Substanzen, die helfen, <strong>Entz\u00fcndungen zu reduzieren<\/strong> und <strong>Zellen vor oxidativem Stress zu sch\u00fctzen<\/strong>.<\/span><\/p>\n<p><span style=\"color: #000000\"><strong>\ud83d\udc9a Diuretische Wirkung: <\/strong>Es regt die <strong>Harnausscheidung<\/strong> an, was zur Reinigung der Harnwege beitragen und Infektionen oder Fl\u00fcssigkeitsansammlungen vorbeugen kann.<\/span><\/p>\n<p><span style=\"color: #000000\"><strong>\ud83d\udc9a Antivirale Aktivit\u00e4t: <\/strong>Einige Studien haben eine Wirkung gegen <strong>Hepatitis B<\/strong> und andere Viren gezeigt, obwohl dies noch nicht klinisch best\u00e4tigt wurde.<\/span><\/p>\n<p><span style=\"color: #000000\"><strong>\ud83d\udc9a Blutzuckersenkung:<\/strong>Es wird traditionell auch zur <strong>Unterst\u00fctzung der Blutzuckerregulierung<\/strong> verwendet.<\/span><\/p>\n<h2><span style=\"color: #000000\"><strong>Aufbewahrung und Warnhinweise<\/strong><\/span><\/h2>\n<p><span style=\"color: #000000\">An einem trockenen und k\u00fchlen Ort bei einer Temperatur von bis zu 25 \u00b0C lagern. Bewahren Sie das Nahrungserg\u00e4nzungsmittel au\u00dferhalb der Reichweite von Kindern auf!<\/span><\/p>\n<p><span style=\"color: #000000\"><strong>\u00a0<\/strong>Nicht empfohlen f\u00fcr schwangere oder stillende M\u00fctter. Kann den Blutdruck oder den Blutzuckerspiegel beeinflussen \u2013 Vorsicht bei Personen mit Herz-Kreislauf-Erkrankungen oder Diabetes. Es kann auch die Wirkung einiger Medikamente beeintr\u00e4chtigen, insbesondere von Diuretika oder Lebermedikamenten.<\/span><\/p>\n<p><span style=\"color: #000000\">Anwendungsempfehlung: Kurzzeitig (z. B. 2\u20134 Wochen), danach Pause.<\/span><\/p>\n<p><span style=\"color: #000000\">Vergessen Sie nicht, wie wichtig eine abwechslungsreiche Ern\u00e4hrung und eine gesunde Lebensweise sind. Ein Nahrungserg\u00e4nzungsmittel ist daher kein Ersatz f\u00fcr eine ausgewogene und abwechslungsreiche Ern\u00e4hrung. Die empfohlene Tagesmenge bzw. Dosierung sollte nicht \u00fcberschritten werden.<\/span><\/p>\n<h2><span style=\"color: #000000\">Verpackung<\/span><\/h2>\n<p><span style=\"color: #000000\">Ein luftdichter Beutel mit Rei\u00dfverschluss, in dem das Produkt seine ganze Frische und sein Aroma beh\u00e4lt. Die Verpackung sch\u00fctzt vor Licht und Luft, da sie aus mehreren Schutzschichten besteht, die die Eigenschaften des Inhalts bewahren.<\/span><\/p>\n<p><span style=\"color: #000000\">Die Verpackung ist sehr praktisch und recycelbar.<\/span><\/p>\n<h2><span style=\"color: #000000\">Herkunft<\/span><\/h2>\n<p><span style=\"color: #000000\">Ecuador<\/span><\/p>\n","protected":false},"excerpt":{"rendered":"<p>Chanca Piedra-Tee ist beliebt wegen seiner nat\u00fcrlichen Unterst\u00fctzung bei Nierensteinen, der Entgiftung des K\u00f6rpers und dem Schutz der Leber. Zu den wichtigsten Wirkstoffen z\u00e4hlen <strong data-start=\"156\" data-end=\"169\">Phyllanthin<\/strong> und <strong data-start=\"173\" data-end=\"186\">Quercetin<\/strong>, die entz\u00fcndungshemmend und antiviral wirken.<\/p>\n<p>Tee ist beliebt wegen seiner Wirkung auf:<\/p>\n<p><strong data-start=\"70\" data-end=\"103\">\ud83d\udc9a Aufl\u00f6sung von Nierensteinen<\/strong> und<\/p>\n<p><strong data-start=\"107\" data-end=\"125\">\ud83d\udc9a Leberreinigung.<\/strong><\/p>\n","protected":false},"featured_media":7022,"comment_status":"open","ping_status":"closed","template":"","meta":{"_acf_changed":false},"product_brand":[],"product_cat":[15,225,224,223,234],"product_tag":[],"class_list":{"0":"post-7021","1":"product","2":"type-product","3":"status-publish","4":"has-post-thumbnail","6":"product_cat-uncategorized","7":"product_cat-alle-produkte","8":"product_cat-angebot","9":"product_cat-tee","10":"product_cat-tee-lebensmittel-gewuerze","12":"first","13":"instock","14":"taxable","15":"shipping-taxable","16":"purchasable","17":"product-type-simple"},"acf":[],"_links":{"self":[{"href":"https:\/\/fengchashop.com\/de\/wp-json\/wp\/v2\/product\/7021","targetHints":{"allow":["GET"]}}],"collection":[{"href":"https:\/\/fengchashop.com\/de\/wp-json\/wp\/v2\/product"}],"about":[{"href":"https:\/\/fengchashop.com\/de\/wp-json\/wp\/v2\/types\/product"}],"replies":[{"embeddable":true,"href":"https:\/\/fengchashop.com\/de\/wp-json\/wp\/v2\/comments?post=7021"}],"wp:featuredmedia":[{"embeddable":true,"href":"https:\/\/fengchashop.com\/de\/wp-json\/wp\/v2\/media\/7022"}],"wp:attachment":[{"href":"https:\/\/fengchashop.com\/de\/wp-json\/wp\/v2\/media?parent=7021"}],"wp:term":[{"taxonomy":"product_brand","embeddable":true,"href":"https:\/\/fengchashop.com\/de\/wp-json\/wp\/v2\/product_brand?post=7021"},{"taxonomy":"product_cat","embeddable":true,"href":"https:\/\/fengchashop.com\/de\/wp-json\/wp\/v2\/product_cat?post=7021"},{"taxonomy":"product_tag","embeddable":true,"href":"https:\/\/fengchashop.com\/de\/wp-json\/wp\/v2\/product_tag?post=7021"}],"curies":[{"name":"wp","href":"https:\/\/api.w.org\/{rel}","templated":true}]}}