{"id":7020,"date":"2025-07-24T19:52:18","date_gmt":"2025-07-24T17:52:18","guid":{"rendered":"https:\/\/fengchashop.com\/de\/product\/bachblueten-tinnitus\/"},"modified":"2026-01-28T17:45:59","modified_gmt":"2026-01-28T16:45:59","slug":"bachblueten-tinnitus","status":"publish","type":"product","link":"https:\/\/fengchashop.com\/de\/product\/bachblueten-tinnitus\/","title":{"rendered":"Bachbl\u00fcten Tinnitus"},"content":{"rendered":"<h2><span style=\"color: #000000;\"><strong>Bachtropfen gegen Tinnitus<\/strong><\/span><\/h2>\n<p><span style=\"color: #000000;\"><strong>Tinnitus<\/strong> (auch als \u201eOhrensausen\u201c bekannt) ist die Wahrnehmung von Ger\u00e4uschen in den Ohren oder im Kopf, die keine externe Quelle haben. Betroffene h\u00f6ren h\u00e4ufig Klingeln, Summen, Zischen, Surren oder Pulsieren, obwohl in der Umgebung kein wirklicher Ton vorhanden ist. Es kann aber auch unsere geistige Gesundheit beeintr\u00e4chtigen. Daher ist es \u00e4u\u00dferst wichtig, dass wir uns gegenseitig dabei helfen, mit den emotionalen Aspekten umzugehen. Nur so k\u00f6nnen Sie f\u00fcr ein ruhiges Gef\u00fchl sorgen und Ihre Lebensenergie steigern. Bachtropfen k\u00f6nnen uns dabei helfen. Wir haben die passende L\u00f6sung f\u00fcr Sie.<\/span><\/p>\n<p><span style=\"color: #000000;\">Die ersten Ergebnisse k\u00f6nnen Sie, je nach Einzelfall, bereits nach einigen Tagen oder Wochen bemerken. Die fertige Mischung ist f\u00fcr 30 Tage haltbar und kann einfach direkt in den Mund gegeben oder in ein Glas Wasser getr\u00e4ufelt werden.<\/span><\/p>\n<p><span style=\"color: #000000;\"><strong>Ursachen von Tinnitus:<\/strong><\/span><\/p>\n<ul>\n<li><span style=\"color: #000000;\">Belastung durch laute Ger\u00e4usche (Konzerte, Kopfh\u00f6rer).<\/span><\/li>\n<li><span style=\"color: #000000;\">Altersbedingter H\u00f6rverlust.<\/span><\/li>\n<li><span style=\"color: #000000;\">H\u00f6rverlust oder Sch\u00e4digung des Innenohrs.<\/span><\/li>\n<li><span style=\"color: #000000;\">Stress, Angst oder Depression.<\/span><\/li>\n<li><span style=\"color: #000000;\">Verstopfung des Geh\u00f6rgangs (z. B. durch Ohrenschmalz).<\/span><\/li>\n<li><span style=\"color: #000000;\">Einnahme bestimmter Medikamente (z. B. einige Antibiotika oder Aspirin in hohen Dosen).<\/span><\/li>\n<\/ul>\n<p>&nbsp;<\/p>\n<p><span style=\"color: #000000;\"><strong>Die Therapie mit Bachbl\u00fctentropfen hilft uns, emotional mit dem Tinnitus umzugehen, der uns in einer Weise beeinflusst, dass wir:<\/strong><\/span><\/p>\n<ul>\n<li><span style=\"color: #000000;\">ruhiger,<\/span><\/li>\n<li><span style=\"color: #000000;\">weniger durch st\u00f6renden L\u00e4rm belastet<\/span><\/li>\n<li><span style=\"color: #000000;\">und es ist einfacher, das innere Gleichgewicht zu halten.<\/span><\/li>\n<\/ul>\n<p>&nbsp;<\/p>\n<h2><span style=\"color: #000000;\"><strong>So wirken Bachtropfen<\/strong><\/span><\/h2>\n<p><span style=\"color: #000000;\">Bachtropfen wirken gegen verschiedene seelische Belastungen eines Menschen, die auch zu Tinnitus f\u00fchren k\u00f6nnen. Auch in verschiedenen Krisen und schwierigen Lebenssituationen und Pr\u00fcfungen helfen uns Bachtropfen. Sie helfen uns, zur Ruhe zu kommen und einen klaren Kopf zu bewahren, da sie unseren Gef\u00fchlszustand beeinflussen und zu seiner Harmonisierung beitragen. Mit Hilfe von Bachtropfen gewinnen wir die Kontrolle \u00fcber unsere Emotionen, schaffen so Harmonie und finden unseren inneren Frieden.<\/span><\/p>\n<p style=\"text-align: justify;\"><span style=\"color: #000000;\">Die ersten Ergebnisse werden Sie vielleicht schon nach einigen Tagen oder Wochen bemerken, das h\u00e4ngt von jedem Einzelnen ab. Die zubereitete Mischung reicht f\u00fcr 30 Tage, einfach direkt in den Mund geben oder in ein Glas Wasser tropfen. <\/span><\/p>\n<h2 style=\"text-align: justify;\"><span style=\"color: #000000;\">Wie Bach-Tropfen wirken<\/span><\/h2>\n<p style=\"text-align: justify;\"><span style=\"color: #000000;\">Bach-Tropfen wirken effektiv gegen verschiedene <b>seelische N\u00f6te des Menschen<\/b>.<b> Eine solche Notlage, die im modernen Lebensstil immer h\u00e4ufiger auftritt, ist sicherlich Stress<\/b>. Bach-Tropfen helfen uns auch in verschiedenen Krisen und schwierigen Lebenssituationen und Pr\u00fcfungen. Sie helfen uns, zur Ruhe zu kommen und einen ruhigen Kopf zu bewahren, denn sie wirken auf unsere Gef\u00fchlslage und helfen, diese zu harmonisieren. Mit Hilfe der Bach-Tropfen \u00fcbernehmen wir die <b>Kontrolle <\/b> \u00fcber<b>unsere <\/b><b>Emotionen<\/b>, und nur so k\u00f6nnen wir Harmonie schaffen und so unseren inneren Frieden finden.<\/span><\/p>\n<p style=\"text-align: justify;\"><span style=\"color: #000000;\">Die Bach-Therapie f\u00f6rdert die Selbstheilung und die geistige Entspannung. Nach der Theorie von Dr. Bach liegt die Ursache von Krankheiten in einem unharmonischen Zustand oder in einem Mangel an Harmonie zwischen K\u00f6rper und Seele. Mit Hilfe von Bl\u00fctenessenzen versuchen wir, Krankheiten zu heilen, indem wir uns die <b>positiven Eigenschaften der Bl\u00fcten<\/b> zunutze machen, um das Gleichgewicht in uns selbst wiederherzustellen.<\/span><\/p>\n<p style=\"text-align: justify;\"><span style=\"color: #000000;\">Die Bach-Tropfen werden nach der Methode von Dr. Bach hergestellt, wobei<strong> nur Original-Bach-Essenzen<\/strong> verwendet werden.<\/span><\/p>\n<p style=\"text-align: justify;\"><span style=\"color: #000000;\">Die Bach-Tropfen werden aus einer Flasche mit beigef\u00fcgter Pipette entnommen, was die Dosierung sehr einfach macht. Nehmen Sie 4 Mal am Tag 4 Tropfen \u00fcber den Tag verteilt ein. Die Flasche, die Sie erhalten, ist ausreichend f\u00fcr eine 1-monatige Therapie. <\/span><\/p>\n<p style=\"text-align: justify;\"><span style=\"color: #000000;\">Jede Flasche<b> <\/b>der ausgew\u00e4hlten Mischung <b>wird von Hand und an Ort und Stelle zubereitet<\/b>. Um die Mischung l\u00e4nger frisch zu halten, verwenden wir etwas Alkohol (Cognac). Die Mischung ist ab Kaufdatum 1 Monat haltbar.<\/span><\/p>\n<p style=\"text-align: justify;\"><span style=\"color: #000000;\">Da Bach-Tropfen <strong>keine<\/strong> <b>Nebenwirkungen<\/b> <strong>haben<\/strong>, k\u00f6nnen sie nicht \u00fcberdosiert werden und machen nicht s\u00fcchtig. Sie sind f\u00fcr alle geeignet &#8211; Schwangere, stillende M\u00fctter, \u00e4ltere Menschen, Kinder und Tiere.<\/span><\/p>\n<p style=\"text-align: justify;\"><span style=\"color: #000000;\">Es gibt keine Wechselwirkungen mit anderen Medikamenten.<\/span><\/p>\n<h2 style=\"text-align: justify;\"><span style=\"color: #000000;\">Aufbewahrung<\/span><\/h2>\n<p style=\"text-align: justify;\"><span style=\"color: #000000;\">An einem trockenen, dunklen Ort bei einer Temperatur von bis zu +25 \u00b0C aufbewahren.<\/span><\/p>\n<h2 style=\"text-align: justify;\"><span style=\"color: #000000;\">Menge<\/span><\/h2>\n<p style=\"text-align: justify;\"><span style=\"color: #000000;\">30 ml (ausreichend f\u00fcr 30 Tage bei regelm\u00e4\u00dfiger Anwendung)<\/span><\/p>\n","protected":false},"excerpt":{"rendered":"<p>Bach-Tropfen sind wirksam gegen verschiedene seelische N\u00f6te. Sie helfen in verschiedenen Krisen und schwierigen Lebenssituationen. Sie helfen, sich zu beruhigen und einen ruhigen Kopf zu bewahren. Sie wirken auf unsere Gef\u00fchlslage und helfen, diese zu harmonisieren.<\/p>\n<p>\ud83d\udc9a Die Tropfen werden am Tag des Versands von Hand verpackt.<br \/>\n\ud83d\udc9a Sie sind f\u00fcr alle Menschen (schwangere Frauen, \u00e4ltere Menschen, Kinder,&#8230;) und Tiere geeignet.<br \/>\n\ud83d\udc9a Sie haben keine Nebenwirkungen, machen nicht s\u00fcchtig und k\u00f6nnen nicht \u00fcberdosiert werden.<br \/>\n\ud83d\udc9a Die ersten Ergebnisse k\u00f6nnen nach ein paar Tagen oder Wochen eintreten, dies h\u00e4ngt von jedem Einzelnen ab.<br \/>\n\ud83d\udc9a Es gibt keine Wechselwirkungen mit anderen Medikamenten.<\/p>\n","protected":false},"featured_media":6898,"comment_status":"open","ping_status":"closed","template":"","meta":{"_acf_changed":false},"product_brand":[],"product_cat":[15,225,224,237],"product_tag":[],"class_list":{"0":"post-7020","1":"product","2":"type-product","3":"status-publish","4":"has-post-thumbnail","6":"product_cat-uncategorized","7":"product_cat-alle-produkte","8":"product_cat-angebot","9":"product_cat-bachblueten","11":"first","12":"instock","13":"sale","14":"taxable","15":"shipping-taxable","16":"purchasable","17":"product-type-simple"},"acf":[],"_links":{"self":[{"href":"https:\/\/fengchashop.com\/de\/wp-json\/wp\/v2\/product\/7020","targetHints":{"allow":["GET"]}}],"collection":[{"href":"https:\/\/fengchashop.com\/de\/wp-json\/wp\/v2\/product"}],"about":[{"href":"https:\/\/fengchashop.com\/de\/wp-json\/wp\/v2\/types\/product"}],"replies":[{"embeddable":true,"href":"https:\/\/fengchashop.com\/de\/wp-json\/wp\/v2\/comments?post=7020"}],"wp:featuredmedia":[{"embeddable":true,"href":"https:\/\/fengchashop.com\/de\/wp-json\/wp\/v2\/media\/6898"}],"wp:attachment":[{"href":"https:\/\/fengchashop.com\/de\/wp-json\/wp\/v2\/media?parent=7020"}],"wp:term":[{"taxonomy":"product_brand","embeddable":true,"href":"https:\/\/fengchashop.com\/de\/wp-json\/wp\/v2\/product_brand?post=7020"},{"taxonomy":"product_cat","embeddable":true,"href":"https:\/\/fengchashop.com\/de\/wp-json\/wp\/v2\/product_cat?post=7020"},{"taxonomy":"product_tag","embeddable":true,"href":"https:\/\/fengchashop.com\/de\/wp-json\/wp\/v2\/product_tag?post=7020"}],"curies":[{"name":"wp","href":"https:\/\/api.w.org\/{rel}","templated":true}]}}