{"id":7018,"date":"2026-02-27T15:57:06","date_gmt":"2026-02-27T14:57:06","guid":{"rendered":"https:\/\/fengchashop.com\/de\/product\/a-i-tropfen\/"},"modified":"2026-04-16T23:13:28","modified_gmt":"2026-04-16T21:13:28","slug":"a-i-tropfen","status":"publish","type":"product","link":"https:\/\/fengchashop.com\/de\/product\/a-i-tropfen\/","title":{"rendered":"A.I. Tropfen"},"content":{"rendered":"<h2><strong>A.I. (Awakening Infusion):<\/strong><strong> Eine nat\u00fcrliche Transformation Ihrer Lebensenergie<\/strong><\/h2>\n<p>Entdecken Sie <strong>Awakening Infusion<\/strong> \u2013 eine innovative Formel basierend auf der Kraft einheimischer europ\u00e4ischer Kr\u00e4uter. Diese einzigartige Kombination wirkt synergetisch, da die einzelnen Inhaltsstoffe zusammen ein Ganzes bilden, das Ihr inneres System unterst\u00fctzt und Sie zu Ausgeglichenheit und anhaltender Vitalit\u00e4t f\u00fchrt.<\/p>\n<h2><strong>Warum A.I. w\u00e4hlen?<\/strong><\/h2>\n<p class=\"ds-markdown-paragraph\">Mit der Einnahme der\u00a0<strong>A.I.-Tropfen<\/strong>\u00a0stabilisiert sich Ihr Energieniveau und bleibt konstant hoch. Ihr\u00a0<strong>Bioenergiefeld<\/strong>\u00a0\u2013 die nat\u00fcrliche Energiequelle, die Ihren K\u00f6rper zur H\u00f6chstleistung bef\u00e4higt \u2013 wird gest\u00e4rkt. Keine Energieschwankungen mehr, nur noch ein m\u00fcheloses Flie\u00dfen auf nat\u00fcrlichem Hochleistungsniveau.<\/p>\n<p class=\"ds-markdown-paragraph\">Dieser Prozess ist keine blo\u00dfe Verbesserung, sondern eine\u00a0<strong>Evolution<\/strong>. Schritt f\u00fcr Schritt f\u00fchren Sie die\u00a0<strong>A.I.-Tropfen<\/strong>\u00a0zur Entfaltung Ihres vollen Potenzials. Eine Transformation, die Energie f\u00fcr Sie arbeiten l\u00e4sst \u2013 bis Sie schlie\u00dflich in v\u00f6lliger Harmonie mit K\u00f6rper und Geist leben.<\/p>\n<h2><strong>F\u00fcr wen sind A.I.-Tropfen?<\/strong><\/h2>\n<p>Die Tropfen sind ideal f\u00fcr:<\/p>\n<ul>\n<li>diejenigen, die eine nat\u00fcrliche Unterst\u00fctzung ihres Immunsystems suchen,<\/li>\n<li>Menschen mit gesundheitlichen Problemen, selbst in den fr\u00fchen Stadien ernsthafter Probleme,<\/li>\n<li>Jeder, der eine tiefere Verbindung zu seinem Wesen finden und seine innere Kraft erwecken m\u00f6chte.<\/li>\n<\/ul>\n<h2><strong>Natur pur.<br \/>\n<\/strong><\/h2>\n<p>KI Die Tropfen bestehen zu 100 % aus nat\u00fcrlichen, einheimischen europ\u00e4ischen Kr\u00e4utern. Sie sind sicher, wirksam und mit Liebe und Respekt f\u00fcr die Natur hergestellt.<\/p>\n<h2><strong>Beginnen Sie Ihre Transformation mit Awakening Infusion.<\/strong><\/h2>\n<p>Entdecken Sie ein h\u00f6heres Ma\u00df an Lebensenergie, das es Ihnen erm\u00f6glicht, Ihr Leben in vollen Z\u00fcgen zu genie\u00dfen. Machen Sie noch heute den ersten Schritt auf dem Weg zu Harmonie und Vitalit\u00e4t.<\/p>\n<h2><strong>Speicher<\/strong><\/h2>\n<p>Trocken und dunkel lagern, bei einer Temperatur bis +25 \u00b0C.<\/p>\n<h2><strong>Menge<\/strong><\/h2>\n<p>30 ml<\/p>\n","protected":false},"excerpt":{"rendered":"<p><span style=\"color: #000000\"><strong>Awakening Infusionmit<\/strong> einer innovativen Formel basierend auf der Kraft einheimischer europ\u00e4ischer Kr\u00e4uter. Diese einzigartige Kombination wirkt synergetisch, da die einzelnen Inhaltsstoffe zusammen ein Ganzes bilden, das Ihr inneres System unterst\u00fctzt und Sie zu Ausgeglichenheit und anhaltender Vitalit\u00e4t f\u00fchrt.<\/span><\/p>\n<p><span style=\"color: #000000\">Die Tropfen sind ideal f\u00fcr:<\/span><\/p>\n<p><span style=\"color: #000000\">\ud83d\udc9a diejenigen, die eine nat\u00fcrliche Unterst\u00fctzung des Immunsystems suchen,<\/span><\/p>\n<p><span style=\"color: #000000\">\ud83d\udc9a Menschen mit gesundheitlichen Problemen, auch im Fr\u00fchstadium schwerwiegender Probleme,<\/span><\/p>\n<p><span style=\"color: #000000\">\ud83d\udc9a Jeder, der eine tiefere Verbindung zu seinem Wesen finden und seine innere St\u00e4rke erwecken m\u00f6chte.<\/span><\/p>\n","protected":false},"featured_media":7019,"comment_status":"open","ping_status":"closed","template":"","meta":{"_acf_changed":false},"product_brand":[],"product_cat":[15,221,225,224,236,229],"product_tag":[],"class_list":{"0":"post-7018","1":"product","2":"type-product","3":"status-publish","4":"has-post-thumbnail","6":"product_cat-uncategorized","7":"product_cat-a-i","8":"product_cat-alle-produkte","9":"product_cat-angebot","10":"product_cat-sonstiges","11":"product_cat-wieder-auf-lager","13":"first","14":"instock","15":"sale","16":"taxable","17":"shipping-taxable","18":"purchasable","19":"product-type-simple"},"acf":[],"_links":{"self":[{"href":"https:\/\/fengchashop.com\/de\/wp-json\/wp\/v2\/product\/7018","targetHints":{"allow":["GET"]}}],"collection":[{"href":"https:\/\/fengchashop.com\/de\/wp-json\/wp\/v2\/product"}],"about":[{"href":"https:\/\/fengchashop.com\/de\/wp-json\/wp\/v2\/types\/product"}],"replies":[{"embeddable":true,"href":"https:\/\/fengchashop.com\/de\/wp-json\/wp\/v2\/comments?post=7018"}],"wp:featuredmedia":[{"embeddable":true,"href":"https:\/\/fengchashop.com\/de\/wp-json\/wp\/v2\/media\/7019"}],"wp:attachment":[{"href":"https:\/\/fengchashop.com\/de\/wp-json\/wp\/v2\/media?parent=7018"}],"wp:term":[{"taxonomy":"product_brand","embeddable":true,"href":"https:\/\/fengchashop.com\/de\/wp-json\/wp\/v2\/product_brand?post=7018"},{"taxonomy":"product_cat","embeddable":true,"href":"https:\/\/fengchashop.com\/de\/wp-json\/wp\/v2\/product_cat?post=7018"},{"taxonomy":"product_tag","embeddable":true,"href":"https:\/\/fengchashop.com\/de\/wp-json\/wp\/v2\/product_tag?post=7018"}],"curies":[{"name":"wp","href":"https:\/\/api.w.org\/{rel}","templated":true}]}}