{"id":6990,"date":"2024-02-28T16:11:53","date_gmt":"2024-02-28T15:11:53","guid":{"rendered":"https:\/\/fengchashop.com\/de\/product\/chunmee-bio-100-g\/"},"modified":"2026-05-07T10:36:00","modified_gmt":"2026-05-07T08:36:00","slug":"chunmee-bio","status":"publish","type":"product","link":"https:\/\/fengchashop.com\/de\/product\/chunmee-bio\/","title":{"rendered":"Chunmee BIO 100 g"},"content":{"rendered":"<h2><span style=\"color: #000000\">Chunmee Bio<\/span><\/h2>\n<p><span style=\"color: #000000\">Chunmee ist einer der beliebtesten Tees f\u00fcr den t\u00e4glichen Gebrauch in China. Die Bio-Variante zeichnet sich durch ihren zarten und feinen Geschmack aus. Die Teebl\u00e4tter sind kompakt und weich. Die Bl\u00e4tter werden zun\u00e4chst in kleine Spiralen gewickelt, die sich bei Kontakt mit hei\u00dfem Wasser sofort \u00f6ffnen.<\/span><\/p>\n<h2><span style=\"color: #000000\">Lagerung<\/span><\/h2>\n<p><span style=\"color: #000000\">Bio-Tees trocken, dunkel und k\u00fchl lagern.<\/span><\/p>\n<h2><span style=\"color: #000000\">Verpackung<\/span><\/h2>\n<p><span style=\"color: #000000\">In einem undurchl\u00e4ssigen Zip-Lock-Beutel, in dem das Produkt seine ganze Frische und sein Aroma bewahrt. Die Verpackung sch\u00fctzt vor Licht und Luft. Sie besteht aus mehreren Schutzschichten, um die Eigenschaften des Produkts zu erhalten.<\/span><\/p>\n<p><span style=\"color: #000000\">Die Verpackung ist sehr praktisch und recycelbar.<\/span><\/p>\n<h2><span style=\"color: #000000\">Herkunft<\/span><\/h2>\n<p><span style=\"color: #000000\">China. <\/span>Wir haben sehr zuverl\u00e4ssige Lieferanten, die uns f\u00fcr jede Charge eine detaillierte chemische Analyse der Lebensmittel zukommen lassen. In mehr als zehn Jahren hatten wir weder mit diesem Artikel noch mit anderen Artikeln desselben Lieferanten R\u00fcckrufe oder andere Probleme.<\/p>\n<p>Der Artikel verf\u00fcgt \u00fcber ein 100 % Bio-Zertifikat.<\/p>\n","protected":false},"excerpt":{"rendered":"<p>Chunmee ist einer der beliebtesten Tees f\u00fcr jeden Tag. Die Bio-Version zeichnet sich durch seine feinen und weichen Bl\u00e4tter aus.<\/p>\n<p>\ud83d\udc9a Er wird biologisch hergestellt.<\/p>\n<p>\ud83d\udc9a Ein Tee f\u00fcr jeden Tag.<\/p>\n","protected":false},"featured_media":6991,"comment_status":"open","ping_status":"closed","template":"","meta":{"_acf_changed":false},"product_brand":[],"product_cat":[15,225,224,223,234],"product_tag":[],"class_list":{"0":"post-6990","1":"product","2":"type-product","3":"status-publish","4":"has-post-thumbnail","6":"product_cat-uncategorized","7":"product_cat-alle-produkte","8":"product_cat-angebot","9":"product_cat-tee","10":"product_cat-tee-lebensmittel-gewuerze","12":"first","13":"instock","14":"taxable","15":"shipping-taxable","16":"purchasable","17":"product-type-simple"},"acf":[],"_links":{"self":[{"href":"https:\/\/fengchashop.com\/de\/wp-json\/wp\/v2\/product\/6990","targetHints":{"allow":["GET"]}}],"collection":[{"href":"https:\/\/fengchashop.com\/de\/wp-json\/wp\/v2\/product"}],"about":[{"href":"https:\/\/fengchashop.com\/de\/wp-json\/wp\/v2\/types\/product"}],"replies":[{"embeddable":true,"href":"https:\/\/fengchashop.com\/de\/wp-json\/wp\/v2\/comments?post=6990"}],"wp:featuredmedia":[{"embeddable":true,"href":"https:\/\/fengchashop.com\/de\/wp-json\/wp\/v2\/media\/6991"}],"wp:attachment":[{"href":"https:\/\/fengchashop.com\/de\/wp-json\/wp\/v2\/media?parent=6990"}],"wp:term":[{"taxonomy":"product_brand","embeddable":true,"href":"https:\/\/fengchashop.com\/de\/wp-json\/wp\/v2\/product_brand?post=6990"},{"taxonomy":"product_cat","embeddable":true,"href":"https:\/\/fengchashop.com\/de\/wp-json\/wp\/v2\/product_cat?post=6990"},{"taxonomy":"product_tag","embeddable":true,"href":"https:\/\/fengchashop.com\/de\/wp-json\/wp\/v2\/product_tag?post=6990"}],"curies":[{"name":"wp","href":"https:\/\/api.w.org\/{rel}","templated":true}]}}