{"id":6988,"date":"2023-12-14T18:38:09","date_gmt":"2023-12-14T17:38:09","guid":{"rendered":"https:\/\/fengchashop.com\/de\/product\/sango-korallenpulver-250g\/"},"modified":"2026-04-09T16:11:45","modified_gmt":"2026-04-09T14:11:45","slug":"sango-korallenpulver-250g","status":"publish","type":"product","link":"https:\/\/fengchashop.com\/de\/product\/sango-korallenpulver-250g\/","title":{"rendered":"Sango Korallen Pulver 250g"},"content":{"rendered":"<h2 style=\"text-align: justify\">Sango Korallen Pulver<\/h2>\n<div style=\"text-align: justify\">\n<p>Die Sango-Koralle stammt aus einem Millionen Jahre alten Korallenriff vor der K\u00fcste von Okinawa, Japan. Die Insel Okinawa selbst ist auf Korallengestein entstanden &#8211; deshalb sickert das Regenwasser durch die Niederschl\u00e4ge und reichert sie mit unz\u00e4hligen Mineralien und Spurenelementen an, die in fossilen Korallen vorkommen. Die Menschen auf Okinawa, denen oft ein Alter von \u00fcber hundert Jahren nachgesagt wird, erhalten so ein \u00e4u\u00dferst reichhaltiges und einzigartiges Wasser voller Mineralien.<\/p>\n<h2>Warum ist das Sango-Korallenpulver so besonders und so anders?<\/h2>\n<p>Sango-Korallenpulver ist eine nat\u00fcrliche Quelle von Kalzium und anderen gesundheitsf\u00f6rdernden Mineralien. Korallenpulver enth\u00e4lt haupts\u00e4chlich Kalzium und Magnesium in einem Verh\u00e4ltnis von 2:1, das f\u00fcr den menschlichen Organismus als ideal gilt und eine hohe Bioverf\u00fcgbarkeit aufweist. Dar\u00fcber hinaus kann es weitere Spurenelemente enthalten.<\/p>\n<h2>Wirkungen, die sich positiv auf unsere Gesundheit und unseren K\u00f6rper auswirken<\/h2>\n<p>Sango-Korallenpulver hat viele potenzielle gesundheitliche Vorteile und Wirkungen. Einige der wichtigsten Vorteile und Wirkungen sind:<\/p>\n<p>&#8211; Unterst\u00fctzt das Immunsystem,<br \/>\n&#8211; unterst\u00fctzt die Gesundheit von Knochen, Z\u00e4hnen und Muskeln,<br \/>\n&#8211; hilft, Knochenkrankheiten wie Osteoporose vorzubeugen,<br \/>\n&#8211; tr\u00e4gt zur Regulierung des pH-Wertes im K\u00f6rper bei und reduziert den S\u00e4uregehalt,<br \/>\n&#8211; f\u00f6rdert die Gesundheit des Herzens und die Muskelfunktion,<br \/>\n&#8211; f\u00f6rdert die Verdauung und die N\u00e4hrstoffaufnahme.<\/p>\n<div style=\"text-align: justify\">\n<div style=\"text-align: justify\">\n<div style=\"text-align: justify\">\n<h2 style=\"text-align: justify\"><span style=\"color: #000000\">Lagerung und Warnhinweise<\/span><\/h2>\n<p style=\"text-align: justify\"><span style=\"color: #000000\">K\u00fchl und trocken bei einer Temperatur von bis zu 25 \u00b0C lagern. Das Nahrungserg\u00e4nzungsmittel f\u00fcr Kinder unzug\u00e4nglich aufbewahren!<\/span><\/p>\n<p style=\"text-align: justify\"><span style=\"color: #000000\">Denken Sie daran, wie wichtig eine abwechslungsreiche Ern\u00e4hrung und eine gesunde Lebensweise sind; ein Nahrungserg\u00e4nzungsmittel ist kein Ersatz f\u00fcr eine ausgewogene und abwechslungsreiche Ern\u00e4hrung. Die empfohlene Tagesmenge oder Dosis sollte nicht \u00fcberschritten werden.<\/span><\/p>\n<p>Schwangeren und stillenden Frauen sowie Kindern wird von der Einnahme abgeraten. Es wird empfohlen, bei gesundheitlichen Problemen einen Arzt zu konsultieren, um weitere Informationen zu erhalten.<\/p>\n<h2 style=\"text-align: justify\"><span style=\"color: #000000\">Verpackung<\/span><\/h2>\n<p style=\"text-align: justify\"><span style=\"color: #000000\">Undurchl\u00e4ssiger Zip-Lock-Beutel, in dem das Produkt seine ganze Frische und sein Aroma bewahrt. Die Verpackung sch\u00fctzt vor Licht und Luft, da sie aus mehreren Schutzschichten besteht, die die Eigenschaften des Inhalts bewahren.<\/span><\/p>\n<p style=\"text-align: justify\"><span style=\"color: #000000\">Die Verpackung ist sehr praktisch und recycelbar.<\/span><\/p>\n<h2 style=\"text-align: justify\"><span style=\"color: #000000\">Herkunft<\/span><\/h2>\n<p style=\"text-align: justify\"><span style=\"color: #000000\">Japan<\/span><\/p>\n<\/div>\n<\/div>\n<\/div>\n<\/div>\n","protected":false},"excerpt":{"rendered":"<p>Sango-Korallenpulver hat viele potenzielle gesundheitliche Vorteile und Wirkungen. Einige der wichtigsten Vorteile und Wirkungen sind:<\/p>\n<p>\ud83d\udc9a Unterst\u00fctzt das Immunsystem,<br \/>\n\ud83d\udc9a unterst\u00fctzt die Gesundheit von Knochen, Z\u00e4hnen und Muskeln,<br \/>\n\ud83d\udc9a hilft, Knochenkrankheiten wie Osteoporose vorzubeugen,<br \/>\n\ud83d\udc9a tr\u00e4gt zur Regulierung des pH-Werts im K\u00f6rper bei und reduziert die \u00dcbers\u00e4uerung.<\/p>\n","protected":false},"featured_media":6989,"comment_status":"open","ping_status":"closed","template":"","meta":{"_acf_changed":false},"product_brand":[],"product_cat":[15,225,224,230],"product_tag":[],"class_list":{"0":"post-6988","1":"product","2":"type-product","3":"status-publish","4":"has-post-thumbnail","6":"product_cat-uncategorized","7":"product_cat-alle-produkte","8":"product_cat-angebot","9":"product_cat-mineralien-vitaminen","11":"first","12":"instock","13":"sale","14":"taxable","15":"shipping-taxable","16":"purchasable","17":"product-type-simple"},"acf":[],"_links":{"self":[{"href":"https:\/\/fengchashop.com\/de\/wp-json\/wp\/v2\/product\/6988","targetHints":{"allow":["GET"]}}],"collection":[{"href":"https:\/\/fengchashop.com\/de\/wp-json\/wp\/v2\/product"}],"about":[{"href":"https:\/\/fengchashop.com\/de\/wp-json\/wp\/v2\/types\/product"}],"replies":[{"embeddable":true,"href":"https:\/\/fengchashop.com\/de\/wp-json\/wp\/v2\/comments?post=6988"}],"wp:featuredmedia":[{"embeddable":true,"href":"https:\/\/fengchashop.com\/de\/wp-json\/wp\/v2\/media\/6989"}],"wp:attachment":[{"href":"https:\/\/fengchashop.com\/de\/wp-json\/wp\/v2\/media?parent=6988"}],"wp:term":[{"taxonomy":"product_brand","embeddable":true,"href":"https:\/\/fengchashop.com\/de\/wp-json\/wp\/v2\/product_brand?post=6988"},{"taxonomy":"product_cat","embeddable":true,"href":"https:\/\/fengchashop.com\/de\/wp-json\/wp\/v2\/product_cat?post=6988"},{"taxonomy":"product_tag","embeddable":true,"href":"https:\/\/fengchashop.com\/de\/wp-json\/wp\/v2\/product_tag?post=6988"}],"curies":[{"name":"wp","href":"https:\/\/api.w.org\/{rel}","templated":true}]}}