{"id":6983,"date":"2023-08-29T09:31:01","date_gmt":"2023-08-29T07:31:01","guid":{"rendered":"https:\/\/fengchashop.com\/de\/product\/loewenzahn-pulver-bio-250-g\/"},"modified":"2026-04-16T23:28:23","modified_gmt":"2026-04-16T21:28:23","slug":"loewenzahn-pulver-bio","status":"publish","type":"product","link":"https:\/\/fengchashop.com\/de\/product\/loewenzahn-pulver-bio\/","title":{"rendered":"L\u00f6wenzahn Pulver BIO 250 g"},"content":{"rendered":"<h2 style=\"text-align: justify\"><span style=\"color: #000000\">L\u00f6wenzahn Pulver BIO<\/span><\/h2>\n<div style=\"text-align: justify\">\n<p><span style=\"color: #000000\">L\u00f6wenzahn (Taraxacum officinale), auch bekannt als Pusteblume oder Akelei, ist ein mehrj\u00e4hriges Kraut aus der Familie der Asteraceae. Die Pflanze ist weltweit verbreitet und findet sich h\u00e4ufig auf Wiesen, in G\u00e4rten, an Wegr\u00e4ndern und anderen offenen Fl\u00e4chen. Neben seinem Zierwert hat der L\u00f6wenzahn auch einen historischen und modernen Nutzen in der traditionellen und nat\u00fcrlichen Medizin, wo seine m\u00f6glichen gesundheitlichen Wirkungen erforscht wurden.<\/span><\/p>\n<\/div>\n<h2 style=\"text-align: justify\"><span style=\"color: #000000\">Warum ist L\u00f6wenzahn so besonders und so anders?<\/span><\/h2>\n<p><span style=\"color: #000000\">L\u00f6wenzahnwurzelpulver ist ein Nahrungserg\u00e4nzungsmittel, das aus den Wurzeln dieser Pflanze gewonnen wird. L\u00f6wenzahnwurzelpulver wird <strong>wegen seiner zahlreichen potenziellen gesundheitlichen Vorteile gesch\u00e4tzt<\/strong>. L\u00f6wenzahn wird in traditionellen medizinischen Systemen auf der ganzen Welt <strong>f\u00fcr eine Vielzahl von Zwecken<\/strong> verwendet <strong>, einschlie\u00dflich der Wirkung als Tonikum, Diuretikum und Blutreinigungsmittel<\/strong>.<\/span><\/p>\n<p><span style=\"color: #000000\">Die L\u00f6wenzahnwurzel ist eine reichhaltige Quelle zahlreicher N\u00e4hrstoffe, darunter <strong>Vitamine<\/strong> (A, C und K), <strong>Mineralstoffe<\/strong> (Kalium, Kalzium, Eisen, Magnesium und Phosphor) und <strong>andere Verbindungen, die sich positiv auf die Gesundheit auswirken k\u00f6nnen<\/strong>.<\/span><\/p>\n<p><span style=\"color: #000000\">L\u00f6wenzahn enth\u00e4lt<strong> Antioxidantien<\/strong>, die die Zellen vor Sch\u00e4den durch freie Radikale sch\u00fctzen. Antioxidantien k\u00f6nnen zur allgemeinen Gesundheit beitragen und spielen eine Rolle bei der Verringerung des Risikos chronischer Krankheiten.<strong> Flavonoide<\/strong> sind Antioxidantien, zu denen Verbindungen wie Quercetin und Luteolin geh\u00f6ren, die zum Schutz der Zellen vor oxidativem Stress beitragen k\u00f6nnen.<\/span><\/p>\n<p><span style=\"color: #000000\">Die L\u00f6wenzahnwurzel enth\u00e4lt auch Ballaststoffe, von denen der wichtigste das<strong> Inulin<\/strong> ist, das zur Regulierung des Blutzuckerspiegels und der Verdauung beitr\u00e4gt.<\/span><br \/>\n<span style=\"color: #000000\">Weitere wichtige Inhaltsstoffe der L\u00f6wenzahnwurzel sind <strong>Bitterin<\/strong>, das den Appetit und die Verdauung anregt, und<strong> sekund\u00e4re Pflanzenstoffe<\/strong>, die verschiedene gesundheitliche Vorteile haben.<\/span><\/p>\n<h2 class=\"Standard\" style=\"text-align: justify\"><span style=\"color: #000000\">Wirkungen, die sich positiv auf unsere Gesundheit und unseren K\u00f6rper auswirken<\/span><\/h2>\n<div style=\"text-align: justify\"><span style=\"color: #000000\">L\u00f6wenzahn hat viele potenzielle gesundheitliche Vorteile und Wirkungen. Einige der wichtigsten Vorteile und Wirkungen sind:<\/span><\/div>\n<div style=\"text-align: justify\">\n<ul>\n<li><span style=\"color: #000000\">Er ist ein starkes <strong>Antioxidans<\/strong>, das freie Radikale abf\u00e4ngt,<\/span><\/li>\n<li><span style=\"color: #000000\">hat eine <strong>harntreibende Wirkung<\/strong>,<\/span><\/li>\n<li><span style=\"color: #000000\">hilft bei der <strong>Entgiftung und Entschlackung<\/strong>,<\/span><\/li>\n<li><span style=\"color: #000000\">tr\u00e4gt zu einer<strong> besseren Verdauung und einem gesunden Verdauungssystem<\/strong> bei,<\/span><\/li>\n<li><span style=\"color: #000000\">hilft dem <strong>Immunsystem, besser zu funktionieren<\/strong>,<\/span><\/li>\n<li><span style=\"color: #000000\">tr\u00e4gt zur St\u00e4rkung der <strong>nat\u00fcrlichen Abwehrkr\u00e4fte des K\u00f6rpers gegen Infektionen und Krankheiten<\/strong> bei,<\/span><\/li>\n<li><span style=\"color: #000000\">hat <strong>entz\u00fcndungshemmende Eigenschaften<\/strong>,<\/span><\/li>\n<li><span style=\"color: #000000\">verbessert das<strong> Hautbild bei verschiedenen Erkrankungen<\/strong>,<\/span><\/li>\n<li><span style=\"color: #000000\">unterst\u00fctzt die<strong> Leberfunktion<\/strong>,<\/span><\/li>\n<li><span style=\"color: #000000\">hilft, <strong>den Blutzuckerspiegel zu regulieren<\/strong>,<\/span><\/li>\n<li><span style=\"color: #000000\">hilft, <strong>die Gesundheit der Knochen zu verbessern<\/strong>.<\/span><\/li>\n<\/ul>\n<\/div>\n<h2 style=\"text-align: justify\"><span style=\"color: #000000\">Lagerung und Warnhinweise<\/span><\/h2>\n<p style=\"text-align: justify\"><span style=\"color: #000000\">K\u00fchl und trocken bei einer Temperatur von bis zu 25 \u00b0C lagern. Das Nahrungserg\u00e4nzungsmittel f\u00fcr Kinder unzug\u00e4nglich aufbewahren!<\/span><\/p>\n<p style=\"text-align: justify\"><span style=\"color: #000000\">Denken Sie daran, wie wichtig eine abwechslungsreiche Ern\u00e4hrung und eine gesunde Lebensweise sind; ein Nahrungserg\u00e4nzungsmittel ist daher kein Ersatz f\u00fcr eine ausgewogene und abwechslungsreiche Ern\u00e4hrung. Die empfohlene Tagesmenge oder Dosis sollte nicht \u00fcberschritten werden.<\/span><\/p>\n<p style=\"text-align: justify\"><span style=\"color: #000000\">Schwangeren und stillenden Frauen sowie Kindern wird von der Einnahme abgeraten. Es wird nicht empfohlen f\u00fcr Personen, die \u00fcberempfindlich auf Pflanzen aus der Familie der Asteraceae reagieren, und f\u00fcr Personen, die blutverd\u00fcnnende Medikamente einnehmen oder unter Gallenproblemen leiden. Es wird empfohlen, bei gesundheitlichen Problemen einen Arzt zu konsultieren, um weitere Informationen zu erhalten.<\/span><\/p>\n<h2 style=\"text-align: justify\"><span style=\"color: #000000\">Verpackung<\/span><\/h2>\n<p style=\"text-align: justify\"><span style=\"color: #000000\">Undurchl\u00e4ssiger Zip-Lock-Beutel, in dem das Produkt seine ganze Frische und sein Aroma bewahrt. Die Verpackung sch\u00fctzt das Produkt vor Licht und Luft, da sie aus mehreren Schutzschichten besteht, um die Eigenschaften des Inhalts zu erhalten.<\/span><\/p>\n<p style=\"text-align: justify\"><span style=\"color: #000000\">Die Verpackung ist sehr praktisch und recycelbar.<\/span><\/p>\n<h2 style=\"text-align: justify\"><span style=\"color: #000000\">Herkunft<\/span><\/h2>\n<p style=\"text-align: justify\"><span style=\"color: #000000\">China<\/span><\/p>\n<p><span style=\"color: #000000\">Wir haben sehr zuverl\u00e4ssige Lieferanten, die uns f\u00fcr jede Charge eine detaillierte chemische Analyse des Lebensmittels zukommen lassen. In mehr als zehn Jahren hatten wir noch nie einen R\u00fcckruf oder ein anderes Problem mit diesem Artikel, auch nicht mit anderen Artikeln desselben Lieferanten.<\/span><\/p>\n<p><span style=\"color: #000000\">Der Artikel ist zu 100% bio-zertifiziert.<\/span><\/p>\n","protected":false},"excerpt":{"rendered":"<p>L\u00f6wenzahn (Taraxacum officinale), auch Pusteblume oder L\u00f6wenzahn genannt, ist eine mehrj\u00e4hrige Pflanze aus der Familie der Korbbl\u00fctler (Asteraceae). Die Pflanze ist weltweit verbreitet und wird h\u00e4ufig auf Wiesen, in G\u00e4rten, an Stra\u00dfenr\u00e4ndern und anderen offenen Fl\u00e4chen gefunden. Neben ihrem Zierwert hat sie auch einen historischen und modernen Nutzen in der traditionellen und nat\u00fcrlichen Medizin, wo ihre m\u00f6glichen gesundheitlichen Wirkungen erforscht wurden.<\/p>\n<p><span style=\"color: #000000\">\ud83d\udc9a Er hilft, die nat\u00fcrliche Widerstandskraft des K\u00f6rpers gegen Infektionen und Krankheiten zu st\u00e4rken.<\/span><br \/>\n<span style=\"color: #000000\">\ud83d\udc9a Sie tr\u00e4gt zu einer besseren Verdauung und einem gesunden Verdauungssystem bei.<\/span><br \/>\n<span style=\"color: #000000\">\ud83d\udc9a Hilft bei der Regulierung des Blutzuckerspiegels.<\/span><br \/>\n<span style=\"color: #000000\">\ud83d\udc9aEs ist ein starkes Antioxidans, das freie Radikale abf\u00e4ngt.<\/span><\/p>\n","protected":false},"featured_media":6984,"comment_status":"open","ping_status":"closed","template":"","meta":{"_acf_changed":false},"product_brand":[],"product_cat":[15,225,224,231],"product_tag":[],"class_list":{"0":"post-6983","1":"product","2":"type-product","3":"status-publish","4":"has-post-thumbnail","6":"product_cat-uncategorized","7":"product_cat-alle-produkte","8":"product_cat-angebot","9":"product_cat-superfood","11":"first","12":"instock","13":"sale","14":"taxable","15":"shipping-taxable","16":"purchasable","17":"product-type-simple"},"acf":[],"_links":{"self":[{"href":"https:\/\/fengchashop.com\/de\/wp-json\/wp\/v2\/product\/6983","targetHints":{"allow":["GET"]}}],"collection":[{"href":"https:\/\/fengchashop.com\/de\/wp-json\/wp\/v2\/product"}],"about":[{"href":"https:\/\/fengchashop.com\/de\/wp-json\/wp\/v2\/types\/product"}],"replies":[{"embeddable":true,"href":"https:\/\/fengchashop.com\/de\/wp-json\/wp\/v2\/comments?post=6983"}],"wp:featuredmedia":[{"embeddable":true,"href":"https:\/\/fengchashop.com\/de\/wp-json\/wp\/v2\/media\/6984"}],"wp:attachment":[{"href":"https:\/\/fengchashop.com\/de\/wp-json\/wp\/v2\/media?parent=6983"}],"wp:term":[{"taxonomy":"product_brand","embeddable":true,"href":"https:\/\/fengchashop.com\/de\/wp-json\/wp\/v2\/product_brand?post=6983"},{"taxonomy":"product_cat","embeddable":true,"href":"https:\/\/fengchashop.com\/de\/wp-json\/wp\/v2\/product_cat?post=6983"},{"taxonomy":"product_tag","embeddable":true,"href":"https:\/\/fengchashop.com\/de\/wp-json\/wp\/v2\/product_tag?post=6983"}],"curies":[{"name":"wp","href":"https:\/\/api.w.org\/{rel}","templated":true}]}}