{"id":6981,"date":"2023-08-29T08:53:40","date_gmt":"2023-08-29T06:53:40","guid":{"rendered":"https:\/\/fengchashop.com\/de\/product\/klettenwurzel-pulver-bio-250-g\/"},"modified":"2026-05-06T23:20:57","modified_gmt":"2026-05-06T21:20:57","slug":"klettenwurzel-pulver-bio","status":"publish","type":"product","link":"https:\/\/fengchashop.com\/de\/product\/klettenwurzel-pulver-bio\/","title":{"rendered":"Klettenwurzel Pulver Bio 250 g"},"content":{"rendered":"<h2 style=\"text-align: justify\">Klettenwurzel Pulver Bio<\/h2>\n<div style=\"text-align: justify\">\n<p><span style=\"color: #000000\">Klettenpulver wird aus der Wurzel der Klette (Arctium lappa) gewonnen, einem Kraut, das in Europa und Asien heimisch ist, aber auch in anderen Teilen der Welt vorkommt. Dieses Kraut ist bekannt f\u00fcr seine gro\u00dfen, herzf\u00f6rmigen Bl\u00e4tter, seine rosa-violetten Bl\u00fctenst\u00e4nde und seine gro\u00dfen, charakteristischen Fr\u00fcchte, die an haarigen H\u00fcllen h\u00e4ngen. Die Klette wird seit langem in der <strong>traditionellen Kr\u00e4utermedizin<\/strong> verwendet <strong>und ist f\u00fcr ihre zahlreichen gesundheitlichen Vorteile bekannt<\/strong>. Die Klettenwurzel ist reich an verschiedenen <strong>N\u00e4hrstoffen und bioaktiven Verbindungen<\/strong>, die zu ihrer Wirkung beitragen.<\/span><\/p>\n<p><span style=\"color: #000000\">Verschiedene Teile der Pflanze wurden medizinisch verwendet, darunter die Wurzeln, Bl\u00e4tter, Bl\u00fcten und Samen. Auch in der K\u00fcche wird die Klette verwendet, wobei die jungen Bl\u00e4tter und St\u00e4ngel h\u00e4ufig f\u00fcr die Zubereitung von Gerichten wie Suppen und Salaten verwendet werden.<\/span><\/p>\n<\/div>\n<h2 style=\"text-align: justify\"><span style=\"color: #000000\">Warum ist die Klette so besonders und so anders?<\/span><\/h2>\n<p style=\"text-align: justify\"><span style=\"color: #000000\">Heute wird die Klette auch als Bestandteil von Nahrungserg\u00e4nzungsmitteln verwendet, da sie viele potenzielle gesundheitliche Vorteile hat. Sie wird zur<strong> Unterst\u00fctzung der Hautgesundheit, des Verdauungssystems, der Nieren, des Immunsystems und anderer K\u00f6rperfunktionen<\/strong> verwendet.<\/span><\/p>\n<p style=\"text-align: justify\"><span style=\"color: #000000\">Die Klettenwurzel ist eine reichhaltige Quelle zahlreicher N\u00e4hrstoffe, darunter Vitamine (B-Komplex und E), Mineralstoffe (Kalium, Phosphor, Magnesium, Kobalt, Chrom, Zink, Natrium, Silizium und Eisen) und andere Verbindungen, die sich positiv auf die Gesundheit auswirken k\u00f6nnen.<\/span><\/p>\n<p style=\"text-align: justify\"><span style=\"color: #000000\">Der Klettenwurzelextrakt hat zahlreiche pharmakologische Eigenschaften, von denen die<strong> antibakterielle, antivirale und antioxidative Wirkung<\/strong> hervorzuheben ist. Er spielt auch eine Schl\u00fcsselrolle bei der Regulierung des<strong> Fettstoffwechsels und bei der Regulierung von St\u00f6rungen des Glukosestoffwechsels<\/strong>. Dar\u00fcber hinaus werden ihr<strong> antitumorale, antimutagene und immunmodulatorische Eigenschaften sowie die F\u00e4higkeit, Entz\u00fcndungen zu reduzieren<\/strong>, zugeschrieben. In ihrer Gesamtheit hat sie auch abf\u00fchrende Wirkungen, um den Verdauungsprozess zu verbessern.<\/span><\/p>\n<p style=\"text-align: justify\"><span style=\"color: #000000\">Der Extrakt der Klettenwurzel enth\u00e4lt verschiedene <strong>essentielle Aminos\u00e4uren<\/strong> in hoher Konzentration, insbesondere solche mit ausgepr\u00e4gten pharmakologischen Wirkungen.<\/span><\/p>\n<h2 class=\"Standard\" style=\"text-align: justify\"><span style=\"color: #000000\">Wirkungen, die sich positiv auf unsere Gesundheit und unseren K\u00f6rper auswirken<\/span><\/h2>\n<div style=\"text-align: justify\">\n<p><span style=\"color: #000000\">Die Klette hat viele potenzielle gesundheitliche Vorteile und Wirkungen. Einige der wichtigsten Vorteile und Wirkungen sind:<\/span><\/p>\n<ul>\n<li><span style=\"color: #000000\">hat <strong>entz\u00fcndungshemmende Eigenschaften<\/strong>,<\/span><\/li>\n<li><span style=\"color: #000000\">verbessert den<strong> Zustand der Haut bei verschiedenen Erkrankungen<\/strong> (Akne, Ekzeme, Psoriasis und Dermatitis)<\/span><\/li>\n<li><span style=\"color: #000000\">es lindert <strong>Juckreiz und Hautreizungen<\/strong>,<\/span><\/li>\n<li><span style=\"color: #000000\">hilft bei der<strong> Entgiftung und Entschlackung<\/strong>,<\/span><\/li>\n<li><span style=\"color: #000000\">unterst\u00fctzt die <strong>Leber und die Nieren bei der<\/strong> Ausscheidung von Giftstoffen aus dem K\u00f6rper,<\/span><\/li>\n<li><span style=\"color: #000000\">f\u00f6rdert die Ausscheidung von <strong>Abfallstoffen<\/strong> \u00fcber die Haut und die Harnwege,<\/span><\/li>\n<li><span style=\"color: #000000\">tr\u00e4gt zu einer besseren <strong>Verdauung und einem gesunden Verdauungssystem<\/strong> bei <strong>,<\/strong><\/span><\/li>\n<li><span style=\"color: #000000\">hilft dem<strong> Immunsystem<\/strong>, besser zu funktionieren,<\/span><\/li>\n<li><span style=\"color: #000000\">tr\u00e4gt zur St\u00e4rkung der nat\u00fcrlichen Abwehrkr\u00e4fte <strong>des K\u00f6rpers gegen Infektionen und Krankheiten<\/strong> bei,<\/span><\/li>\n<li><span style=\"color: #000000\">ist ein starkes <strong>Antioxidans<\/strong>, das freie Radikale abf\u00e4ngt,<\/span><\/li>\n<li><span style=\"color: #000000\">hat eine <strong>Anti-Tumor-Wirkung<\/strong>,<\/span><\/li>\n<li><span style=\"color: #000000\">unterst\u00fctzt die <strong>Gesundheit von Haaren, Kopfhaut und N\u00e4geln<\/strong>,<\/span><\/li>\n<li><span style=\"color: #000000\">hilft, den <strong>Blutzuckerspiegel<\/strong>zu regulieren,<\/span><\/li>\n<li><span style=\"color: #000000\">hilft,<strong> Entz\u00fcndungen in den Gelenken<\/strong> zu lindern<strong> und die Symptome rheumatischer Erkrankungen zu lindern<\/strong>,<\/span><\/li>\n<li><span style=\"color: #000000\">beugt <strong>Arteriosklerose, Bluthochdruck und Hirnvenenthrombose<\/strong> vor,<\/span><\/li>\n<li><span style=\"color: #000000\">beseitigt <strong>M\u00fcdigkeit und regt den Stoffwechsel an<\/strong>,<\/span><\/li>\n<li><span style=\"color: #000000\">verbessert das<strong> Ged\u00e4chtnis<\/strong>.<\/span><\/li>\n<\/ul>\n<\/div>\n<h2 style=\"text-align: justify\"><span style=\"color: #000000\">Lagerung und Warnhinweise<\/span><\/h2>\n<p style=\"text-align: justify\"><span style=\"color: #000000\">K\u00fchl und trocken bei einer Temperatur von bis zu 25 \u00b0C aufbewahren. Das Nahrungserg\u00e4nzungsmittel au\u00dferhalb der Reichweite von Kindern aufbewahren!<\/span><\/p>\n<p style=\"text-align: justify\"><span style=\"color: #000000\">Denken Sie daran, wie wichtig eine abwechslungsreiche Ern\u00e4hrung und eine gesunde Lebensweise sind; ein Nahrungserg\u00e4nzungsmittel ist daher kein Ersatz f\u00fcr eine ausgewogene und abwechslungsreiche Ern\u00e4hrung. Die empfohlene Tagesmenge oder Dosis sollte nicht \u00fcberschritten werden.<\/span><\/p>\n<p style=\"text-align: justify\"><span style=\"color: #000000\">Schwangeren und stillenden Frauen sowie Kindern wird von der Einnahme abgeraten. Es wird nicht empfohlen f\u00fcr Personen, die allergisch reagieren (z. B. auf R\u00fcben) und f\u00fcr Personen, die Blutverd\u00fcnner einnehmen. Es wird empfohlen, bei gesundheitlichen Problemen einen Arzt zu konsultieren, um weitere Informationen zu erhalten.<\/span><\/p>\n<h2 style=\"text-align: justify\"><span style=\"color: #000000\">Verpackung<\/span><\/h2>\n<p style=\"text-align: justify\"><span style=\"color: #000000\">Undurchl\u00e4ssiger Zip-Lock-Beutel, in dem das Produkt seine ganze Frische und sein Aroma bewahrt. Die Verpackung sch\u00fctzt das Produkt vor Licht und Luft, da sie aus mehreren Schutzschichten besteht, um die Eigenschaften des Inhalts zu erhalten.<\/span><\/p>\n<p style=\"text-align: justify\"><span style=\"color: #000000\">Die Verpackung ist sehr praktisch und recycelbar.<\/span><\/p>\n<h2 style=\"text-align: justify\"><span style=\"color: #000000\">Herkunft<\/span><\/h2>\n<p style=\"text-align: justify\"><span style=\"color: #000000\">China<\/span><\/p>\n<p style=\"text-align: justify\"><span style=\"color: #000000\">Wir haben sehr zuverl\u00e4ssige Lieferanten, die uns f\u00fcr jede Charge eine detaillierte chemische Analyse der Lebensmittel zukommen lassen. In mehr als zehn Jahren hatten wir noch nie einen R\u00fcckruf oder ein anderes Problem mit diesem Artikel und auch nicht mit anderen Artikeln desselben Lieferanten. <\/span><\/p>\n<p style=\"text-align: justify\"><span style=\"color: #000000\">Der Artikel ist zu 100% bio-zertifiziert.<\/span><\/p>\n","protected":false},"excerpt":{"rendered":"<p>Klettenpulver wird aus der Wurzel der Klette (Arctium lappa) gewonnen, einem Kraut, das in Europa und Asien heimisch ist, aber auch in anderen Teilen der Welt vorkommt. Die Klette wird seit langem in der traditionellen Kr\u00e4utermedizin verwendet und ist f\u00fcr ihre zahlreichen gesundheitlichen Vorteile bekannt. Die Klettenwurzel ist reich an verschiedenen N\u00e4hrstoffen und bioaktiven Verbindungen, die zu ihrer Wirkung beitragen.<\/p>\n<p><span style=\"color: #000000\">\ud83d\udc9a Sie hilft, Entz\u00fcndungen in den Gelenken zu lindern und die Symptome rheumatischer Erkrankungen zu lindern.<\/span><br \/>\n<span style=\"color: #000000\">\ud83d\udc9a Unterst\u00fctzt die Leber und die Nieren bei der Ausscheidung von Giftstoffen aus dem K\u00f6rper.<\/span><br \/>\n<span style=\"color: #000000\">\ud83d\udc9a Beugt Arteriosklerose, Bluthochdruck und Hirnvenenthrombose vor.<\/span><br \/>\n<span style=\"color: #000000\">\ud83d\udc9a Es hat eine antitumorale Wirkung.<\/span><\/p>\n","protected":false},"featured_media":6982,"comment_status":"open","ping_status":"closed","template":"","meta":{"_acf_changed":false},"product_brand":[],"product_cat":[15,225,224,231],"product_tag":[],"class_list":{"0":"post-6981","1":"product","2":"type-product","3":"status-publish","4":"has-post-thumbnail","6":"product_cat-uncategorized","7":"product_cat-alle-produkte","8":"product_cat-angebot","9":"product_cat-superfood","11":"first","12":"instock","13":"taxable","14":"shipping-taxable","15":"purchasable","16":"product-type-simple"},"acf":[],"_links":{"self":[{"href":"https:\/\/fengchashop.com\/de\/wp-json\/wp\/v2\/product\/6981","targetHints":{"allow":["GET"]}}],"collection":[{"href":"https:\/\/fengchashop.com\/de\/wp-json\/wp\/v2\/product"}],"about":[{"href":"https:\/\/fengchashop.com\/de\/wp-json\/wp\/v2\/types\/product"}],"replies":[{"embeddable":true,"href":"https:\/\/fengchashop.com\/de\/wp-json\/wp\/v2\/comments?post=6981"}],"wp:featuredmedia":[{"embeddable":true,"href":"https:\/\/fengchashop.com\/de\/wp-json\/wp\/v2\/media\/6982"}],"wp:attachment":[{"href":"https:\/\/fengchashop.com\/de\/wp-json\/wp\/v2\/media?parent=6981"}],"wp:term":[{"taxonomy":"product_brand","embeddable":true,"href":"https:\/\/fengchashop.com\/de\/wp-json\/wp\/v2\/product_brand?post=6981"},{"taxonomy":"product_cat","embeddable":true,"href":"https:\/\/fengchashop.com\/de\/wp-json\/wp\/v2\/product_cat?post=6981"},{"taxonomy":"product_tag","embeddable":true,"href":"https:\/\/fengchashop.com\/de\/wp-json\/wp\/v2\/product_tag?post=6981"}],"curies":[{"name":"wp","href":"https:\/\/api.w.org\/{rel}","templated":true}]}}