{"id":6977,"date":"2023-06-13T08:47:12","date_gmt":"2023-06-13T06:47:12","guid":{"rendered":"https:\/\/fengchashop.com\/de\/product\/jiaogulan-gynostemma-pulver-250g\/"},"modified":"2026-05-12T01:43:31","modified_gmt":"2026-05-11T23:43:31","slug":"jiaogulan-gynostemma-pulver","status":"publish","type":"product","link":"https:\/\/fengchashop.com\/de\/product\/jiaogulan-gynostemma-pulver\/","title":{"rendered":"Jiaogulan Gynostemma-Pulver 250g"},"content":{"rendered":"<h2 style=\"text-align: justify\"><span style=\"color: #000000\">Jiaogulan (Gynostemma)<\/span><\/h2>\n<div style=\"text-align: justify\">\n<p><span style=\"color: #000000\">Jiaogulan, auch bekannt als <strong>Gynostemma oder Jiao Gu Lan<\/strong>, ist eine in China, Birma, Nordthailand, Korea und Japan heimische Pflanze. In der traditionellen chinesischen Medizin wird sie seit Jahrhunderten wegen ihrer <strong>medizinischen Eigenschaften<\/strong> verwendet. Sie wird auch als<strong>&#8222;Pflanze der Unsterblichkeit<\/strong>&#8220; bezeichnet, weil sie <strong>viele Wirkstoffe enth\u00e4lt, die f\u00fcr ein langes Leben wichtig sind<\/strong>.<\/span><\/p>\n<p><span style=\"color: #000000\">Jiaogulan Gynostemma ist ein Kraut, das ausgiebig wissenschaftlich untersucht wurde und dem zahlreiche positive Wirkungen zugeschrieben werden. Insbesondere wirkt es <strong>entz\u00fcndungshemmend, entgiftend und hat eine Anti-Aging-Wirkung<\/strong>. Dar\u00fcber hinaus ist Jiaogulan auch ein starkes<strong> Antioxidans<\/strong>. Wie der Ginseng <strong>steigert<\/strong> er <strong>die Energie<\/strong>, bringt den K\u00f6rper ins <strong>Gleichgewicht und verbessert das allgemeine Wohlbefinden<\/strong>. Laut traditioneller chinesischer Medizin hat er eine positive Wirkung auf das chronische M\u00fcdigkeitssyndrom und das Herzklopfen (ein pochendes Gef\u00fchl in der Brust). Er wird auch h\u00e4ufig zur Vorbeugung und Linderung von<strong> Diabetes und hohem Cholesterinspiegel<\/strong> sowie zur <strong>Vorbeugung von Stressfolgen, die<\/strong> zu<strong> Angstzust\u00e4nden<\/strong> f\u00fchren, eingesetzt. Bei regelm\u00e4\u00dfiger Einnahme k\u00f6nnen seine Wirkungen also voll ausgesch\u00f6pft werden, und ein ma\u00dfvoller Konsum bringt auch einen sicheren Konsum ohne Neben- und unerw\u00fcnschte Wirkungen.<\/span><\/p>\n<p style=\"text-align: justify\"><span style=\"color: #000000\">Es hilft unserem K\u00f6rper, sich selbst ins Gleichgewicht zu bringen.<\/span><\/p>\n<div style=\"text-align: justify\">\n<p><span style=\"color: #000000\">Jiaogulan ist auch ein <strong>Adaptogen<\/strong>. Adaptogene Pflanzen helfen dem K\u00f6rper, sich an verschiedene negative Umweltfaktoren anzupassen. Sie haben die F\u00e4higkeit, das Dr\u00fcsen- und Hormonsystem, das Nerven- und Herz-Kreislauf-System sowie die Muskeln zu regulieren und zu kontrollieren.<\/span><\/p>\n<p><span style=\"color: #000000\">Adaptogene unterst\u00fctzen die Gesundheit der lebenswichtigen Organe und tragen zur Regulierung des Blutzuckers bei, verbessern die Leber-, Magen-Darm- und Hautfunktion. Sie st\u00e4rken und kr\u00e4ftigen den K\u00f6rper. Sie stimulieren auch die Nebennieren und helfen dem K\u00f6rper, Stress, der durch physische Faktoren (Infektionen, Verletzungen, Schlafmangel) oder psychische Faktoren (Angst) verursacht wird, wirksam zu bew\u00e4ltigen.<\/span><\/p>\n<h2 style=\"text-align: justify\"><span style=\"color: #000000\">Die wichtigsten Eigenschaften von Jiaogulan Gynostemma<\/span><\/h2>\n<div style=\"text-align: justify\">\n<p><span style=\"color: #000000\"><em><strong>In der traditionellen chinesischen Medizin wird Jiaogulan f\u00fcr eine Vielzahl von Zwecken verwendet, n\u00e4mlich:<\/strong><\/em><\/span><\/p>\n<p><span style=\"color: #000000\">&#8211; St\u00e4rkung des <strong>Immunsystems<\/strong>,<\/span><br \/>\n<span style=\"color: #000000\">&#8211; Regulierung von <strong>Blutdruck und Blutzucker<\/strong>,<\/span><br \/>\n<span style=\"color: #000000\">&#8211; Regulierung des <strong>Cholesterinspiegels<\/strong>,<\/span><br \/>\n<span style=\"color: #000000\">&#8211; Verringerung von <strong>Entz\u00fcndungen<\/strong>,<\/span><br \/>\n<span style=\"color: #000000\">&#8211; Verhinderung von<strong> Angstzust\u00e4nden<\/strong>,<\/span><br \/>\n<span style=\"color: #000000\">&#8211; Verbesserung der <strong>Verdauung<\/strong> und<\/span><br \/>\n<span style=\"color: #000000\">&#8211; unterst\u00fctzt die <strong>Herzgesundheit<\/strong>.<\/span><\/p>\n<p><span style=\"color: #000000\">Jiaogulan enth\u00e4lt viele <strong>bioaktive Verbindungen<\/strong> wie Glykoside, Flavonoide, Polysaccharide, Vitamine und Mineralien, die <strong>zu seiner heilenden Wirkung beitragen<\/strong>.<\/span><\/p>\n<h2><span style=\"color: #000000\">Geschmack und Aroma<\/span><\/h2>\n<p><span style=\"color: #000000\">Unser Jiaogulan wird aus wilder, unber\u00fchrter Natur geerntet. Es hat einen interessanten s\u00fc\u00dflichen Geschmack, der dem Ginseng sehr \u00e4hnlich ist. Jiaogulan ist definitiv eine schmackhafte, aber vor allem gesunde Wahl f\u00fcr Kr\u00e4uterteeliebhaber.<\/span><\/p>\n<div style=\"text-align: justify\">\n<ul>\n<li style=\"list-style-type: none\">\n<ul>\n<li><\/li>\n<\/ul>\n<\/li>\n<\/ul>\n<p style=\"text-align: justify\">\n<h2 style=\"text-align: justify\"><span style=\"color: #000000\">Aufbewahrung und Warnhinweise<\/span><\/h2>\n<p style=\"text-align: justify\"><span style=\"color: #000000\">K\u00fchl und trocken bei einer Temperatur von bis zu 25 \u00b0C lagern. Das Nahrungserg\u00e4nzungsmittel au\u00dferhalb der Reichweite von Kindern aufbewahren!<\/span><\/p>\n<p style=\"text-align: justify\"><span style=\"color: #000000\">Denken Sie daran, wie wichtig eine abwechslungsreiche Ern\u00e4hrung und eine gesunde Lebensweise sind; ein Nahrungserg\u00e4nzungsmittel ist daher kein Ersatz f\u00fcr eine ausgewogene und abwechslungsreiche Ern\u00e4hrung. Die empfohlene Tagesmenge oder Dosis sollte nicht \u00fcberschritten werden.<\/span><\/p>\n<h2 style=\"text-align: justify\"><span style=\"color: #000000\">Verpackung<\/span><\/h2>\n<p style=\"text-align: justify\"><span style=\"color: #000000\">Undurchl\u00e4ssiger Zip-Lock-Beutel, in dem das Produkt seine ganze Frische und sein Aroma bewahrt. Die Verpackung sch\u00fctzt das Produkt vor Licht und Luft, da sie aus mehreren Schutzschichten besteht, die die Eigenschaften des Inhalts bewahren.<\/span><\/p>\n<p style=\"text-align: justify\"><span style=\"color: #000000\">Die Verpackung ist sehr praktisch und recycelbar.<\/span><\/p>\n<h2 style=\"text-align: justify\"><span style=\"color: #000000\">Herkunft<\/span><\/h2>\n<p style=\"text-align: justify\"><span style=\"color: #000000\">China. Wir haben sehr zuverl\u00e4ssige Lieferanten, die uns f\u00fcr jede Charge eine detaillierte chemische Analyse der Lebensmittel zukommen lassen. In mehr als zehn Jahren hatten wir weder mit diesem Artikel noch mit anderen Artikeln desselben Lieferanten R\u00fcckrufe oder andere Probleme.\u00a0<\/span><\/p>\n<\/div>\n<\/div>\n<\/div>\n<\/div>\n","protected":false},"excerpt":{"rendered":"<p><span style=\"color: #000000\">Jiaogulan, auch bekannt als <strong>Gynostemma oder Jiao Gu Lan<\/strong>, ist eine in China, Birma, Nordthailand, Korea und Japan heimische Pflanze. In der traditionellen chinesischen Medizin wird sie seit Jahrhunderten wegen ihrer <strong>medizinischen Eigenschaften<\/strong> verwendet. Sie wird auch als &#8222;<strong>Pflanze der Unsterblichkeit<\/strong>&#8220; bezeichnet, weil sie <strong>viele Wirkstoffe enth\u00e4lt, die f\u00fcr ein langes Leben wichtig sind<\/strong>.<\/span><\/p>\n<p><span style=\"color: #000000\">\ud83d\udc9a Sie reguliert den <strong>Cholesterinspiegel<\/strong>.<\/span><br \/>\n<span style=\"color: #000000\">\ud83d\udc9a Verhindert das Auftreten von<strong> Angstzust\u00e4nden.<\/strong><\/span><br \/>\n<span style=\"color: #000000\">\ud83d\udc9a Verringert <strong>Entz\u00fcndungen.<\/strong><\/span><br \/>\n<span style=\"color: #000000\">\ud83d\udc9a St\u00e4rkt das <strong>Immunsystem<\/strong>.<\/span><br \/>\n\ud83d\udc9a Bringt<span style=\"color: #000000\">den K\u00f6rper<\/span>ins Gleichgewicht und <strong>verbessert das allgemeine Wohlbefinden<\/strong>.<\/p>\n","protected":false},"featured_media":6978,"comment_status":"open","ping_status":"closed","template":"","meta":{"_acf_changed":false},"product_brand":[],"product_cat":[15,225,224,231],"product_tag":[],"class_list":{"0":"post-6977","1":"product","2":"type-product","3":"status-publish","4":"has-post-thumbnail","6":"product_cat-uncategorized","7":"product_cat-alle-produkte","8":"product_cat-angebot","9":"product_cat-superfood","11":"first","12":"instock","13":"sale","14":"taxable","15":"shipping-taxable","16":"purchasable","17":"product-type-simple"},"acf":[],"_links":{"self":[{"href":"https:\/\/fengchashop.com\/de\/wp-json\/wp\/v2\/product\/6977","targetHints":{"allow":["GET"]}}],"collection":[{"href":"https:\/\/fengchashop.com\/de\/wp-json\/wp\/v2\/product"}],"about":[{"href":"https:\/\/fengchashop.com\/de\/wp-json\/wp\/v2\/types\/product"}],"replies":[{"embeddable":true,"href":"https:\/\/fengchashop.com\/de\/wp-json\/wp\/v2\/comments?post=6977"}],"wp:featuredmedia":[{"embeddable":true,"href":"https:\/\/fengchashop.com\/de\/wp-json\/wp\/v2\/media\/6978"}],"wp:attachment":[{"href":"https:\/\/fengchashop.com\/de\/wp-json\/wp\/v2\/media?parent=6977"}],"wp:term":[{"taxonomy":"product_brand","embeddable":true,"href":"https:\/\/fengchashop.com\/de\/wp-json\/wp\/v2\/product_brand?post=6977"},{"taxonomy":"product_cat","embeddable":true,"href":"https:\/\/fengchashop.com\/de\/wp-json\/wp\/v2\/product_cat?post=6977"},{"taxonomy":"product_tag","embeddable":true,"href":"https:\/\/fengchashop.com\/de\/wp-json\/wp\/v2\/product_tag?post=6977"}],"curies":[{"name":"wp","href":"https:\/\/api.w.org\/{rel}","templated":true}]}}