{"id":6973,"date":"2023-05-26T08:42:08","date_gmt":"2023-05-26T06:42:08","guid":{"rendered":"https:\/\/fengchashop.com\/de\/product\/suma-wurzel-pulver-250-g\/"},"modified":"2026-04-04T10:16:00","modified_gmt":"2026-04-04T08:16:00","slug":"suma-wurzel-pulver","status":"publish","type":"product","link":"https:\/\/fengchashop.com\/de\/product\/suma-wurzel-pulver\/","title":{"rendered":"Suma-Wurzel Pulver 250 g"},"content":{"rendered":"<h2><span style=\"color: #000000\">Suma-Wurzel <\/span><\/h2>\n<div>\n<p><span style=\"color: #000000\">Die Sumawurzel ist eine Pflanze, die wissenschaftlich als Pfaffia paniculata bekannt ist und in S\u00fcdamerika, haupts\u00e4chlich im Amazonas-Regenwald, beheimatet ist. Sie ist auch unter den Namen &#8222;Brasilianischer Ginseng&#8220; oder &#8222;Para Todo&#8220; bekannt, was \u00fcbersetzt &#8222;f\u00fcr alles&#8220; bedeutet. Die Sumawurzel ist ein mehrj\u00e4hriges Kraut mit gro\u00dfen Wurzeln, das traditionell in der Kr\u00e4utermedizin verwendet wird.<\/span><\/p>\n<p><span style=\"color: #000000\">Die Sumawurzel enth\u00e4lt viele biologisch aktive Verbindungen wie Ecdysteroide, Polysaccharide, Phytosterole, Glykoside und viele andere sekund\u00e4re Pflanzenstoffe. Aufgrund ihrer Zusammensetzung gilt sie als adaptogene Pflanze, was bedeutet, dass sie dem K\u00f6rper hilft, mit Stress fertig zu werden und das Gleichgewicht wiederherzustellen.<\/span><\/p>\n<h2><span style=\"color: #000000\">Welches sind die wichtigen Wirkstoffe der Sumawurzel?<\/span><\/h2>\n<\/div>\n<div>\n<div>\n<p><span style=\"color: #000000\">Die Sumawurzel enth\u00e4lt eine Reihe wichtiger N\u00e4hrstoffe und bioaktiver Verbindungen, die sich positiv auf die Gesundheit auswirken k\u00f6nnen.<\/span><\/p>\n<p><span style=\"color: #000000\"><strong>Ecdysteroide<\/strong> sind Verbindungen, die eine \u00e4hnliche Struktur wie das nat\u00fcrliche Hormon Ecdysteroid haben, das in einigen Insekten vorkommt. Den Ecdysteroiden in der Sumawurzel wird eine Reihe von positiven Wirkungen auf den K\u00f6rper zugeschrieben, darunter die Steigerung der Ausdauer, die Verbesserung des Muskeltonus und die F\u00f6rderung der Erholung nach dem Sport.<\/span><\/p>\n<p><span style=\"color: #000000\">Die Sumawurzel <strong>enth\u00e4lt Polysaccharide<\/strong>, d.h. komplexe Kohlenhydrate. Polysaccharide k\u00f6nnen das Immunsystem unterst\u00fctzen, die Gesundheit der Verdauung f\u00f6rdern und zur allgemeinen Gesundheit des K\u00f6rpers beitragen.<\/span><\/p>\n<p><span style=\"color: #000000\">Die Sumawurzel enth\u00e4lt <strong>Phytosterine<\/strong>, die zur Regulierung des <strong>Cholesterinspiegels<\/strong> im K\u00f6rper beitragen und die <strong>Herzgesundheit<\/strong> unterst\u00fctzen k\u00f6nnen.<\/span><\/p>\n<p><span style=\"color: #000000\">Sumawurzel enth\u00e4lt auch Glykoside, das sind Verbindungen, die aus einem Zucker und einem weiteren Molek\u00fclteil bestehen. Einige der in der Suma-Wurzel enthaltenen Glykoside k\u00f6nnen gesundheitsf\u00f6rdernde Wirkungen haben, wie z. B. die F\u00f6rderung eines gesunden Blutkreislaufs.<\/span><\/p>\n<p><span style=\"color: #000000\">Neben diesen N\u00e4hrstoffen und Verbindungen <strong>enth\u00e4lt<\/strong> die Sumawurzel <strong>auch Mineralien, Vitamine und Antioxidantien<\/strong>, die die allgemeine Gesundheit und das Wohlbefinden f\u00f6rdern k\u00f6nnen.<\/span><\/p>\n<h2><span style=\"color: #000000\">Wirkungen, die sich positiv auf unsere Gesundheit und unseren K\u00f6rper auswirken<\/span><\/h2>\n<\/div>\n<\/div>\n<div>\n<p><span style=\"color: #000000\">Die Suma-Wurzel wird aufgrund ihrer potenziellen gesundheitlichen Vorteile wie Steigerung der Energie, Verbesserung der Ausdauer, St\u00e4rkung des Immunsystems, Regulierung der Hormone, Unterst\u00fctzung der sexuellen Gesundheit und allgemeine Verbesserung des Wohlbefindens h\u00e4ufig als Nahrungserg\u00e4nzungsmittel verwendet.<\/span><\/p>\n<p><span style=\"color: #000000\"><em><strong>Zu den Wirkungen der Suma-Wurzel geh\u00f6ren:<\/strong><\/em><\/span><\/p>\n<\/div>\n<div>\n<p><span style=\"color: #000000\">&#8211; Erh\u00f6hung der Energie, Verringerung der M\u00fcdigkeit und Verbesserung der Ausdauer,<\/span><br \/>\n<span style=\"color: #000000\">&#8211; Unterst\u00fctzung des K\u00f6rpers bei der Stressbew\u00e4ltigung und Wiederherstellung des Gleichgewichts,<\/span><br \/>\n<span style=\"color: #000000\">&#8211; hat beruhigende Eigenschaften,<\/span><br \/>\n<span style=\"color: #000000\">&#8211; unterst\u00fctzt das Immunsystem,<\/span><br \/>\n<span style=\"color: #000000\">&#8211; hilft, das Abwehrsystem des K\u00f6rpers zu verbessern,<\/span><br \/>\n<span style=\"color: #000000\">&#8211; zur Unterst\u00fctzung der sexuellen Gesundheit und der Libido,<\/span><br \/>\n<span style=\"color: #000000\">&#8211; zur Verbesserung des allgemeinen Wohlbefindens, der Konzentration und der Vitalit\u00e4t.<\/span><\/p>\n<\/div>\n<h2 style=\"text-align: justify\"><span style=\"color: #000000\">Lagerung und Warnhinweise<\/span><\/h2>\n<p><span style=\"color: #000000\">K\u00fchl und trocken bei einer Temperatur von bis zu 25 \u00b0C lagern. Au\u00dferhalb der Reichweite von Kindern aufbewahren!<\/span><\/p>\n<p><span style=\"color: #000000\">Denken Sie daran, wie wichtig eine abwechslungsreiche Ern\u00e4hrung und eine gesunde Lebensweise sind; ein Nahrungserg\u00e4nzungsmittel ist daher kein Ersatz f\u00fcr eine ausgewogene und abwechslungsreiche Ern\u00e4hrung. Die empfohlene Tagesmenge oder Dosis sollte nicht \u00fcberschritten werden.<\/span><\/p>\n<p><span style=\"color: #000000\">Schwangeren Frauen und stillenden M\u00fcttern wird von der Einnahme abgeraten. Der Verzehr der Suma-Wurzel wird nicht empfohlen f\u00fcr Personen mit bestimmten Erkrankungen wie hormonabh\u00e4ngigem Krebs, Autoimmunerkrankungen, Epilepsie, Blutungen oder anderen schweren Erkrankungen. Auch wenn Sie auf andere Pflanzen allergisch sind oder eine bekannte \u00dcberempfindlichkeit haben, sollten Sie die Sumawurzel nicht verwenden. Es ist ratsam, bei gesundheitlichen Problemen einen Arzt zu konsultieren, um weitere Informationen zu erhalten.<\/span><\/p>\n<h2><span style=\"color: #000000\">Verpackung<\/span><\/h2>\n<p style=\"text-align: justify\"><span style=\"color: #000000\">Nicht durchl\u00e4ssiger Zip-Lock-Beutel, in dem das Produkt seine Frische und sein Aroma bewahrt. Die Verpackung sch\u00fctzt das Produkt vor Licht und Luft, da sie aus mehreren Schutzschichten besteht, um die Eigenschaften des Inhalts zu erhalten.<\/span><\/p>\n<p style=\"text-align: justify\"><span style=\"color: #000000\">Die Verpackung ist sehr praktisch und recycelbar.<\/span><\/p>\n<h2 style=\"text-align: justify\"><span style=\"color: #000000\">Herkunft<\/span><\/h2>\n<p style=\"text-align: justify\"><span style=\"color: #000000\">Brasilien<\/span><\/p>\n","protected":false},"excerpt":{"rendered":"<p>Die Sumawurzel ist eine Pflanze, die wissenschaftlich als Pfaffia paniculata bekannt ist und in S\u00fcdamerika, haupts\u00e4chlich im Amazonas-Regenwald, heimisch ist. Sie ist auch unter den Namen &#8222;Brasilianischer Ginseng&#8220; oder &#8222;Para Todo&#8220; bekannt, was \u00fcbersetzt &#8222;f\u00fcr alles&#8220; bedeutet. Es handelt sich um ein mehrj\u00e4hriges Kraut mit gro\u00dfen Wurzeln, das traditionell in der Kr\u00e4utermedizin verwendet wird. Es wird h\u00e4ufig als Nahrungserg\u00e4nzungsmittel verwendet, da es potenziell gesundheitsf\u00f6rdernd ist, z. B. die Energie steigert, die Ausdauer verbessert, das Immunsystem st\u00e4rkt, die Hormone reguliert, die sexuelle Gesundheit unterst\u00fctzt und allgemein das Wohlbefinden verbessert.<\/p>\n<p><span style=\"color: #000000\">\ud83d\udc9a Zur Verbesserung des allgemeinen Wohlbefindens, der Konzentration und der Vitalit\u00e4t.<\/span><br \/>\n<span style=\"color: #000000\">\ud83d\udc9a Hilft dem K\u00f6rper, Stress zu bew\u00e4ltigen und das Gleichgewicht wiederherzustellen.<\/span><br \/>\n<span style=\"color: #000000\">\ud83d\udc9a Zur Unterst\u00fctzung der sexuellen Gesundheit und der Libido.<\/span><br \/>\n<span style=\"color: #000000\">\ud83d\udc9a Erh\u00f6ht die Energie, verringert die M\u00fcdigkeit und verbessert die Ausdauer.<\/span><\/p>\n","protected":false},"featured_media":6974,"comment_status":"open","ping_status":"closed","template":"","meta":{"_acf_changed":false},"product_brand":[],"product_cat":[15,225,224,231],"product_tag":[],"class_list":{"0":"post-6973","1":"product","2":"type-product","3":"status-publish","4":"has-post-thumbnail","6":"product_cat-uncategorized","7":"product_cat-alle-produkte","8":"product_cat-angebot","9":"product_cat-superfood","11":"first","12":"instock","13":"sale","14":"taxable","15":"shipping-taxable","16":"purchasable","17":"product-type-simple"},"acf":[],"_links":{"self":[{"href":"https:\/\/fengchashop.com\/de\/wp-json\/wp\/v2\/product\/6973","targetHints":{"allow":["GET"]}}],"collection":[{"href":"https:\/\/fengchashop.com\/de\/wp-json\/wp\/v2\/product"}],"about":[{"href":"https:\/\/fengchashop.com\/de\/wp-json\/wp\/v2\/types\/product"}],"replies":[{"embeddable":true,"href":"https:\/\/fengchashop.com\/de\/wp-json\/wp\/v2\/comments?post=6973"}],"wp:featuredmedia":[{"embeddable":true,"href":"https:\/\/fengchashop.com\/de\/wp-json\/wp\/v2\/media\/6974"}],"wp:attachment":[{"href":"https:\/\/fengchashop.com\/de\/wp-json\/wp\/v2\/media?parent=6973"}],"wp:term":[{"taxonomy":"product_brand","embeddable":true,"href":"https:\/\/fengchashop.com\/de\/wp-json\/wp\/v2\/product_brand?post=6973"},{"taxonomy":"product_cat","embeddable":true,"href":"https:\/\/fengchashop.com\/de\/wp-json\/wp\/v2\/product_cat?post=6973"},{"taxonomy":"product_tag","embeddable":true,"href":"https:\/\/fengchashop.com\/de\/wp-json\/wp\/v2\/product_tag?post=6973"}],"curies":[{"name":"wp","href":"https:\/\/api.w.org\/{rel}","templated":true}]}}