{"id":6964,"date":"2023-04-05T07:55:40","date_gmt":"2023-04-05T05:55:40","guid":{"rendered":"https:\/\/fengchashop.com\/de\/product\/magnesium-bisglycinat-kapseln-120-kapseln\/"},"modified":"2026-04-17T17:29:51","modified_gmt":"2026-04-17T15:29:51","slug":"magnesium-bisglycinat-kapseln","status":"publish","type":"product","link":"https:\/\/fengchashop.com\/de\/product\/magnesium-bisglycinat-kapseln\/","title":{"rendered":"Magnesium Bisglycinat Kapseln 120 Kapseln"},"content":{"rendered":"<h2><span style=\"color: #000000\">Magnesium Bisglycinat<\/span><\/h2>\n<p style=\"text-align: justify\"><span style=\"color: #000000\">Magnesium ist ein sehr wichtiger <strong>Mineralstoff<\/strong>, der f\u00fcr \u00fcber 300 Stoffwechselreaktionen im menschlichen K\u00f6rper verantwortlich ist. Es wird von Experten oft als der &#8222;K\u00f6nig der Mineralien&#8220; bezeichnet. Es spielt eine sehr wichtige Rolle f\u00fcr das reibungslose Funktionieren der Knochen, der Muskeln und des Nervensystems. Es wird h\u00e4ufig zur <strong>Vorbeugung von Kr\u00e4mpfen (in den Waden), M\u00fcdigkeit, Ersch\u00f6pfung und f\u00fcr ein normales geistiges Funktionieren<\/strong> eingenommen. Aufgrund des modernen Lebensstils &#8211; Schlafmangel, Stress, Ern\u00e4hrung &#8211; greifen wir h\u00e4ufig zu Magnesiumpr\u00e4paraten. Und obwohl wir viel davon in gr\u00fcnem Gem\u00fcse, Fisch, Sonnenblumen- und K\u00fcrbiskernen, Obst und N\u00fcssen finden, verbrauchen wir einfach mehr davon, als wir essen. Sportler und sehr aktive Menschen, Schwangere und \u00e4ltere Menschen haben einen erh\u00f6hten Bedarf an Magnesium. In der Natur ist Magnesium immer an eine andere Verbindung gebunden, die ihm spezifische Eigenschaften verleiht, insbesondere in Bezug auf die Aufnahme und die zus\u00e4tzlichen Wirkungen. Daher ist es wichtig, das richtige Magnesium f\u00fcr unseren Bedarf zu w\u00e4hlen.<\/span><\/p>\n<p style=\"text-align: justify\"><span style=\"color: #000000\">Magnesium in Form von Magnesiumbisglycinat ist eine der <b>neuesten und besten Formen von<\/b> Magnesium, die auf dem Markt erh\u00e4ltlich sind. Es gibt mehr als ein Dutzend verschiedene Formen von Magnesium, und von einigen Formen wird sogar abgeraten (zum Beispiel Magnesiumaspartat und Magnesiumglutamat). Daher kann nicht jedes Magnesium unseren Bedarf decken. W\u00e4hlen Sie Magnesiumformen, die von guter Qualit\u00e4t und vor allem f\u00fcr Sie geeignet sind.<\/span><\/p>\n<p style=\"text-align: justify\"><span style=\"color: #000000\">Magnesiummangel wird mit einer Reihe von Krankheiten in Verbindung gebracht, darunter Migr\u00e4ne, chronische M\u00fcdigkeit, Bluthochdruck, Angstzust\u00e4nde und andere psychische St\u00f6rungen. Magnesium repariert indirekt gesch\u00e4digte Zellen und beugt so der Entstehung von Krankheiten vor, die mit <strong>Zellsch\u00e4den<\/strong> einhergehen, wie z. B. Krebs. Gleichzeitig vermindert Magnesiummangel die Wirkung des wichtigen Vitamin D.<\/span><\/p>\n<p style=\"text-align: justify\"><span style=\"color: #000000\">Unser Magnesiumbisglycinat ist von h\u00f6chster Qualit\u00e4t.<\/span><\/p>\n<h2 style=\"text-align: justify\"><span style=\"color: #000000\">Warum sollten Sie sich f\u00fcr Magnesiumbisglycinat entscheiden?<\/span><\/h2>\n<p style=\"text-align: justify\"><span style=\"color: #000000\">Magnesium <strong>in Form von Magnesiumbisglycinat <\/strong> wird vor allem <b>schneller<\/b>,<b> leichter <\/b>und<b> besser aufgenommen<\/b> als andere Formen von Magnesium. Es ist eine der neueren Formen von Magnesium als Nahrungserg\u00e4nzungsmittel, die den besten Nutzen ohne den Nebeneffekt einer abf\u00fchrenden Wirkung bieten soll. Es ist derzeit eines der besten Magnesium-Nahrungserg\u00e4nzungsmittel. Dies ist ein besonderer Vorteil f\u00fcr Menschen, deren Verdauung empfindlich auf Magnesiumpr\u00e4parate reagiert, deren K\u00f6rper es aber dennoch ben\u00f6tigt.<\/span><\/p>\n<p style=\"text-align: justify\"><span style=\"color: #000000\">Magnesiumbisglycinat erm\u00f6glicht es dem K\u00f6rper, das <b>Magnesium optimal<\/b> zu verwerten, da es zu 80 % oder sogar mehr aufgenommen wird. Da es keinen Durchfall verursacht und nicht abf\u00fchrend wirkt, eignet sich diese Form von Magnesium am besten f\u00fcr eine <b>langfristige Einnahme<\/b>. Die abf\u00fchrende Wirkung ist nicht immer von Vorteil, da sie die Aufnahme anderer N\u00e4hrstoffe beeintr\u00e4chtigen und die empfindlichen D\u00e4rme reizen kann.<\/span><\/p>\n<p style=\"text-align: justify\"><span style=\"color: #000000\">Magnesiumbisglycinat enth\u00e4lt n\u00e4mlich zwei Glycinat-Aminos\u00e4uren anstelle von einer, was einen besseren Schutz vor Magens\u00e4ure bedeutet. So gelangt es in den Darm, wo es tats\u00e4chlich in m\u00f6glichst organischer Form in den Blutkreislauf aufgenommen wird.<\/span><\/p>\n<h2 style=\"text-align: justify\"><span style=\"color: #000000\">Wie wirkt sich der Magnesiumkonsum auf unseren K\u00f6rper aus?<\/span><\/h2>\n<p style=\"text-align: justify\"><span style=\"color: #000000\">Der Verzehr von Magnesium hat folgende positive Auswirkungen auf uns, die auch von Fachleuten anerkannt werden:<\/span><\/p>\n<p><span style=\"color: #000000\">&#8211; es hilft, M\u00fcdigkeit und Erm\u00fcdung zu verringern,<\/span><\/p>\n<p><span style=\"color: #000000\">&#8211; es unterst\u00fctzt das Gleichgewicht der Elektrolyte, die wir vor allem bei k\u00f6rperlicher Anstrengung ben\u00f6tigen,<\/span><\/p>\n<p><span style=\"color: #000000\">&#8211; tr\u00e4gt zur Freisetzung von Stoffwechselenergie bei,<\/span><\/p>\n<p><span style=\"color: #000000\">&#8211; hat eine positive Wirkung auf das Nervensystem,<\/span><\/p>\n<p><span style=\"color: #000000\">&#8211; tr\u00e4gt zu einer normalen Muskelfunktion und normalen psychischen Funktionen bei,<\/span><\/p>\n<p><span style=\"color: #000000\">&#8211; spielt eine Rolle bei der Proteinsynthese,<\/span><\/p>\n<p><span style=\"color: #000000\">&#8211; tr\u00e4gt zur Erhaltung gesunder Knochen und Z\u00e4hne bei,<\/span><\/p>\n<p><span style=\"color: #000000\">&#8211; spielt eine Rolle bei der Zellteilung.<\/span><\/p>\n<p style=\"text-align: justify\"><span style=\"color: #000000\">&#8211; Zufriedene Benutzer sprechen auch \u00fcber die anderen Vorteile der Einnahme von Magnesium in einem hochwertigen Magnesiumpr\u00e4parat in bester Form. <\/span><\/p>\n<h2><span style=\"color: #000000\">Verpackung<\/span><\/h2>\n<p><span style=\"color: #000000\">Undurchl\u00e4ssiger Zip-Lock-Beutel, in dem das Produkt seine ganze Frische und sein Aroma bewahrt. Die Verpackung sch\u00fctzt vor Licht und Luft und besteht aus mehreren Schutzschichten, um die Eigenschaften des Inhalts zu erhalten.<\/span><\/p>\n<p><span style=\"color: #000000\">Die Verpackung ist sehr praktisch und recycelbar.<\/span><\/p>\n<h2 style=\"text-align: justify\"><span style=\"color: #000000\">Lagerung und Warnhinweise<\/span><\/h2>\n<p style=\"text-align: justify\"><span style=\"color: #000000\">K\u00fchl und trocken bei einer Temperatur von bis zu 25 \u00b0C aufbewahren. Das Nahrungserg\u00e4nzungsmittel au\u00dferhalb der Reichweite von Kindern aufbewahren!<\/span><\/p>\n<p style=\"text-align: justify\"><span style=\"color: #000000\">Konsultieren Sie Ihren Arzt, wenn Sie gleichzeitig Antibiotika, Osteoporose- oder Bluthochdruckmittel einnehmen, da Magnesium deren Wirkung beeinflussen kann.<\/span><\/p>\n<p style=\"text-align: justify\"><span style=\"color: #000000\">Denken Sie daran, wie wichtig eine abwechslungsreiche Ern\u00e4hrung und eine gesunde Lebensweise sind, ein Nahrungserg\u00e4nzungsmittel ist kein Ersatz f\u00fcr eine ausgewogene und abwechslungsreiche Ern\u00e4hrung. Die empfohlene Tagesmenge oder Dosis sollte nicht \u00fcberschritten werden. Schwangeren und stillenden Frauen wird immer empfohlen, vor der Einnahme einen Arzt zu konsultieren. Nicht f\u00fcr Kinder geeignet.<\/span><\/p>\n","protected":false},"excerpt":{"rendered":"<p align=\"JUSTIFY\">Magnesium ist ein <strong>sehr wichtiger Mineralstoff<\/strong>, der f\u00fcr \u00fcber 300 Stoffwechselreaktionen im menschlichen K\u00f6rper verantwortlich ist. Es wird von Experten oft als &#8222;K\u00f6nig der Mineralien&#8220; bezeichnet. Es spielt eine sehr wichtige Rolle f\u00fcr das reibungslose Funktionieren der Knochen, der Muskeln und des Nervensystems.<\/p>\n<p>\ud83d\udc9a Es tr\u00e4gt zur Verringerung von M\u00fcdigkeit und Erm\u00fcdung bei.<br \/>\n\ud83d\udc9a Tr\u00e4gt zur Freisetzung von Energie im Stoffwechsel bei.<br \/>\n\ud83d\udc9a Wohltuende Wirkung auf das Nervensystem.<br \/>\n\ud83d\udc9a Tr\u00e4gt zu einer normalen Muskelfunktion und normalen psychischen Funktionen bei.<br \/>\n\ud83d\udc9a\u00a0 Erh\u00e4lt gesunde Knochen und Z\u00e4hne.<\/p>\n","protected":false},"featured_media":6965,"comment_status":"open","ping_status":"closed","template":"","meta":{"_acf_changed":false},"product_brand":[],"product_cat":[15,225,224,238,230,231],"product_tag":[],"class_list":{"0":"post-6964","1":"product","2":"type-product","3":"status-publish","4":"has-post-thumbnail","6":"product_cat-uncategorized","7":"product_cat-alle-produkte","8":"product_cat-angebot","9":"product_cat-gute-angebote","10":"product_cat-mineralien-vitaminen","11":"product_cat-superfood","13":"first","14":"instock","15":"sale","16":"taxable","17":"shipping-taxable","18":"purchasable","19":"product-type-simple"},"acf":[],"_links":{"self":[{"href":"https:\/\/fengchashop.com\/de\/wp-json\/wp\/v2\/product\/6964","targetHints":{"allow":["GET"]}}],"collection":[{"href":"https:\/\/fengchashop.com\/de\/wp-json\/wp\/v2\/product"}],"about":[{"href":"https:\/\/fengchashop.com\/de\/wp-json\/wp\/v2\/types\/product"}],"replies":[{"embeddable":true,"href":"https:\/\/fengchashop.com\/de\/wp-json\/wp\/v2\/comments?post=6964"}],"wp:featuredmedia":[{"embeddable":true,"href":"https:\/\/fengchashop.com\/de\/wp-json\/wp\/v2\/media\/6965"}],"wp:attachment":[{"href":"https:\/\/fengchashop.com\/de\/wp-json\/wp\/v2\/media?parent=6964"}],"wp:term":[{"taxonomy":"product_brand","embeddable":true,"href":"https:\/\/fengchashop.com\/de\/wp-json\/wp\/v2\/product_brand?post=6964"},{"taxonomy":"product_cat","embeddable":true,"href":"https:\/\/fengchashop.com\/de\/wp-json\/wp\/v2\/product_cat?post=6964"},{"taxonomy":"product_tag","embeddable":true,"href":"https:\/\/fengchashop.com\/de\/wp-json\/wp\/v2\/product_tag?post=6964"}],"curies":[{"name":"wp","href":"https:\/\/api.w.org\/{rel}","templated":true}]}}