{"id":6962,"date":"2023-04-04T11:24:36","date_gmt":"2023-04-04T09:24:36","guid":{"rendered":"https:\/\/fengchashop.com\/de\/product\/horny-goat-bio-pulver-250-g\/"},"modified":"2026-04-18T21:51:40","modified_gmt":"2026-04-18T19:51:40","slug":"horny-goat-pulver","status":"publish","type":"product","link":"https:\/\/fengchashop.com\/de\/product\/horny-goat-pulver\/","title":{"rendered":"Horny Goat Pulver 250 g"},"content":{"rendered":"<h2 style=\"text-align: justify;\"><span style=\"color: #000000;\">Horny Goat<\/span><\/h2>\n<p style=\"text-align: justify;\"><span style=\"color: #000000;\">Gro\u00dfbl\u00fctiger G\u00e4nsefu\u00df, auch unter seinem wissenschaftlichen Namen Epimedium brevicornum bekannt. Im Englischen wird diese strauchartige Pflanze <strong>Horny goat weed<\/strong> oder <strong>Horny goat<\/strong> genannt<strong>. Der Name bezieht sich auf die Steigerung der Libido bei Ziegen, die die Str\u00e4ucher gefressen haben. Es wird bis zu 30 cm hoch und hat zahlreiche Bl\u00fcten (violett, rosa, gelb und wei\u00df), die in B\u00fcscheln oder Trauben gruppiert sind.<\/strong><\/span><\/p>\n<p style=\"text-align: justify;\"><span style=\"color: #000000;\">Das <strong>Horny goat<\/strong><strong>\u00a0<\/strong>w\u00e4chst in gem\u00e4\u00dfigten und subtropischen Klimazonen und stammt urspr\u00fcnglich aus <strong>China und Korea. Es wird in der traditionellen chinesischen Medizin seit Tausenden von Jahren als traditionelles Heilmittel bei einer Reihe von Problemen, einschlie\u00dflich Funktionsst\u00f6rungen und Wechseljahren, verwendet und gilt au\u00dferdem als Aphrodisiakum f\u00fcr M\u00e4nner und Frauen.<\/strong><\/span><\/p>\n<h2 style=\"text-align: justify;\"><span style=\"color: #000000;\">Welches sind die wichtigsten Wirkstoffe des Gei\u00dfbocks?<\/span><\/h2>\n<p style=\"text-align: justify;\"><span style=\"color: #000000;\">Es ist wissenschaftlich erwiesen, dass der Gei\u00dfbock Verbindungen enth\u00e4lt, die <strong>pharmakologische Eigenschaften wie Muskelentspannung, Erh\u00f6hung des Testosteronspiegels und der Durchblutung<\/strong> haben.<\/span><\/p>\n<p style=\"text-align: justify;\"><span style=\"color: #000000;\">Der Gei\u00dfbock ist eine Pflanze, die mit <strong>Flavonoiden<\/strong>, phenolischen Verbindungen und anderen wichtigen N\u00e4hrstoffen angereichert ist, die der Gesundheit auf vielf\u00e4ltige Weise zugute kommen k\u00f6nnen. Aus diesem Grund erfreut sich der Gei\u00dfbock zunehmender Beliebtheit, sowohl als <strong>Nahrungserg\u00e4nzungsmittel als auch als pflanzliches Pr\u00e4parat zur Behandlung verschiedener Beschwerden und zur Verbesserung der Gesundheit<\/strong>.<\/span><\/p>\n<p style=\"text-align: justify;\"><span style=\"color: #000000;\"><strong>Icariin<\/strong> ist eine Flavonoidverbindung und der wichtigste aktive Bestandteil des Gei\u00dffu\u00dfkrauts. Icariin wirkt als nat\u00fcrlicher Hemmstoff des Enzyms PDE5, das Erektionsst\u00f6rungen verursachen kann. Die Einnahme von Icariin verbessert die <strong>sexuelle Funktion und die Behandlung der erektilen Dysfunktion<\/strong>. Icariin wird jedoch auch h\u00e4ufig zur Verbesserung der <strong>sportlichen Leistung<\/strong> eingesetzt, da es den Testosteronspiegel erh\u00f6hen und den Cortisolspiegel senken kann, was zu einer Verbesserung der Muskelmasse und -kraft beitr\u00e4gt. Dar\u00fcber hinaus kann Icariin auch die Wiederherstellung der Knochendichte f\u00f6rdern, was das Risiko von <strong>Osteoporose<\/strong> verringern <strong>und die Knochengesundheit verbessern<\/strong> kann.<\/span><\/p>\n<h2 style=\"text-align: justify;\"><span style=\"color: #000000;\">Die wichtigsten Eigenschaften von Horny goat?<\/span><\/h2>\n<p style=\"text-align: justify;\"><span style=\"color: #000000;\"><strong>Horny goat<\/strong> wird zunehmend als Nahrungserg\u00e4nzungsmittel f\u00fcr verschiedene Zwecke verwendet. In der traditionellen chinesischen Medizin wird es als <strong>Aphrodisiakum, Tonikum und Antirheumatikum<\/strong> verwendet.<\/span><\/p>\n<p><span style=\"color: #000000;\"><strong>Wirkungen, die sich positiv auf unsere Gesundheit und unseren K\u00f6rper auswirken:<\/strong><\/span><\/p>\n<p><span style=\"color: #000000;\">&#8211; Verbessert die Funktion der Geschlechtsdr\u00fcsen,<\/span><br \/>\n<span style=\"color: #000000;\">&#8211; verbessert die Libido bei M\u00e4nnern und die erektile Dysfunktion,<\/span><br \/>\n<span style=\"color: #000000;\">&#8211; hilft bei der Behandlung von Impotenz und m\u00e4nnlicher Unfruchtbarkeit,<\/span><br \/>\n<span style=\"color: #000000;\">&#8211; wird als Tonikum f\u00fcr das Fortpflanzungssystem verwendet,<\/span><br \/>\n<span style=\"color: #000000;\">&#8211; steigert Energie und Ausdauer,<\/span><br \/>\n<span style=\"color: #000000;\">&#8211; lindert die Symptome der Menopause,<\/span><br \/>\n<span style=\"color: #000000;\">&#8211; reguliert das kardiovaskul\u00e4re System (Blutfluss),<\/span><br \/>\n<span style=\"color: #000000;\">&#8211; verbessert die Funktion des Immunsystems,<\/span><br \/>\n<span style=\"color: #000000;\">&#8211; lindert Gelenkschmerzen und Arthritis,<\/span><br \/>\n<span style=\"color: #000000;\">&#8211; hat eine antibakterielle, antivirale und entz\u00fcndungshemmende Wirkung,<\/span><br \/>\n<span style=\"color: #000000;\">&#8211; reduziert Angstzust\u00e4nde und Depressionen,<\/span><br \/>\n<span style=\"color: #000000;\">&#8211; verbessert den Stoffwechsel des K\u00f6rpers und die Funktion der Organe.<\/span><\/p>\n<h2 style=\"text-align: justify;\">Lagerung und Warnungen<\/h2>\n<p style=\"text-align: justify;\"><span style=\"color: #000000;\">K\u00fchl und trocken bei einer Temperatur von bis zu 25 \u00b0C lagern. Au\u00dferhalb der Reichweite von Kindern aufbewahren!<\/span><\/p>\n<p style=\"text-align: justify;\"><span style=\"color: #000000;\">Denken Sie daran, wie wichtig eine abwechslungsreiche Ern\u00e4hrung und eine gesunde Lebensweise sind; ein Nahrungserg\u00e4nzungsmittel ist daher kein Ersatz f\u00fcr eine ausgewogene und abwechslungsreiche Ern\u00e4hrung. Die empfohlene Tagesmenge oder Dosis sollte nicht \u00fcberschritten werden.<\/span><\/p>\n<p style=\"text-align: justify;\"><span style=\"color: #000000;\">Schwangeren Frauen und stillenden M\u00fcttern wird von der Einnahme abgeraten. Auch Personen, die gerinnungshemmende Medikamente einnehmen, wird von der Einnahme abgeraten. Auch Krebspatienten wird von der Einnahme abgeraten. Es wird empfohlen, bei gesundheitlichen Problemen einen Arzt zu konsultieren, um weitere Informationen zu erhalten.<\/span><\/p>\n<h2 style=\"text-align: justify;\"><span style=\"color: #000000;\">Verpackung<\/span><\/h2>\n<p style=\"text-align: justify;\"><span style=\"color: #000000;\">Nicht durchl\u00e4ssiger Zip-Lock-Beutel, in dem das Produkt seine ganze Frische und sein Aroma beh\u00e4lt. Die Verpackung sch\u00fctzt das Produkt vor Licht und Luft, da sie aus mehreren Schutzschichten besteht, um die Eigenschaften des Inhalts zu erhalten.<\/span><\/p>\n<p style=\"text-align: justify;\"><span style=\"color: #000000;\">Die Verpackung ist sehr praktisch und recycelbar.<\/span><\/p>\n<h2 style=\"text-align: justify;\"><span style=\"color: #000000;\">Herkunft<\/span><\/h2>\n<p style=\"text-align: justify;\"><span style=\"color: #000000;\">China. <\/span><span style=\"color: #000000;\">Wir haben sehr zuverl\u00e4ssige Lieferanten, die uns f\u00fcr jede Charge eine detaillierte chemische Analyse der Lebensmittel zukommen lassen. In mehr als zehn Jahren hatten wir noch nie einen R\u00fcckruf oder ein anderes Problem mit diesem Artikel und auch nicht mit anderen Artikeln desselben Lieferanten.<\/span><\/p>\n","protected":false},"excerpt":{"rendered":"<p>Geiles Ziegenkraut, auch bekannt unter seinem wissenschaftlichen Namen Epimedium brevicornum. Es wird in der traditionellen chinesischen Medizin seit Jahrtausenden als traditionelles Heilmittel f\u00fcr eine Reihe von Problemen, einschlie\u00dflich Funktionsst\u00f6rungen und Menopause, verwendet und gilt auch als Aphrodisiakum f\u00fcr M\u00e4nner und Frauen.<\/p>\n<p><span style=\"color: #000000;\">\ud83d\udc9a Es wird als Tonikum f\u00fcr das Fortpflanzungssystem verwendet.<\/span><br \/>\n<span style=\"color: #000000;\">\ud83d\udc9a Es lindert die Symptome der Menopause.<\/span><br \/>\n<span style=\"color: #000000;\">\ud83d\udc9a Es hilft bei der Behandlung von Impotenz und m\u00e4nnlicher Unfruchtbarkeit.<\/span><br \/>\n<span style=\"color: #000000;\">\ud83d\udc9a Verbessert die Libido bei M\u00e4nnern und die erektile Dysfunktion.<\/span><\/p>\n","protected":false},"featured_media":7514,"comment_status":"open","ping_status":"closed","template":"","meta":{"_acf_changed":false},"product_brand":[],"product_cat":[15,225,224,231],"product_tag":[],"class_list":{"0":"post-6962","1":"product","2":"type-product","3":"status-publish","4":"has-post-thumbnail","6":"product_cat-uncategorized","7":"product_cat-alle-produkte","8":"product_cat-angebot","9":"product_cat-superfood","11":"first","12":"instock","13":"sale","14":"taxable","15":"shipping-taxable","16":"purchasable","17":"product-type-simple"},"acf":[],"_links":{"self":[{"href":"https:\/\/fengchashop.com\/de\/wp-json\/wp\/v2\/product\/6962","targetHints":{"allow":["GET"]}}],"collection":[{"href":"https:\/\/fengchashop.com\/de\/wp-json\/wp\/v2\/product"}],"about":[{"href":"https:\/\/fengchashop.com\/de\/wp-json\/wp\/v2\/types\/product"}],"replies":[{"embeddable":true,"href":"https:\/\/fengchashop.com\/de\/wp-json\/wp\/v2\/comments?post=6962"}],"wp:featuredmedia":[{"embeddable":true,"href":"https:\/\/fengchashop.com\/de\/wp-json\/wp\/v2\/media\/7514"}],"wp:attachment":[{"href":"https:\/\/fengchashop.com\/de\/wp-json\/wp\/v2\/media?parent=6962"}],"wp:term":[{"taxonomy":"product_brand","embeddable":true,"href":"https:\/\/fengchashop.com\/de\/wp-json\/wp\/v2\/product_brand?post=6962"},{"taxonomy":"product_cat","embeddable":true,"href":"https:\/\/fengchashop.com\/de\/wp-json\/wp\/v2\/product_cat?post=6962"},{"taxonomy":"product_tag","embeddable":true,"href":"https:\/\/fengchashop.com\/de\/wp-json\/wp\/v2\/product_tag?post=6962"}],"curies":[{"name":"wp","href":"https:\/\/api.w.org\/{rel}","templated":true}]}}