{"id":6960,"date":"2023-02-01T18:28:33","date_gmt":"2023-02-01T17:28:33","guid":{"rendered":"https:\/\/fengchashop.com\/de\/product\/hagebutten-pulver-bio-250-g\/"},"modified":"2026-04-16T23:06:59","modified_gmt":"2026-04-16T21:06:59","slug":"hagebutten-pulver-bio","status":"publish","type":"product","link":"https:\/\/fengchashop.com\/de\/product\/hagebutten-pulver-bio\/","title":{"rendered":"Hagebutten Pulver BIO 250 g"},"content":{"rendered":"<h2 style=\"text-align: justify\"><span style=\"color: #000000\">Hagebutten (Rosa canina)<\/span><\/h2>\n<p style=\"text-align: justify\"><span style=\"color: #000000\">Bereits die Sumerer erw\u00e4hnten in ihren Schriften die Hagebutte oder die so genannte<strong> Wildrose<\/strong> (wissenschaftlicher Name <strong>Rosa canina<\/strong>), die wir hierzulande auch als <strong>Gei\u00dfblatt, Hundszahn, Heckenrose oder Wildrose<\/strong> kennen. Sie wurde erstmals um <strong>3000 v. Chr<\/strong>. verwendet. Die Hagebutte ist ein \u00fcppig wachsender Strauch, der bis zu 3 Meter hoch werden kann, mit rosa sternf\u00f6rmigen Bl\u00fcten. <strong>Die Fr\u00fcchte<\/strong>, die <strong>f\u00fcr medizinische<\/strong> Zwecke verwendet werden, sind rot und haben eine h\u00e4rtere Schale und werden <strong>Hagebutten<\/strong> genannt.<\/span><\/p>\n<p style=\"text-align: justify\"><span style=\"color: #000000\">Hagebuttenpulver wird <strong>aus den getrockneten Fr\u00fcchten<\/strong> (Hagebutten) gewonnen, die im Oktober und November geerntet werden. Die wichtigsten Inhaltsstoffe der Hagebutten werden durch langsames Trocknen der Fr\u00fcchte bei einer H\u00f6chsttemperatur von 40\u02daC erhalten. Nach Abschluss des Trocknungsprozesses werden die getrockneten Granat\u00e4pfel zu einem Pulver fein gemahlen.<\/span><\/p>\n<h2 style=\"text-align: justify\"><span style=\"color: #000000\">Wichtige Eigenschaften der Hagebutten<\/span><\/h2>\n<p style=\"text-align: justify\"><span style=\"color: #000000\">Granat\u00e4pfel gibt es schon seit sehr langer Zeit, und ebenso lange werden sie <strong>in der Naturmedizin<\/strong> verwendet. Granat\u00e4pfel enthalten <strong>60-mal mehr Vitamin C als Zitrusfr\u00fcchte<\/strong>, da sie zu den Fr\u00fcchten mit dem <strong>h\u00f6chsten Vitamin-C-Gehalt<\/strong> (Ascorbins\u00e4ure) geh\u00f6ren.<\/span><\/p>\n<p style=\"text-align: justify\"><span style=\"color: #000000\">Neben Vitamin C ist der Granatapfel auch reich an <strong>Ballaststoffen<\/strong> (Ballaststoffe). Er ist angereichert mit <strong>Bioflavonoiden<\/strong>, deren Funktion darin besteht, die Aufnahme von Ascorbins\u00e4ure zu f\u00f6rdern. Bioflavonoide tragen zur <strong>Pflege gesch\u00e4digter Haut<\/strong> bei.<\/span><\/p>\n<h2 style=\"text-align: justify\"><span style=\"color: #000000\">Wirkungen der Hagebutten<\/span><\/h2>\n<p><span style=\"color: #000000\"><strong>Wirkungen, die sich positiv auf unsere Gesundheit und unseren K\u00f6rper auswirken:<\/strong><\/span><\/p>\n<p><span style=\"color: #000000\">&#8211; Ein starkes Antioxidans,<\/span><br \/>\n<span style=\"color: #000000\">&#8211; st\u00e4rkt das Immunsystem,<\/span><br \/>\n<span style=\"color: #000000\">&#8211; verbessert die Immunit\u00e4t,<\/span><br \/>\n<span style=\"color: #000000\">&#8211; hilft bei Erk\u00e4ltungen und Grippe,<\/span><br \/>\n<span style=\"color: #000000\">&#8211; hilft, die nat\u00fcrlichen Abwehrkr\u00e4fte des K\u00f6rpers gegen oxidative Sch\u00e4den zu st\u00e4rken,<\/span><br \/>\n<span style=\"color: #000000\">&#8211; wirkt als mildes Abf\u00fchrmittel,<\/span><br \/>\n<span style=\"color: #000000\">&#8211; verbessert die Verdauung,<\/span><br \/>\n<span style=\"color: #000000\">&#8211; entz\u00fcndungshemmend,<\/span><br \/>\n<span style=\"color: #000000\">&#8211; wirkt sich positiv auf Gelenkschmerzen aus,<\/span><br \/>\n<span style=\"color: #000000\">&#8211; hilft bei gesch\u00e4digter Haut,<\/span><br \/>\n<span style=\"color: #000000\">&#8211; reinigt und befeuchtet die Haut,<\/span><br \/>\n<span style=\"color: #000000\">&#8211; lindert durch Akne verursachte Hautprobleme.<\/span><\/p>\n<h2><span style=\"color: #000000\">Lagerung und Warnhinweise<\/span><\/h2>\n<p><span style=\"color: #000000\">K\u00fchl und trocken bei einer Temperatur von bis zu 25 \u00b0C lagern. Starkes Licht und Hitze vermeiden. Bewahren Sie das Nahrungserg\u00e4nzungsmittel au\u00dferhalb der Reichweite von Kindern auf!<\/span><br \/>\n<span style=\"color: #000000\">Denken Sie daran, wie wichtig eine abwechslungsreiche Ern\u00e4hrung und eine gesunde Lebensweise sind; ein Nahrungserg\u00e4nzungsmittel ist daher kein Ersatz f\u00fcr eine ausgewogene und abwechslungsreiche Ern\u00e4hrung. Die empfohlene Tagesmenge oder Dosis sollte nicht \u00fcberschritten werden.<\/span><\/p>\n<h2><span style=\"color: #000000\">Verpackung<\/span><\/h2>\n<p><span style=\"color: #000000\">In einem undurchl\u00e4ssigen Zip-Lock-Beutel, in dem das Produkt seine ganze Frische und sein Aroma bewahrt. Die Verpackung sch\u00fctzt vor Licht und Luft, da sie aus mehreren Schutzschichten besteht, die die Eigenschaften des Inhalts bewahren.<\/span><\/p>\n<p><span style=\"color: #000000\">Die Verpackung ist sehr praktisch und recycelbar.<\/span><\/p>\n<h2><span style=\"color: #000000\">Herkunft<\/span><\/h2>\n<p><span style=\"color: #000000\">Bulgarien<\/span><\/p>\n","protected":false},"excerpt":{"rendered":"<p>Die Hagebutte gibt es schon sehr lange, ebenso wie ihre Verwendung in der Naturmedizin. Der Granatapfel enth\u00e4lt 60-mal mehr Vitamin C als Zitrusfr\u00fcchte, da er zu den Fr\u00fcchten mit dem h\u00f6chsten Vitamin-C-Gehalt (Ascorbins\u00e4ure) geh\u00f6rt. Neben Vitamin C enth\u00e4lt der Granatapfel auch viele Ballaststoffe (Ballaststoffe). Er ist angereichert mit Bioflavonoiden, deren Funktion darin besteht, die Aufnahme von Ascorbins\u00e4ure zu f\u00f6rdern. Bioflavonoide helfen, gesch\u00e4digte Haut zu pflegen.<\/p>\n<p><span style=\"color: #000000\">\ud83d\udc9a Wohltuend bei Gelenkschmerzen.<\/span><br \/>\n<span style=\"color: #000000\">\ud83d\udc9a Hilft bei Erk\u00e4ltungen und Grippe.<\/span><br \/>\n<span style=\"color: #000000\">\ud83d\udc9a Lindert Hautprobleme bei Akne.<\/span><br \/>\n<span style=\"color: #000000\">\ud83d\udc9a Starkes Antioxidans.<\/span><\/p>\n","protected":false},"featured_media":6961,"comment_status":"open","ping_status":"closed","template":"","meta":{"_acf_changed":false},"product_brand":[],"product_cat":[15,225,224,231],"product_tag":[],"class_list":{"0":"post-6960","1":"product","2":"type-product","3":"status-publish","4":"has-post-thumbnail","6":"product_cat-uncategorized","7":"product_cat-alle-produkte","8":"product_cat-angebot","9":"product_cat-superfood","11":"first","12":"instock","13":"taxable","14":"shipping-taxable","15":"purchasable","16":"product-type-simple"},"acf":[],"_links":{"self":[{"href":"https:\/\/fengchashop.com\/de\/wp-json\/wp\/v2\/product\/6960","targetHints":{"allow":["GET"]}}],"collection":[{"href":"https:\/\/fengchashop.com\/de\/wp-json\/wp\/v2\/product"}],"about":[{"href":"https:\/\/fengchashop.com\/de\/wp-json\/wp\/v2\/types\/product"}],"replies":[{"embeddable":true,"href":"https:\/\/fengchashop.com\/de\/wp-json\/wp\/v2\/comments?post=6960"}],"wp:featuredmedia":[{"embeddable":true,"href":"https:\/\/fengchashop.com\/de\/wp-json\/wp\/v2\/media\/6961"}],"wp:attachment":[{"href":"https:\/\/fengchashop.com\/de\/wp-json\/wp\/v2\/media?parent=6960"}],"wp:term":[{"taxonomy":"product_brand","embeddable":true,"href":"https:\/\/fengchashop.com\/de\/wp-json\/wp\/v2\/product_brand?post=6960"},{"taxonomy":"product_cat","embeddable":true,"href":"https:\/\/fengchashop.com\/de\/wp-json\/wp\/v2\/product_cat?post=6960"},{"taxonomy":"product_tag","embeddable":true,"href":"https:\/\/fengchashop.com\/de\/wp-json\/wp\/v2\/product_tag?post=6960"}],"curies":[{"name":"wp","href":"https:\/\/api.w.org\/{rel}","templated":true}]}}